{"id":30764,"date":"2020-04-14T09:50:08","date_gmt":"2025-05-13T11:45:26","guid":{"rendered":"https:\/\/capsa2in1.com\/producto\/boite-en-carton-capsa-2in1-e-flat-pour-telephones-portables\/"},"modified":"2025-07-04T09:31:24","modified_gmt":"2025-07-04T09:31:24","slug":"boite-en-carton-capsa-2in1-e-flat-pour-telephones-portables","status":"publish","type":"product","link":"https:\/\/capsa2in1.com\/fr\/produit\/boite-en-carton-capsa-2in1-e-flat-pour-telephones-portables\/","title":{"rendered":"Bo\u00eete en carton Capsa 2in1\u00ae e-Flat pour t\u00e9l\u00e9phones portables"},"content":{"rendered":"","protected":false},"excerpt":{"rendered":"<p><b>Avantages<\/b> <b>de la bo\u00eete en carton Capsa 2in1\u00ae e-Flat pour t\u00e9l\u00e9phones portables<\/b><span style=\"font-weight: 400;\"><br \/>\n<\/span><\/p>\n<ul>\n<li style=\"font-weight: 400;\" aria-level=\"1\"><span style=\"font-weight: 400;\">\u00c9tui sp\u00e9cialement con\u00e7u pour l&rsquo;exp\u00e9dition d&rsquo;appareils \u00e9lectroniques plats tels que les t\u00e9l\u00e9phones portables et les tablettes.<\/span><\/li>\n<li style=\"font-weight: 400;\" aria-level=\"1\"><span style=\"font-weight: 400;\">Fermeture temporaire r\u00e9utilisable : permet d&rsquo;ouvrir et de fermer rapidement la valise sans ruban adh\u00e9sif, ce qui est id\u00e9al pour les r\u00e9parations multiples ou les exp\u00e9ditions internes.<\/span><\/li>\n<li style=\"font-weight: 400;\" aria-level=\"1\"><span style=\"font-weight: 400;\">Protection int\u00e9grale : con\u00e7ue avec des parois de protection et des chambres \u00e0 air pour pr\u00e9venir les chutes et assurer la s\u00e9curit\u00e9 de l&rsquo;appareil.<\/span><\/li>\n<li style=\"font-weight: 400;\" aria-level=\"1\"><span style=\"font-weight: 400;\">Fermeture finale s\u00e9curis\u00e9e : comprend une bande adh\u00e9sive pour une fermeture inviolable et une bande d&rsquo;ouverture facile pour am\u00e9liorer l&rsquo;exp\u00e9rience d&rsquo;ouverture du client.<\/span><\/li>\n<li style=\"font-weight: 400;\" aria-level=\"1\"><span style=\"font-weight: 400;\">Durabilit\u00e9 : r\u00e9utilisable dans les processus logistiques internes sans perdre sa fonctionnalit\u00e9, ce qui r\u00e9duit le besoin de nouvelles caisses et leur impact sur l&rsquo;environnement.<\/span><\/li>\n<li style=\"font-weight: 400;\" aria-level=\"1\"><span style=\"font-weight: 400;\">Assemblage facile : conception plate pour un stockage efficace et un assemblage intuitif, adaptable aux appareils plats de diff\u00e9rentes tailles. <\/span><\/li>\n<li style=\"font-weight: 400;\" aria-level=\"1\"><span style=\"font-weight: 400;\">Particuli\u00e8rement adapt\u00e9 \u00e0 la logistique interne des centres de r\u00e9paration et de reconditionnement et aux exp\u00e9ditions entre les d\u00e9partements, les magasins ou les clients finaux. <\/span><\/li>\n<li style=\"font-weight: 400;\" aria-level=\"1\"><span style=\"font-weight: 400;\">Prix Liderpack 2024 du meilleur emballage pour l&rsquo;\u00e9lectronique, l&rsquo;image et le son pour son design innovant et r\u00e9utilisable.<\/span><\/li>\n<\/ul>\n","protected":false},"featured_media":29131,"comment_status":"closed","ping_status":"closed","template":"","meta":{"_acf_changed":false},"product_brand":[],"product_cat":[273,412],"product_tag":[],"class_list":{"0":"post-30764","1":"product","2":"type-product","3":"status-publish","4":"has-post-thumbnail","6":"product_cat-caisses-d-expedition","7":"product_cat-test-fr","9":"first","10":"instock","11":"shipping-taxable","12":"product-type-simple"},"acf":[],"yoast_head":"<!-- This site is optimized with the Yoast SEO plugin v27.5 - https:\/\/yoast.com\/product\/yoast-seo-wordpress\/ -->\n<title>Bo\u00eete-\u00e9tui carton pour smartphones | Capsa 2in1 e-Flat<\/title>\n<meta name=\"description\" content=\"Prot\u00e9gez les smartphones avec la bo\u00eete-\u00e9tui carton Capsa 2in1\u00ae e-Flat : montage rapide, bande adh\u00e9sive et exp\u00e9dition s\u00e9curis\u00e9e pour l\u2019e-commerce.\" \/>\n<meta name=\"robots\" content=\"index, follow, max-snippet:-1, max-image-preview:large, max-video-preview:-1\" \/>\n<link rel=\"canonical\" href=\"https:\/\/capsa2in1.com\/fr\/produit\/boite-en-carton-capsa-2in1-e-flat-pour-telephones-portables\/\" \/>\n<meta property=\"og:locale\" content=\"fr_FR\" \/>\n<meta property=\"og:type\" content=\"article\" \/>\n<meta property=\"og:title\" content=\"Bo\u00eete-\u00e9tui carton pour smartphones | Capsa 2in1 e-Flat\" \/>\n<meta property=\"og:description\" content=\"Prot\u00e9gez les smartphones avec la bo\u00eete-\u00e9tui carton Capsa 2in1\u00ae e-Flat : montage rapide, bande adh\u00e9sive et exp\u00e9dition s\u00e9curis\u00e9e pour l\u2019e-commerce.\" \/>\n<meta property=\"og:url\" content=\"https:\/\/capsa2in1.com\/fr\/produit\/boite-en-carton-capsa-2in1-e-flat-pour-telephones-portables\/\" \/>\n<meta property=\"og:site_name\" content=\"CAPSA2in1\u00ae\" \/>\n<meta property=\"article:modified_time\" content=\"2025-07-04T09:31:24+00:00\" \/>\n<meta property=\"og:image\" content=\"https:\/\/capsa2in1.com\/wp-content\/uploads\/2025\/02\/4_2.png\" \/>\n\t<meta property=\"og:image:width\" content=\"2016\" \/>\n\t<meta property=\"og:image:height\" content=\"1512\" \/>\n\t<meta property=\"og:image:type\" content=\"image\/png\" \/>\n<meta name=\"twitter:card\" content=\"summary_large_image\" \/>\n<meta name=\"twitter:label1\" content=\"Dur\u00e9e de lecture estim\u00e9e\" \/>\n\t<meta name=\"twitter:data1\" content=\"1 minute\" \/>\n<script type=\"application\/ld+json\" class=\"yoast-schema-graph\">{\"@context\":\"https:\\\/\\\/schema.org\",\"@graph\":[{\"@type\":\"WebPage\",\"@id\":\"https:\\\/\\\/capsa2in1.com\\\/fr\\\/produit\\\/boite-en-carton-capsa-2in1-e-flat-pour-telephones-portables\\\/\",\"url\":\"https:\\\/\\\/capsa2in1.com\\\/fr\\\/produit\\\/boite-en-carton-capsa-2in1-e-flat-pour-telephones-portables\\\/\",\"name\":\"Bo\u00eete-\u00e9tui carton pour smartphones | Capsa 2in1 e-Flat\",\"isPartOf\":{\"@id\":\"https:\\\/\\\/capsa2in1.com\\\/#website\"},\"primaryImageOfPage\":{\"@id\":\"https:\\\/\\\/capsa2in1.com\\\/fr\\\/produit\\\/boite-en-carton-capsa-2in1-e-flat-pour-telephones-portables\\\/#primaryimage\"},\"image\":{\"@id\":\"https:\\\/\\\/capsa2in1.com\\\/fr\\\/produit\\\/boite-en-carton-capsa-2in1-e-flat-pour-telephones-portables\\\/#primaryimage\"},\"thumbnailUrl\":\"https:\\\/\\\/capsa2in1.com\\\/wp-content\\\/uploads\\\/2025\\\/02\\\/4_2.png\",\"datePublished\":\"2025-05-13T11:45:26+00:00\",\"dateModified\":\"2025-07-04T09:31:24+00:00\",\"description\":\"Prot\u00e9gez les smartphones avec la bo\u00eete-\u00e9tui carton Capsa 2in1\u00ae e-Flat : montage rapide, bande adh\u00e9sive et exp\u00e9dition s\u00e9curis\u00e9e pour l\u2019e-commerce.\",\"breadcrumb\":{\"@id\":\"https:\\\/\\\/capsa2in1.com\\\/fr\\\/produit\\\/boite-en-carton-capsa-2in1-e-flat-pour-telephones-portables\\\/#breadcrumb\"},\"inLanguage\":\"fr-FR\",\"potentialAction\":[{\"@type\":\"ReadAction\",\"target\":[\"https:\\\/\\\/capsa2in1.com\\\/fr\\\/produit\\\/boite-en-carton-capsa-2in1-e-flat-pour-telephones-portables\\\/\"]}]},{\"@type\":\"ImageObject\",\"inLanguage\":\"fr-FR\",\"@id\":\"https:\\\/\\\/capsa2in1.com\\\/fr\\\/produit\\\/boite-en-carton-capsa-2in1-e-flat-pour-telephones-portables\\\/#primaryimage\",\"url\":\"https:\\\/\\\/capsa2in1.com\\\/wp-content\\\/uploads\\\/2025\\\/02\\\/4_2.png\",\"contentUrl\":\"https:\\\/\\\/capsa2in1.com\\\/wp-content\\\/uploads\\\/2025\\\/02\\\/4_2.png\",\"width\":2016,\"height\":1512},{\"@type\":\"BreadcrumbList\",\"@id\":\"https:\\\/\\\/capsa2in1.com\\\/fr\\\/produit\\\/boite-en-carton-capsa-2in1-e-flat-pour-telephones-portables\\\/#breadcrumb\",\"itemListElement\":[{\"@type\":\"ListItem\",\"position\":1,\"name\":\"Inicio\",\"item\":\"https:\\\/\\\/capsa2in1.com\\\/fr\\\/\"},{\"@type\":\"ListItem\",\"position\":2,\"name\":\"Produits\",\"item\":\"https:\\\/\\\/capsa2in1.com\\\/fr\\\/produits\\\/\"},{\"@type\":\"ListItem\",\"position\":3,\"name\":\"Bo\u00eete en carton Capsa 2in1\u00ae e-Flat pour t\u00e9l\u00e9phones portables\"}]},{\"@type\":\"WebSite\",\"@id\":\"https:\\\/\\\/capsa2in1.com\\\/#website\",\"url\":\"https:\\\/\\\/capsa2in1.com\\\/\",\"name\":\"CAPSA2in1\u00ae\",\"description\":\"Reusable packaging. Smarter, Greener Logistics!\",\"publisher\":{\"@id\":\"https:\\\/\\\/capsa2in1.com\\\/#organization\"},\"potentialAction\":[{\"@type\":\"SearchAction\",\"target\":{\"@type\":\"EntryPoint\",\"urlTemplate\":\"https:\\\/\\\/capsa2in1.com\\\/?s={search_term_string}\"},\"query-input\":{\"@type\":\"PropertyValueSpecification\",\"valueRequired\":true,\"valueName\":\"search_term_string\"}}],\"inLanguage\":\"fr-FR\"},{\"@type\":\"Organization\",\"@id\":\"https:\\\/\\\/capsa2in1.com\\\/#organization\",\"name\":\"CAPSA 2in1\",\"url\":\"https:\\\/\\\/capsa2in1.com\\\/\",\"logo\":{\"@type\":\"ImageObject\",\"inLanguage\":\"fr-FR\",\"@id\":\"https:\\\/\\\/capsa2in1.com\\\/#\\\/schema\\\/logo\\\/image\\\/\",\"url\":\"\",\"contentUrl\":\"\",\"caption\":\"CAPSA 2in1\"},\"image\":{\"@id\":\"https:\\\/\\\/capsa2in1.com\\\/#\\\/schema\\\/logo\\\/image\\\/\"}}]}<\/script>\n<!-- \/ Yoast SEO plugin. -->","yoast_head_json":{"title":"Bo\u00eete-\u00e9tui carton pour smartphones | Capsa 2in1 e-Flat","description":"Prot\u00e9gez les smartphones avec la bo\u00eete-\u00e9tui carton Capsa 2in1\u00ae e-Flat : montage rapide, bande adh\u00e9sive et exp\u00e9dition s\u00e9curis\u00e9e pour l\u2019e-commerce.","robots":{"index":"index","follow":"follow","max-snippet":"max-snippet:-1","max-image-preview":"max-image-preview:large","max-video-preview":"max-video-preview:-1"},"canonical":"https:\/\/capsa2in1.com\/fr\/produit\/boite-en-carton-capsa-2in1-e-flat-pour-telephones-portables\/","og_locale":"fr_FR","og_type":"article","og_title":"Bo\u00eete-\u00e9tui carton pour smartphones | Capsa 2in1 e-Flat","og_description":"Prot\u00e9gez les smartphones avec la bo\u00eete-\u00e9tui carton Capsa 2in1\u00ae e-Flat : montage rapide, bande adh\u00e9sive et exp\u00e9dition s\u00e9curis\u00e9e pour l\u2019e-commerce.","og_url":"https:\/\/capsa2in1.com\/fr\/produit\/boite-en-carton-capsa-2in1-e-flat-pour-telephones-portables\/","og_site_name":"CAPSA2in1\u00ae","article_modified_time":"2025-07-04T09:31:24+00:00","og_image":[{"width":2016,"height":1512,"url":"https:\/\/capsa2in1.com\/wp-content\/uploads\/2025\/02\/4_2.png","type":"image\/png"}],"twitter_card":"summary_large_image","twitter_misc":{"Dur\u00e9e de lecture estim\u00e9e":"1 minute"},"schema":{"@context":"https:\/\/schema.org","@graph":[{"@type":"WebPage","@id":"https:\/\/capsa2in1.com\/fr\/produit\/boite-en-carton-capsa-2in1-e-flat-pour-telephones-portables\/","url":"https:\/\/capsa2in1.com\/fr\/produit\/boite-en-carton-capsa-2in1-e-flat-pour-telephones-portables\/","name":"Bo\u00eete-\u00e9tui carton pour smartphones | Capsa 2in1 e-Flat","isPartOf":{"@id":"https:\/\/capsa2in1.com\/#website"},"primaryImageOfPage":{"@id":"https:\/\/capsa2in1.com\/fr\/produit\/boite-en-carton-capsa-2in1-e-flat-pour-telephones-portables\/#primaryimage"},"image":{"@id":"https:\/\/capsa2in1.com\/fr\/produit\/boite-en-carton-capsa-2in1-e-flat-pour-telephones-portables\/#primaryimage"},"thumbnailUrl":"https:\/\/capsa2in1.com\/wp-content\/uploads\/2025\/02\/4_2.png","datePublished":"2025-05-13T11:45:26+00:00","dateModified":"2025-07-04T09:31:24+00:00","description":"Prot\u00e9gez les smartphones avec la bo\u00eete-\u00e9tui carton Capsa 2in1\u00ae e-Flat : montage rapide, bande adh\u00e9sive et exp\u00e9dition s\u00e9curis\u00e9e pour l\u2019e-commerce.","breadcrumb":{"@id":"https:\/\/capsa2in1.com\/fr\/produit\/boite-en-carton-capsa-2in1-e-flat-pour-telephones-portables\/#breadcrumb"},"inLanguage":"fr-FR","potentialAction":[{"@type":"ReadAction","target":["https:\/\/capsa2in1.com\/fr\/produit\/boite-en-carton-capsa-2in1-e-flat-pour-telephones-portables\/"]}]},{"@type":"ImageObject","inLanguage":"fr-FR","@id":"https:\/\/capsa2in1.com\/fr\/produit\/boite-en-carton-capsa-2in1-e-flat-pour-telephones-portables\/#primaryimage","url":"https:\/\/capsa2in1.com\/wp-content\/uploads\/2025\/02\/4_2.png","contentUrl":"https:\/\/capsa2in1.com\/wp-content\/uploads\/2025\/02\/4_2.png","width":2016,"height":1512},{"@type":"BreadcrumbList","@id":"https:\/\/capsa2in1.com\/fr\/produit\/boite-en-carton-capsa-2in1-e-flat-pour-telephones-portables\/#breadcrumb","itemListElement":[{"@type":"ListItem","position":1,"name":"Inicio","item":"https:\/\/capsa2in1.com\/fr\/"},{"@type":"ListItem","position":2,"name":"Produits","item":"https:\/\/capsa2in1.com\/fr\/produits\/"},{"@type":"ListItem","position":3,"name":"Bo\u00eete en carton Capsa 2in1\u00ae e-Flat pour t\u00e9l\u00e9phones portables"}]},{"@type":"WebSite","@id":"https:\/\/capsa2in1.com\/#website","url":"https:\/\/capsa2in1.com\/","name":"CAPSA2in1\u00ae","description":"Reusable packaging. Smarter, Greener Logistics!","publisher":{"@id":"https:\/\/capsa2in1.com\/#organization"},"potentialAction":[{"@type":"SearchAction","target":{"@type":"EntryPoint","urlTemplate":"https:\/\/capsa2in1.com\/?s={search_term_string}"},"query-input":{"@type":"PropertyValueSpecification","valueRequired":true,"valueName":"search_term_string"}}],"inLanguage":"fr-FR"},{"@type":"Organization","@id":"https:\/\/capsa2in1.com\/#organization","name":"CAPSA 2in1","url":"https:\/\/capsa2in1.com\/","logo":{"@type":"ImageObject","inLanguage":"fr-FR","@id":"https:\/\/capsa2in1.com\/#\/schema\/logo\/image\/","url":"","contentUrl":"","caption":"CAPSA 2in1"},"image":{"@id":"https:\/\/capsa2in1.com\/#\/schema\/logo\/image\/"}}]}},"_links":{"self":[{"href":"https:\/\/capsa2in1.com\/fr\/wp-json\/wp\/v2\/product\/30764","targetHints":{"allow":["GET"]}}],"collection":[{"href":"https:\/\/capsa2in1.com\/fr\/wp-json\/wp\/v2\/product"}],"about":[{"href":"https:\/\/capsa2in1.com\/fr\/wp-json\/wp\/v2\/types\/product"}],"replies":[{"embeddable":true,"href":"https:\/\/capsa2in1.com\/fr\/wp-json\/wp\/v2\/comments?post=30764"}],"wp:featuredmedia":[{"embeddable":true,"href":"https:\/\/capsa2in1.com\/fr\/wp-json\/wp\/v2\/media\/29131"}],"wp:attachment":[{"href":"https:\/\/capsa2in1.com\/fr\/wp-json\/wp\/v2\/media?parent=30764"}],"wp:term":[{"taxonomy":"product_brand","embeddable":true,"href":"https:\/\/capsa2in1.com\/fr\/wp-json\/wp\/v2\/product_brand?post=30764"},{"taxonomy":"product_cat","embeddable":true,"href":"https:\/\/capsa2in1.com\/fr\/wp-json\/wp\/v2\/product_cat?post=30764"},{"taxonomy":"product_tag","embeddable":true,"href":"https:\/\/capsa2in1.com\/fr\/wp-json\/wp\/v2\/product_tag?post=30764"}],"curies":[{"name":"wp","href":"https:\/\/api.w.org\/{rel}","templated":true}]}}