{"id":30032,"date":"2019-04-15T10:09:30","date_gmt":"2025-05-13T10:10:18","guid":{"rendered":"https:\/\/capsa2in1.com\/producto\/caisse-penderie-capsa-pour-demenagement\/"},"modified":"2025-05-16T15:48:41","modified_gmt":"2025-05-16T15:48:41","slug":"caisse-penderie-capsa-pour-demenagement","status":"publish","type":"product","link":"https:\/\/capsa2in1.com\/fr\/produit\/caisse-penderie-capsa-pour-demenagement\/","title":{"rendered":"Caisse-penderie Capsa\u00ae pour d\u00e9m\u00e9nagement"},"content":{"rendered":"<p><b>Facilitez le transport de vos v\u00eatements avec les cartons garde-robe Capsa\u00ae pour les d\u00e9m\u00e9nagements.<\/b><\/p>\n<p><span style=\"font-weight: 400;\">Si vous pr\u00e9voyez un d\u00e9m\u00e9nagement et ne voulez pas que vos v\u00eatements en souffrent,<\/span> l<b>a caisse-penderie Capsa\u00ae<\/b> <span style=\"font-weight: 400;\">est id\u00e9ale pour vous. Vos v\u00eatements voyageront de mani\u00e8re propre et ordonn\u00e9e, comme s\u2019ils \u00e9taient encore dans votre armoire.  <\/span><\/p>\n<p><span style=\"font-weight: 400;\">La caisse-penderie Capsa\u00ae pour d\u00e9m\u00e9nagement facilite le transport de v\u00eatements qui doivent rester suspendus, tels que des costumes, chemises, robes, manteaux, anoraks, tenues de ski ou d\u00e9guisements, entre autres.<\/span><span style=\"font-weight: 400;\"><br \/>\n<\/span><span style=\"font-weight: 400;\"><br \/>\n<\/span><span style=\"font-weight: 400;\">Cette caisse est fabriqu\u00e9e en carton double couche, ce qui la rend tr\u00e8s solide et durable. Elle est \u00e9galement compos\u00e9e de papier kraft hautement r\u00e9sistant \u00e0 l\u2019humidit\u00e9.  <\/span><span style=\"font-weight: 400;\"><br \/>\n<\/span><span style=\"font-weight: 400;\"><br \/>\n<\/span><span style=\"font-weight: 400;\">La barre-penderie sert de syst\u00e8me de maintien robuste, permettant de transporter la bo\u00eete en toute s\u00e9curit\u00e9 tout en \u00e9vitant l\u2019entr\u00e9e de salet\u00e9. De plus, le montage et la fermeture destin\u00e9s au stockage s\u2019effectuent sans ruban adh\u00e9sif.  <\/span><span style=\"font-weight: 400;\"><br \/>\n<\/span><span style=\"font-weight: 400;\"><br \/>\n<\/span><span style=\"font-weight: 400;\">Ainsi, elle gagne en durabilit\u00e9 et, une fois utilis\u00e9e, peut \u00eatre repli\u00e9e et rang\u00e9e sans occuper d\u2019espace.  <\/span><b>La caisse-penderie Capsa\u00ae pour d\u00e9m\u00e9nagement<\/b> <span style=\"font-weight: 400;\">peut ainsi \u00eatre r\u00e9utilis\u00e9e autant de fois que n\u00e9cessaire.<\/span><\/p>\n","protected":false},"excerpt":{"rendered":"<p><strong>Avantages de la caisse-penderie Capsa\u00ae pour d\u00e9m\u00e9nagement<\/strong><\/p>\n<ul>\n<li style=\"font-weight: 400;\" aria-level=\"1\"><span style=\"font-weight: 400;\">Id\u00e9ale pour transporter et stocker des v\u00eatements devant rester suspendus, en les maintenant en parfait \u00e9tat<\/span><\/li>\n<li style=\"font-weight: 400;\" aria-level=\"1\"><span style=\"font-weight: 400;\">Emp\u00eache les v\u00eatements de se froisser ou de se d\u00e9former<\/span><\/li>\n<li style=\"font-weight: 400;\" aria-level=\"1\"><span style=\"font-weight: 400;\">Transport et stockage propres, \u00e0 l\u2019abri de la poussi\u00e8re<\/span><\/li>\n<li style=\"font-weight: 400;\" aria-level=\"1\"><span style=\"font-weight: 400;\">Acc\u00e8s rapide et facile au contenu<\/span><\/li>\n<li style=\"font-weight: 400;\" aria-level=\"1\"><span style=\"font-weight: 400;\">Montage et fermeture sans ruban adh\u00e9sif<\/span><\/li>\n<li style=\"font-weight: 400;\" aria-level=\"1\"><span style=\"font-weight: 400;\">Manipulation confortable et intuitive<\/span><\/li>\n<li style=\"font-weight: 400;\" aria-level=\"1\"><span style=\"font-weight: 400;\">Poign\u00e9es int\u00e9gr\u00e9es pour faciliter le transport et \u00e9viter l\u2019entr\u00e9e de salet\u00e9<\/span><\/li>\n<li style=\"font-weight: 400;\" aria-level=\"1\"><span style=\"font-weight: 400;\">Pliable, donc simple \u00e0 ranger et \u00e0 r\u00e9utiliser<\/span><\/li>\n<li style=\"font-weight: 400;\" aria-level=\"1\">Qualit\u00e9 et r\u00e9sistance premium<\/li>\n<\/ul>\n","protected":false},"featured_media":30006,"comment_status":"closed","ping_status":"closed","template":"","meta":{"_acf_changed":false},"product_brand":[],"product_cat":[273,412],"product_tag":[],"class_list":{"0":"post-30032","1":"product","2":"type-product","3":"status-publish","4":"has-post-thumbnail","6":"product_cat-caisses-d-expedition","7":"product_cat-test-fr","9":"first","10":"instock","11":"shipping-taxable","12":"product-type-simple"},"acf":[],"yoast_head":"<!-- This site is optimized with the Yoast SEO plugin v27.5 - https:\/\/yoast.com\/product\/yoast-seo-wordpress\/ -->\n<title>Caisse-penderie Capsa\u00ae pour d\u00e9m\u00e9nagement - CAPSA2in1\u00ae<\/title>\n<meta name=\"description\" content=\"Caisse-penderie Capsa\u00ae pour d\u00e9m\u00e9nagement : id\u00e9ale pour suspendre les v\u00eatements. R\u00e9utilisable, sans ruban adh\u00e9sif, r\u00e9sistant \u00e0 la poussi\u00e8re et \u00e0 l&#039;humidit\u00e9. Qualit\u00e9 sup\u00e9rieure.\" \/>\n<meta name=\"robots\" content=\"index, follow, max-snippet:-1, max-image-preview:large, max-video-preview:-1\" \/>\n<link rel=\"canonical\" href=\"https:\/\/capsa2in1.com\/fr\/produit\/caisse-penderie-capsa-pour-demenagement\/\" \/>\n<meta property=\"og:locale\" content=\"fr_FR\" \/>\n<meta property=\"og:type\" content=\"article\" \/>\n<meta property=\"og:title\" content=\"Caisse-penderie Capsa\u00ae pour d\u00e9m\u00e9nagement - CAPSA2in1\u00ae\" \/>\n<meta property=\"og:description\" content=\"Caisse-penderie Capsa\u00ae pour d\u00e9m\u00e9nagement : id\u00e9ale pour suspendre les v\u00eatements. R\u00e9utilisable, sans ruban adh\u00e9sif, r\u00e9sistant \u00e0 la poussi\u00e8re et \u00e0 l&#039;humidit\u00e9. Qualit\u00e9 sup\u00e9rieure.\" \/>\n<meta property=\"og:url\" content=\"https:\/\/capsa2in1.com\/fr\/produit\/caisse-penderie-capsa-pour-demenagement\/\" \/>\n<meta property=\"og:site_name\" content=\"CAPSA2in1\u00ae\" \/>\n<meta property=\"article:modified_time\" content=\"2025-05-16T15:48:41+00:00\" \/>\n<meta property=\"og:image\" content=\"https:\/\/capsa2in1.com\/wp-content\/uploads\/2025\/04\/ARMARIO1744647610.jpg\" \/>\n\t<meta property=\"og:image:width\" content=\"425\" \/>\n\t<meta property=\"og:image:height\" content=\"365\" \/>\n\t<meta property=\"og:image:type\" content=\"image\/jpeg\" \/>\n<meta name=\"twitter:card\" content=\"summary_large_image\" \/>\n<meta name=\"twitter:label1\" content=\"Dur\u00e9e de lecture estim\u00e9e\" \/>\n\t<meta name=\"twitter:data1\" content=\"1 minute\" \/>\n<script type=\"application\/ld+json\" class=\"yoast-schema-graph\">{\"@context\":\"https:\\\/\\\/schema.org\",\"@graph\":[{\"@type\":\"WebPage\",\"@id\":\"https:\\\/\\\/capsa2in1.com\\\/fr\\\/produit\\\/caisse-penderie-capsa-pour-demenagement\\\/\",\"url\":\"https:\\\/\\\/capsa2in1.com\\\/fr\\\/produit\\\/caisse-penderie-capsa-pour-demenagement\\\/\",\"name\":\"Caisse-penderie Capsa\u00ae pour d\u00e9m\u00e9nagement - CAPSA2in1\u00ae\",\"isPartOf\":{\"@id\":\"https:\\\/\\\/capsa2in1.com\\\/#website\"},\"primaryImageOfPage\":{\"@id\":\"https:\\\/\\\/capsa2in1.com\\\/fr\\\/produit\\\/caisse-penderie-capsa-pour-demenagement\\\/#primaryimage\"},\"image\":{\"@id\":\"https:\\\/\\\/capsa2in1.com\\\/fr\\\/produit\\\/caisse-penderie-capsa-pour-demenagement\\\/#primaryimage\"},\"thumbnailUrl\":\"https:\\\/\\\/capsa2in1.com\\\/wp-content\\\/uploads\\\/2025\\\/04\\\/ARMARIO1744647610.jpg\",\"datePublished\":\"2025-05-13T10:10:18+00:00\",\"dateModified\":\"2025-05-16T15:48:41+00:00\",\"description\":\"Caisse-penderie Capsa\u00ae pour d\u00e9m\u00e9nagement : id\u00e9ale pour suspendre les v\u00eatements. R\u00e9utilisable, sans ruban adh\u00e9sif, r\u00e9sistant \u00e0 la poussi\u00e8re et \u00e0 l'humidit\u00e9. Qualit\u00e9 sup\u00e9rieure.\",\"breadcrumb\":{\"@id\":\"https:\\\/\\\/capsa2in1.com\\\/fr\\\/produit\\\/caisse-penderie-capsa-pour-demenagement\\\/#breadcrumb\"},\"inLanguage\":\"fr-FR\",\"potentialAction\":[{\"@type\":\"ReadAction\",\"target\":[\"https:\\\/\\\/capsa2in1.com\\\/fr\\\/produit\\\/caisse-penderie-capsa-pour-demenagement\\\/\"]}]},{\"@type\":\"ImageObject\",\"inLanguage\":\"fr-FR\",\"@id\":\"https:\\\/\\\/capsa2in1.com\\\/fr\\\/produit\\\/caisse-penderie-capsa-pour-demenagement\\\/#primaryimage\",\"url\":\"https:\\\/\\\/capsa2in1.com\\\/wp-content\\\/uploads\\\/2025\\\/04\\\/ARMARIO1744647610.jpg\",\"contentUrl\":\"https:\\\/\\\/capsa2in1.com\\\/wp-content\\\/uploads\\\/2025\\\/04\\\/ARMARIO1744647610.jpg\",\"width\":425,\"height\":365,\"caption\":\"Caja armario\"},{\"@type\":\"BreadcrumbList\",\"@id\":\"https:\\\/\\\/capsa2in1.com\\\/fr\\\/produit\\\/caisse-penderie-capsa-pour-demenagement\\\/#breadcrumb\",\"itemListElement\":[{\"@type\":\"ListItem\",\"position\":1,\"name\":\"Inicio\",\"item\":\"https:\\\/\\\/capsa2in1.com\\\/fr\\\/\"},{\"@type\":\"ListItem\",\"position\":2,\"name\":\"Produits\",\"item\":\"https:\\\/\\\/capsa2in1.com\\\/fr\\\/produits\\\/\"},{\"@type\":\"ListItem\",\"position\":3,\"name\":\"Caisse-penderie Capsa\u00ae pour d\u00e9m\u00e9nagement\"}]},{\"@type\":\"WebSite\",\"@id\":\"https:\\\/\\\/capsa2in1.com\\\/#website\",\"url\":\"https:\\\/\\\/capsa2in1.com\\\/\",\"name\":\"CAPSA2in1\u00ae\",\"description\":\"Reusable packaging. Smarter, Greener Logistics!\",\"publisher\":{\"@id\":\"https:\\\/\\\/capsa2in1.com\\\/#organization\"},\"potentialAction\":[{\"@type\":\"SearchAction\",\"target\":{\"@type\":\"EntryPoint\",\"urlTemplate\":\"https:\\\/\\\/capsa2in1.com\\\/?s={search_term_string}\"},\"query-input\":{\"@type\":\"PropertyValueSpecification\",\"valueRequired\":true,\"valueName\":\"search_term_string\"}}],\"inLanguage\":\"fr-FR\"},{\"@type\":\"Organization\",\"@id\":\"https:\\\/\\\/capsa2in1.com\\\/#organization\",\"name\":\"CAPSA 2in1\",\"url\":\"https:\\\/\\\/capsa2in1.com\\\/\",\"logo\":{\"@type\":\"ImageObject\",\"inLanguage\":\"fr-FR\",\"@id\":\"https:\\\/\\\/capsa2in1.com\\\/#\\\/schema\\\/logo\\\/image\\\/\",\"url\":\"\",\"contentUrl\":\"\",\"caption\":\"CAPSA 2in1\"},\"image\":{\"@id\":\"https:\\\/\\\/capsa2in1.com\\\/#\\\/schema\\\/logo\\\/image\\\/\"}}]}<\/script>\n<!-- \/ Yoast SEO plugin. -->","yoast_head_json":{"title":"Caisse-penderie Capsa\u00ae pour d\u00e9m\u00e9nagement - CAPSA2in1\u00ae","description":"Caisse-penderie Capsa\u00ae pour d\u00e9m\u00e9nagement : id\u00e9ale pour suspendre les v\u00eatements. R\u00e9utilisable, sans ruban adh\u00e9sif, r\u00e9sistant \u00e0 la poussi\u00e8re et \u00e0 l'humidit\u00e9. Qualit\u00e9 sup\u00e9rieure.","robots":{"index":"index","follow":"follow","max-snippet":"max-snippet:-1","max-image-preview":"max-image-preview:large","max-video-preview":"max-video-preview:-1"},"canonical":"https:\/\/capsa2in1.com\/fr\/produit\/caisse-penderie-capsa-pour-demenagement\/","og_locale":"fr_FR","og_type":"article","og_title":"Caisse-penderie Capsa\u00ae pour d\u00e9m\u00e9nagement - CAPSA2in1\u00ae","og_description":"Caisse-penderie Capsa\u00ae pour d\u00e9m\u00e9nagement : id\u00e9ale pour suspendre les v\u00eatements. R\u00e9utilisable, sans ruban adh\u00e9sif, r\u00e9sistant \u00e0 la poussi\u00e8re et \u00e0 l'humidit\u00e9. Qualit\u00e9 sup\u00e9rieure.","og_url":"https:\/\/capsa2in1.com\/fr\/produit\/caisse-penderie-capsa-pour-demenagement\/","og_site_name":"CAPSA2in1\u00ae","article_modified_time":"2025-05-16T15:48:41+00:00","og_image":[{"width":425,"height":365,"url":"https:\/\/capsa2in1.com\/wp-content\/uploads\/2025\/04\/ARMARIO1744647610.jpg","type":"image\/jpeg"}],"twitter_card":"summary_large_image","twitter_misc":{"Dur\u00e9e de lecture estim\u00e9e":"1 minute"},"schema":{"@context":"https:\/\/schema.org","@graph":[{"@type":"WebPage","@id":"https:\/\/capsa2in1.com\/fr\/produit\/caisse-penderie-capsa-pour-demenagement\/","url":"https:\/\/capsa2in1.com\/fr\/produit\/caisse-penderie-capsa-pour-demenagement\/","name":"Caisse-penderie Capsa\u00ae pour d\u00e9m\u00e9nagement - CAPSA2in1\u00ae","isPartOf":{"@id":"https:\/\/capsa2in1.com\/#website"},"primaryImageOfPage":{"@id":"https:\/\/capsa2in1.com\/fr\/produit\/caisse-penderie-capsa-pour-demenagement\/#primaryimage"},"image":{"@id":"https:\/\/capsa2in1.com\/fr\/produit\/caisse-penderie-capsa-pour-demenagement\/#primaryimage"},"thumbnailUrl":"https:\/\/capsa2in1.com\/wp-content\/uploads\/2025\/04\/ARMARIO1744647610.jpg","datePublished":"2025-05-13T10:10:18+00:00","dateModified":"2025-05-16T15:48:41+00:00","description":"Caisse-penderie Capsa\u00ae pour d\u00e9m\u00e9nagement : id\u00e9ale pour suspendre les v\u00eatements. R\u00e9utilisable, sans ruban adh\u00e9sif, r\u00e9sistant \u00e0 la poussi\u00e8re et \u00e0 l'humidit\u00e9. Qualit\u00e9 sup\u00e9rieure.","breadcrumb":{"@id":"https:\/\/capsa2in1.com\/fr\/produit\/caisse-penderie-capsa-pour-demenagement\/#breadcrumb"},"inLanguage":"fr-FR","potentialAction":[{"@type":"ReadAction","target":["https:\/\/capsa2in1.com\/fr\/produit\/caisse-penderie-capsa-pour-demenagement\/"]}]},{"@type":"ImageObject","inLanguage":"fr-FR","@id":"https:\/\/capsa2in1.com\/fr\/produit\/caisse-penderie-capsa-pour-demenagement\/#primaryimage","url":"https:\/\/capsa2in1.com\/wp-content\/uploads\/2025\/04\/ARMARIO1744647610.jpg","contentUrl":"https:\/\/capsa2in1.com\/wp-content\/uploads\/2025\/04\/ARMARIO1744647610.jpg","width":425,"height":365,"caption":"Caja armario"},{"@type":"BreadcrumbList","@id":"https:\/\/capsa2in1.com\/fr\/produit\/caisse-penderie-capsa-pour-demenagement\/#breadcrumb","itemListElement":[{"@type":"ListItem","position":1,"name":"Inicio","item":"https:\/\/capsa2in1.com\/fr\/"},{"@type":"ListItem","position":2,"name":"Produits","item":"https:\/\/capsa2in1.com\/fr\/produits\/"},{"@type":"ListItem","position":3,"name":"Caisse-penderie Capsa\u00ae pour d\u00e9m\u00e9nagement"}]},{"@type":"WebSite","@id":"https:\/\/capsa2in1.com\/#website","url":"https:\/\/capsa2in1.com\/","name":"CAPSA2in1\u00ae","description":"Reusable packaging. Smarter, Greener Logistics!","publisher":{"@id":"https:\/\/capsa2in1.com\/#organization"},"potentialAction":[{"@type":"SearchAction","target":{"@type":"EntryPoint","urlTemplate":"https:\/\/capsa2in1.com\/?s={search_term_string}"},"query-input":{"@type":"PropertyValueSpecification","valueRequired":true,"valueName":"search_term_string"}}],"inLanguage":"fr-FR"},{"@type":"Organization","@id":"https:\/\/capsa2in1.com\/#organization","name":"CAPSA 2in1","url":"https:\/\/capsa2in1.com\/","logo":{"@type":"ImageObject","inLanguage":"fr-FR","@id":"https:\/\/capsa2in1.com\/#\/schema\/logo\/image\/","url":"","contentUrl":"","caption":"CAPSA 2in1"},"image":{"@id":"https:\/\/capsa2in1.com\/#\/schema\/logo\/image\/"}}]}},"_links":{"self":[{"href":"https:\/\/capsa2in1.com\/fr\/wp-json\/wp\/v2\/product\/30032","targetHints":{"allow":["GET"]}}],"collection":[{"href":"https:\/\/capsa2in1.com\/fr\/wp-json\/wp\/v2\/product"}],"about":[{"href":"https:\/\/capsa2in1.com\/fr\/wp-json\/wp\/v2\/types\/product"}],"replies":[{"embeddable":true,"href":"https:\/\/capsa2in1.com\/fr\/wp-json\/wp\/v2\/comments?post=30032"}],"wp:featuredmedia":[{"embeddable":true,"href":"https:\/\/capsa2in1.com\/fr\/wp-json\/wp\/v2\/media\/30006"}],"wp:attachment":[{"href":"https:\/\/capsa2in1.com\/fr\/wp-json\/wp\/v2\/media?parent=30032"}],"wp:term":[{"taxonomy":"product_brand","embeddable":true,"href":"https:\/\/capsa2in1.com\/fr\/wp-json\/wp\/v2\/product_brand?post=30032"},{"taxonomy":"product_cat","embeddable":true,"href":"https:\/\/capsa2in1.com\/fr\/wp-json\/wp\/v2\/product_cat?post=30032"},{"taxonomy":"product_tag","embeddable":true,"href":"https:\/\/capsa2in1.com\/fr\/wp-json\/wp\/v2\/product_tag?post=30032"}],"curies":[{"name":"wp","href":"https:\/\/api.w.org\/{rel}","templated":true}]}}