{"id":12634,"date":"2020-06-19T07:17:22","date_gmt":"2020-06-19T07:17:22","guid":{"rendered":"https:\/\/capsa2in1.com\/producto\/boites-de-retention-korrvu\/"},"modified":"2023-10-25T13:58:12","modified_gmt":"2023-10-25T13:58:12","slug":"boites-de-retention-korrvu","status":"publish","type":"product","link":"https:\/\/capsa2in1.com\/fr\/produit\/boites-de-retention-korrvu\/","title":{"rendered":"Bo\u00eetes de r\u00e9tention Korrvu\u00ae"},"content":{"rendered":"\t\t<div data-elementor-type=\"product-post\" data-elementor-id=\"12634\" class=\"elementor elementor-12634 elementor-7280\" data-elementor-post-type=\"product\">\n\t\t\t\t\t\t<section class=\"elementor-section elementor-top-section elementor-element elementor-element-69674ed8 elementor-section-stretched elementor-section-boxed elementor-section-height-default elementor-section-height-default\" data-id=\"69674ed8\" data-element_type=\"section\" data-settings=\"{&quot;stretch_section&quot;:&quot;section-stretched&quot;}\">\n\t\t\t\t\t\t<div class=\"elementor-container elementor-column-gap-default\">\n\t\t\t\t\t<div class=\"elementor-column elementor-col-100 elementor-top-column elementor-element elementor-element-2fadf194\" data-id=\"2fadf194\" data-element_type=\"column\">\n\t\t\t<div class=\"elementor-widget-wrap elementor-element-populated\">\n\t\t\t\t\t\t<div class=\"elementor-element elementor-element-b94f57a elementor-widget elementor-widget-heading\" data-id=\"b94f57a\" data-element_type=\"widget\" data-widget_type=\"heading.default\">\n\t\t\t\t<div class=\"elementor-widget-container\">\n\t\t\t\t\t<h3 class=\"elementor-heading-title elementor-size-default\">Disponible dans les formats suivants\u00a0:<\/h3>\t\t\t\t<\/div>\n\t\t\t\t<\/div>\n\t\t\t\t<div class=\"elementor-element elementor-element-2e68ff9f elementor-hidden-phone elementor-widget elementor-widget-text-editor\" data-id=\"2e68ff9f\" data-element_type=\"widget\" data-widget_type=\"text-editor.default\">\n\t\t\t\t<div class=\"elementor-widget-container\">\n\t\t\t\t\t\t\t\t\t<table width=\"100%\">\n<thead>\n<tr>\n<td><strong>R\u00c9F\u00c9RENCES<\/strong><\/td>\n<td><strong>TAILLE MAXIMUM DU PRODUIT (mm)<\/strong><\/td>\n<td><strong>POIDS MAXIMUM PRODUIT (kg)<\/strong><\/td>\n<\/tr>\n<\/thead>\n<tbody>\n<tr>\n<td><span style=\"color: #ee7719;\">KS-RB-11-REGULAR<\/span><\/td>\n<td>110 x 110 x 40<\/td>\n<td>0,3<\/td>\n<\/tr>\n<tr>\n<td><span style=\"color: #ee7719;\">KS-RB-12-REGULAR<\/span><\/td>\n<td>160 x 85 x 20<\/td>\n<td>0,3<\/td>\n<\/tr>\n<tr>\n<td><span style=\"color: #ee7719;\">KS-RB-13-REGULAR<\/span><\/td>\n<td>215 x 125 x 25<\/td>\n<td>0,3<\/td>\n<\/tr>\n<tr>\n<td><span style=\"color: #ee7719;\">KS-RB-14-REGULAR<\/span><\/td>\n<td>250 x 220 x 40<\/td>\n<td>1<\/td>\n<\/tr>\n<\/tbody>\n<\/table>\n\t\t\t\t\t\t\t\t<\/div>\n\t\t\t\t<\/div>\n\t\t\t\t<div class=\"elementor-element elementor-element-37c52aee elementor-hidden-desktop elementor-hidden-tablet elementor-widget elementor-widget-text-editor\" data-id=\"37c52aee\" data-element_type=\"widget\" data-widget_type=\"text-editor.default\">\n\t\t\t\t<div class=\"elementor-widget-container\">\n\t\t\t\t\t\t\t\t\t<table width=\"64%\">\n<thead>\n<tr>\n<td><strong>R\u00c9F\u00c9RENCES \u00a0 \u00a0 \u00a0 \u00a0 \u00a0 \u00a0 \u00a0 \u00a0 \u00a0 \u00a0 \u00a0 \u00a0 \u00a0 \u00a0 \u00a0 \u00a0 \u00a0 \u00a0 \u00a0 \u00a0 \u00a0 \u00a0\u00a0<\/strong><\/td>\n<td><strong>TAILLE MAXIMUM DU PRODUIT (mm)<\/strong><\/td>\n<\/tr>\n<\/thead>\n<tbody>\n<tr>\n<td><span style=\"color: #ed6d04;\">KS-RB-11-REGULAR<\/span><\/td>\n<td>110 x 110 x 40<\/td>\n<\/tr>\n<tr>\n<td><span style=\"color: #ed6d04;\">KS-RB-12-REGULAR<\/span><\/td>\n<td>160 x 85 x 20<\/td>\n<\/tr>\n<tr>\n<td><span style=\"color: #ed6d04;\">KS-RB-13-REGULAR<\/span><\/td>\n<td>215 x 125 x 25<\/td>\n<\/tr>\n<tr>\n<td><span style=\"color: #ed6d04;\">KS-RB-14-REGULAR<\/span><\/td>\n<td>250 x 220 x 40<\/td>\n<\/tr>\n<\/tbody>\n<\/table>\n\t\t\t\t\t\t\t\t<\/div>\n\t\t\t\t<\/div>\n\t\t\t\t\t<\/div>\n\t\t<\/div>\n\t\t\t\t\t<\/div>\n\t\t<\/section>\n\t\t\t\t<section class=\"elementor-section elementor-top-section elementor-element elementor-element-5d0afcf0 elementor-section-stretched elementor-section-boxed elementor-section-height-default elementor-section-height-default\" data-id=\"5d0afcf0\" data-element_type=\"section\" data-settings=\"{&quot;stretch_section&quot;:&quot;section-stretched&quot;,&quot;background_background&quot;:&quot;classic&quot;}\">\n\t\t\t\t\t\t<div class=\"elementor-container elementor-column-gap-default\">\n\t\t\t\t\t<div class=\"elementor-column elementor-col-100 elementor-top-column elementor-element elementor-element-3602ea08\" data-id=\"3602ea08\" data-element_type=\"column\">\n\t\t\t<div class=\"elementor-widget-wrap elementor-element-populated\">\n\t\t\t\t\t\t<div class=\"elementor-element elementor-element-7d60dfc elementor-widget elementor-widget-heading\" data-id=\"7d60dfc\" data-element_type=\"widget\" data-widget_type=\"heading.default\">\n\t\t\t\t<div class=\"elementor-widget-container\">\n\t\t\t\t\t<h2 class=\"elementor-heading-title elementor-size-default\">Bo\u00eetes de r\u00e9tention Korrvu\u00ae<\/h2>\t\t\t\t<\/div>\n\t\t\t\t<\/div>\n\t\t\t\t<div class=\"elementor-element elementor-element-2e2995a0 elementor-widget elementor-widget-text-editor\" data-id=\"2e2995a0\" data-element_type=\"widget\" data-widget_type=\"text-editor.default\">\n\t\t\t\t<div class=\"elementor-widget-container\">\n\t\t\t\t\t\t\t\t\t<p>Les <strong>bo\u00eetes de r\u00e9tention Korrvu\u00ae <\/strong>sont id\u00e9ales pour exp\u00e9dier des produits fragiles de taille petite sensibles aux impacts. Constitu\u00e9es d\u2019un film de haute densit\u00e9, elles prot\u00e8gent vos produits en les emp\u00eachant de bouger et en att\u00e9nuant les vibrations in\u00e9vitables durant la totalit\u00e9 de leur exp\u00e9dition. Le film de r\u00e9tention s\u2019adapte parfaitement aux produits et r\u00e9pond aux besoins de votre processus logistique.<\/p>\n<p>Nos caisses sont un moyen de mettre en avant votre marque gr\u00e2ce \u00e0 leur exposition. Transformez vos produits en support de communication avec nos caisses\u00a0: plus de visibilit\u00e9 pour votre marque et une exp\u00e9rience cliente am\u00e9lior\u00e9e.<\/p>\n\t\t\t\t\t\t\t\t<\/div>\n\t\t\t\t<\/div>\n\t\t\t\t\t<\/div>\n\t\t<\/div>\n\t\t\t\t\t<\/div>\n\t\t<\/section>\n\t\t\t\t<section class=\"elementor-section elementor-top-section elementor-element elementor-element-1bd4d1f7 elementor-section-stretched elementor-section-boxed elementor-section-height-default elementor-section-height-default\" data-id=\"1bd4d1f7\" data-element_type=\"section\" data-settings=\"{&quot;stretch_section&quot;:&quot;section-stretched&quot;}\">\n\t\t\t\t\t\t<div class=\"elementor-container elementor-column-gap-default\">\n\t\t\t\t\t<div class=\"elementor-column elementor-col-100 elementor-top-column elementor-element elementor-element-41809a56\" data-id=\"41809a56\" data-element_type=\"column\">\n\t\t\t<div class=\"elementor-widget-wrap elementor-element-populated\">\n\t\t\t\t\t\t<div class=\"elementor-element elementor-element-3f7fba69 elementor-widget elementor-widget-heading\" data-id=\"3f7fba69\" data-element_type=\"widget\" data-widget_type=\"heading.default\">\n\t\t\t\t<div class=\"elementor-widget-container\">\n\t\t\t\t\t<h3 class=\"elementor-heading-title elementor-size-default\">Utilisation des bo\u00eetes de r\u00e9tention Korrvu\u00ae<\/h3>\t\t\t\t<\/div>\n\t\t\t\t<\/div>\n\t\t\t\t<div class=\"elementor-element elementor-element-a4a715b elementor-widget elementor-widget-text-editor\" data-id=\"a4a715b\" data-element_type=\"widget\" data-widget_type=\"text-editor.default\">\n\t\t\t\t<div class=\"elementor-widget-container\">\n\t\t\t\t\t\t\t\t\t<p>Les <strong>bo\u00eetes de r\u00e9tention Korrvu\u00ae <\/strong>sont fabriqu\u00e9es afin de prot\u00e9ger produits qui r\u00e9clament d\u2019une attention sp\u00e9ciale et particuli\u00e8re\u00a0: t\u00e9l\u00e9phones portables, routeurs, appareils auditifs, p\u00e9riph\u00e9riques, objets \u00e9lectroniques, ordinateurs portables, etc. Les entreprises du secteur \u00e9lectronique retrouveront avec nos caisses une solution multifonctionnelle, s\u00fbre et attrayante pour leurs produits.<\/p><p>Comme nos <strong>bo\u00eetes de r\u00e9tention Korrvu\u00ae <\/strong>sont adaptables \u00e0 plusieurs tailles, elles sont une solution parfaite pour les envois de produits petits et d\u00e9licats d\u2019un ecommerce.<\/p><p>Gr\u00e2ce \u00e0 leurs multiples possibilit\u00e9s de r\u00e9utilisation et \u00e0 la r\u00e9duction du suremballage, les <strong>bo\u00eetes de r\u00e9tention Korrvu\u00ae <\/strong>sont une excellente solution fonctionnelle et \u00e9cologique par rapport aux cartons classiques.<\/p><p>Ajoutez nos produits \u00e9coresponsables \u00e0 votre activit\u00e9\u00a0!<\/p>\t\t\t\t\t\t\t\t<\/div>\n\t\t\t\t<\/div>\n\t\t\t\t\t<\/div>\n\t\t<\/div>\n\t\t\t\t\t<\/div>\n\t\t<\/section>\n\t\t\t\t<\/div>\n\t\t","protected":false},"excerpt":{"rendered":"<p><strong>Avantages des bo\u00eetes de r\u00e9tention Korrvu\u00ae<\/strong><\/p>\n<ul>\n<li>Id\u00e9ales pour des produits de taille petite sensibles aux impacts<\/li>\n<li>Syst\u00e8me de blocage en r\u00e9tention qui prot\u00e8ge vos produits en les emp\u00eachant de bouger<\/li>\n<li>Syst\u00e8me de r\u00e9tention flexible et r\u00e9sistant \u00e0 des objets pointus<\/li>\n<li>Pr\u00e9sentation impeccable pour garantir une exp\u00e9rience d\u2019achat agr\u00e9able<\/li>\n<li>Solution versatile pour tous les types de produits<\/li>\n<li>Att\u00e9nue les vibrations lors du transport<\/li>\n<\/ul>\n","protected":false},"featured_media":7956,"comment_status":"closed","ping_status":"closed","template":"","meta":{"_acf_changed":false},"product_brand":[],"product_cat":[259,263,264,235],"product_tag":[261,262],"class_list":{"0":"post-12634","1":"product","2":"type-product","3":"status-publish","4":"has-post-thumbnail","6":"product_cat-caisses-a-montage-sans-adhesif-pour-ecommerce","7":"product_cat-caisses-carton-ecommerce","8":"product_cat-caisses-ecommerce-pour-des-produits-fragiles","9":"product_cat-emballages-pour-des-produits-fragiles","10":"product_tag-caisses-carton-dexpedition","11":"product_tag-caisses-carton-dexpedition-e-commerce","13":"first","14":"instock","15":"shipping-taxable","16":"product-type-simple"},"acf":[],"yoast_head":"<!-- This site is optimized with the Yoast SEO plugin v27.5 - https:\/\/yoast.com\/product\/yoast-seo-wordpress\/ -->\n<title>Bo\u00eetes de r\u00e9tention Korrvu\u00ae pour les envois d\u00e9licats- CAPSA2in1\u00ae<\/title>\n<meta name=\"description\" content=\"Bo\u00eetes pour les envois postaux les plus pratiques et fonctionnelles id\u00e9ales pour les entreprises e-commerce ou de messagerie sp\u00e9cialis\u00e9es dans la livraison de petits objets. \u2705\" \/>\n<meta name=\"robots\" content=\"index, follow, max-snippet:-1, max-image-preview:large, max-video-preview:-1\" \/>\n<link rel=\"canonical\" href=\"https:\/\/capsa2in1.com\/fr\/produit\/boites-de-retention-korrvu\/\" \/>\n<meta property=\"og:locale\" content=\"fr_FR\" \/>\n<meta property=\"og:type\" content=\"article\" \/>\n<meta property=\"og:title\" content=\"Bo\u00eetes de r\u00e9tention Korrvu\u00ae pour les envois d\u00e9licats- CAPSA2in1\u00ae\" \/>\n<meta property=\"og:description\" content=\"Bo\u00eetes pour les envois postaux les plus pratiques et fonctionnelles id\u00e9ales pour les entreprises e-commerce ou de messagerie sp\u00e9cialis\u00e9es dans la livraison de petits objets. \u2705\" \/>\n<meta property=\"og:url\" content=\"https:\/\/capsa2in1.com\/fr\/produit\/boites-de-retention-korrvu\/\" \/>\n<meta property=\"og:site_name\" content=\"CAPSA2in1\u00ae\" \/>\n<meta property=\"article:modified_time\" content=\"2023-10-25T13:58:12+00:00\" \/>\n<meta property=\"og:image\" content=\"https:\/\/capsa2in1.com\/wp-content\/uploads\/2020\/08\/caja-carton-evios-PRINCIPAL-korrvu-caja-retencion.png\" \/>\n\t<meta property=\"og:image:width\" content=\"800\" \/>\n\t<meta property=\"og:image:height\" content=\"800\" \/>\n\t<meta property=\"og:image:type\" content=\"image\/png\" \/>\n<meta name=\"twitter:card\" content=\"summary_large_image\" \/>\n<meta name=\"twitter:label1\" content=\"Dur\u00e9e de lecture estim\u00e9e\" \/>\n\t<meta name=\"twitter:data1\" content=\"2 minutes\" \/>\n<script type=\"application\/ld+json\" class=\"yoast-schema-graph\">{\"@context\":\"https:\\\/\\\/schema.org\",\"@graph\":[{\"@type\":\"WebPage\",\"@id\":\"https:\\\/\\\/capsa2in1.com\\\/fr\\\/produit\\\/boites-de-retention-korrvu\\\/\",\"url\":\"https:\\\/\\\/capsa2in1.com\\\/fr\\\/produit\\\/boites-de-retention-korrvu\\\/\",\"name\":\"Bo\u00eetes de r\u00e9tention Korrvu\u00ae pour les envois d\u00e9licats- CAPSA2in1\u00ae\",\"isPartOf\":{\"@id\":\"https:\\\/\\\/capsa2in1.com\\\/#website\"},\"primaryImageOfPage\":{\"@id\":\"https:\\\/\\\/capsa2in1.com\\\/fr\\\/produit\\\/boites-de-retention-korrvu\\\/#primaryimage\"},\"image\":{\"@id\":\"https:\\\/\\\/capsa2in1.com\\\/fr\\\/produit\\\/boites-de-retention-korrvu\\\/#primaryimage\"},\"thumbnailUrl\":\"https:\\\/\\\/capsa2in1.com\\\/wp-content\\\/uploads\\\/2020\\\/08\\\/caja-carton-evios-PRINCIPAL-korrvu-caja-retencion.png\",\"datePublished\":\"2020-06-19T07:17:22+00:00\",\"dateModified\":\"2023-10-25T13:58:12+00:00\",\"description\":\"Bo\u00eetes pour les envois postaux les plus pratiques et fonctionnelles id\u00e9ales pour les entreprises e-commerce ou de messagerie sp\u00e9cialis\u00e9es dans la livraison de petits objets. \u2705\",\"breadcrumb\":{\"@id\":\"https:\\\/\\\/capsa2in1.com\\\/fr\\\/produit\\\/boites-de-retention-korrvu\\\/#breadcrumb\"},\"inLanguage\":\"fr-FR\",\"potentialAction\":[{\"@type\":\"ReadAction\",\"target\":[\"https:\\\/\\\/capsa2in1.com\\\/fr\\\/produit\\\/boites-de-retention-korrvu\\\/\"]}]},{\"@type\":\"ImageObject\",\"inLanguage\":\"fr-FR\",\"@id\":\"https:\\\/\\\/capsa2in1.com\\\/fr\\\/produit\\\/boites-de-retention-korrvu\\\/#primaryimage\",\"url\":\"https:\\\/\\\/capsa2in1.com\\\/wp-content\\\/uploads\\\/2020\\\/08\\\/caja-carton-evios-PRINCIPAL-korrvu-caja-retencion.png\",\"contentUrl\":\"https:\\\/\\\/capsa2in1.com\\\/wp-content\\\/uploads\\\/2020\\\/08\\\/caja-carton-evios-PRINCIPAL-korrvu-caja-retencion.png\",\"width\":800,\"height\":800,\"caption\":\"embalajes-productos-fragiles-caja-korrvu-retencion\"},{\"@type\":\"BreadcrumbList\",\"@id\":\"https:\\\/\\\/capsa2in1.com\\\/fr\\\/produit\\\/boites-de-retention-korrvu\\\/#breadcrumb\",\"itemListElement\":[{\"@type\":\"ListItem\",\"position\":1,\"name\":\"Inicio\",\"item\":\"https:\\\/\\\/capsa2in1.com\\\/fr\\\/\"},{\"@type\":\"ListItem\",\"position\":2,\"name\":\"Produits\",\"item\":\"https:\\\/\\\/capsa2in1.com\\\/fr\\\/produits\\\/\"},{\"@type\":\"ListItem\",\"position\":3,\"name\":\"Bo\u00eetes de r\u00e9tention Korrvu\u00ae\"}]},{\"@type\":\"WebSite\",\"@id\":\"https:\\\/\\\/capsa2in1.com\\\/#website\",\"url\":\"https:\\\/\\\/capsa2in1.com\\\/\",\"name\":\"CAPSA2in1\u00ae\",\"description\":\"Reusable packaging. Smarter, Greener Logistics!\",\"publisher\":{\"@id\":\"https:\\\/\\\/capsa2in1.com\\\/#organization\"},\"potentialAction\":[{\"@type\":\"SearchAction\",\"target\":{\"@type\":\"EntryPoint\",\"urlTemplate\":\"https:\\\/\\\/capsa2in1.com\\\/?s={search_term_string}\"},\"query-input\":{\"@type\":\"PropertyValueSpecification\",\"valueRequired\":true,\"valueName\":\"search_term_string\"}}],\"inLanguage\":\"fr-FR\"},{\"@type\":\"Organization\",\"@id\":\"https:\\\/\\\/capsa2in1.com\\\/#organization\",\"name\":\"CAPSA 2in1\",\"url\":\"https:\\\/\\\/capsa2in1.com\\\/\",\"logo\":{\"@type\":\"ImageObject\",\"inLanguage\":\"fr-FR\",\"@id\":\"https:\\\/\\\/capsa2in1.com\\\/#\\\/schema\\\/logo\\\/image\\\/\",\"url\":\"\",\"contentUrl\":\"\",\"caption\":\"CAPSA 2in1\"},\"image\":{\"@id\":\"https:\\\/\\\/capsa2in1.com\\\/#\\\/schema\\\/logo\\\/image\\\/\"}}]}<\/script>\n<!-- \/ Yoast SEO plugin. -->","yoast_head_json":{"title":"Bo\u00eetes de r\u00e9tention Korrvu\u00ae pour les envois d\u00e9licats- CAPSA2in1\u00ae","description":"Bo\u00eetes pour les envois postaux les plus pratiques et fonctionnelles id\u00e9ales pour les entreprises e-commerce ou de messagerie sp\u00e9cialis\u00e9es dans la livraison de petits objets. \u2705","robots":{"index":"index","follow":"follow","max-snippet":"max-snippet:-1","max-image-preview":"max-image-preview:large","max-video-preview":"max-video-preview:-1"},"canonical":"https:\/\/capsa2in1.com\/fr\/produit\/boites-de-retention-korrvu\/","og_locale":"fr_FR","og_type":"article","og_title":"Bo\u00eetes de r\u00e9tention Korrvu\u00ae pour les envois d\u00e9licats- CAPSA2in1\u00ae","og_description":"Bo\u00eetes pour les envois postaux les plus pratiques et fonctionnelles id\u00e9ales pour les entreprises e-commerce ou de messagerie sp\u00e9cialis\u00e9es dans la livraison de petits objets. \u2705","og_url":"https:\/\/capsa2in1.com\/fr\/produit\/boites-de-retention-korrvu\/","og_site_name":"CAPSA2in1\u00ae","article_modified_time":"2023-10-25T13:58:12+00:00","og_image":[{"width":800,"height":800,"url":"https:\/\/capsa2in1.com\/wp-content\/uploads\/2020\/08\/caja-carton-evios-PRINCIPAL-korrvu-caja-retencion.png","type":"image\/png"}],"twitter_card":"summary_large_image","twitter_misc":{"Dur\u00e9e de lecture estim\u00e9e":"2 minutes"},"schema":{"@context":"https:\/\/schema.org","@graph":[{"@type":"WebPage","@id":"https:\/\/capsa2in1.com\/fr\/produit\/boites-de-retention-korrvu\/","url":"https:\/\/capsa2in1.com\/fr\/produit\/boites-de-retention-korrvu\/","name":"Bo\u00eetes de r\u00e9tention Korrvu\u00ae pour les envois d\u00e9licats- CAPSA2in1\u00ae","isPartOf":{"@id":"https:\/\/capsa2in1.com\/#website"},"primaryImageOfPage":{"@id":"https:\/\/capsa2in1.com\/fr\/produit\/boites-de-retention-korrvu\/#primaryimage"},"image":{"@id":"https:\/\/capsa2in1.com\/fr\/produit\/boites-de-retention-korrvu\/#primaryimage"},"thumbnailUrl":"https:\/\/capsa2in1.com\/wp-content\/uploads\/2020\/08\/caja-carton-evios-PRINCIPAL-korrvu-caja-retencion.png","datePublished":"2020-06-19T07:17:22+00:00","dateModified":"2023-10-25T13:58:12+00:00","description":"Bo\u00eetes pour les envois postaux les plus pratiques et fonctionnelles id\u00e9ales pour les entreprises e-commerce ou de messagerie sp\u00e9cialis\u00e9es dans la livraison de petits objets. \u2705","breadcrumb":{"@id":"https:\/\/capsa2in1.com\/fr\/produit\/boites-de-retention-korrvu\/#breadcrumb"},"inLanguage":"fr-FR","potentialAction":[{"@type":"ReadAction","target":["https:\/\/capsa2in1.com\/fr\/produit\/boites-de-retention-korrvu\/"]}]},{"@type":"ImageObject","inLanguage":"fr-FR","@id":"https:\/\/capsa2in1.com\/fr\/produit\/boites-de-retention-korrvu\/#primaryimage","url":"https:\/\/capsa2in1.com\/wp-content\/uploads\/2020\/08\/caja-carton-evios-PRINCIPAL-korrvu-caja-retencion.png","contentUrl":"https:\/\/capsa2in1.com\/wp-content\/uploads\/2020\/08\/caja-carton-evios-PRINCIPAL-korrvu-caja-retencion.png","width":800,"height":800,"caption":"embalajes-productos-fragiles-caja-korrvu-retencion"},{"@type":"BreadcrumbList","@id":"https:\/\/capsa2in1.com\/fr\/produit\/boites-de-retention-korrvu\/#breadcrumb","itemListElement":[{"@type":"ListItem","position":1,"name":"Inicio","item":"https:\/\/capsa2in1.com\/fr\/"},{"@type":"ListItem","position":2,"name":"Produits","item":"https:\/\/capsa2in1.com\/fr\/produits\/"},{"@type":"ListItem","position":3,"name":"Bo\u00eetes de r\u00e9tention Korrvu\u00ae"}]},{"@type":"WebSite","@id":"https:\/\/capsa2in1.com\/#website","url":"https:\/\/capsa2in1.com\/","name":"CAPSA2in1\u00ae","description":"Reusable packaging. Smarter, Greener Logistics!","publisher":{"@id":"https:\/\/capsa2in1.com\/#organization"},"potentialAction":[{"@type":"SearchAction","target":{"@type":"EntryPoint","urlTemplate":"https:\/\/capsa2in1.com\/?s={search_term_string}"},"query-input":{"@type":"PropertyValueSpecification","valueRequired":true,"valueName":"search_term_string"}}],"inLanguage":"fr-FR"},{"@type":"Organization","@id":"https:\/\/capsa2in1.com\/#organization","name":"CAPSA 2in1","url":"https:\/\/capsa2in1.com\/","logo":{"@type":"ImageObject","inLanguage":"fr-FR","@id":"https:\/\/capsa2in1.com\/#\/schema\/logo\/image\/","url":"","contentUrl":"","caption":"CAPSA 2in1"},"image":{"@id":"https:\/\/capsa2in1.com\/#\/schema\/logo\/image\/"}}]}},"_links":{"self":[{"href":"https:\/\/capsa2in1.com\/fr\/wp-json\/wp\/v2\/product\/12634","targetHints":{"allow":["GET"]}}],"collection":[{"href":"https:\/\/capsa2in1.com\/fr\/wp-json\/wp\/v2\/product"}],"about":[{"href":"https:\/\/capsa2in1.com\/fr\/wp-json\/wp\/v2\/types\/product"}],"replies":[{"embeddable":true,"href":"https:\/\/capsa2in1.com\/fr\/wp-json\/wp\/v2\/comments?post=12634"}],"wp:featuredmedia":[{"embeddable":true,"href":"https:\/\/capsa2in1.com\/fr\/wp-json\/wp\/v2\/media\/7956"}],"wp:attachment":[{"href":"https:\/\/capsa2in1.com\/fr\/wp-json\/wp\/v2\/media?parent=12634"}],"wp:term":[{"taxonomy":"product_brand","embeddable":true,"href":"https:\/\/capsa2in1.com\/fr\/wp-json\/wp\/v2\/product_brand?post=12634"},{"taxonomy":"product_cat","embeddable":true,"href":"https:\/\/capsa2in1.com\/fr\/wp-json\/wp\/v2\/product_cat?post=12634"},{"taxonomy":"product_tag","embeddable":true,"href":"https:\/\/capsa2in1.com\/fr\/wp-json\/wp\/v2\/product_tag?post=12634"}],"curies":[{"name":"wp","href":"https:\/\/api.w.org\/{rel}","templated":true}]}}