{"id":12596,"date":"2020-06-19T07:18:08","date_gmt":"2020-06-19T07:18:08","guid":{"rendered":"https:\/\/capsa2in1.com\/producto\/systemes-demballage-gonflable-new-air-i-b-flex\/"},"modified":"2021-01-28T15:37:50","modified_gmt":"2021-01-28T15:37:50","slug":"systemes-demballage-gonflable-new-air-i-b-flex","status":"publish","type":"product","link":"https:\/\/capsa2in1.com\/fr\/produit\/systemes-demballage-gonflable-new-air-i-b-flex\/","title":{"rendered":"Syst\u00e8mes d\u2019emballage gonflable New Air I.B Flex\u00ae"},"content":{"rendered":"\t\t<div data-elementor-type=\"product-post\" data-elementor-id=\"12596\" class=\"elementor elementor-12596 elementor-7282\" data-elementor-post-type=\"product\">\n\t\t\t\t\t\t<section class=\"elementor-section elementor-top-section elementor-element elementor-element-6c928cbd elementor-section-full_width elementor-section-stretched elementor-section-height-default elementor-section-height-default\" data-id=\"6c928cbd\" data-element_type=\"section\" data-settings=\"{&quot;background_background&quot;:&quot;gradient&quot;,&quot;stretch_section&quot;:&quot;section-stretched&quot;}\">\n\t\t\t\t\t\t<div class=\"elementor-container elementor-column-gap-default\">\n\t\t\t\t\t<div class=\"elementor-column elementor-col-100 elementor-top-column elementor-element elementor-element-43e47f5e\" data-id=\"43e47f5e\" data-element_type=\"column\">\n\t\t\t<div class=\"elementor-widget-wrap elementor-element-populated\">\n\t\t\t\t\t\t<div class=\"elementor-element elementor-element-21d45186 elementor-widget elementor-widget-heading\" data-id=\"21d45186\" data-element_type=\"widget\" data-widget_type=\"heading.default\">\n\t\t\t\t<div class=\"elementor-widget-container\">\n\t\t\t\t\t<h3 class=\"elementor-heading-title elementor-size-default\">Caisses personnalisables adapt\u00e9es \u00e0 vos besoins<\/h3>\t\t\t\t<\/div>\n\t\t\t\t<\/div>\n\t\t\t\t<div class=\"elementor-element elementor-element-473c9eac elementor-widget elementor-widget-text-editor\" data-id=\"473c9eac\" data-element_type=\"widget\" data-widget_type=\"text-editor.default\">\n\t\t\t\t<div class=\"elementor-widget-container\">\n\t\t\t\t\t\t\t\t\t<p>N\u2019oubliez pas que nos caisses Capsa\u00ae sont personnalisables\u00a0: sur-mesure, taille ou impression (\u00e0 une ou diverses encres).<\/p>\n<p>Et oui\u00a0! vous pouvez profiter des emballages pour v\u00e9hiculer votre identit\u00e9 et l\u2019image de votre entreprise.<\/p>\n\t\t\t\t\t\t\t\t<\/div>\n\t\t\t\t<\/div>\n\t\t\t\t<div class=\"elementor-element elementor-element-181e9713 elementor-align-center elementor-mobile-align-center elementor-widget elementor-widget-button\" data-id=\"181e9713\" data-element_type=\"widget\" data-widget_type=\"button.default\">\n\t\t\t\t<div class=\"elementor-widget-container\">\n\t\t\t\t\t\t\t\t\t<div class=\"elementor-button-wrapper\">\n\t\t\t\t\t<a class=\"elementor-button elementor-button-link elementor-size-sm elementor-animation-float\" href=\"\">\n\t\t\t\t\t\t<span class=\"elementor-button-content-wrapper\">\n\t\t\t\t\t\t<span class=\"elementor-button-icon\">\n\t\t\t\t<i aria-hidden=\"true\" class=\"far fa-edit\"><\/i>\t\t\t<\/span>\n\t\t\t\t\t\t\t\t\t<span class=\"elementor-button-text\"><p>Cr\u00e9ez votre capsa 2in1\u00ae<\/p><\/span>\n\t\t\t\t\t<\/span>\n\t\t\t\t\t<\/a>\n\t\t\t\t<\/div>\n\t\t\t\t\t\t\t\t<\/div>\n\t\t\t\t<\/div>\n\t\t\t\t<div class=\"elementor-element elementor-element-4d62d20f elementor-widget elementor-widget-menu-anchor\" data-id=\"4d62d20f\" data-element_type=\"widget\" data-widget_type=\"menu-anchor.default\">\n\t\t\t\t<div class=\"elementor-widget-container\">\n\t\t\t\t\t\t\t<div class=\"elementor-menu-anchor\" id=\"pdescp\"><\/div>\n\t\t\t\t\t\t<\/div>\n\t\t\t\t<\/div>\n\t\t\t\t\t<\/div>\n\t\t<\/div>\n\t\t\t\t\t<\/div>\n\t\t<\/section>\n\t\t\t\t<section class=\"elementor-section elementor-top-section elementor-element elementor-element-3c916779 elementor-section-stretched elementor-section-boxed elementor-section-height-default elementor-section-height-default\" data-id=\"3c916779\" data-element_type=\"section\" data-settings=\"{&quot;stretch_section&quot;:&quot;section-stretched&quot;}\">\n\t\t\t\t\t\t<div class=\"elementor-container elementor-column-gap-default\">\n\t\t\t\t\t<div class=\"elementor-column elementor-col-50 elementor-top-column elementor-element elementor-element-2e3b95b0\" data-id=\"2e3b95b0\" data-element_type=\"column\">\n\t\t\t<div class=\"elementor-widget-wrap elementor-element-populated\">\n\t\t\t\t\t\t<div class=\"elementor-element elementor-element-ab0f59c elementor-widget elementor-widget-heading\" data-id=\"ab0f59c\" data-element_type=\"widget\" data-widget_type=\"heading.default\">\n\t\t\t\t<div class=\"elementor-widget-container\">\n\t\t\t\t\t<h2 class=\"elementor-heading-title elementor-size-default\">Syst\u00e8mes d\u2019emballage gonflable New Air I.B Flex\u00ae<\/h2>\t\t\t\t<\/div>\n\t\t\t\t<\/div>\n\t\t\t\t<div class=\"elementor-element elementor-element-292b8e67 elementor-widget elementor-widget-text-editor\" data-id=\"292b8e67\" data-element_type=\"widget\" data-widget_type=\"text-editor.default\">\n\t\t\t\t<div class=\"elementor-widget-container\">\n\t\t\t\t\t\t\t\t\t<p>Combinez nos syst\u00e8mes <strong>d\u2019emballage gonflable New Air I.B Flex\u00ae <\/strong>avec nos caisses carton <strong>capsa 2in1\u00ae<\/strong> et b\u00e9n\u00e9ficiez-vous de\u00a0:<\/p>\n<ul>\n<li>Double option de fermeture multifonctionnelle capsa 2in1\u00ae pour l\u2019<strong>exp\u00e9dition de produits fragiles<\/strong><\/li>\n<li>Deux options \u00e0 choisir\u00a0:\n<ul>\n<li><strong>Syst\u00e8me <em>Duo <\/em>\u00e0 montage manuel avec du ruban adh\u00e9sif<\/strong><\/li>\n<li><strong>Syst\u00e8me <em>Plus<\/em> \u00e0 montage instantan\u00e9 et pliage facile <\/strong><\/li>\n<\/ul>\n<\/li>\n<li>Transport du contenu en toute s\u00e9curit\u00e9<\/li>\n<li>Qualit\u00e9 extra-r\u00e9sistante<\/li>\n<li>Structure renforc\u00e9e<\/li>\n<li>R\u00e9utilisable<\/li>\n<li>Ouverture s\u00fbre<\/li>\n<li>Solution id\u00e9ale pour exp\u00e9dition et retours e-commerce<\/li>\n<\/ul>\n\t\t\t\t\t\t\t\t<\/div>\n\t\t\t\t<\/div>\n\t\t\t\t\t<\/div>\n\t\t<\/div>\n\t\t\t\t<div class=\"elementor-column elementor-col-50 elementor-top-column elementor-element elementor-element-460c3cd0\" data-id=\"460c3cd0\" data-element_type=\"column\">\n\t\t\t<div class=\"elementor-widget-wrap elementor-element-populated\">\n\t\t\t\t\t\t<div class=\"elementor-element elementor-element-a0d9cf9 elementor-widget elementor-widget-text-editor\" data-id=\"a0d9cf9\" data-element_type=\"widget\" data-widget_type=\"text-editor.default\">\n\t\t\t\t<div class=\"elementor-widget-container\">\n\t\t\t\t\t\t\t\t\t<p>Nos caisses sont reconnues dans l&rsquo;industrie pour leur qualit\u00e9 extra-r\u00e9sistante. Nous y sommes parvenus gr\u00e2ce \u00e0 leur structure renforc\u00e9e, qui pr\u00e9sente une plus grande r\u00e9sistance au gerbage et \u00e0 la compression lat\u00e9rale par rapport aux caisses conventionnelles. Toutefois, si nous compl\u00e9mentons nos caisses avec les <strong>syst\u00e8mes d&#8217;emballage gonflable New Air I.B. Flex\u00ae<\/strong> de notre partenaire <strong>Sealed Air<\/strong><strong>\u00ae<\/strong>, nous disposerons d&rsquo;un syst\u00e8me d&#8217;emballage automatis\u00e9 optimal pour une meilleure protection. Il en r\u00e9sulte une plus grande productivit\u00e9, car l&#8217;emballage est pr\u00e9d\u00e9coup\u00e9 et facile \u00e0 manipuler. Les nouveaux <strong>syst\u00e8mes d&#8217;emballage Air I.B. Flex\u00ae<\/strong> sont 20 % plus rapides \u00e0 emballer et peuvent r\u00e9duire jusqu&rsquo;\u00e0 50 % du mat\u00e9riel exc\u00e9dentaire, ce qui vous permet d&rsquo;\u00e9conomiser de l&rsquo;argent pour votre activit\u00e9 en ligne.<\/p>\n<p>Sans aucun doute, nos <strong>caisses carton Capsa 2in1\u00ae,<\/strong> ainsi que les <strong>syst\u00e8mes d&#8217;emballage gonflable New Air I.B. Flex\u00ae<\/strong> constituent une solution compl\u00e8te parfaite pour amortir le contenu contre les chocs durant le transport.<\/p>\n\t\t\t\t\t\t\t\t<\/div>\n\t\t\t\t<\/div>\n\t\t\t\t\t<\/div>\n\t\t<\/div>\n\t\t\t\t\t<\/div>\n\t\t<\/section>\n\t\t\t\t<section class=\"elementor-section elementor-top-section elementor-element elementor-element-8250e20 elementor-section-boxed elementor-section-height-default elementor-section-height-default\" data-id=\"8250e20\" data-element_type=\"section\">\n\t\t\t\t\t\t<div class=\"elementor-container elementor-column-gap-default\">\n\t\t\t\t\t<div class=\"elementor-column elementor-col-100 elementor-top-column elementor-element elementor-element-91150dd\" data-id=\"91150dd\" data-element_type=\"column\">\n\t\t\t<div class=\"elementor-widget-wrap elementor-element-populated\">\n\t\t\t\t\t\t<div class=\"elementor-element elementor-element-07405a2 elementor-widget elementor-widget-video\" data-id=\"07405a2\" data-element_type=\"widget\" data-settings=\"{&quot;youtube_url&quot;:&quot;https:\\\/\\\/youtu.be\\\/2n-ATkp0-fk&quot;,&quot;loop&quot;:&quot;yes&quot;,&quot;video_type&quot;:&quot;youtube&quot;,&quot;controls&quot;:&quot;yes&quot;}\" data-widget_type=\"video.default\">\n\t\t\t\t<div class=\"elementor-widget-container\">\n\t\t\t\t\t\t\t<div class=\"elementor-wrapper elementor-open-inline\">\n\t\t\t<div class=\"elementor-video\"><\/div>\t\t<\/div>\n\t\t\t\t\t\t<\/div>\n\t\t\t\t<\/div>\n\t\t\t\t\t<\/div>\n\t\t<\/div>\n\t\t\t\t\t<\/div>\n\t\t<\/section>\n\t\t\t\t<section class=\"elementor-section elementor-top-section elementor-element elementor-element-1857a268 elementor-section-stretched elementor-section-boxed elementor-section-height-default elementor-section-height-default\" data-id=\"1857a268\" data-element_type=\"section\" data-settings=\"{&quot;stretch_section&quot;:&quot;section-stretched&quot;}\">\n\t\t\t\t\t\t<div class=\"elementor-container elementor-column-gap-default\">\n\t\t\t\t\t<div class=\"elementor-column elementor-col-100 elementor-top-column elementor-element elementor-element-63418d72\" data-id=\"63418d72\" data-element_type=\"column\">\n\t\t\t<div class=\"elementor-widget-wrap elementor-element-populated\">\n\t\t\t\t\t\t<div class=\"elementor-element elementor-element-6af84aba elementor-widget elementor-widget-heading\" data-id=\"6af84aba\" data-element_type=\"widget\" data-widget_type=\"heading.default\">\n\t\t\t\t<div class=\"elementor-widget-container\">\n\t\t\t\t\t<h3 class=\"elementor-heading-title elementor-size-default\">Utilisation des syst\u00e8mes d\u2019emballage gonflable New Air I.B Flex<\/h3>\t\t\t\t<\/div>\n\t\t\t\t<\/div>\n\t\t\t\t<div class=\"elementor-element elementor-element-47654889 elementor-widget elementor-widget-text-editor\" data-id=\"47654889\" data-element_type=\"widget\" data-widget_type=\"text-editor.default\">\n\t\t\t\t<div class=\"elementor-widget-container\">\n\t\t\t\t\t\t\t\t\t<p>Les <strong>syst\u00e8mes d&#8217;emballage gonflable New Air I.B. Flex\u00ae<\/strong> sont id\u00e9aux pour la protection de tous types de mat\u00e9riaux fragiles tels que : produits \u00e9lectroniques, verrerie, ornements, porcelaine, lentilles photographiques et tout autre objet n\u00e9cessitant une protection et un calage particuliers pendant le transport. Ces syst\u00e8mes sont toujours accompagn\u00e9s de nos <strong>caisses capsa 2in1\u00ae<\/strong> pour une meilleure productivit\u00e9 et s\u00e9curit\u00e9 dans votre processus d&#8217;emballage.<\/p>\n<p>Si vous souhaitez disposer d&rsquo;une caisse extra-r\u00e9sistante qui apporte de multiples avantages \u00e0 votre processus logistique, combin\u00e9e \u00e0 un syst\u00e8me d&#8217;emballage gonflable qui augmente la productivit\u00e9 et la s\u00e9curit\u00e9 de vos exp\u00e9ditions, cette solution int\u00e9grale est une alternative tr\u00e8s efficace. Essayez-la !<\/p>\n\t\t\t\t\t\t\t\t<\/div>\n\t\t\t\t<\/div>\n\t\t\t\t\t<\/div>\n\t\t<\/div>\n\t\t\t\t\t<\/div>\n\t\t<\/section>\n\t\t\t\t<\/div>\n\t\t","protected":false},"excerpt":{"rendered":"<p><strong>Avantages des <\/strong><strong>Syst\u00e8mes d\u2019emballage gonflable New Air I.B Flex<\/strong><strong>\u00ae<\/strong><\/p>\n<ul>\n<li>Syst\u00e8me de protection \u00e0 boules gonflables qui serve d\u2019amortisseur en cas de chocs<\/li>\n<li>R\u00e9sistance maximale aux impacts<\/li>\n<li>Pr\u00e9d\u00e9coup\u00e9 et facile \u00e0 manipuler<\/li>\n<li>20 % plus rapide au moment d\u2019emballer<\/li>\n<li>R\u00e9duction d\u2019un 50 % d\u2019exc\u00e8s de mat\u00e9riau<\/li>\n<li>Protection et comblement des espaces vides \u00e0 l\u2019int\u00e9rieur du colis<\/li>\n<li>Solution optimale pour les e-commerces<\/li>\n<li>Excellent amortissement<\/li>\n<\/ul>\n","protected":false},"featured_media":12292,"comment_status":"closed","ping_status":"closed","template":"","meta":{"_acf_changed":false},"product_brand":[],"product_cat":[243,242],"product_tag":[267],"class_list":{"0":"post-12596","1":"product","2":"type-product","3":"status-publish","4":"has-post-thumbnail","6":"product_cat-systemes-de-calage-et-protection","7":"product_cat-systemes-demballage","8":"product_tag-emballages-industriels","10":"first","11":"instock","12":"shipping-taxable","13":"product-type-simple"},"acf":[],"yoast_head":"<!-- This site is optimized with the Yoast SEO plugin v27.5 - https:\/\/yoast.com\/product\/yoast-seo-wordpress\/ -->\n<title>Syst\u00e8mes d\u2019emballage gonflable New Air I.B Flex\u00ae<\/title>\n<meta name=\"description\" content=\"Syst\u00e8mes d\u2019emballage gonflable New Air I.B Flex\u00ae pour prot\u00e9ger et amortir vos produits \u2705\" \/>\n<meta name=\"robots\" content=\"index, follow, max-snippet:-1, max-image-preview:large, max-video-preview:-1\" \/>\n<link rel=\"canonical\" href=\"https:\/\/capsa2in1.com\/fr\/produit\/systemes-demballage-gonflable-new-air-i-b-flex\/\" \/>\n<meta property=\"og:locale\" content=\"fr_FR\" \/>\n<meta property=\"og:type\" content=\"article\" \/>\n<meta property=\"og:title\" content=\"Syst\u00e8mes d\u2019emballage gonflable New Air I.B Flex\u00ae\" \/>\n<meta property=\"og:description\" content=\"Syst\u00e8mes d\u2019emballage gonflable New Air I.B Flex\u00ae pour prot\u00e9ger et amortir vos produits \u2705\" \/>\n<meta property=\"og:url\" content=\"https:\/\/capsa2in1.com\/fr\/produit\/systemes-demballage-gonflable-new-air-i-b-flex\/\" \/>\n<meta property=\"og:site_name\" content=\"CAPSA2in1\u00ae\" \/>\n<meta property=\"article:modified_time\" content=\"2021-01-28T15:37:50+00:00\" \/>\n<meta property=\"og:image\" content=\"https:\/\/capsa2in1.com\/wp-content\/uploads\/2020\/11\/sistema-embalajes-hinchable-proteccion-PRINCIPAL-new-air.png\" \/>\n\t<meta property=\"og:image:width\" content=\"800\" \/>\n\t<meta property=\"og:image:height\" content=\"800\" \/>\n\t<meta property=\"og:image:type\" content=\"image\/png\" \/>\n<meta name=\"twitter:card\" content=\"summary_large_image\" \/>\n<meta name=\"twitter:label1\" content=\"Dur\u00e9e de lecture estim\u00e9e\" \/>\n\t<meta name=\"twitter:data1\" content=\"2 minutes\" \/>\n<script type=\"application\/ld+json\" class=\"yoast-schema-graph\">{\"@context\":\"https:\\\/\\\/schema.org\",\"@graph\":[{\"@type\":\"WebPage\",\"@id\":\"https:\\\/\\\/capsa2in1.com\\\/fr\\\/produit\\\/systemes-demballage-gonflable-new-air-i-b-flex\\\/\",\"url\":\"https:\\\/\\\/capsa2in1.com\\\/fr\\\/produit\\\/systemes-demballage-gonflable-new-air-i-b-flex\\\/\",\"name\":\"Syst\u00e8mes d\u2019emballage gonflable New Air I.B Flex\u00ae\",\"isPartOf\":{\"@id\":\"https:\\\/\\\/capsa2in1.com\\\/#website\"},\"primaryImageOfPage\":{\"@id\":\"https:\\\/\\\/capsa2in1.com\\\/fr\\\/produit\\\/systemes-demballage-gonflable-new-air-i-b-flex\\\/#primaryimage\"},\"image\":{\"@id\":\"https:\\\/\\\/capsa2in1.com\\\/fr\\\/produit\\\/systemes-demballage-gonflable-new-air-i-b-flex\\\/#primaryimage\"},\"thumbnailUrl\":\"https:\\\/\\\/capsa2in1.com\\\/wp-content\\\/uploads\\\/2020\\\/11\\\/sistema-embalajes-hinchable-proteccion-PRINCIPAL-new-air.png\",\"datePublished\":\"2020-06-19T07:18:08+00:00\",\"dateModified\":\"2021-01-28T15:37:50+00:00\",\"description\":\"Syst\u00e8mes d\u2019emballage gonflable New Air I.B Flex\u00ae pour prot\u00e9ger et amortir vos produits \u2705\",\"breadcrumb\":{\"@id\":\"https:\\\/\\\/capsa2in1.com\\\/fr\\\/produit\\\/systemes-demballage-gonflable-new-air-i-b-flex\\\/#breadcrumb\"},\"inLanguage\":\"fr-FR\",\"potentialAction\":[{\"@type\":\"ReadAction\",\"target\":[\"https:\\\/\\\/capsa2in1.com\\\/fr\\\/produit\\\/systemes-demballage-gonflable-new-air-i-b-flex\\\/\"]}]},{\"@type\":\"ImageObject\",\"inLanguage\":\"fr-FR\",\"@id\":\"https:\\\/\\\/capsa2in1.com\\\/fr\\\/produit\\\/systemes-demballage-gonflable-new-air-i-b-flex\\\/#primaryimage\",\"url\":\"https:\\\/\\\/capsa2in1.com\\\/wp-content\\\/uploads\\\/2020\\\/11\\\/sistema-embalajes-hinchable-proteccion-PRINCIPAL-new-air.png\",\"contentUrl\":\"https:\\\/\\\/capsa2in1.com\\\/wp-content\\\/uploads\\\/2020\\\/11\\\/sistema-embalajes-hinchable-proteccion-PRINCIPAL-new-air.png\",\"width\":800,\"height\":800,\"caption\":\"sistema-embalajes-hinchable-proteccion-PRINCIPAL-new-air\"},{\"@type\":\"BreadcrumbList\",\"@id\":\"https:\\\/\\\/capsa2in1.com\\\/fr\\\/produit\\\/systemes-demballage-gonflable-new-air-i-b-flex\\\/#breadcrumb\",\"itemListElement\":[{\"@type\":\"ListItem\",\"position\":1,\"name\":\"Inicio\",\"item\":\"https:\\\/\\\/capsa2in1.com\\\/fr\\\/\"},{\"@type\":\"ListItem\",\"position\":2,\"name\":\"Produits\",\"item\":\"https:\\\/\\\/capsa2in1.com\\\/fr\\\/produits\\\/\"},{\"@type\":\"ListItem\",\"position\":3,\"name\":\"Syst\u00e8mes d\u2019emballage gonflable New Air I.B Flex\u00ae\"}]},{\"@type\":\"WebSite\",\"@id\":\"https:\\\/\\\/capsa2in1.com\\\/#website\",\"url\":\"https:\\\/\\\/capsa2in1.com\\\/\",\"name\":\"CAPSA2in1\u00ae\",\"description\":\"Reusable packaging. Smarter, Greener Logistics!\",\"publisher\":{\"@id\":\"https:\\\/\\\/capsa2in1.com\\\/#organization\"},\"potentialAction\":[{\"@type\":\"SearchAction\",\"target\":{\"@type\":\"EntryPoint\",\"urlTemplate\":\"https:\\\/\\\/capsa2in1.com\\\/?s={search_term_string}\"},\"query-input\":{\"@type\":\"PropertyValueSpecification\",\"valueRequired\":true,\"valueName\":\"search_term_string\"}}],\"inLanguage\":\"fr-FR\"},{\"@type\":\"Organization\",\"@id\":\"https:\\\/\\\/capsa2in1.com\\\/#organization\",\"name\":\"CAPSA 2in1\",\"url\":\"https:\\\/\\\/capsa2in1.com\\\/\",\"logo\":{\"@type\":\"ImageObject\",\"inLanguage\":\"fr-FR\",\"@id\":\"https:\\\/\\\/capsa2in1.com\\\/#\\\/schema\\\/logo\\\/image\\\/\",\"url\":\"\",\"contentUrl\":\"\",\"caption\":\"CAPSA 2in1\"},\"image\":{\"@id\":\"https:\\\/\\\/capsa2in1.com\\\/#\\\/schema\\\/logo\\\/image\\\/\"}}]}<\/script>\n<!-- \/ Yoast SEO plugin. -->","yoast_head_json":{"title":"Syst\u00e8mes d\u2019emballage gonflable New Air I.B Flex\u00ae","description":"Syst\u00e8mes d\u2019emballage gonflable New Air I.B Flex\u00ae pour prot\u00e9ger et amortir vos produits \u2705","robots":{"index":"index","follow":"follow","max-snippet":"max-snippet:-1","max-image-preview":"max-image-preview:large","max-video-preview":"max-video-preview:-1"},"canonical":"https:\/\/capsa2in1.com\/fr\/produit\/systemes-demballage-gonflable-new-air-i-b-flex\/","og_locale":"fr_FR","og_type":"article","og_title":"Syst\u00e8mes d\u2019emballage gonflable New Air I.B Flex\u00ae","og_description":"Syst\u00e8mes d\u2019emballage gonflable New Air I.B Flex\u00ae pour prot\u00e9ger et amortir vos produits \u2705","og_url":"https:\/\/capsa2in1.com\/fr\/produit\/systemes-demballage-gonflable-new-air-i-b-flex\/","og_site_name":"CAPSA2in1\u00ae","article_modified_time":"2021-01-28T15:37:50+00:00","og_image":[{"width":800,"height":800,"url":"https:\/\/capsa2in1.com\/wp-content\/uploads\/2020\/11\/sistema-embalajes-hinchable-proteccion-PRINCIPAL-new-air.png","type":"image\/png"}],"twitter_card":"summary_large_image","twitter_misc":{"Dur\u00e9e de lecture estim\u00e9e":"2 minutes"},"schema":{"@context":"https:\/\/schema.org","@graph":[{"@type":"WebPage","@id":"https:\/\/capsa2in1.com\/fr\/produit\/systemes-demballage-gonflable-new-air-i-b-flex\/","url":"https:\/\/capsa2in1.com\/fr\/produit\/systemes-demballage-gonflable-new-air-i-b-flex\/","name":"Syst\u00e8mes d\u2019emballage gonflable New Air I.B Flex\u00ae","isPartOf":{"@id":"https:\/\/capsa2in1.com\/#website"},"primaryImageOfPage":{"@id":"https:\/\/capsa2in1.com\/fr\/produit\/systemes-demballage-gonflable-new-air-i-b-flex\/#primaryimage"},"image":{"@id":"https:\/\/capsa2in1.com\/fr\/produit\/systemes-demballage-gonflable-new-air-i-b-flex\/#primaryimage"},"thumbnailUrl":"https:\/\/capsa2in1.com\/wp-content\/uploads\/2020\/11\/sistema-embalajes-hinchable-proteccion-PRINCIPAL-new-air.png","datePublished":"2020-06-19T07:18:08+00:00","dateModified":"2021-01-28T15:37:50+00:00","description":"Syst\u00e8mes d\u2019emballage gonflable New Air I.B Flex\u00ae pour prot\u00e9ger et amortir vos produits \u2705","breadcrumb":{"@id":"https:\/\/capsa2in1.com\/fr\/produit\/systemes-demballage-gonflable-new-air-i-b-flex\/#breadcrumb"},"inLanguage":"fr-FR","potentialAction":[{"@type":"ReadAction","target":["https:\/\/capsa2in1.com\/fr\/produit\/systemes-demballage-gonflable-new-air-i-b-flex\/"]}]},{"@type":"ImageObject","inLanguage":"fr-FR","@id":"https:\/\/capsa2in1.com\/fr\/produit\/systemes-demballage-gonflable-new-air-i-b-flex\/#primaryimage","url":"https:\/\/capsa2in1.com\/wp-content\/uploads\/2020\/11\/sistema-embalajes-hinchable-proteccion-PRINCIPAL-new-air.png","contentUrl":"https:\/\/capsa2in1.com\/wp-content\/uploads\/2020\/11\/sistema-embalajes-hinchable-proteccion-PRINCIPAL-new-air.png","width":800,"height":800,"caption":"sistema-embalajes-hinchable-proteccion-PRINCIPAL-new-air"},{"@type":"BreadcrumbList","@id":"https:\/\/capsa2in1.com\/fr\/produit\/systemes-demballage-gonflable-new-air-i-b-flex\/#breadcrumb","itemListElement":[{"@type":"ListItem","position":1,"name":"Inicio","item":"https:\/\/capsa2in1.com\/fr\/"},{"@type":"ListItem","position":2,"name":"Produits","item":"https:\/\/capsa2in1.com\/fr\/produits\/"},{"@type":"ListItem","position":3,"name":"Syst\u00e8mes d\u2019emballage gonflable New Air I.B Flex\u00ae"}]},{"@type":"WebSite","@id":"https:\/\/capsa2in1.com\/#website","url":"https:\/\/capsa2in1.com\/","name":"CAPSA2in1\u00ae","description":"Reusable packaging. Smarter, Greener Logistics!","publisher":{"@id":"https:\/\/capsa2in1.com\/#organization"},"potentialAction":[{"@type":"SearchAction","target":{"@type":"EntryPoint","urlTemplate":"https:\/\/capsa2in1.com\/?s={search_term_string}"},"query-input":{"@type":"PropertyValueSpecification","valueRequired":true,"valueName":"search_term_string"}}],"inLanguage":"fr-FR"},{"@type":"Organization","@id":"https:\/\/capsa2in1.com\/#organization","name":"CAPSA 2in1","url":"https:\/\/capsa2in1.com\/","logo":{"@type":"ImageObject","inLanguage":"fr-FR","@id":"https:\/\/capsa2in1.com\/#\/schema\/logo\/image\/","url":"","contentUrl":"","caption":"CAPSA 2in1"},"image":{"@id":"https:\/\/capsa2in1.com\/#\/schema\/logo\/image\/"}}]}},"_links":{"self":[{"href":"https:\/\/capsa2in1.com\/fr\/wp-json\/wp\/v2\/product\/12596","targetHints":{"allow":["GET"]}}],"collection":[{"href":"https:\/\/capsa2in1.com\/fr\/wp-json\/wp\/v2\/product"}],"about":[{"href":"https:\/\/capsa2in1.com\/fr\/wp-json\/wp\/v2\/types\/product"}],"replies":[{"embeddable":true,"href":"https:\/\/capsa2in1.com\/fr\/wp-json\/wp\/v2\/comments?post=12596"}],"wp:featuredmedia":[{"embeddable":true,"href":"https:\/\/capsa2in1.com\/fr\/wp-json\/wp\/v2\/media\/12292"}],"wp:attachment":[{"href":"https:\/\/capsa2in1.com\/fr\/wp-json\/wp\/v2\/media?parent=12596"}],"wp:term":[{"taxonomy":"product_brand","embeddable":true,"href":"https:\/\/capsa2in1.com\/fr\/wp-json\/wp\/v2\/product_brand?post=12596"},{"taxonomy":"product_cat","embeddable":true,"href":"https:\/\/capsa2in1.com\/fr\/wp-json\/wp\/v2\/product_cat?post=12596"},{"taxonomy":"product_tag","embeddable":true,"href":"https:\/\/capsa2in1.com\/fr\/wp-json\/wp\/v2\/product_tag?post=12596"}],"curies":[{"name":"wp","href":"https:\/\/api.w.org\/{rel}","templated":true}]}}