{"id":12593,"date":"2020-06-19T07:19:31","date_gmt":"2020-06-19T07:19:31","guid":{"rendered":"https:\/\/capsa2in1.com\/producto\/systemes-demballage-avec-coussins-dair-fill-air-rocket\/"},"modified":"2021-01-28T15:35:31","modified_gmt":"2021-01-28T15:35:31","slug":"systemes-demballage-avec-coussins-dair-fill-air-rocket","status":"publish","type":"product","link":"https:\/\/capsa2in1.com\/fr\/produit\/systemes-demballage-avec-coussins-dair-fill-air-rocket\/","title":{"rendered":"Syst\u00e8mes d\u2019emballage avec coussins d\u2019air Fill Air Rocket\u00ae"},"content":{"rendered":"\t\t<div data-elementor-type=\"product-post\" data-elementor-id=\"12593\" class=\"elementor elementor-12593 elementor-7284\" data-elementor-post-type=\"product\">\n\t\t\t\t\t\t<section class=\"elementor-section elementor-top-section elementor-element elementor-element-326cfbfe elementor-section-full_width elementor-section-stretched elementor-section-height-default elementor-section-height-default\" data-id=\"326cfbfe\" data-element_type=\"section\" data-settings=\"{&quot;background_background&quot;:&quot;gradient&quot;,&quot;stretch_section&quot;:&quot;section-stretched&quot;}\">\n\t\t\t\t\t\t<div class=\"elementor-container elementor-column-gap-default\">\n\t\t\t\t\t<div class=\"elementor-column elementor-col-100 elementor-top-column elementor-element elementor-element-5ff02a1\" data-id=\"5ff02a1\" data-element_type=\"column\">\n\t\t\t<div class=\"elementor-widget-wrap elementor-element-populated\">\n\t\t\t\t\t\t<div class=\"elementor-element elementor-element-40efcecd elementor-widget elementor-widget-heading\" data-id=\"40efcecd\" data-element_type=\"widget\" data-widget_type=\"heading.default\">\n\t\t\t\t<div class=\"elementor-widget-container\">\n\t\t\t\t\t<h3 class=\"elementor-heading-title elementor-size-default\">Caisses personnalisables adapt\u00e9es \u00e0 vos besoins<\/h3>\t\t\t\t<\/div>\n\t\t\t\t<\/div>\n\t\t\t\t<div class=\"elementor-element elementor-element-59463ee7 elementor-widget elementor-widget-text-editor\" data-id=\"59463ee7\" data-element_type=\"widget\" data-widget_type=\"text-editor.default\">\n\t\t\t\t<div class=\"elementor-widget-container\">\n\t\t\t\t\t\t\t\t\t<p>N\u2019oubliez pas que nos caisses Capsa\u00ae sont personnalisables\u00a0: sur-mesure, taille ou impression (\u00e0 une ou diverses encres).<\/p>\n<p>Et oui\u00a0! vous pouvez profiter des emballages pour v\u00e9hiculer votre identit\u00e9 et l\u2019image de votre entreprise.<\/p>\n\t\t\t\t\t\t\t\t<\/div>\n\t\t\t\t<\/div>\n\t\t\t\t<div class=\"elementor-element elementor-element-4bb6b92a elementor-align-center elementor-mobile-align-center elementor-widget elementor-widget-button\" data-id=\"4bb6b92a\" data-element_type=\"widget\" data-widget_type=\"button.default\">\n\t\t\t\t<div class=\"elementor-widget-container\">\n\t\t\t\t\t\t\t\t\t<div class=\"elementor-button-wrapper\">\n\t\t\t\t\t<a class=\"elementor-button elementor-button-link elementor-size-sm elementor-animation-float\" href=\"\">\n\t\t\t\t\t\t<span class=\"elementor-button-content-wrapper\">\n\t\t\t\t\t\t<span class=\"elementor-button-icon\">\n\t\t\t\t<i aria-hidden=\"true\" class=\"far fa-edit\"><\/i>\t\t\t<\/span>\n\t\t\t\t\t\t\t\t\t<span class=\"elementor-button-text\"><p>Cr\u00e9ez votre capsa 2in1\u00ae<\/p><\/span>\n\t\t\t\t\t<\/span>\n\t\t\t\t\t<\/a>\n\t\t\t\t<\/div>\n\t\t\t\t\t\t\t\t<\/div>\n\t\t\t\t<\/div>\n\t\t\t\t<div class=\"elementor-element elementor-element-7d7bbd4c elementor-widget elementor-widget-menu-anchor\" data-id=\"7d7bbd4c\" data-element_type=\"widget\" data-widget_type=\"menu-anchor.default\">\n\t\t\t\t<div class=\"elementor-widget-container\">\n\t\t\t\t\t\t\t<div class=\"elementor-menu-anchor\" id=\"pdescp\"><\/div>\n\t\t\t\t\t\t<\/div>\n\t\t\t\t<\/div>\n\t\t\t\t\t<\/div>\n\t\t<\/div>\n\t\t\t\t\t<\/div>\n\t\t<\/section>\n\t\t\t\t<section class=\"elementor-section elementor-top-section elementor-element elementor-element-496ad18a elementor-section-stretched elementor-section-boxed elementor-section-height-default elementor-section-height-default\" data-id=\"496ad18a\" data-element_type=\"section\" data-settings=\"{&quot;stretch_section&quot;:&quot;section-stretched&quot;}\">\n\t\t\t\t\t\t<div class=\"elementor-container elementor-column-gap-default\">\n\t\t\t\t\t<div class=\"elementor-column elementor-col-50 elementor-top-column elementor-element elementor-element-65c569f7\" data-id=\"65c569f7\" data-element_type=\"column\">\n\t\t\t<div class=\"elementor-widget-wrap elementor-element-populated\">\n\t\t\t\t\t\t<div class=\"elementor-element elementor-element-3f81b5be elementor-widget elementor-widget-heading\" data-id=\"3f81b5be\" data-element_type=\"widget\" data-widget_type=\"heading.default\">\n\t\t\t\t<div class=\"elementor-widget-container\">\n\t\t\t\t\t<h2 class=\"elementor-heading-title elementor-size-default\">Syst\u00e8mes d\u2019emballage avec coussins d\u2019air Fill Air Rocket\u00ae<\/h2>\t\t\t\t<\/div>\n\t\t\t\t<\/div>\n\t\t\t\t<div class=\"elementor-element elementor-element-c89f8ab elementor-widget elementor-widget-text-editor\" data-id=\"c89f8ab\" data-element_type=\"widget\" data-widget_type=\"text-editor.default\">\n\t\t\t\t<div class=\"elementor-widget-container\">\n\t\t\t\t\t\t\t\t\t<p>Combinez nos syst\u00e8mes <strong>d\u2019emballage avec coussins d\u2019air Fill Air Rocket\u00ae <\/strong>avec nos caisses carton <strong>capsa 2in1\u00ae<\/strong> et b\u00e9n\u00e9ficiez-vous de\u00a0:<\/p>\n<ul>\n<li>Double option de fermeture multifonctionnelle capsa 2in1\u00ae pour l\u2019<strong>exp\u00e9dition <\/strong>de <strong>produits fragiles<\/strong><\/li>\n<li>Deux options \u00e0 choisir\u00a0:\n<ul>\n<li><strong>Syst\u00e8me <em>Duo <\/em>\u00e0 montage manuel avec du ruban adh\u00e9sif<\/strong><\/li>\n<li><strong>Syst\u00e8me <em>Plus <\/em>\u00e0 montage instantan\u00e9 et pliage facile <\/strong><\/li>\n<\/ul>\n<\/li>\n<li>Transport du contenu en toute s\u00e9curit\u00e9<\/li>\n<li>Qualit\u00e9 extra-r\u00e9sistante<\/li>\n<li>Structure renforc\u00e9e<\/li>\n<li>R\u00e9utilisable<\/li>\n<li>Ouverture s\u00fbre<\/li>\n<li>Solution id\u00e9ale pour exp\u00e9dition et retours e-commerce<\/li>\n<\/ul>\n\t\t\t\t\t\t\t\t<\/div>\n\t\t\t\t<\/div>\n\t\t\t\t\t<\/div>\n\t\t<\/div>\n\t\t\t\t<div class=\"elementor-column elementor-col-50 elementor-top-column elementor-element elementor-element-3890e43f\" data-id=\"3890e43f\" data-element_type=\"column\">\n\t\t\t<div class=\"elementor-widget-wrap elementor-element-populated\">\n\t\t\t\t\t\t<div class=\"elementor-element elementor-element-31f4a785 elementor-widget elementor-widget-text-editor\" data-id=\"31f4a785\" data-element_type=\"widget\" data-widget_type=\"text-editor.default\">\n\t\t\t\t<div class=\"elementor-widget-container\">\n\t\t\t\t\t\t\t\t\t<p>Capsa\u00ae a fait confiance \u00e0 la solution optimale de notre partenaire <strong>Sealed Air\u00ae<\/strong> avec les <strong>syst\u00e8mes d&#8217;emballage avec coussins d&rsquo;air Fill Air Rocket\u00ae<\/strong>. Ces syst\u00e8mes d&#8217;emballages avec coussin d&rsquo;air servent \u00e0 combler les espaces vides \u00e0 l&rsquo;int\u00e9rieur de la caisse, r\u00e9duisant ainsi l\u2019usage d\u2019emballages sans utilit\u00e9 pratique. Ceci, en plus de nos caisses capsa 2in1\u00ae, en fait une solution compl\u00e8te et efficace.<\/p>\n<p>La combinaison de nos <strong>caisses carton capsa 2in1\u00ae<\/strong> avec les <strong>syst\u00e8mes d\u2019emballage avec coussins d\u2019air pour le calage Fill Air Rocket\u00ae<\/strong> sont une valeur s\u00fbre pour ceux qui souhaitent am\u00e9liorer consid\u00e9rablement leurs performances logistiques en \u00e9vitant le suremballage, mais sans renoncer \u00e0 la protection du contenu. Notre <strong>syst\u00e8me de fermeture multifonctionnelle capsa 2in1\u00ae<\/strong> offre tous les avantages de son option de double fermeture (pour le transport et le stockage), ce qui permet d&rsquo;assurer une plus grande s\u00e9curit\u00e9 dans les exp\u00e9ditions par rapport aux caisses conventionnelles.<\/p>\n\t\t\t\t\t\t\t\t<\/div>\n\t\t\t\t<\/div>\n\t\t\t\t\t<\/div>\n\t\t<\/div>\n\t\t\t\t\t<\/div>\n\t\t<\/section>\n\t\t\t\t<section class=\"elementor-section elementor-top-section elementor-element elementor-element-2986751 elementor-section-boxed elementor-section-height-default elementor-section-height-default\" data-id=\"2986751\" data-element_type=\"section\">\n\t\t\t\t\t\t<div class=\"elementor-container elementor-column-gap-default\">\n\t\t\t\t\t<div class=\"elementor-column elementor-col-100 elementor-top-column elementor-element elementor-element-2daea64\" data-id=\"2daea64\" data-element_type=\"column\">\n\t\t\t<div class=\"elementor-widget-wrap elementor-element-populated\">\n\t\t\t\t\t\t<div class=\"elementor-element elementor-element-58586ab elementor-widget elementor-widget-video\" data-id=\"58586ab\" data-element_type=\"widget\" data-settings=\"{&quot;youtube_url&quot;:&quot;https:\\\/\\\/youtu.be\\\/leaOgeqlARk&quot;,&quot;loop&quot;:&quot;yes&quot;,&quot;video_type&quot;:&quot;youtube&quot;,&quot;controls&quot;:&quot;yes&quot;}\" data-widget_type=\"video.default\">\n\t\t\t\t<div class=\"elementor-widget-container\">\n\t\t\t\t\t\t\t<div class=\"elementor-wrapper elementor-open-inline\">\n\t\t\t<div class=\"elementor-video\"><\/div>\t\t<\/div>\n\t\t\t\t\t\t<\/div>\n\t\t\t\t<\/div>\n\t\t\t\t\t<\/div>\n\t\t<\/div>\n\t\t\t\t\t<\/div>\n\t\t<\/section>\n\t\t\t\t<section class=\"elementor-section elementor-top-section elementor-element elementor-element-72a26830 elementor-section-stretched elementor-section-boxed elementor-section-height-default elementor-section-height-default\" data-id=\"72a26830\" data-element_type=\"section\" data-settings=\"{&quot;stretch_section&quot;:&quot;section-stretched&quot;}\">\n\t\t\t\t\t\t<div class=\"elementor-container elementor-column-gap-default\">\n\t\t\t\t\t<div class=\"elementor-column elementor-col-100 elementor-top-column elementor-element elementor-element-b58398b\" data-id=\"b58398b\" data-element_type=\"column\">\n\t\t\t<div class=\"elementor-widget-wrap elementor-element-populated\">\n\t\t\t\t\t\t<div class=\"elementor-element elementor-element-411b38a0 elementor-widget elementor-widget-heading\" data-id=\"411b38a0\" data-element_type=\"widget\" data-widget_type=\"heading.default\">\n\t\t\t\t<div class=\"elementor-widget-container\">\n\t\t\t\t\t<h3 class=\"elementor-heading-title elementor-size-default\">Utilisation des syst\u00e8mes d\u2019emballage avec coussins d\u2019air Fill Air Rocket\u00ae<\/h3>\t\t\t\t<\/div>\n\t\t\t\t<\/div>\n\t\t\t\t<div class=\"elementor-element elementor-element-6bd7377f elementor-widget elementor-widget-text-editor\" data-id=\"6bd7377f\" data-element_type=\"widget\" data-widget_type=\"text-editor.default\">\n\t\t\t\t<div class=\"elementor-widget-container\">\n\t\t\t\t\t\t\t\t\t<p>Nos <strong>syst\u00e8mes Fill Air Rocket\u00ae<\/strong> adapt\u00e9s \u00e0 nos <strong>caisses capsa 2in1\u00ae<\/strong> sont id\u00e9aux pour immobiliser et emp\u00eacher que le contenu bouge et se d\u00e9place dans l\u2019emballage. Nous recommandons fortement cette alternative pour augmenter le rendement de votre entreprise en ligne, sp\u00e9cialement pour les envois de produits divers dans la m\u00eame caisse.<\/p>\n<p>Si vous avez un e-commerce, optez pour cette solution de calage protectrice\u00a0; elle vous aidera\u00a0\u00a0 \u00e0 combler des espaces vides dans l\u2019emballage d\u2019une fa\u00e7on pratique et facile. Essayez-la\u00a0!<\/p>\n\t\t\t\t\t\t\t\t<\/div>\n\t\t\t\t<\/div>\n\t\t\t\t\t<\/div>\n\t\t<\/div>\n\t\t\t\t\t<\/div>\n\t\t<\/section>\n\t\t\t\t<\/div>\n\t\t","protected":false},"excerpt":{"rendered":"<p><strong>Avantages des<\/strong> <strong>syst\u00e8mes d\u2019emballage avec coussins d\u2019air Fill Air Rocket<\/strong>\u00ae<\/p>\n<ul>\n<li>Syst\u00e8me de calage avec coussins gonflables qui emp\u00eachent le contenu de se bouger dans l\u2019emballage<\/li>\n<li>Excellente solution pour combler des espaces vides \u00e0 l\u2019int\u00e9rieur du colis<\/li>\n<li>Pr\u00e9d\u00e9coup\u00e9 et facile \u00e0 manipuler<\/li>\n<li>Haute productivit\u00e9<\/li>\n<li>Disponible dans divers formats<\/li>\n<li>Solution optimale pour les e-commerces<\/li>\n<\/ul>\n","protected":false},"featured_media":31477,"comment_status":"closed","ping_status":"closed","template":"","meta":{"_acf_changed":false},"product_brand":[],"product_cat":[243,242],"product_tag":[267],"class_list":{"0":"post-12593","1":"product","2":"type-product","3":"status-publish","4":"has-post-thumbnail","6":"product_cat-systemes-de-calage-et-protection","7":"product_cat-systemes-demballage","8":"product_tag-emballages-industriels","10":"first","11":"instock","12":"shipping-taxable","13":"product-type-simple"},"acf":[],"yoast_head":"<!-- This site is optimized with the Yoast SEO plugin v27.5 - https:\/\/yoast.com\/product\/yoast-seo-wordpress\/ -->\n<title>Syst\u00e8mes d\u2019emballage avec coussins d\u2019air Fill Air Rocket\u00ae<\/title>\n<meta name=\"description\" content=\"Essayez nos syst\u00e8mes d\u2019emballage avec coussins d\u2019air Fill Air Rocket\u00ae et oubliez les espaces vides \u00e0 l\u2019int\u00e9rieur de l\u2019emballage. \u2705\" \/>\n<meta name=\"robots\" content=\"index, follow, max-snippet:-1, max-image-preview:large, max-video-preview:-1\" \/>\n<link rel=\"canonical\" href=\"https:\/\/capsa2in1.com\/fr\/produit\/systemes-demballage-avec-coussins-dair-fill-air-rocket\/\" \/>\n<meta property=\"og:locale\" content=\"fr_FR\" \/>\n<meta property=\"og:type\" content=\"article\" \/>\n<meta property=\"og:title\" content=\"Syst\u00e8mes d\u2019emballage avec coussins d\u2019air Fill Air Rocket\u00ae\" \/>\n<meta property=\"og:description\" content=\"Essayez nos syst\u00e8mes d\u2019emballage avec coussins d\u2019air Fill Air Rocket\u00ae et oubliez les espaces vides \u00e0 l\u2019int\u00e9rieur de l\u2019emballage. \u2705\" \/>\n<meta property=\"og:url\" content=\"https:\/\/capsa2in1.com\/fr\/produit\/systemes-demballage-avec-coussins-dair-fill-air-rocket\/\" \/>\n<meta property=\"og:site_name\" content=\"CAPSA2in1\u00ae\" \/>\n<meta property=\"article:modified_time\" content=\"2021-01-28T15:35:31+00:00\" \/>\n<meta property=\"og:image\" content=\"https:\/\/capsa2in1.com\/wp-content\/uploads\/2020\/06\/sistema-embalajes-relleno-hinchable-PRINCIPAL-fill-air-rocket-600x600-1.png\" \/>\n\t<meta property=\"og:image:width\" content=\"600\" \/>\n\t<meta property=\"og:image:height\" content=\"600\" \/>\n\t<meta property=\"og:image:type\" content=\"image\/png\" \/>\n<meta name=\"twitter:card\" content=\"summary_large_image\" \/>\n<meta name=\"twitter:label1\" content=\"Dur\u00e9e de lecture estim\u00e9e\" \/>\n\t<meta name=\"twitter:data1\" content=\"2 minutes\" \/>\n<script type=\"application\/ld+json\" class=\"yoast-schema-graph\">{\"@context\":\"https:\\\/\\\/schema.org\",\"@graph\":[{\"@type\":\"WebPage\",\"@id\":\"https:\\\/\\\/capsa2in1.com\\\/fr\\\/produit\\\/systemes-demballage-avec-coussins-dair-fill-air-rocket\\\/\",\"url\":\"https:\\\/\\\/capsa2in1.com\\\/fr\\\/produit\\\/systemes-demballage-avec-coussins-dair-fill-air-rocket\\\/\",\"name\":\"Syst\u00e8mes d\u2019emballage avec coussins d\u2019air Fill Air Rocket\u00ae\",\"isPartOf\":{\"@id\":\"https:\\\/\\\/capsa2in1.com\\\/#website\"},\"primaryImageOfPage\":{\"@id\":\"https:\\\/\\\/capsa2in1.com\\\/fr\\\/produit\\\/systemes-demballage-avec-coussins-dair-fill-air-rocket\\\/#primaryimage\"},\"image\":{\"@id\":\"https:\\\/\\\/capsa2in1.com\\\/fr\\\/produit\\\/systemes-demballage-avec-coussins-dair-fill-air-rocket\\\/#primaryimage\"},\"thumbnailUrl\":\"https:\\\/\\\/capsa2in1.com\\\/wp-content\\\/uploads\\\/2020\\\/06\\\/sistema-embalajes-relleno-hinchable-PRINCIPAL-fill-air-rocket-600x600-1.png\",\"datePublished\":\"2020-06-19T07:19:31+00:00\",\"dateModified\":\"2021-01-28T15:35:31+00:00\",\"description\":\"Essayez nos syst\u00e8mes d\u2019emballage avec coussins d\u2019air Fill Air Rocket\u00ae et oubliez les espaces vides \u00e0 l\u2019int\u00e9rieur de l\u2019emballage. \u2705\",\"breadcrumb\":{\"@id\":\"https:\\\/\\\/capsa2in1.com\\\/fr\\\/produit\\\/systemes-demballage-avec-coussins-dair-fill-air-rocket\\\/#breadcrumb\"},\"inLanguage\":\"fr-FR\",\"potentialAction\":[{\"@type\":\"ReadAction\",\"target\":[\"https:\\\/\\\/capsa2in1.com\\\/fr\\\/produit\\\/systemes-demballage-avec-coussins-dair-fill-air-rocket\\\/\"]}]},{\"@type\":\"ImageObject\",\"inLanguage\":\"fr-FR\",\"@id\":\"https:\\\/\\\/capsa2in1.com\\\/fr\\\/produit\\\/systemes-demballage-avec-coussins-dair-fill-air-rocket\\\/#primaryimage\",\"url\":\"https:\\\/\\\/capsa2in1.com\\\/wp-content\\\/uploads\\\/2020\\\/06\\\/sistema-embalajes-relleno-hinchable-PRINCIPAL-fill-air-rocket-600x600-1.png\",\"contentUrl\":\"https:\\\/\\\/capsa2in1.com\\\/wp-content\\\/uploads\\\/2020\\\/06\\\/sistema-embalajes-relleno-hinchable-PRINCIPAL-fill-air-rocket-600x600-1.png\",\"width\":600,\"height\":600},{\"@type\":\"BreadcrumbList\",\"@id\":\"https:\\\/\\\/capsa2in1.com\\\/fr\\\/produit\\\/systemes-demballage-avec-coussins-dair-fill-air-rocket\\\/#breadcrumb\",\"itemListElement\":[{\"@type\":\"ListItem\",\"position\":1,\"name\":\"Inicio\",\"item\":\"https:\\\/\\\/capsa2in1.com\\\/fr\\\/\"},{\"@type\":\"ListItem\",\"position\":2,\"name\":\"Produits\",\"item\":\"https:\\\/\\\/capsa2in1.com\\\/fr\\\/produits\\\/\"},{\"@type\":\"ListItem\",\"position\":3,\"name\":\"Syst\u00e8mes d\u2019emballage avec coussins d\u2019air Fill Air Rocket\u00ae\"}]},{\"@type\":\"WebSite\",\"@id\":\"https:\\\/\\\/capsa2in1.com\\\/#website\",\"url\":\"https:\\\/\\\/capsa2in1.com\\\/\",\"name\":\"CAPSA2in1\u00ae\",\"description\":\"Reusable packaging. Smarter, Greener Logistics!\",\"publisher\":{\"@id\":\"https:\\\/\\\/capsa2in1.com\\\/#organization\"},\"potentialAction\":[{\"@type\":\"SearchAction\",\"target\":{\"@type\":\"EntryPoint\",\"urlTemplate\":\"https:\\\/\\\/capsa2in1.com\\\/?s={search_term_string}\"},\"query-input\":{\"@type\":\"PropertyValueSpecification\",\"valueRequired\":true,\"valueName\":\"search_term_string\"}}],\"inLanguage\":\"fr-FR\"},{\"@type\":\"Organization\",\"@id\":\"https:\\\/\\\/capsa2in1.com\\\/#organization\",\"name\":\"CAPSA 2in1\",\"url\":\"https:\\\/\\\/capsa2in1.com\\\/\",\"logo\":{\"@type\":\"ImageObject\",\"inLanguage\":\"fr-FR\",\"@id\":\"https:\\\/\\\/capsa2in1.com\\\/#\\\/schema\\\/logo\\\/image\\\/\",\"url\":\"\",\"contentUrl\":\"\",\"caption\":\"CAPSA 2in1\"},\"image\":{\"@id\":\"https:\\\/\\\/capsa2in1.com\\\/#\\\/schema\\\/logo\\\/image\\\/\"}}]}<\/script>\n<!-- \/ Yoast SEO plugin. -->","yoast_head_json":{"title":"Syst\u00e8mes d\u2019emballage avec coussins d\u2019air Fill Air Rocket\u00ae","description":"Essayez nos syst\u00e8mes d\u2019emballage avec coussins d\u2019air Fill Air Rocket\u00ae et oubliez les espaces vides \u00e0 l\u2019int\u00e9rieur de l\u2019emballage. \u2705","robots":{"index":"index","follow":"follow","max-snippet":"max-snippet:-1","max-image-preview":"max-image-preview:large","max-video-preview":"max-video-preview:-1"},"canonical":"https:\/\/capsa2in1.com\/fr\/produit\/systemes-demballage-avec-coussins-dair-fill-air-rocket\/","og_locale":"fr_FR","og_type":"article","og_title":"Syst\u00e8mes d\u2019emballage avec coussins d\u2019air Fill Air Rocket\u00ae","og_description":"Essayez nos syst\u00e8mes d\u2019emballage avec coussins d\u2019air Fill Air Rocket\u00ae et oubliez les espaces vides \u00e0 l\u2019int\u00e9rieur de l\u2019emballage. \u2705","og_url":"https:\/\/capsa2in1.com\/fr\/produit\/systemes-demballage-avec-coussins-dair-fill-air-rocket\/","og_site_name":"CAPSA2in1\u00ae","article_modified_time":"2021-01-28T15:35:31+00:00","og_image":[{"width":600,"height":600,"url":"https:\/\/capsa2in1.com\/wp-content\/uploads\/2020\/06\/sistema-embalajes-relleno-hinchable-PRINCIPAL-fill-air-rocket-600x600-1.png","type":"image\/png"}],"twitter_card":"summary_large_image","twitter_misc":{"Dur\u00e9e de lecture estim\u00e9e":"2 minutes"},"schema":{"@context":"https:\/\/schema.org","@graph":[{"@type":"WebPage","@id":"https:\/\/capsa2in1.com\/fr\/produit\/systemes-demballage-avec-coussins-dair-fill-air-rocket\/","url":"https:\/\/capsa2in1.com\/fr\/produit\/systemes-demballage-avec-coussins-dair-fill-air-rocket\/","name":"Syst\u00e8mes d\u2019emballage avec coussins d\u2019air Fill Air Rocket\u00ae","isPartOf":{"@id":"https:\/\/capsa2in1.com\/#website"},"primaryImageOfPage":{"@id":"https:\/\/capsa2in1.com\/fr\/produit\/systemes-demballage-avec-coussins-dair-fill-air-rocket\/#primaryimage"},"image":{"@id":"https:\/\/capsa2in1.com\/fr\/produit\/systemes-demballage-avec-coussins-dair-fill-air-rocket\/#primaryimage"},"thumbnailUrl":"https:\/\/capsa2in1.com\/wp-content\/uploads\/2020\/06\/sistema-embalajes-relleno-hinchable-PRINCIPAL-fill-air-rocket-600x600-1.png","datePublished":"2020-06-19T07:19:31+00:00","dateModified":"2021-01-28T15:35:31+00:00","description":"Essayez nos syst\u00e8mes d\u2019emballage avec coussins d\u2019air Fill Air Rocket\u00ae et oubliez les espaces vides \u00e0 l\u2019int\u00e9rieur de l\u2019emballage. \u2705","breadcrumb":{"@id":"https:\/\/capsa2in1.com\/fr\/produit\/systemes-demballage-avec-coussins-dair-fill-air-rocket\/#breadcrumb"},"inLanguage":"fr-FR","potentialAction":[{"@type":"ReadAction","target":["https:\/\/capsa2in1.com\/fr\/produit\/systemes-demballage-avec-coussins-dair-fill-air-rocket\/"]}]},{"@type":"ImageObject","inLanguage":"fr-FR","@id":"https:\/\/capsa2in1.com\/fr\/produit\/systemes-demballage-avec-coussins-dair-fill-air-rocket\/#primaryimage","url":"https:\/\/capsa2in1.com\/wp-content\/uploads\/2020\/06\/sistema-embalajes-relleno-hinchable-PRINCIPAL-fill-air-rocket-600x600-1.png","contentUrl":"https:\/\/capsa2in1.com\/wp-content\/uploads\/2020\/06\/sistema-embalajes-relleno-hinchable-PRINCIPAL-fill-air-rocket-600x600-1.png","width":600,"height":600},{"@type":"BreadcrumbList","@id":"https:\/\/capsa2in1.com\/fr\/produit\/systemes-demballage-avec-coussins-dair-fill-air-rocket\/#breadcrumb","itemListElement":[{"@type":"ListItem","position":1,"name":"Inicio","item":"https:\/\/capsa2in1.com\/fr\/"},{"@type":"ListItem","position":2,"name":"Produits","item":"https:\/\/capsa2in1.com\/fr\/produits\/"},{"@type":"ListItem","position":3,"name":"Syst\u00e8mes d\u2019emballage avec coussins d\u2019air Fill Air Rocket\u00ae"}]},{"@type":"WebSite","@id":"https:\/\/capsa2in1.com\/#website","url":"https:\/\/capsa2in1.com\/","name":"CAPSA2in1\u00ae","description":"Reusable packaging. Smarter, Greener Logistics!","publisher":{"@id":"https:\/\/capsa2in1.com\/#organization"},"potentialAction":[{"@type":"SearchAction","target":{"@type":"EntryPoint","urlTemplate":"https:\/\/capsa2in1.com\/?s={search_term_string}"},"query-input":{"@type":"PropertyValueSpecification","valueRequired":true,"valueName":"search_term_string"}}],"inLanguage":"fr-FR"},{"@type":"Organization","@id":"https:\/\/capsa2in1.com\/#organization","name":"CAPSA 2in1","url":"https:\/\/capsa2in1.com\/","logo":{"@type":"ImageObject","inLanguage":"fr-FR","@id":"https:\/\/capsa2in1.com\/#\/schema\/logo\/image\/","url":"","contentUrl":"","caption":"CAPSA 2in1"},"image":{"@id":"https:\/\/capsa2in1.com\/#\/schema\/logo\/image\/"}}]}},"_links":{"self":[{"href":"https:\/\/capsa2in1.com\/fr\/wp-json\/wp\/v2\/product\/12593","targetHints":{"allow":["GET"]}}],"collection":[{"href":"https:\/\/capsa2in1.com\/fr\/wp-json\/wp\/v2\/product"}],"about":[{"href":"https:\/\/capsa2in1.com\/fr\/wp-json\/wp\/v2\/types\/product"}],"replies":[{"embeddable":true,"href":"https:\/\/capsa2in1.com\/fr\/wp-json\/wp\/v2\/comments?post=12593"}],"wp:featuredmedia":[{"embeddable":true,"href":"https:\/\/capsa2in1.com\/fr\/wp-json\/wp\/v2\/media\/31477"}],"wp:attachment":[{"href":"https:\/\/capsa2in1.com\/fr\/wp-json\/wp\/v2\/media?parent=12593"}],"wp:term":[{"taxonomy":"product_brand","embeddable":true,"href":"https:\/\/capsa2in1.com\/fr\/wp-json\/wp\/v2\/product_brand?post=12593"},{"taxonomy":"product_cat","embeddable":true,"href":"https:\/\/capsa2in1.com\/fr\/wp-json\/wp\/v2\/product_cat?post=12593"},{"taxonomy":"product_tag","embeddable":true,"href":"https:\/\/capsa2in1.com\/fr\/wp-json\/wp\/v2\/product_tag?post=12593"}],"curies":[{"name":"wp","href":"https:\/\/api.w.org\/{rel}","templated":true}]}}