{"id":12590,"date":"2020-06-19T07:20:50","date_gmt":"2020-06-19T07:20:50","guid":{"rendered":"https:\/\/capsa2in1.com\/producto\/systemes-demballage-en-mousse-instapak\/"},"modified":"2021-01-28T15:32:50","modified_gmt":"2021-01-28T15:32:50","slug":"systemes-demballage-en-mousse-instapak","status":"publish","type":"product","link":"https:\/\/capsa2in1.com\/fr\/produit\/systemes-demballage-en-mousse-instapak\/","title":{"rendered":"Syst\u00e8mes d\u2019emballage en mousse Instapak\u00ae"},"content":{"rendered":"\t\t<div data-elementor-type=\"product-post\" data-elementor-id=\"12590\" class=\"elementor elementor-12590 elementor-7286\" data-elementor-post-type=\"product\">\n\t\t\t\t\t\t<section class=\"elementor-section elementor-top-section elementor-element elementor-element-67bc008c elementor-section-full_width elementor-section-stretched elementor-section-height-default elementor-section-height-default\" data-id=\"67bc008c\" data-element_type=\"section\" data-settings=\"{&quot;background_background&quot;:&quot;gradient&quot;,&quot;stretch_section&quot;:&quot;section-stretched&quot;}\">\n\t\t\t\t\t\t<div class=\"elementor-container elementor-column-gap-default\">\n\t\t\t\t\t<div class=\"elementor-column elementor-col-100 elementor-top-column elementor-element elementor-element-14998b00\" data-id=\"14998b00\" data-element_type=\"column\">\n\t\t\t<div class=\"elementor-widget-wrap elementor-element-populated\">\n\t\t\t\t\t\t<div class=\"elementor-element elementor-element-38d2ab59 elementor-widget elementor-widget-heading\" data-id=\"38d2ab59\" data-element_type=\"widget\" data-widget_type=\"heading.default\">\n\t\t\t\t<div class=\"elementor-widget-container\">\n\t\t\t\t\t<h3 class=\"elementor-heading-title elementor-size-default\">Caisses personnalisables adapt\u00e9es \u00e0 vos besoins<\/h3>\t\t\t\t<\/div>\n\t\t\t\t<\/div>\n\t\t\t\t<div class=\"elementor-element elementor-element-1b8868e4 elementor-widget elementor-widget-text-editor\" data-id=\"1b8868e4\" data-element_type=\"widget\" data-widget_type=\"text-editor.default\">\n\t\t\t\t<div class=\"elementor-widget-container\">\n\t\t\t\t\t\t\t\t\t<p>N\u2019oubliez pas que nos caisses Capsa\u00ae sont personnalisables\u00a0: sur-mesure, taille ou impression (\u00e0 une ou diverses encres).<\/p>\n<p>Et oui\u00a0! vous pouvez profiter des emballages pour v\u00e9hiculer votre identit\u00e9 et l\u2019image de votre entreprise.<\/p>\n\t\t\t\t\t\t\t\t<\/div>\n\t\t\t\t<\/div>\n\t\t\t\t<div class=\"elementor-element elementor-element-276253cf elementor-align-center elementor-mobile-align-center elementor-widget elementor-widget-button\" data-id=\"276253cf\" data-element_type=\"widget\" data-widget_type=\"button.default\">\n\t\t\t\t<div class=\"elementor-widget-container\">\n\t\t\t\t\t\t\t\t\t<div class=\"elementor-button-wrapper\">\n\t\t\t\t\t<a class=\"elementor-button elementor-button-link elementor-size-sm elementor-animation-float\" href=\"\">\n\t\t\t\t\t\t<span class=\"elementor-button-content-wrapper\">\n\t\t\t\t\t\t<span class=\"elementor-button-icon\">\n\t\t\t\t<i aria-hidden=\"true\" class=\"far fa-edit\"><\/i>\t\t\t<\/span>\n\t\t\t\t\t\t\t\t\t<span class=\"elementor-button-text\"><p>Cr\u00e9ez votre capsa 2in1\u00ae<\/p><\/span>\n\t\t\t\t\t<\/span>\n\t\t\t\t\t<\/a>\n\t\t\t\t<\/div>\n\t\t\t\t\t\t\t\t<\/div>\n\t\t\t\t<\/div>\n\t\t\t\t<div class=\"elementor-element elementor-element-4661c56c elementor-widget elementor-widget-menu-anchor\" data-id=\"4661c56c\" data-element_type=\"widget\" data-widget_type=\"menu-anchor.default\">\n\t\t\t\t<div class=\"elementor-widget-container\">\n\t\t\t\t\t\t\t<div class=\"elementor-menu-anchor\" id=\"pdescp\"><\/div>\n\t\t\t\t\t\t<\/div>\n\t\t\t\t<\/div>\n\t\t\t\t\t<\/div>\n\t\t<\/div>\n\t\t\t\t\t<\/div>\n\t\t<\/section>\n\t\t\t\t<section class=\"elementor-section elementor-top-section elementor-element elementor-element-73daf326 elementor-section-stretched elementor-section-boxed elementor-section-height-default elementor-section-height-default\" data-id=\"73daf326\" data-element_type=\"section\" data-settings=\"{&quot;stretch_section&quot;:&quot;section-stretched&quot;}\">\n\t\t\t\t\t\t<div class=\"elementor-container elementor-column-gap-default\">\n\t\t\t\t\t<div class=\"elementor-column elementor-col-50 elementor-top-column elementor-element elementor-element-492f4c5a\" data-id=\"492f4c5a\" data-element_type=\"column\">\n\t\t\t<div class=\"elementor-widget-wrap elementor-element-populated\">\n\t\t\t\t\t\t<div class=\"elementor-element elementor-element-57f2f5bb elementor-widget elementor-widget-heading\" data-id=\"57f2f5bb\" data-element_type=\"widget\" data-widget_type=\"heading.default\">\n\t\t\t\t<div class=\"elementor-widget-container\">\n\t\t\t\t\t<h2 class=\"elementor-heading-title elementor-size-default\">Syst\u00e8mes d\u2019emballage en mousse Instapak<\/h2>\t\t\t\t<\/div>\n\t\t\t\t<\/div>\n\t\t\t\t<div class=\"elementor-element elementor-element-78a9bc20 elementor-widget elementor-widget-heading\" data-id=\"78a9bc20\" data-element_type=\"widget\" data-widget_type=\"heading.default\">\n\t\t\t\t<div class=\"elementor-widget-container\">\n\t\t\t\t\t<h3 class=\"elementor-heading-title elementor-size-default\">Avantages dessyst\u00e8mes d\u2019emballage en mousse Instapak<\/h3>\t\t\t\t<\/div>\n\t\t\t\t<\/div>\n\t\t\t\t<div class=\"elementor-element elementor-element-e85e9e6 elementor-widget elementor-widget-text-editor\" data-id=\"e85e9e6\" data-element_type=\"widget\" data-widget_type=\"text-editor.default\">\n\t\t\t\t<div class=\"elementor-widget-container\">\n\t\t\t\t\t\t\t\t\t<p>Combinez nos syst\u00e8mes <strong>d\u2019emballage en mousse Instapak\u00ae <\/strong>avec nos caisses carton <strong>capsa 2in1\u00ae<\/strong> et b\u00e9n\u00e9ficiez-vous de\u00a0:<\/p>\n<ul>\n<li>Double option de fermeture multifonctionnelle capsa 2in1\u00ae pour l\u2019<strong>exp\u00e9dition <\/strong>de produits fragiles<\/li>\n<li>Deux options \u00e0 choisir\u00a0:\n<ul>\n<li><strong>Syst\u00e8me <em>Duo <\/em>\u00e0 montage manuel avec du ruban adh\u00e9sif<\/strong><\/li>\n<li><strong>Syst\u00e8me <em>Plus<\/em> \u00e0 montage instantan\u00e9 et pliage facile <\/strong><\/li>\n<\/ul>\n<\/li>\n<li>Transport du contenu en toute s\u00e9curit\u00e9<\/li>\n<li>Qualit\u00e9 extra-r\u00e9sistante<\/li>\n<li>Structure renforc\u00e9e<\/li>\n<li>R\u00e9utilisable<\/li>\n<li>Ouverture s\u00fbre<\/li>\n<li>Solution id\u00e9ale pour exp\u00e9dition et retours e-commerce<\/li>\n<\/ul>\n\t\t\t\t\t\t\t\t<\/div>\n\t\t\t\t<\/div>\n\t\t\t\t\t<\/div>\n\t\t<\/div>\n\t\t\t\t<div class=\"elementor-column elementor-col-50 elementor-top-column elementor-element elementor-element-56dd3d82\" data-id=\"56dd3d82\" data-element_type=\"column\">\n\t\t\t<div class=\"elementor-widget-wrap elementor-element-populated\">\n\t\t\t\t\t\t<div class=\"elementor-element elementor-element-7afd22cf elementor-widget elementor-widget-text-editor\" data-id=\"7afd22cf\" data-element_type=\"widget\" data-widget_type=\"text-editor.default\">\n\t\t\t\t<div class=\"elementor-widget-container\">\n\t\t\t\t\t\t\t\t\t<p>Apr\u00e8s des ann\u00e9es d&rsquo;innovation et de d\u00e9veloppement, notre partenaire <strong>Sealed Air\u00ae<\/strong> nous surprend avec le <strong>syst\u00e8me d&#8217;emballage Instapak\u00ae<\/strong>. Il s\u2019agit d\u2019un <strong>syst\u00e8me de protection en mousse gonflable <\/strong>qui peut s&rsquo;adapter parfaitement \u00e0 la forme du contenu et se dilater selon les besoins de vos produits.\u00a0Ce syst\u00e8me a \u00e9t\u00e9 cr\u00e9\u00e9 pour une manipulation facile et optimale afin de faciliter pleinement le processus de pr\u00e9paration des commandes. Le <strong>syst\u00e8me d&#8217;emballage Instapak\u00ae<\/strong> ajout\u00e9 \u00e0 nos <strong>caisses capsa 2in1\u00ae<\/strong> en fait une solution compl\u00e8te et efficace, qu\u2019offre des qualit\u00e9s d\u2019amortisseur sup\u00e9rieures qui assurent une protection maximale aux produits de grande valeur.<\/p>\n<p>Les deux composants assurent une excellente protection, une manipulation ais\u00e9e et un gain d\u2019espace dans l\u2019entrep\u00f4t gr\u00e2ce \u00e0 une solution compl\u00e8te bien soign\u00e9e. Nos <strong>caisses carton capsa 2in1\u00ae<\/strong> int\u00e8grent l\u2019innovante <strong>fermeture multifonctionnelle<\/strong>, qui offre une plus grande s\u00e9curit\u00e9 par rapport aux caisses conventionnelles. Parall\u00e8lement, les <strong>syst\u00e8mes d&#8217;emballage en mousse Instapak\u00ae<\/strong> offrent des qualit\u00e9s de rembourrage sup\u00e9rieures qui assurent une protection maximale aux produits de grande valeur.<\/p>\n\t\t\t\t\t\t\t\t<\/div>\n\t\t\t\t<\/div>\n\t\t\t\t\t<\/div>\n\t\t<\/div>\n\t\t\t\t\t<\/div>\n\t\t<\/section>\n\t\t\t\t<section class=\"elementor-section elementor-top-section elementor-element elementor-element-ae2508c elementor-section-boxed elementor-section-height-default elementor-section-height-default\" data-id=\"ae2508c\" data-element_type=\"section\">\n\t\t\t\t\t\t<div class=\"elementor-container elementor-column-gap-default\">\n\t\t\t\t\t<div class=\"elementor-column elementor-col-100 elementor-top-column elementor-element elementor-element-34798a8\" data-id=\"34798a8\" data-element_type=\"column\">\n\t\t\t<div class=\"elementor-widget-wrap elementor-element-populated\">\n\t\t\t\t\t\t<div class=\"elementor-element elementor-element-62fdcff elementor-widget elementor-widget-video\" data-id=\"62fdcff\" data-element_type=\"widget\" data-settings=\"{&quot;youtube_url&quot;:&quot;https:\\\/\\\/youtu.be\\\/KmKWJAX0xmE&quot;,&quot;loop&quot;:&quot;yes&quot;,&quot;video_type&quot;:&quot;youtube&quot;,&quot;controls&quot;:&quot;yes&quot;}\" data-widget_type=\"video.default\">\n\t\t\t\t<div class=\"elementor-widget-container\">\n\t\t\t\t\t\t\t<div class=\"elementor-wrapper elementor-open-inline\">\n\t\t\t<div class=\"elementor-video\"><\/div>\t\t<\/div>\n\t\t\t\t\t\t<\/div>\n\t\t\t\t<\/div>\n\t\t\t\t\t<\/div>\n\t\t<\/div>\n\t\t\t\t\t<\/div>\n\t\t<\/section>\n\t\t\t\t<section class=\"elementor-section elementor-top-section elementor-element elementor-element-11a76dea elementor-section-stretched elementor-section-boxed elementor-section-height-default elementor-section-height-default\" data-id=\"11a76dea\" data-element_type=\"section\" data-settings=\"{&quot;stretch_section&quot;:&quot;section-stretched&quot;}\">\n\t\t\t\t\t\t<div class=\"elementor-container elementor-column-gap-default\">\n\t\t\t\t\t<div class=\"elementor-column elementor-col-100 elementor-top-column elementor-element elementor-element-6391440a\" data-id=\"6391440a\" data-element_type=\"column\">\n\t\t\t<div class=\"elementor-widget-wrap elementor-element-populated\">\n\t\t\t\t\t\t<div class=\"elementor-element elementor-element-2afc0b08 elementor-widget elementor-widget-heading\" data-id=\"2afc0b08\" data-element_type=\"widget\" data-widget_type=\"heading.default\">\n\t\t\t\t<div class=\"elementor-widget-container\">\n\t\t\t\t\t<h3 class=\"elementor-heading-title elementor-size-default\">Utilisation des syst\u00e8mes d\u2019emballage en mousse Instapak\u00ae<\/h3>\t\t\t\t<\/div>\n\t\t\t\t<\/div>\n\t\t\t\t<div class=\"elementor-element elementor-element-729ae333 elementor-widget elementor-widget-text-editor\" data-id=\"729ae333\" data-element_type=\"widget\" data-widget_type=\"text-editor.default\">\n\t\t\t\t<div class=\"elementor-widget-container\">\n\t\t\t\t\t\t\t\t\t<p>Nos syst\u00e8mes <strong>d\u2019emballage en mousse Instapak\u00ae sont une protection efficace<\/strong>. Ils prot\u00e8gent les produits qui r\u00e9clament un amortissement sp\u00e9cial tels que\u00a0: les lentilles, la porcelaine, les lampes, les objets d\u2019image et son, etc. La combinaison de nos syst\u00e8mes d\u2019emballage avec nos <strong>caisses capsa 2in1\u00ae<\/strong> est id\u00e9ale pour les op\u00e9rateurs logistiques, les entreprises de r\u00e9paration, les magasins e-commerce de produits fragiles et pr\u00e9cieux ou les mus\u00e9es ou gall\u00e9ries.<\/p>\n<p>Si vous avez besoin d\u2019un emballage qui soit tr\u00e8s protective, vous \u00eates au bon endroit\u00a0! Nos syst\u00e8mes d\u2019emballage et nos <strong>caisses carton capsa 2in1\u00ae<\/strong> vous assurent une protection exceptionnelle du contenu. Essayez-les\u00a0!<\/p>\n\t\t\t\t\t\t\t\t<\/div>\n\t\t\t\t<\/div>\n\t\t\t\t\t<\/div>\n\t\t<\/div>\n\t\t\t\t\t<\/div>\n\t\t<\/section>\n\t\t\t\t<\/div>\n\t\t","protected":false},"excerpt":{"rendered":"<p><strong>Avantages des<\/strong> <strong>syst\u00e8mes d\u2019emballage en mousse Instapak<\/strong>\u00ae<\/p>\n<ul>\n<li>Syst\u00e8me de protection en mousse qui bloque, immobilise et amortisse le contenu pour le faire r\u00e9sistant aux chocs.<\/li>\n<li>Syst\u00e8me en mousse qui se moule \u00e0 la forme du contenu<\/li>\n<li>Gain d\u2019espace au stockage<\/li>\n<li>Facile \u00e0 manipuler<\/li>\n<li>\u00c9conomie de mat\u00e9riaux et r\u00e9duction de d\u00e9chets<\/li>\n<li>Solution optimale pour exp\u00e9ditions de produits pr\u00e9cieux susceptibles aux impacts<\/li>\n<\/ul>\n","protected":false},"featured_media":8139,"comment_status":"closed","ping_status":"closed","template":"","meta":{"_acf_changed":false},"product_brand":[],"product_cat":[243,242],"product_tag":[267],"class_list":{"0":"post-12590","1":"product","2":"type-product","3":"status-publish","4":"has-post-thumbnail","6":"product_cat-systemes-de-calage-et-protection","7":"product_cat-systemes-demballage","8":"product_tag-emballages-industriels","10":"first","11":"instock","12":"shipping-taxable","13":"product-type-simple"},"acf":[],"yoast_head":"<!-- This site is optimized with the Yoast SEO plugin v27.5 - https:\/\/yoast.com\/product\/yoast-seo-wordpress\/ -->\n<title>Syst\u00e8mes d\u2019emballage en mousse Instapak\u00ae<\/title>\n<meta name=\"description\" content=\"Protection personnalis\u00e9e ! Nos syst\u00e8mes d\u2019emballage en mousse Instapak\u00ae s\u2019adaptent parfaitement \u00e0 la forme de votre produit. \u2705\" \/>\n<meta name=\"robots\" content=\"index, follow, max-snippet:-1, max-image-preview:large, max-video-preview:-1\" \/>\n<link rel=\"canonical\" href=\"https:\/\/capsa2in1.com\/fr\/produit\/systemes-demballage-en-mousse-instapak\/\" \/>\n<meta property=\"og:locale\" content=\"fr_FR\" \/>\n<meta property=\"og:type\" content=\"article\" \/>\n<meta property=\"og:title\" content=\"Syst\u00e8mes d\u2019emballage en mousse Instapak\u00ae\" \/>\n<meta property=\"og:description\" content=\"Protection personnalis\u00e9e ! Nos syst\u00e8mes d\u2019emballage en mousse Instapak\u00ae s\u2019adaptent parfaitement \u00e0 la forme de votre produit. \u2705\" \/>\n<meta property=\"og:url\" content=\"https:\/\/capsa2in1.com\/fr\/produit\/systemes-demballage-en-mousse-instapak\/\" \/>\n<meta property=\"og:site_name\" content=\"CAPSA2in1\u00ae\" \/>\n<meta property=\"article:modified_time\" content=\"2021-01-28T15:32:50+00:00\" \/>\n<meta property=\"og:image\" content=\"https:\/\/capsa2in1.com\/wp-content\/uploads\/2020\/08\/sistema-embalajes-proteccion-espuma-PRINCIPAL-instapak.png\" \/>\n\t<meta property=\"og:image:width\" content=\"800\" \/>\n\t<meta property=\"og:image:height\" content=\"800\" \/>\n\t<meta property=\"og:image:type\" content=\"image\/png\" \/>\n<meta name=\"twitter:card\" content=\"summary_large_image\" \/>\n<meta name=\"twitter:label1\" content=\"Dur\u00e9e de lecture estim\u00e9e\" \/>\n\t<meta name=\"twitter:data1\" content=\"2 minutes\" \/>\n<script type=\"application\/ld+json\" class=\"yoast-schema-graph\">{\"@context\":\"https:\\\/\\\/schema.org\",\"@graph\":[{\"@type\":\"WebPage\",\"@id\":\"https:\\\/\\\/capsa2in1.com\\\/fr\\\/produit\\\/systemes-demballage-en-mousse-instapak\\\/\",\"url\":\"https:\\\/\\\/capsa2in1.com\\\/fr\\\/produit\\\/systemes-demballage-en-mousse-instapak\\\/\",\"name\":\"Syst\u00e8mes d\u2019emballage en mousse Instapak\u00ae\",\"isPartOf\":{\"@id\":\"https:\\\/\\\/capsa2in1.com\\\/#website\"},\"primaryImageOfPage\":{\"@id\":\"https:\\\/\\\/capsa2in1.com\\\/fr\\\/produit\\\/systemes-demballage-en-mousse-instapak\\\/#primaryimage\"},\"image\":{\"@id\":\"https:\\\/\\\/capsa2in1.com\\\/fr\\\/produit\\\/systemes-demballage-en-mousse-instapak\\\/#primaryimage\"},\"thumbnailUrl\":\"https:\\\/\\\/capsa2in1.com\\\/wp-content\\\/uploads\\\/2020\\\/08\\\/sistema-embalajes-proteccion-espuma-PRINCIPAL-instapak.png\",\"datePublished\":\"2020-06-19T07:20:50+00:00\",\"dateModified\":\"2021-01-28T15:32:50+00:00\",\"description\":\"Protection personnalis\u00e9e ! Nos syst\u00e8mes d\u2019emballage en mousse Instapak\u00ae s\u2019adaptent parfaitement \u00e0 la forme de votre produit. \u2705\",\"breadcrumb\":{\"@id\":\"https:\\\/\\\/capsa2in1.com\\\/fr\\\/produit\\\/systemes-demballage-en-mousse-instapak\\\/#breadcrumb\"},\"inLanguage\":\"fr-FR\",\"potentialAction\":[{\"@type\":\"ReadAction\",\"target\":[\"https:\\\/\\\/capsa2in1.com\\\/fr\\\/produit\\\/systemes-demballage-en-mousse-instapak\\\/\"]}]},{\"@type\":\"ImageObject\",\"inLanguage\":\"fr-FR\",\"@id\":\"https:\\\/\\\/capsa2in1.com\\\/fr\\\/produit\\\/systemes-demballage-en-mousse-instapak\\\/#primaryimage\",\"url\":\"https:\\\/\\\/capsa2in1.com\\\/wp-content\\\/uploads\\\/2020\\\/08\\\/sistema-embalajes-proteccion-espuma-PRINCIPAL-instapak.png\",\"contentUrl\":\"https:\\\/\\\/capsa2in1.com\\\/wp-content\\\/uploads\\\/2020\\\/08\\\/sistema-embalajes-proteccion-espuma-PRINCIPAL-instapak.png\",\"width\":800,\"height\":800,\"caption\":\"sistema-embalajes-proteccion-espuma-instapak\"},{\"@type\":\"BreadcrumbList\",\"@id\":\"https:\\\/\\\/capsa2in1.com\\\/fr\\\/produit\\\/systemes-demballage-en-mousse-instapak\\\/#breadcrumb\",\"itemListElement\":[{\"@type\":\"ListItem\",\"position\":1,\"name\":\"Inicio\",\"item\":\"https:\\\/\\\/capsa2in1.com\\\/fr\\\/\"},{\"@type\":\"ListItem\",\"position\":2,\"name\":\"Produits\",\"item\":\"https:\\\/\\\/capsa2in1.com\\\/fr\\\/produits\\\/\"},{\"@type\":\"ListItem\",\"position\":3,\"name\":\"Syst\u00e8mes d\u2019emballage en mousse Instapak\u00ae\"}]},{\"@type\":\"WebSite\",\"@id\":\"https:\\\/\\\/capsa2in1.com\\\/#website\",\"url\":\"https:\\\/\\\/capsa2in1.com\\\/\",\"name\":\"CAPSA2in1\u00ae\",\"description\":\"Reusable packaging. Smarter, Greener Logistics!\",\"publisher\":{\"@id\":\"https:\\\/\\\/capsa2in1.com\\\/#organization\"},\"potentialAction\":[{\"@type\":\"SearchAction\",\"target\":{\"@type\":\"EntryPoint\",\"urlTemplate\":\"https:\\\/\\\/capsa2in1.com\\\/?s={search_term_string}\"},\"query-input\":{\"@type\":\"PropertyValueSpecification\",\"valueRequired\":true,\"valueName\":\"search_term_string\"}}],\"inLanguage\":\"fr-FR\"},{\"@type\":\"Organization\",\"@id\":\"https:\\\/\\\/capsa2in1.com\\\/#organization\",\"name\":\"CAPSA 2in1\",\"url\":\"https:\\\/\\\/capsa2in1.com\\\/\",\"logo\":{\"@type\":\"ImageObject\",\"inLanguage\":\"fr-FR\",\"@id\":\"https:\\\/\\\/capsa2in1.com\\\/#\\\/schema\\\/logo\\\/image\\\/\",\"url\":\"\",\"contentUrl\":\"\",\"caption\":\"CAPSA 2in1\"},\"image\":{\"@id\":\"https:\\\/\\\/capsa2in1.com\\\/#\\\/schema\\\/logo\\\/image\\\/\"}}]}<\/script>\n<!-- \/ Yoast SEO plugin. -->","yoast_head_json":{"title":"Syst\u00e8mes d\u2019emballage en mousse Instapak\u00ae","description":"Protection personnalis\u00e9e ! Nos syst\u00e8mes d\u2019emballage en mousse Instapak\u00ae s\u2019adaptent parfaitement \u00e0 la forme de votre produit. \u2705","robots":{"index":"index","follow":"follow","max-snippet":"max-snippet:-1","max-image-preview":"max-image-preview:large","max-video-preview":"max-video-preview:-1"},"canonical":"https:\/\/capsa2in1.com\/fr\/produit\/systemes-demballage-en-mousse-instapak\/","og_locale":"fr_FR","og_type":"article","og_title":"Syst\u00e8mes d\u2019emballage en mousse Instapak\u00ae","og_description":"Protection personnalis\u00e9e ! Nos syst\u00e8mes d\u2019emballage en mousse Instapak\u00ae s\u2019adaptent parfaitement \u00e0 la forme de votre produit. \u2705","og_url":"https:\/\/capsa2in1.com\/fr\/produit\/systemes-demballage-en-mousse-instapak\/","og_site_name":"CAPSA2in1\u00ae","article_modified_time":"2021-01-28T15:32:50+00:00","og_image":[{"width":800,"height":800,"url":"https:\/\/capsa2in1.com\/wp-content\/uploads\/2020\/08\/sistema-embalajes-proteccion-espuma-PRINCIPAL-instapak.png","type":"image\/png"}],"twitter_card":"summary_large_image","twitter_misc":{"Dur\u00e9e de lecture estim\u00e9e":"2 minutes"},"schema":{"@context":"https:\/\/schema.org","@graph":[{"@type":"WebPage","@id":"https:\/\/capsa2in1.com\/fr\/produit\/systemes-demballage-en-mousse-instapak\/","url":"https:\/\/capsa2in1.com\/fr\/produit\/systemes-demballage-en-mousse-instapak\/","name":"Syst\u00e8mes d\u2019emballage en mousse Instapak\u00ae","isPartOf":{"@id":"https:\/\/capsa2in1.com\/#website"},"primaryImageOfPage":{"@id":"https:\/\/capsa2in1.com\/fr\/produit\/systemes-demballage-en-mousse-instapak\/#primaryimage"},"image":{"@id":"https:\/\/capsa2in1.com\/fr\/produit\/systemes-demballage-en-mousse-instapak\/#primaryimage"},"thumbnailUrl":"https:\/\/capsa2in1.com\/wp-content\/uploads\/2020\/08\/sistema-embalajes-proteccion-espuma-PRINCIPAL-instapak.png","datePublished":"2020-06-19T07:20:50+00:00","dateModified":"2021-01-28T15:32:50+00:00","description":"Protection personnalis\u00e9e ! Nos syst\u00e8mes d\u2019emballage en mousse Instapak\u00ae s\u2019adaptent parfaitement \u00e0 la forme de votre produit. \u2705","breadcrumb":{"@id":"https:\/\/capsa2in1.com\/fr\/produit\/systemes-demballage-en-mousse-instapak\/#breadcrumb"},"inLanguage":"fr-FR","potentialAction":[{"@type":"ReadAction","target":["https:\/\/capsa2in1.com\/fr\/produit\/systemes-demballage-en-mousse-instapak\/"]}]},{"@type":"ImageObject","inLanguage":"fr-FR","@id":"https:\/\/capsa2in1.com\/fr\/produit\/systemes-demballage-en-mousse-instapak\/#primaryimage","url":"https:\/\/capsa2in1.com\/wp-content\/uploads\/2020\/08\/sistema-embalajes-proteccion-espuma-PRINCIPAL-instapak.png","contentUrl":"https:\/\/capsa2in1.com\/wp-content\/uploads\/2020\/08\/sistema-embalajes-proteccion-espuma-PRINCIPAL-instapak.png","width":800,"height":800,"caption":"sistema-embalajes-proteccion-espuma-instapak"},{"@type":"BreadcrumbList","@id":"https:\/\/capsa2in1.com\/fr\/produit\/systemes-demballage-en-mousse-instapak\/#breadcrumb","itemListElement":[{"@type":"ListItem","position":1,"name":"Inicio","item":"https:\/\/capsa2in1.com\/fr\/"},{"@type":"ListItem","position":2,"name":"Produits","item":"https:\/\/capsa2in1.com\/fr\/produits\/"},{"@type":"ListItem","position":3,"name":"Syst\u00e8mes d\u2019emballage en mousse Instapak\u00ae"}]},{"@type":"WebSite","@id":"https:\/\/capsa2in1.com\/#website","url":"https:\/\/capsa2in1.com\/","name":"CAPSA2in1\u00ae","description":"Reusable packaging. Smarter, Greener Logistics!","publisher":{"@id":"https:\/\/capsa2in1.com\/#organization"},"potentialAction":[{"@type":"SearchAction","target":{"@type":"EntryPoint","urlTemplate":"https:\/\/capsa2in1.com\/?s={search_term_string}"},"query-input":{"@type":"PropertyValueSpecification","valueRequired":true,"valueName":"search_term_string"}}],"inLanguage":"fr-FR"},{"@type":"Organization","@id":"https:\/\/capsa2in1.com\/#organization","name":"CAPSA 2in1","url":"https:\/\/capsa2in1.com\/","logo":{"@type":"ImageObject","inLanguage":"fr-FR","@id":"https:\/\/capsa2in1.com\/#\/schema\/logo\/image\/","url":"","contentUrl":"","caption":"CAPSA 2in1"},"image":{"@id":"https:\/\/capsa2in1.com\/#\/schema\/logo\/image\/"}}]}},"_links":{"self":[{"href":"https:\/\/capsa2in1.com\/fr\/wp-json\/wp\/v2\/product\/12590","targetHints":{"allow":["GET"]}}],"collection":[{"href":"https:\/\/capsa2in1.com\/fr\/wp-json\/wp\/v2\/product"}],"about":[{"href":"https:\/\/capsa2in1.com\/fr\/wp-json\/wp\/v2\/types\/product"}],"replies":[{"embeddable":true,"href":"https:\/\/capsa2in1.com\/fr\/wp-json\/wp\/v2\/comments?post=12590"}],"wp:featuredmedia":[{"embeddable":true,"href":"https:\/\/capsa2in1.com\/fr\/wp-json\/wp\/v2\/media\/8139"}],"wp:attachment":[{"href":"https:\/\/capsa2in1.com\/fr\/wp-json\/wp\/v2\/media?parent=12590"}],"wp:term":[{"taxonomy":"product_brand","embeddable":true,"href":"https:\/\/capsa2in1.com\/fr\/wp-json\/wp\/v2\/product_brand?post=12590"},{"taxonomy":"product_cat","embeddable":true,"href":"https:\/\/capsa2in1.com\/fr\/wp-json\/wp\/v2\/product_cat?post=12590"},{"taxonomy":"product_tag","embeddable":true,"href":"https:\/\/capsa2in1.com\/fr\/wp-json\/wp\/v2\/product_tag?post=12590"}],"curies":[{"name":"wp","href":"https:\/\/api.w.org\/{rel}","templated":true}]}}