{"id":12566,"date":"2020-07-02T14:16:27","date_gmt":"2020-07-02T14:16:27","guid":{"rendered":"https:\/\/capsa2in1.com\/producto\/sachets-isothermes-fresh\/"},"modified":"2023-10-25T13:56:47","modified_gmt":"2023-10-25T13:56:47","slug":"sachets-isothermes-fresh","status":"publish","type":"product","link":"https:\/\/capsa2in1.com\/fr\/produit\/sachets-isothermes-fresh\/","title":{"rendered":"Sachets isothermes Fresh\u00ae"},"content":{"rendered":"\t\t<div data-elementor-type=\"product-post\" data-elementor-id=\"12566\" class=\"elementor elementor-12566 elementor-7611\" data-elementor-post-type=\"product\">\n\t\t\t\t\t\t<section class=\"elementor-section elementor-top-section elementor-element elementor-element-66df72bd elementor-section-stretched elementor-section-boxed elementor-section-height-default elementor-section-height-default\" data-id=\"66df72bd\" data-element_type=\"section\" data-settings=\"{&quot;stretch_section&quot;:&quot;section-stretched&quot;}\">\n\t\t\t\t\t\t<div class=\"elementor-container elementor-column-gap-default\">\n\t\t\t\t\t<div class=\"elementor-column elementor-col-100 elementor-top-column elementor-element elementor-element-1082c98b\" data-id=\"1082c98b\" data-element_type=\"column\">\n\t\t\t<div class=\"elementor-widget-wrap elementor-element-populated\">\n\t\t\t\t\t\t<div class=\"elementor-element elementor-element-31b14716 elementor-widget elementor-widget-heading\" data-id=\"31b14716\" data-element_type=\"widget\" data-widget_type=\"heading.default\">\n\t\t\t\t<div class=\"elementor-widget-container\">\n\t\t\t\t\t<h3 class=\"elementor-heading-title elementor-size-default\"><p>Disponible dans les formats suivants\u00a0:\u00a0<\/p><\/h3>\t\t\t\t<\/div>\n\t\t\t\t<\/div>\n\t\t\t\t<div class=\"elementor-element elementor-element-188a81 elementor-hidden-phone elementor-widget elementor-widget-text-editor\" data-id=\"188a81\" data-element_type=\"widget\" data-widget_type=\"text-editor.default\">\n\t\t\t\t<div class=\"elementor-widget-container\">\n\t\t\t\t\t\t\t\t\t<table width=\"100%\"><thead><tr><td><p><strong>R\u00c9F\u00c9RENCES\u00a0<\/strong><\/p><\/td><td><p><strong>DIMENSIONS DE LA HOUSSE (MM)<\/strong><\/p><\/td><td><strong>CAPSA 2in1\u00ae RECOMMANDEE<\/strong><\/td><td><strong>ACCUMULATEURS \u00c0 FROID (FACULTATIF)<\/strong><\/td><td><p><strong>PLAGE DE TEMP\u00c9RATURE CONTR\u00d4L\u00c9E *<\/strong><\/p><\/td><td><p><strong>MAINTIEN DE LA TEMPERATURE CONTROLEE **<\/strong><\/p><\/td><\/tr><\/thead><tbody><tr><td><span style=\"color: #ee7719;\">\u00a0<em>Fresh<\/em> 001<\/span><\/td><td>430 X 300<\/td><td>2IN1DUO-303 \/ 2IN1PLUS-003<\/td><td>3 accumulateurs 600g<\/td><td>entre + 2 et + 8\u00ba C<\/td><td>12 hrs<\/td><\/tr><tr><td><span style=\"color: #ee7719;\">\u00a0<em>Fresh<\/em> 002<\/span><\/td><td>430 X 400<\/td><td>2IN1DUO-304 \/ 2IN1PLUS-004<\/td><td>2 accumulateurs 1000g + 1 accumulateur 600g<\/td><td>entre + 2 et + 8\u00ba C<\/td><td>12 hrs<\/td><\/tr><tr><td><span style=\"color: #ee7719;\"><em>Fresh<\/em> 003<\/span><\/td><td>580 x 450<\/td><td>2IN1DUO-306 \/ 2IN1PLUS-008<\/td><td>3 accumulateurs 1000g + 1 accumulateur 600g<\/td><td>entre + 2 et + 8\u00ba C<\/td><td>12 hrs<\/td><\/tr><\/tbody><\/table><p>*\u00c0 temp\u00e9rature ambiante entre + 25 et + 28\u00ba C<br \/>** Pour des temps de transit plus longs, veuillez nous consulter pour en savoir plus.<\/p>\t\t\t\t\t\t\t\t<\/div>\n\t\t\t\t<\/div>\n\t\t\t\t<div class=\"elementor-element elementor-element-5e301a5b elementor-hidden-desktop elementor-hidden-tablet elementor-widget elementor-widget-text-editor\" data-id=\"5e301a5b\" data-element_type=\"widget\" data-widget_type=\"text-editor.default\">\n\t\t\t\t<div class=\"elementor-widget-container\">\n\t\t\t\t\t\t\t\t\t<table width=\"25%\">\n<thead>\n<tr>\n<td>\n<p><strong>R\u00c9F\u00c9RENCES\u00a0<\/strong><\/p>\n<\/td>\n<td>\n<p><strong>DIMENSIONS DE LA HOUSSE (MM)<\/strong><\/p>\n<\/td>\n<\/tr>\n<\/thead>\n<tbody>\n<tr>\n<td>\n<p>\u00a0<span style=\"color: #ed6d04;\"><em>Fresh<\/em> 001<\/span><\/p>\n<\/td>\n<td>\n<p>430 X 300<\/p>\n<\/td>\n<\/tr>\n<tr>\n<td>\n<p>\u00a0<span style=\"color: #ed6d04;\"><em>Fresh<\/em> 002<\/span><\/p>\n<\/td>\n<td>\n<p>430 X 400<\/p>\n<\/td>\n<\/tr>\n<tr>\n<td>\n<p><em><span style=\"color: #ed6d04;\">Fresh<\/span><\/em><span style=\"color: #ed6d04;\"> 003<\/span><\/p>\n<\/td>\n<td>\n<p>580 x 450<\/p>\n<\/td>\n<\/tr>\n<\/tbody>\n<\/table>\n\t\t\t\t\t\t\t\t<\/div>\n\t\t\t\t<\/div>\n\t\t\t\t\t<\/div>\n\t\t<\/div>\n\t\t\t\t\t<\/div>\n\t\t<\/section>\n\t\t\t\t<section class=\"elementor-section elementor-top-section elementor-element elementor-element-12675c0 elementor-section-full_width elementor-section-stretched elementor-section-height-default elementor-section-height-default\" data-id=\"12675c0\" data-element_type=\"section\" data-settings=\"{&quot;background_background&quot;:&quot;gradient&quot;,&quot;stretch_section&quot;:&quot;section-stretched&quot;}\">\n\t\t\t\t\t\t<div class=\"elementor-container elementor-column-gap-default\">\n\t\t\t\t\t<div class=\"elementor-column elementor-col-100 elementor-top-column elementor-element elementor-element-408d42c2\" data-id=\"408d42c2\" data-element_type=\"column\">\n\t\t\t<div class=\"elementor-widget-wrap elementor-element-populated\">\n\t\t\t\t\t\t<div class=\"elementor-element elementor-element-50035aab elementor-widget elementor-widget-heading\" data-id=\"50035aab\" data-element_type=\"widget\" data-widget_type=\"heading.default\">\n\t\t\t\t<div class=\"elementor-widget-container\">\n\t\t\t\t\t<h3 class=\"elementor-heading-title elementor-size-default\">Caisses personnalisables adapt\u00e9es \u00e0 vos besoins<\/h3>\t\t\t\t<\/div>\n\t\t\t\t<\/div>\n\t\t\t\t<div class=\"elementor-element elementor-element-59a5423a elementor-widget elementor-widget-text-editor\" data-id=\"59a5423a\" data-element_type=\"widget\" data-widget_type=\"text-editor.default\">\n\t\t\t\t<div class=\"elementor-widget-container\">\n\t\t\t\t\t\t\t\t\t<p>N\u2019oubliez pas que nos caisses Capsa\u00ae sont personnalisables\u00a0: sur-mesure, taille ou impression (\u00e0 une ou diverses encres).<\/p>\n<p>Et oui\u00a0! vous pouvez profiter des emballages pour v\u00e9hiculer votre identit\u00e9 et l\u2019image de votre entreprise.<\/p>\n\t\t\t\t\t\t\t\t<\/div>\n\t\t\t\t<\/div>\n\t\t\t\t<div class=\"elementor-element elementor-element-61ef5e64 elementor-align-center elementor-mobile-align-center elementor-widget elementor-widget-button\" data-id=\"61ef5e64\" data-element_type=\"widget\" data-widget_type=\"button.default\">\n\t\t\t\t<div class=\"elementor-widget-container\">\n\t\t\t\t\t\t\t\t\t<div class=\"elementor-button-wrapper\">\n\t\t\t\t\t<a class=\"elementor-button elementor-button-link elementor-size-sm elementor-animation-float\" href=\"\">\n\t\t\t\t\t\t<span class=\"elementor-button-content-wrapper\">\n\t\t\t\t\t\t<span class=\"elementor-button-icon\">\n\t\t\t\t<i aria-hidden=\"true\" class=\"far fa-edit\"><\/i>\t\t\t<\/span>\n\t\t\t\t\t\t\t\t\t<span class=\"elementor-button-text\"><p>Cr\u00e9ez votre capsa 2in1\u00ae<\/p><\/span>\n\t\t\t\t\t<\/span>\n\t\t\t\t\t<\/a>\n\t\t\t\t<\/div>\n\t\t\t\t\t\t\t\t<\/div>\n\t\t\t\t<\/div>\n\t\t\t\t<div class=\"elementor-element elementor-element-81ebd6 elementor-widget elementor-widget-menu-anchor\" data-id=\"81ebd6\" data-element_type=\"widget\" data-widget_type=\"menu-anchor.default\">\n\t\t\t\t<div class=\"elementor-widget-container\">\n\t\t\t\t\t\t\t<div class=\"elementor-menu-anchor\" id=\"pdescp\"><\/div>\n\t\t\t\t\t\t<\/div>\n\t\t\t\t<\/div>\n\t\t\t\t\t<\/div>\n\t\t<\/div>\n\t\t\t\t\t<\/div>\n\t\t<\/section>\n\t\t\t\t<section class=\"elementor-section elementor-top-section elementor-element elementor-element-3f9b02ed elementor-section-stretched elementor-section-boxed elementor-section-height-default elementor-section-height-default\" data-id=\"3f9b02ed\" data-element_type=\"section\" data-settings=\"{&quot;stretch_section&quot;:&quot;section-stretched&quot;,&quot;background_background&quot;:&quot;classic&quot;}\">\n\t\t\t\t\t\t<div class=\"elementor-container elementor-column-gap-default\">\n\t\t\t\t\t<div class=\"elementor-column elementor-col-50 elementor-top-column elementor-element elementor-element-100d8207\" data-id=\"100d8207\" data-element_type=\"column\">\n\t\t\t<div class=\"elementor-widget-wrap elementor-element-populated\">\n\t\t\t\t\t\t<div class=\"elementor-element elementor-element-2fc3fa02 elementor-widget elementor-widget-heading\" data-id=\"2fc3fa02\" data-element_type=\"widget\" data-widget_type=\"heading.default\">\n\t\t\t\t<div class=\"elementor-widget-container\">\n\t\t\t\t\t<h2 class=\"elementor-heading-title elementor-size-default\">Les sachets isothermes <em>Fresh<\/em>\u00ae conservent vos produits frais et propres \u00e0 la consommation<\/h2>\t\t\t\t<\/div>\n\t\t\t\t<\/div>\n\t\t\t\t<div class=\"elementor-element elementor-element-1f40c05a elementor-widget elementor-widget-text-editor\" data-id=\"1f40c05a\" data-element_type=\"widget\" data-widget_type=\"text-editor.default\">\n\t\t\t\t<div class=\"elementor-widget-container\">\n\t\t\t\t\t\t\t\t\t<p>Nous prenons en compte que les temp\u00e9ratures typiques de l\u2019\u00e9t\u00e9 sont de plus en plus \u00e9lev\u00e9es en raison du r\u00e9chauffement climatique. Sans aucun doute, cela repr\u00e9sente une menace pour les entreprises ecommerce destin\u00e9es \u00e0 la vente de denr\u00e9es alimentaires frais ou de produits \u00e0 proximit\u00e9. Il est aussi un probl\u00e8me pour les soci\u00e9t\u00e9s pharmaceutiques qui doivent envoyer des produits \u00e0 une certaine temp\u00e9rature qui n\u2019alt\u00e8re pas l\u2019\u00e9tat du contenu. Capsa\u00ae vous aide \u00e0 choisir un bon syst\u00e8me pour maintenir vos produits et votre magasin dans les conditions d\u2019hygi\u00e8ne souhaitables. Nos <strong>sachets isothermes <em>Fresh\u00ae<\/em><\/strong> se constituent d\u2019un mat\u00e9riau thermique \u00e0 bulles de poly\u00e9thyl\u00e8ne avec une feuille d\u2019aluminium qui ne seulement prot\u00e8gent le contenu contre les impacts, mais aussi permettent d\u2019envoyer des produits alimentaires sans ab\u00eemer leur \u00e9tat. Pour obtenir un rendement optimal de nos sachets isothermes <em>Fresh\u00ae<\/em> ajoutez-y des <strong>accumulateurs du froid souples<\/strong>.<\/p><p>Nos <strong>sachets isothermes<\/strong> ont la certification de la s\u00e9curit\u00e9 alimentaire BRC\u00a0; ils sont propres pour \u00eatre en contact avec les aliments et que ces derniers soient aptes \u00e0 la consommation. Sachez qu\u2019il vous est possible de garder nos sachets au r\u00e9frig\u00e9rateur pour les r\u00e9utiliser dans une autre occasion. N\u2019h\u00e9sitez pas \u00e0 les essayer et pr\u00e9servez des produits qui ont besoin d\u2019une temp\u00e9rature contr\u00f4l\u00e9.\u00a0\u00a0<\/p>\t\t\t\t\t\t\t\t<\/div>\n\t\t\t\t<\/div>\n\t\t\t\t\t<\/div>\n\t\t<\/div>\n\t\t\t\t<div class=\"elementor-column elementor-col-50 elementor-top-column elementor-element elementor-element-77aab506\" data-id=\"77aab506\" data-element_type=\"column\">\n\t\t\t<div class=\"elementor-widget-wrap elementor-element-populated\">\n\t\t\t\t\t\t<div class=\"elementor-element elementor-element-364dda36 elementor-widget elementor-widget-video\" data-id=\"364dda36\" data-element_type=\"widget\" data-settings=\"{&quot;youtube_url&quot;:&quot;https:\\\/\\\/youtu.be\\\/E7H6On-19-E&quot;,&quot;loop&quot;:&quot;yes&quot;,&quot;video_type&quot;:&quot;youtube&quot;,&quot;controls&quot;:&quot;yes&quot;}\" data-widget_type=\"video.default\">\n\t\t\t\t<div class=\"elementor-widget-container\">\n\t\t\t\t\t\t\t<div class=\"elementor-wrapper elementor-open-inline\">\n\t\t\t<div class=\"elementor-video\"><\/div>\t\t<\/div>\n\t\t\t\t\t\t<\/div>\n\t\t\t\t<\/div>\n\t\t\t\t\t<\/div>\n\t\t<\/div>\n\t\t\t\t\t<\/div>\n\t\t<\/section>\n\t\t\t\t<section class=\"elementor-section elementor-top-section elementor-element elementor-element-534e870d elementor-section-stretched elementor-section-boxed elementor-section-height-default elementor-section-height-default\" data-id=\"534e870d\" data-element_type=\"section\" data-settings=\"{&quot;stretch_section&quot;:&quot;section-stretched&quot;}\">\n\t\t\t\t\t\t<div class=\"elementor-container elementor-column-gap-default\">\n\t\t\t\t\t<div class=\"elementor-column elementor-col-100 elementor-top-column elementor-element elementor-element-5270cbb\" data-id=\"5270cbb\" data-element_type=\"column\">\n\t\t\t<div class=\"elementor-widget-wrap elementor-element-populated\">\n\t\t\t\t\t\t<div class=\"elementor-element elementor-element-490e739c elementor-widget elementor-widget-heading\" data-id=\"490e739c\" data-element_type=\"widget\" data-widget_type=\"heading.default\">\n\t\t\t\t<div class=\"elementor-widget-container\">\n\t\t\t\t\t<h3 class=\"elementor-heading-title elementor-size-default\">Utilisation des sachets isothermes Fresh<\/h3>\t\t\t\t<\/div>\n\t\t\t\t<\/div>\n\t\t\t\t<div class=\"elementor-element elementor-element-b78f0b3 elementor-widget elementor-widget-text-editor\" data-id=\"b78f0b3\" data-element_type=\"widget\" data-widget_type=\"text-editor.default\">\n\t\t\t\t<div class=\"elementor-widget-container\">\n\t\t\t\t\t\t\t\t\t<p>Nos<strong> sachets isothermes <em>Fresh\u00ae <\/em><\/strong>sont id\u00e9aux pour les ecommerces ou les centres de messagerie destin\u00e9es \u00e0 exp\u00e9dier produits alimentaires, pharmaceutiques ou biotechnologiques et qui r\u00e9clament une protection et une pr\u00e9servation de leurs produits avec un syst\u00e8me d\u2019une qualit\u00e9 superbe.<\/p>\t\t\t\t\t\t\t\t<\/div>\n\t\t\t\t<\/div>\n\t\t\t\t\t<\/div>\n\t\t<\/div>\n\t\t\t\t\t<\/div>\n\t\t<\/section>\n\t\t\t\t<\/div>\n\t\t","protected":false},"excerpt":{"rendered":"<p><strong>Avantages des sachets isothermes <em>Fresh<\/em>\u00ae<\/strong><\/p>\n<ul>\n<li>Aptes pour le <strong>transport de produits frais<\/strong><\/li>\n<li>Ils maintiennent la temp\u00e9rature de conservation de +2\u00b0 C \u00e0 +8\u00b0 C jusqu\u2019\u00e0 12 heures en fonction des accumulateurs du froid<\/li>\n<li>R\u00e9utilisables<\/li>\n<li>Ils incluent une fermeture autoadh\u00e9sive<\/li>\n<li>Ils ont la certification de la s\u00e9curit\u00e9 alimentaire BRC<\/li>\n<li>Ils peuvent \u00eatre mis au r\u00e9frig\u00e9rateur<\/li>\n<\/ul>\n","protected":false},"featured_media":8127,"comment_status":"closed","ping_status":"closed","template":"","meta":{"_acf_changed":false},"product_brand":[],"product_cat":[263,240],"product_tag":[266],"class_list":{"0":"post-12566","1":"product","2":"type-product","3":"status-publish","4":"has-post-thumbnail","6":"product_cat-caisses-carton-ecommerce","7":"product_cat-emballages-isothermes-pour-produits-frais","8":"product_tag-boites-thermiques-alimentaires","10":"first","11":"instock","12":"shipping-taxable","13":"product-type-simple"},"acf":[],"yoast_head":"<!-- This site is optimized with the Yoast SEO plugin v27.5 - https:\/\/yoast.com\/product\/yoast-seo-wordpress\/ -->\n<title>Sachets isothermes Fresh\u00ae \u2502 Exp\u00e9dier, conserver et prot\u00e9ger - CAPSA2in1\u00ae<\/title>\n<meta name=\"description\" content=\"Prot\u00e9gez vos produits et maintenez-les frais lors du trajet avec nos sachets isothermes Fresh\u00ae. Vos produits se conserveront frais jusqu\u2019\u00e0 12 heures. \u2744\ufe0f\" \/>\n<meta name=\"robots\" content=\"index, follow, max-snippet:-1, max-image-preview:large, max-video-preview:-1\" \/>\n<link rel=\"canonical\" href=\"https:\/\/capsa2in1.com\/fr\/produit\/sachets-isothermes-fresh\/\" \/>\n<meta property=\"og:locale\" content=\"fr_FR\" \/>\n<meta property=\"og:type\" content=\"article\" \/>\n<meta property=\"og:title\" content=\"Sachets isothermes Fresh\u00ae \u2502 Exp\u00e9dier, conserver et prot\u00e9ger - CAPSA2in1\u00ae\" \/>\n<meta property=\"og:description\" content=\"Prot\u00e9gez vos produits et maintenez-les frais lors du trajet avec nos sachets isothermes Fresh\u00ae. Vos produits se conserveront frais jusqu\u2019\u00e0 12 heures. \u2744\ufe0f\" \/>\n<meta property=\"og:url\" content=\"https:\/\/capsa2in1.com\/fr\/produit\/sachets-isothermes-fresh\/\" \/>\n<meta property=\"og:site_name\" content=\"CAPSA2in1\u00ae\" \/>\n<meta property=\"article:modified_time\" content=\"2023-10-25T13:56:47+00:00\" \/>\n<meta property=\"og:image\" content=\"https:\/\/capsa2in1.com\/wp-content\/uploads\/2020\/08\/funda-isotermica-PRINCIPAL-fresh.png\" \/>\n\t<meta property=\"og:image:width\" content=\"800\" \/>\n\t<meta property=\"og:image:height\" content=\"800\" \/>\n\t<meta property=\"og:image:type\" content=\"image\/png\" \/>\n<meta name=\"twitter:card\" content=\"summary_large_image\" \/>\n<meta name=\"twitter:label1\" content=\"Dur\u00e9e de lecture estim\u00e9e\" \/>\n\t<meta name=\"twitter:data1\" content=\"3 minutes\" \/>\n<script type=\"application\/ld+json\" class=\"yoast-schema-graph\">{\"@context\":\"https:\\\/\\\/schema.org\",\"@graph\":[{\"@type\":\"WebPage\",\"@id\":\"https:\\\/\\\/capsa2in1.com\\\/fr\\\/produit\\\/sachets-isothermes-fresh\\\/\",\"url\":\"https:\\\/\\\/capsa2in1.com\\\/fr\\\/produit\\\/sachets-isothermes-fresh\\\/\",\"name\":\"Sachets isothermes Fresh\u00ae \u2502 Exp\u00e9dier, conserver et prot\u00e9ger - CAPSA2in1\u00ae\",\"isPartOf\":{\"@id\":\"https:\\\/\\\/capsa2in1.com\\\/#website\"},\"primaryImageOfPage\":{\"@id\":\"https:\\\/\\\/capsa2in1.com\\\/fr\\\/produit\\\/sachets-isothermes-fresh\\\/#primaryimage\"},\"image\":{\"@id\":\"https:\\\/\\\/capsa2in1.com\\\/fr\\\/produit\\\/sachets-isothermes-fresh\\\/#primaryimage\"},\"thumbnailUrl\":\"https:\\\/\\\/capsa2in1.com\\\/wp-content\\\/uploads\\\/2020\\\/08\\\/funda-isotermica-PRINCIPAL-fresh.png\",\"datePublished\":\"2020-07-02T14:16:27+00:00\",\"dateModified\":\"2023-10-25T13:56:47+00:00\",\"description\":\"Prot\u00e9gez vos produits et maintenez-les frais lors du trajet avec nos sachets isothermes Fresh\u00ae. Vos produits se conserveront frais jusqu\u2019\u00e0 12 heures. \u2744\ufe0f\",\"breadcrumb\":{\"@id\":\"https:\\\/\\\/capsa2in1.com\\\/fr\\\/produit\\\/sachets-isothermes-fresh\\\/#breadcrumb\"},\"inLanguage\":\"fr-FR\",\"potentialAction\":[{\"@type\":\"ReadAction\",\"target\":[\"https:\\\/\\\/capsa2in1.com\\\/fr\\\/produit\\\/sachets-isothermes-fresh\\\/\"]}]},{\"@type\":\"ImageObject\",\"inLanguage\":\"fr-FR\",\"@id\":\"https:\\\/\\\/capsa2in1.com\\\/fr\\\/produit\\\/sachets-isothermes-fresh\\\/#primaryimage\",\"url\":\"https:\\\/\\\/capsa2in1.com\\\/wp-content\\\/uploads\\\/2020\\\/08\\\/funda-isotermica-PRINCIPAL-fresh.png\",\"contentUrl\":\"https:\\\/\\\/capsa2in1.com\\\/wp-content\\\/uploads\\\/2020\\\/08\\\/funda-isotermica-PRINCIPAL-fresh.png\",\"width\":800,\"height\":800,\"caption\":\"funda-isotermica-fresh\"},{\"@type\":\"BreadcrumbList\",\"@id\":\"https:\\\/\\\/capsa2in1.com\\\/fr\\\/produit\\\/sachets-isothermes-fresh\\\/#breadcrumb\",\"itemListElement\":[{\"@type\":\"ListItem\",\"position\":1,\"name\":\"Inicio\",\"item\":\"https:\\\/\\\/capsa2in1.com\\\/fr\\\/\"},{\"@type\":\"ListItem\",\"position\":2,\"name\":\"Produits\",\"item\":\"https:\\\/\\\/capsa2in1.com\\\/fr\\\/produits\\\/\"},{\"@type\":\"ListItem\",\"position\":3,\"name\":\"Sachets isothermes Fresh\u00ae\"}]},{\"@type\":\"WebSite\",\"@id\":\"https:\\\/\\\/capsa2in1.com\\\/#website\",\"url\":\"https:\\\/\\\/capsa2in1.com\\\/\",\"name\":\"CAPSA2in1\u00ae\",\"description\":\"Reusable packaging. Smarter, Greener Logistics!\",\"publisher\":{\"@id\":\"https:\\\/\\\/capsa2in1.com\\\/#organization\"},\"potentialAction\":[{\"@type\":\"SearchAction\",\"target\":{\"@type\":\"EntryPoint\",\"urlTemplate\":\"https:\\\/\\\/capsa2in1.com\\\/?s={search_term_string}\"},\"query-input\":{\"@type\":\"PropertyValueSpecification\",\"valueRequired\":true,\"valueName\":\"search_term_string\"}}],\"inLanguage\":\"fr-FR\"},{\"@type\":\"Organization\",\"@id\":\"https:\\\/\\\/capsa2in1.com\\\/#organization\",\"name\":\"CAPSA 2in1\",\"url\":\"https:\\\/\\\/capsa2in1.com\\\/\",\"logo\":{\"@type\":\"ImageObject\",\"inLanguage\":\"fr-FR\",\"@id\":\"https:\\\/\\\/capsa2in1.com\\\/#\\\/schema\\\/logo\\\/image\\\/\",\"url\":\"\",\"contentUrl\":\"\",\"caption\":\"CAPSA 2in1\"},\"image\":{\"@id\":\"https:\\\/\\\/capsa2in1.com\\\/#\\\/schema\\\/logo\\\/image\\\/\"}}]}<\/script>\n<!-- \/ Yoast SEO plugin. -->","yoast_head_json":{"title":"Sachets isothermes Fresh\u00ae \u2502 Exp\u00e9dier, conserver et prot\u00e9ger - CAPSA2in1\u00ae","description":"Prot\u00e9gez vos produits et maintenez-les frais lors du trajet avec nos sachets isothermes Fresh\u00ae. Vos produits se conserveront frais jusqu\u2019\u00e0 12 heures. \u2744\ufe0f","robots":{"index":"index","follow":"follow","max-snippet":"max-snippet:-1","max-image-preview":"max-image-preview:large","max-video-preview":"max-video-preview:-1"},"canonical":"https:\/\/capsa2in1.com\/fr\/produit\/sachets-isothermes-fresh\/","og_locale":"fr_FR","og_type":"article","og_title":"Sachets isothermes Fresh\u00ae \u2502 Exp\u00e9dier, conserver et prot\u00e9ger - CAPSA2in1\u00ae","og_description":"Prot\u00e9gez vos produits et maintenez-les frais lors du trajet avec nos sachets isothermes Fresh\u00ae. Vos produits se conserveront frais jusqu\u2019\u00e0 12 heures. \u2744\ufe0f","og_url":"https:\/\/capsa2in1.com\/fr\/produit\/sachets-isothermes-fresh\/","og_site_name":"CAPSA2in1\u00ae","article_modified_time":"2023-10-25T13:56:47+00:00","og_image":[{"width":800,"height":800,"url":"https:\/\/capsa2in1.com\/wp-content\/uploads\/2020\/08\/funda-isotermica-PRINCIPAL-fresh.png","type":"image\/png"}],"twitter_card":"summary_large_image","twitter_misc":{"Dur\u00e9e de lecture estim\u00e9e":"3 minutes"},"schema":{"@context":"https:\/\/schema.org","@graph":[{"@type":"WebPage","@id":"https:\/\/capsa2in1.com\/fr\/produit\/sachets-isothermes-fresh\/","url":"https:\/\/capsa2in1.com\/fr\/produit\/sachets-isothermes-fresh\/","name":"Sachets isothermes Fresh\u00ae \u2502 Exp\u00e9dier, conserver et prot\u00e9ger - CAPSA2in1\u00ae","isPartOf":{"@id":"https:\/\/capsa2in1.com\/#website"},"primaryImageOfPage":{"@id":"https:\/\/capsa2in1.com\/fr\/produit\/sachets-isothermes-fresh\/#primaryimage"},"image":{"@id":"https:\/\/capsa2in1.com\/fr\/produit\/sachets-isothermes-fresh\/#primaryimage"},"thumbnailUrl":"https:\/\/capsa2in1.com\/wp-content\/uploads\/2020\/08\/funda-isotermica-PRINCIPAL-fresh.png","datePublished":"2020-07-02T14:16:27+00:00","dateModified":"2023-10-25T13:56:47+00:00","description":"Prot\u00e9gez vos produits et maintenez-les frais lors du trajet avec nos sachets isothermes Fresh\u00ae. Vos produits se conserveront frais jusqu\u2019\u00e0 12 heures. \u2744\ufe0f","breadcrumb":{"@id":"https:\/\/capsa2in1.com\/fr\/produit\/sachets-isothermes-fresh\/#breadcrumb"},"inLanguage":"fr-FR","potentialAction":[{"@type":"ReadAction","target":["https:\/\/capsa2in1.com\/fr\/produit\/sachets-isothermes-fresh\/"]}]},{"@type":"ImageObject","inLanguage":"fr-FR","@id":"https:\/\/capsa2in1.com\/fr\/produit\/sachets-isothermes-fresh\/#primaryimage","url":"https:\/\/capsa2in1.com\/wp-content\/uploads\/2020\/08\/funda-isotermica-PRINCIPAL-fresh.png","contentUrl":"https:\/\/capsa2in1.com\/wp-content\/uploads\/2020\/08\/funda-isotermica-PRINCIPAL-fresh.png","width":800,"height":800,"caption":"funda-isotermica-fresh"},{"@type":"BreadcrumbList","@id":"https:\/\/capsa2in1.com\/fr\/produit\/sachets-isothermes-fresh\/#breadcrumb","itemListElement":[{"@type":"ListItem","position":1,"name":"Inicio","item":"https:\/\/capsa2in1.com\/fr\/"},{"@type":"ListItem","position":2,"name":"Produits","item":"https:\/\/capsa2in1.com\/fr\/produits\/"},{"@type":"ListItem","position":3,"name":"Sachets isothermes Fresh\u00ae"}]},{"@type":"WebSite","@id":"https:\/\/capsa2in1.com\/#website","url":"https:\/\/capsa2in1.com\/","name":"CAPSA2in1\u00ae","description":"Reusable packaging. Smarter, Greener Logistics!","publisher":{"@id":"https:\/\/capsa2in1.com\/#organization"},"potentialAction":[{"@type":"SearchAction","target":{"@type":"EntryPoint","urlTemplate":"https:\/\/capsa2in1.com\/?s={search_term_string}"},"query-input":{"@type":"PropertyValueSpecification","valueRequired":true,"valueName":"search_term_string"}}],"inLanguage":"fr-FR"},{"@type":"Organization","@id":"https:\/\/capsa2in1.com\/#organization","name":"CAPSA 2in1","url":"https:\/\/capsa2in1.com\/","logo":{"@type":"ImageObject","inLanguage":"fr-FR","@id":"https:\/\/capsa2in1.com\/#\/schema\/logo\/image\/","url":"","contentUrl":"","caption":"CAPSA 2in1"},"image":{"@id":"https:\/\/capsa2in1.com\/#\/schema\/logo\/image\/"}}]}},"_links":{"self":[{"href":"https:\/\/capsa2in1.com\/fr\/wp-json\/wp\/v2\/product\/12566","targetHints":{"allow":["GET"]}}],"collection":[{"href":"https:\/\/capsa2in1.com\/fr\/wp-json\/wp\/v2\/product"}],"about":[{"href":"https:\/\/capsa2in1.com\/fr\/wp-json\/wp\/v2\/types\/product"}],"replies":[{"embeddable":true,"href":"https:\/\/capsa2in1.com\/fr\/wp-json\/wp\/v2\/comments?post=12566"}],"wp:featuredmedia":[{"embeddable":true,"href":"https:\/\/capsa2in1.com\/fr\/wp-json\/wp\/v2\/media\/8127"}],"wp:attachment":[{"href":"https:\/\/capsa2in1.com\/fr\/wp-json\/wp\/v2\/media?parent=12566"}],"wp:term":[{"taxonomy":"product_brand","embeddable":true,"href":"https:\/\/capsa2in1.com\/fr\/wp-json\/wp\/v2\/product_brand?post=12566"},{"taxonomy":"product_cat","embeddable":true,"href":"https:\/\/capsa2in1.com\/fr\/wp-json\/wp\/v2\/product_cat?post=12566"},{"taxonomy":"product_tag","embeddable":true,"href":"https:\/\/capsa2in1.com\/fr\/wp-json\/wp\/v2\/product_tag?post=12566"}],"curies":[{"name":"wp","href":"https:\/\/api.w.org\/{rel}","templated":true}]}}