{"id":12548,"date":"2020-07-02T14:27:40","date_gmt":"2020-07-02T14:27:40","guid":{"rendered":"https:\/\/capsa2in1.com\/producto\/caisses-container-avec-rabats-et-couvercle-a-montage-facile\/"},"modified":"2023-10-25T13:54:39","modified_gmt":"2023-10-25T13:54:39","slug":"caisses-container-avec-rabats-et-couvercle-a-montage-facile","status":"publish","type":"product","link":"https:\/\/capsa2in1.com\/fr\/produit\/caisses-container-avec-rabats-et-couvercle-a-montage-facile\/","title":{"rendered":"Caisses container avec rabats et couvercle \u00e0 montage facile"},"content":{"rendered":"\t\t<div data-elementor-type=\"product-post\" data-elementor-id=\"12548\" class=\"elementor elementor-12548 elementor-7615\" data-elementor-post-type=\"product\">\n\t\t\t\t\t\t<section class=\"elementor-section elementor-top-section elementor-element elementor-element-15fc9c89 elementor-section-stretched elementor-section-boxed elementor-section-height-default elementor-section-height-default\" data-id=\"15fc9c89\" data-element_type=\"section\" data-settings=\"{&quot;stretch_section&quot;:&quot;section-stretched&quot;}\">\n\t\t\t\t\t\t<div class=\"elementor-container elementor-column-gap-default\">\n\t\t\t\t\t<div class=\"elementor-column elementor-col-100 elementor-top-column elementor-element elementor-element-ead00cb\" data-id=\"ead00cb\" data-element_type=\"column\">\n\t\t\t<div class=\"elementor-widget-wrap elementor-element-populated\">\n\t\t\t\t\t\t<div class=\"elementor-element elementor-element-2c6e1a42 elementor-widget elementor-widget-heading\" data-id=\"2c6e1a42\" data-element_type=\"widget\" data-widget_type=\"heading.default\">\n\t\t\t\t<div class=\"elementor-widget-container\">\n\t\t\t\t\t<h2 class=\"elementor-heading-title elementor-size-default\">Disponible en los siguientes formatos:<\/h2>\t\t\t\t<\/div>\n\t\t\t\t<\/div>\n\t\t\t\t<div class=\"elementor-element elementor-element-4dc38f53 elementor-hidden-phone elementor-widget elementor-widget-text-editor\" data-id=\"4dc38f53\" data-element_type=\"widget\" data-widget_type=\"text-editor.default\">\n\t\t\t\t<div class=\"elementor-widget-container\">\n\t\t\t\t\t\t\t\t\t<table width=\"100%\">\r\n<thead>\r\n<tr>\r\n<td><strong>REFERENCIA<\/strong><\/td>\r\n<td><strong>MEDIDAS INTERIORES\r\nen mm (L x An x Al)<\/strong><\/td>\r\n<td><strong>MEDIDAS EXTERIORES\r\nen mm (L x An x Al)<\/strong><\/td>\r\n<td><strong>INDICADO PARA<\/strong><\/td>\r\n<\/tr>\r\n<\/thead>\r\n<tbody>\r\n<tr>\r\n<td><span style=\"color: #ee7719;\">CPK1279<\/span><\/td>\r\n<td>760 x 570 x 893<\/td>\r\n<td>800 x 600 x 908<\/td>\r\n<td>1\/2 PL80<\/td>\r\n<\/tr>\r\n<tr>\r\n<td><span style=\"color: #ee7719;\">CPK1278<\/span><\/td>\r\n<td>1160 x 770 x 863<\/td>\r\n<td>1200 x 800 x 878<\/td>\r\n<td>PL80<\/td>\r\n<\/tr>\r\n<\/tbody>\r\n<\/table>\r\n<h4><\/h4>\t\t\t\t\t\t\t\t<\/div>\n\t\t\t\t<\/div>\n\t\t\t\t<div class=\"elementor-element elementor-element-4b24e29 elementor-hidden-desktop elementor-hidden-tablet elementor-widget elementor-widget-text-editor\" data-id=\"4b24e29\" data-element_type=\"widget\" data-widget_type=\"text-editor.default\">\n\t\t\t\t<div class=\"elementor-widget-container\">\n\t\t\t\t\t\t\t\t\t<table width=\"48%\">\r\n<thead>\r\n<tr>\r\n<td><strong>REFERENCIA<\/strong><\/td>\r\n<td><strong>MEDIDAS INTERIORES\r\nen mm (L x An x Al)<\/strong><\/td>\r\n<\/tr>\r\n<\/thead>\r\n<tbody>\r\n<tr>\r\n<td><span style=\"color: #ed6d04;\">CPK1279<\/span><\/td>\r\n<td>760 x 570 x 893<\/td>\r\n<\/tr>\r\n<tr>\r\n<td><span style=\"color: #ed6d04;\">CPK1278<\/span><\/td>\r\n<td>1160 x 770 x 893<\/td>\r\n<\/tr>\r\n<\/tbody>\r\n<\/table>\r\n<strong>\u00a0<\/strong>\t\t\t\t\t\t\t\t<\/div>\n\t\t\t\t<\/div>\n\t\t\t\t\t<\/div>\n\t\t<\/div>\n\t\t\t\t\t<\/div>\n\t\t<\/section>\n\t\t\t\t<section class=\"elementor-section elementor-top-section elementor-element elementor-element-50f98a83 elementor-section-full_width elementor-section-stretched elementor-section-height-default elementor-section-height-default\" data-id=\"50f98a83\" data-element_type=\"section\" data-settings=\"{&quot;background_background&quot;:&quot;gradient&quot;,&quot;stretch_section&quot;:&quot;section-stretched&quot;}\">\n\t\t\t\t\t\t<div class=\"elementor-container elementor-column-gap-default\">\n\t\t\t\t\t<div class=\"elementor-column elementor-col-100 elementor-top-column elementor-element elementor-element-3a9818d0\" data-id=\"3a9818d0\" data-element_type=\"column\">\n\t\t\t<div class=\"elementor-widget-wrap elementor-element-populated\">\n\t\t\t\t\t\t<div class=\"elementor-element elementor-element-1bedcc4e elementor-widget elementor-widget-heading\" data-id=\"1bedcc4e\" data-element_type=\"widget\" data-widget_type=\"heading.default\">\n\t\t\t\t<div class=\"elementor-widget-container\">\n\t\t\t\t\t<h3 class=\"elementor-heading-title elementor-size-default\">Caisses personnalisables adapt\u00e9es \u00e0 vos besoins<\/h3>\t\t\t\t<\/div>\n\t\t\t\t<\/div>\n\t\t\t\t<div class=\"elementor-element elementor-element-7f38c66b elementor-widget elementor-widget-text-editor\" data-id=\"7f38c66b\" data-element_type=\"widget\" data-widget_type=\"text-editor.default\">\n\t\t\t\t<div class=\"elementor-widget-container\">\n\t\t\t\t\t\t\t\t\tN&rsquo;oubliez pas que toutes nos bo\u00eetes sont enti\u00e8rement personnalisables, tant au niveau de la taille, du format que de l&rsquo;impression, qui peut \u00eatre une ou plusieurs encres, alors profitez de l&#8217;emballage pour faire conna\u00eetre votre marque!\t\t\t\t\t\t\t\t<\/div>\n\t\t\t\t<\/div>\n\t\t\t\t<div class=\"elementor-element elementor-element-27633935 elementor-align-center elementor-mobile-align-center elementor-widget elementor-widget-button\" data-id=\"27633935\" data-element_type=\"widget\" data-widget_type=\"button.default\">\n\t\t\t\t<div class=\"elementor-widget-container\">\n\t\t\t\t\t\t\t\t\t<div class=\"elementor-button-wrapper\">\n\t\t\t\t\t<a class=\"elementor-button elementor-button-link elementor-size-sm elementor-animation-float\" href=\"https:\/\/capsa2in1.com\/fr\/personnalisez-votre-capsa2in1\/\">\n\t\t\t\t\t\t<span class=\"elementor-button-content-wrapper\">\n\t\t\t\t\t\t<span class=\"elementor-button-icon\">\n\t\t\t\t<i aria-hidden=\"true\" class=\"far fa-edit\"><\/i>\t\t\t<\/span>\n\t\t\t\t\t\t\t\t\t<span class=\"elementor-button-text\">Cr\u00e9ez votre capsa 2in1\u00ae<\/span>\n\t\t\t\t\t<\/span>\n\t\t\t\t\t<\/a>\n\t\t\t\t<\/div>\n\t\t\t\t\t\t\t\t<\/div>\n\t\t\t\t<\/div>\n\t\t\t\t<div class=\"elementor-element elementor-element-62f87111 elementor-widget elementor-widget-menu-anchor\" data-id=\"62f87111\" data-element_type=\"widget\" data-widget_type=\"menu-anchor.default\">\n\t\t\t\t<div class=\"elementor-widget-container\">\n\t\t\t\t\t\t\t<div class=\"elementor-menu-anchor\" id=\"pdescp\"><\/div>\n\t\t\t\t\t\t<\/div>\n\t\t\t\t<\/div>\n\t\t\t\t\t<\/div>\n\t\t<\/div>\n\t\t\t\t\t<\/div>\n\t\t<\/section>\n\t\t\t\t<section class=\"elementor-section elementor-top-section elementor-element elementor-element-3bc7ba56 elementor-section-stretched elementor-section-boxed elementor-section-height-default elementor-section-height-default\" data-id=\"3bc7ba56\" data-element_type=\"section\" data-settings=\"{&quot;stretch_section&quot;:&quot;section-stretched&quot;,&quot;background_background&quot;:&quot;classic&quot;}\">\n\t\t\t\t\t\t<div class=\"elementor-container elementor-column-gap-default\">\n\t\t\t\t\t<div class=\"elementor-column elementor-col-50 elementor-top-column elementor-element elementor-element-7e318668\" data-id=\"7e318668\" data-element_type=\"column\">\n\t\t\t<div class=\"elementor-widget-wrap elementor-element-populated\">\n\t\t\t\t\t\t<div class=\"elementor-element elementor-element-3d68736f elementor-widget elementor-widget-heading\" data-id=\"3d68736f\" data-element_type=\"widget\" data-widget_type=\"heading.default\">\n\t\t\t\t<div class=\"elementor-widget-container\">\n\t\t\t\t\t<h2 class=\"elementor-heading-title elementor-size-default\">Caisses container avec rabats et couvercle \u00e0 montage facile<\/h2>\t\t\t\t<\/div>\n\t\t\t\t<\/div>\n\t\t\t\t<div class=\"elementor-element elementor-element-cd50e9f elementor-widget elementor-widget-text-editor\" data-id=\"cd50e9f\" data-element_type=\"widget\" data-widget_type=\"text-editor.default\">\n\t\t\t\t<div class=\"elementor-widget-container\">\n\t\t\t\t\t\t\t\t\tNous pensons qu&rsquo;une entreprise atteint son apog\u00e9e lorsqu&rsquo;elle s&rsquo;engage dans l&rsquo;exportation de ses produits. Cela d\u00e9note une croissance et une augmentation des ventes et montre donc qu&rsquo;elle offre un produit de qualit\u00e9 supr\u00eame. Afin d&rsquo;accompagner cette croissance, nous voulons offrir un excellent emballage pour que les produits puissent \u00eatre exp\u00e9di\u00e9s en toute s\u00e9curit\u00e9.\r\n\r\nLes produits sont souvent export\u00e9s par voie routi\u00e8re, a\u00e9rienne ou maritime. Les bo\u00eetes d&rsquo;exp\u00e9dition internationale doivent donc offrir protection, s\u00e9curit\u00e9 et r\u00e9sistance optimale pour prot\u00e9ger leur contenu.\r\n\r\nChez Capsa\u00ae, nous disposons de bo\u00eetes <strong>conteneurs avec rabats et couvercles faciles \u00e0 monter<\/strong>, con\u00e7ues pour prot\u00e9ger et regrouper les produits, quels que soient leur type, leur taille ou leur poids. Nos solutions de bo\u00eetes pour conteneurs d&rsquo;exportation ont \u00e9t\u00e9 d\u00e9velopp\u00e9es avec le m\u00eame objectif principal : assurer une protection maximale du contenu. C&rsquo;est pourquoi notre s\u00e9lection de bo\u00eetes pour les exp\u00e9ditions internationales permet \u00e0 la fois de regrouper des produits et de renforcer les performances de votre cha\u00eene logistique.\t\t\t\t\t\t\t\t<\/div>\n\t\t\t\t<\/div>\n\t\t\t\t\t<\/div>\n\t\t<\/div>\n\t\t\t\t<div class=\"elementor-column elementor-col-50 elementor-top-column elementor-element elementor-element-34753a14\" data-id=\"34753a14\" data-element_type=\"column\">\n\t\t\t<div class=\"elementor-widget-wrap elementor-element-populated\">\n\t\t\t\t\t\t<div class=\"elementor-element elementor-element-12f543cb elementor-widget elementor-widget-text-editor\" data-id=\"12f543cb\" data-element_type=\"widget\" data-widget_type=\"text-editor.default\">\n\t\t\t\t<div class=\"elementor-widget-container\">\n\t\t\t\t\t\t\t\t\tC&rsquo;est pourquoi nous vous offrons une protection maximale pour vos produits volumineux et lourds, quelle que soit la difficult\u00e9 de votre cha\u00eene d&rsquo;approvisionnement. Notre bo\u00eete conteneur avec rabats et couvercle est id\u00e9ale pour les exp\u00e9ditions palettis\u00e9es de produits de grande taille, avec un couvercle sup\u00e9rieur et des rabats inf\u00e9rieurs, ce qui vous permettra d&rsquo;optimiser davantage votre espace d&#8217;emballage et de minimiser ainsi le nombre d&rsquo;exp\u00e9ditions.\r\n\r\nCes caisses conteneurs sont enti\u00e8rement empilables et stables, car il s&rsquo;agit d&#8217;emballages fabriqu\u00e9s avec une qualit\u00e9 de r\u00e9sistance suppl\u00e9mentaire qui prot\u00e8ge le contenu \u00e0 plus grande \u00e9chelle et leur structure leur permet d&rsquo;\u00eatre empilables, ce qui permet d&rsquo;exploiter au mieux l&rsquo;espace disponible dans l&rsquo;entrep\u00f4t ainsi que dans le camion ou le moyen de transport pour l&rsquo;exp\u00e9dition. Sans oublier qu&rsquo;ils sont \u00e9galement r\u00e9sistants aux conditions climatiques humides, pr\u00e9servant ainsi la conservation des produits emball\u00e9s.\r\n\r\nProfitez des dimensions de la bo\u00eete et utilisez les panneaux ext\u00e9rieurs pour inclure votre marque. De cette fa\u00e7on, vous augmenterez la visibilit\u00e9 de votre marque au niveau national et international.\r\n<div id=\"gtx-trans\" style=\"position: absolute; left: 481px; top: 38px;\">\r\n<div class=\"gtx-trans-icon\"><\/div>\r\n<\/div>\t\t\t\t\t\t\t\t<\/div>\n\t\t\t\t<\/div>\n\t\t\t\t\t<\/div>\n\t\t<\/div>\n\t\t\t\t\t<\/div>\n\t\t<\/section>\n\t\t\t\t<section class=\"elementor-section elementor-top-section elementor-element elementor-element-465f871d elementor-section-stretched elementor-section-boxed elementor-section-height-default elementor-section-height-default\" data-id=\"465f871d\" data-element_type=\"section\" data-settings=\"{&quot;stretch_section&quot;:&quot;section-stretched&quot;}\">\n\t\t\t\t\t\t<div class=\"elementor-container elementor-column-gap-default\">\n\t\t\t\t\t<div class=\"elementor-column elementor-col-100 elementor-top-column elementor-element elementor-element-4ad7881b\" data-id=\"4ad7881b\" data-element_type=\"column\">\n\t\t\t<div class=\"elementor-widget-wrap elementor-element-populated\">\n\t\t\t\t\t\t<div class=\"elementor-element elementor-element-3060124e elementor-widget elementor-widget-heading\" data-id=\"3060124e\" data-element_type=\"widget\" data-widget_type=\"heading.default\">\n\t\t\t\t<div class=\"elementor-widget-container\">\n\t\t\t\t\t<h2 class=\"elementor-heading-title elementor-size-default\">Utilisation des caisses container avec rabats et couvercle<\/h2>\t\t\t\t<\/div>\n\t\t\t\t<\/div>\n\t\t\t\t<div class=\"elementor-element elementor-element-4fd4fec6 elementor-widget elementor-widget-text-editor\" data-id=\"4fd4fec6\" data-element_type=\"widget\" data-widget_type=\"text-editor.default\">\n\t\t\t\t<div class=\"elementor-widget-container\">\n\t\t\t\t\t\t\t\t\tNos <strong>bo\u00eetes conteneurs avec rabats et couvercles<\/strong> sont parfaites pour les entreprises de tous types de secteurs industriels qui vendent des produits l\u00e9gers et lourds tels que : boissons, alimentation, pi\u00e8ces automobiles, produits industriels, sant\u00e9 et beaut\u00e9, agroalimentaire et produits pharmaceutiques.\r\n\r\nLaissez vos produits aller loin avec les meilleures bo\u00eetes conteneurs. Essayez-les!\r\n<div id=\"gtx-trans\" style=\"position: absolute; left: 337px; top: 38px;\">\r\n<div class=\"gtx-trans-icon\"><\/div>\r\n<\/div>\t\t\t\t\t\t\t\t<\/div>\n\t\t\t\t<\/div>\n\t\t\t\t\t<\/div>\n\t\t<\/div>\n\t\t\t\t\t<\/div>\n\t\t<\/section>\n\t\t\t\t<\/div>\n\t\t","protected":false},"excerpt":{"rendered":"<p><strong>Avantages des caisses container avec rabats et couvercle \u00e0 montage facile<\/strong><\/p>\n<ul>\n<li>Immobilise et prot\u00e8ge le contenu<\/li>\n<li>Optimisation de l&rsquo;espace<\/li>\n<li>Manipulation facile<\/li>\n<li>Empilable et stable<\/li>\n<li>Syst\u00e8me de palettisation europ\u00e9en et am\u00e9ricain<\/li>\n<li>Personnalisable<\/li>\n<li>R\u00e9duisez les co\u00fbts logistiques<\/li>\n<\/ul>\n","protected":false},"featured_media":19077,"comment_status":"closed","ping_status":"closed","template":"","meta":{"_acf_changed":false},"product_brand":[],"product_cat":[237],"product_tag":[261,265,267],"class_list":{"0":"post-12548","1":"product","2":"type-product","3":"status-publish","4":"has-post-thumbnail","6":"product_cat-caisses-container-pour-exportation","7":"product_tag-caisses-carton-dexpedition","8":"product_tag-caisses-pour-expeditions-internationales","9":"product_tag-emballages-industriels","11":"first","12":"instock","13":"shipping-taxable","14":"product-type-simple"},"acf":[],"yoast_head":"<!-- This site is optimized with the Yoast SEO plugin v27.5 - https:\/\/yoast.com\/product\/yoast-seo-wordpress\/ -->\n<title>Caisses container avec rabats et couvercle \u00e0 montage facile - CAPSA2in1\u00ae<\/title>\n<meta name=\"robots\" content=\"index, follow, max-snippet:-1, max-image-preview:large, max-video-preview:-1\" \/>\n<link rel=\"canonical\" href=\"https:\/\/capsa2in1.com\/fr\/produit\/caisses-container-avec-rabats-et-couvercle-a-montage-facile\/\" \/>\n<meta property=\"og:locale\" content=\"fr_FR\" \/>\n<meta property=\"og:type\" content=\"article\" \/>\n<meta property=\"og:title\" content=\"Caisses container avec rabats et couvercle \u00e0 montage facile - CAPSA2in1\u00ae\" \/>\n<meta property=\"og:description\" content=\"Avantages des caisses container avec rabats et couvercle \u00e0 montage facile   Immobilise et prot\u00e8ge le contenu  Optimisation de l&#039;espace  Manipulation facile  Empilable et stable  Syst\u00e8me de palettisation europ\u00e9en et am\u00e9ricain  Personnalisable  R\u00e9duisez les co\u00fbts logistiques\" \/>\n<meta property=\"og:url\" content=\"https:\/\/capsa2in1.com\/fr\/produit\/caisses-container-avec-rabats-et-couvercle-a-montage-facile\/\" \/>\n<meta property=\"og:site_name\" content=\"CAPSA2in1\u00ae\" \/>\n<meta property=\"article:modified_time\" content=\"2023-10-25T13:54:39+00:00\" \/>\n<meta property=\"og:image\" content=\"https:\/\/capsa2in1.com\/wp-content\/uploads\/2021\/05\/Exportacion-caja-contenedor-PRINCIPAL-new_l.png\" \/>\n\t<meta property=\"og:image:width\" content=\"800\" \/>\n\t<meta property=\"og:image:height\" content=\"800\" \/>\n\t<meta property=\"og:image:type\" content=\"image\/png\" \/>\n<meta name=\"twitter:card\" content=\"summary_large_image\" \/>\n<meta name=\"twitter:label1\" content=\"Dur\u00e9e de lecture estim\u00e9e\" \/>\n\t<meta name=\"twitter:data1\" content=\"3 minutes\" \/>\n<script type=\"application\/ld+json\" class=\"yoast-schema-graph\">{\"@context\":\"https:\\\/\\\/schema.org\",\"@graph\":[{\"@type\":\"WebPage\",\"@id\":\"https:\\\/\\\/capsa2in1.com\\\/fr\\\/produit\\\/caisses-container-avec-rabats-et-couvercle-a-montage-facile\\\/\",\"url\":\"https:\\\/\\\/capsa2in1.com\\\/fr\\\/produit\\\/caisses-container-avec-rabats-et-couvercle-a-montage-facile\\\/\",\"name\":\"Caisses container avec rabats et couvercle \u00e0 montage facile - CAPSA2in1\u00ae\",\"isPartOf\":{\"@id\":\"https:\\\/\\\/capsa2in1.com\\\/#website\"},\"primaryImageOfPage\":{\"@id\":\"https:\\\/\\\/capsa2in1.com\\\/fr\\\/produit\\\/caisses-container-avec-rabats-et-couvercle-a-montage-facile\\\/#primaryimage\"},\"image\":{\"@id\":\"https:\\\/\\\/capsa2in1.com\\\/fr\\\/produit\\\/caisses-container-avec-rabats-et-couvercle-a-montage-facile\\\/#primaryimage\"},\"thumbnailUrl\":\"https:\\\/\\\/capsa2in1.com\\\/wp-content\\\/uploads\\\/2021\\\/05\\\/Exportacion-caja-contenedor-PRINCIPAL-new_l.png\",\"datePublished\":\"2020-07-02T14:27:40+00:00\",\"dateModified\":\"2023-10-25T13:54:39+00:00\",\"breadcrumb\":{\"@id\":\"https:\\\/\\\/capsa2in1.com\\\/fr\\\/produit\\\/caisses-container-avec-rabats-et-couvercle-a-montage-facile\\\/#breadcrumb\"},\"inLanguage\":\"fr-FR\",\"potentialAction\":[{\"@type\":\"ReadAction\",\"target\":[\"https:\\\/\\\/capsa2in1.com\\\/fr\\\/produit\\\/caisses-container-avec-rabats-et-couvercle-a-montage-facile\\\/\"]}]},{\"@type\":\"ImageObject\",\"inLanguage\":\"fr-FR\",\"@id\":\"https:\\\/\\\/capsa2in1.com\\\/fr\\\/produit\\\/caisses-container-avec-rabats-et-couvercle-a-montage-facile\\\/#primaryimage\",\"url\":\"https:\\\/\\\/capsa2in1.com\\\/wp-content\\\/uploads\\\/2021\\\/05\\\/Exportacion-caja-contenedor-PRINCIPAL-new_l.png\",\"contentUrl\":\"https:\\\/\\\/capsa2in1.com\\\/wp-content\\\/uploads\\\/2021\\\/05\\\/Exportacion-caja-contenedor-PRINCIPAL-new_l.png\",\"width\":800,\"height\":800,\"caption\":\"Exportacion caja-contenedor-PRINCIPAL-new_l\"},{\"@type\":\"BreadcrumbList\",\"@id\":\"https:\\\/\\\/capsa2in1.com\\\/fr\\\/produit\\\/caisses-container-avec-rabats-et-couvercle-a-montage-facile\\\/#breadcrumb\",\"itemListElement\":[{\"@type\":\"ListItem\",\"position\":1,\"name\":\"Inicio\",\"item\":\"https:\\\/\\\/capsa2in1.com\\\/fr\\\/\"},{\"@type\":\"ListItem\",\"position\":2,\"name\":\"Produits\",\"item\":\"https:\\\/\\\/capsa2in1.com\\\/fr\\\/produits\\\/\"},{\"@type\":\"ListItem\",\"position\":3,\"name\":\"Caisses container avec rabats et couvercle \u00e0 montage facile\"}]},{\"@type\":\"WebSite\",\"@id\":\"https:\\\/\\\/capsa2in1.com\\\/#website\",\"url\":\"https:\\\/\\\/capsa2in1.com\\\/\",\"name\":\"CAPSA2in1\u00ae\",\"description\":\"Reusable packaging. Smarter, Greener Logistics!\",\"publisher\":{\"@id\":\"https:\\\/\\\/capsa2in1.com\\\/#organization\"},\"potentialAction\":[{\"@type\":\"SearchAction\",\"target\":{\"@type\":\"EntryPoint\",\"urlTemplate\":\"https:\\\/\\\/capsa2in1.com\\\/?s={search_term_string}\"},\"query-input\":{\"@type\":\"PropertyValueSpecification\",\"valueRequired\":true,\"valueName\":\"search_term_string\"}}],\"inLanguage\":\"fr-FR\"},{\"@type\":\"Organization\",\"@id\":\"https:\\\/\\\/capsa2in1.com\\\/#organization\",\"name\":\"CAPSA 2in1\",\"url\":\"https:\\\/\\\/capsa2in1.com\\\/\",\"logo\":{\"@type\":\"ImageObject\",\"inLanguage\":\"fr-FR\",\"@id\":\"https:\\\/\\\/capsa2in1.com\\\/#\\\/schema\\\/logo\\\/image\\\/\",\"url\":\"\",\"contentUrl\":\"\",\"caption\":\"CAPSA 2in1\"},\"image\":{\"@id\":\"https:\\\/\\\/capsa2in1.com\\\/#\\\/schema\\\/logo\\\/image\\\/\"}}]}<\/script>\n<!-- \/ Yoast SEO plugin. -->","yoast_head_json":{"title":"Caisses container avec rabats et couvercle \u00e0 montage facile - CAPSA2in1\u00ae","robots":{"index":"index","follow":"follow","max-snippet":"max-snippet:-1","max-image-preview":"max-image-preview:large","max-video-preview":"max-video-preview:-1"},"canonical":"https:\/\/capsa2in1.com\/fr\/produit\/caisses-container-avec-rabats-et-couvercle-a-montage-facile\/","og_locale":"fr_FR","og_type":"article","og_title":"Caisses container avec rabats et couvercle \u00e0 montage facile - CAPSA2in1\u00ae","og_description":"Avantages des caisses container avec rabats et couvercle \u00e0 montage facile   Immobilise et prot\u00e8ge le contenu  Optimisation de l'espace  Manipulation facile  Empilable et stable  Syst\u00e8me de palettisation europ\u00e9en et am\u00e9ricain  Personnalisable  R\u00e9duisez les co\u00fbts logistiques","og_url":"https:\/\/capsa2in1.com\/fr\/produit\/caisses-container-avec-rabats-et-couvercle-a-montage-facile\/","og_site_name":"CAPSA2in1\u00ae","article_modified_time":"2023-10-25T13:54:39+00:00","og_image":[{"width":800,"height":800,"url":"https:\/\/capsa2in1.com\/wp-content\/uploads\/2021\/05\/Exportacion-caja-contenedor-PRINCIPAL-new_l.png","type":"image\/png"}],"twitter_card":"summary_large_image","twitter_misc":{"Dur\u00e9e de lecture estim\u00e9e":"3 minutes"},"schema":{"@context":"https:\/\/schema.org","@graph":[{"@type":"WebPage","@id":"https:\/\/capsa2in1.com\/fr\/produit\/caisses-container-avec-rabats-et-couvercle-a-montage-facile\/","url":"https:\/\/capsa2in1.com\/fr\/produit\/caisses-container-avec-rabats-et-couvercle-a-montage-facile\/","name":"Caisses container avec rabats et couvercle \u00e0 montage facile - CAPSA2in1\u00ae","isPartOf":{"@id":"https:\/\/capsa2in1.com\/#website"},"primaryImageOfPage":{"@id":"https:\/\/capsa2in1.com\/fr\/produit\/caisses-container-avec-rabats-et-couvercle-a-montage-facile\/#primaryimage"},"image":{"@id":"https:\/\/capsa2in1.com\/fr\/produit\/caisses-container-avec-rabats-et-couvercle-a-montage-facile\/#primaryimage"},"thumbnailUrl":"https:\/\/capsa2in1.com\/wp-content\/uploads\/2021\/05\/Exportacion-caja-contenedor-PRINCIPAL-new_l.png","datePublished":"2020-07-02T14:27:40+00:00","dateModified":"2023-10-25T13:54:39+00:00","breadcrumb":{"@id":"https:\/\/capsa2in1.com\/fr\/produit\/caisses-container-avec-rabats-et-couvercle-a-montage-facile\/#breadcrumb"},"inLanguage":"fr-FR","potentialAction":[{"@type":"ReadAction","target":["https:\/\/capsa2in1.com\/fr\/produit\/caisses-container-avec-rabats-et-couvercle-a-montage-facile\/"]}]},{"@type":"ImageObject","inLanguage":"fr-FR","@id":"https:\/\/capsa2in1.com\/fr\/produit\/caisses-container-avec-rabats-et-couvercle-a-montage-facile\/#primaryimage","url":"https:\/\/capsa2in1.com\/wp-content\/uploads\/2021\/05\/Exportacion-caja-contenedor-PRINCIPAL-new_l.png","contentUrl":"https:\/\/capsa2in1.com\/wp-content\/uploads\/2021\/05\/Exportacion-caja-contenedor-PRINCIPAL-new_l.png","width":800,"height":800,"caption":"Exportacion caja-contenedor-PRINCIPAL-new_l"},{"@type":"BreadcrumbList","@id":"https:\/\/capsa2in1.com\/fr\/produit\/caisses-container-avec-rabats-et-couvercle-a-montage-facile\/#breadcrumb","itemListElement":[{"@type":"ListItem","position":1,"name":"Inicio","item":"https:\/\/capsa2in1.com\/fr\/"},{"@type":"ListItem","position":2,"name":"Produits","item":"https:\/\/capsa2in1.com\/fr\/produits\/"},{"@type":"ListItem","position":3,"name":"Caisses container avec rabats et couvercle \u00e0 montage facile"}]},{"@type":"WebSite","@id":"https:\/\/capsa2in1.com\/#website","url":"https:\/\/capsa2in1.com\/","name":"CAPSA2in1\u00ae","description":"Reusable packaging. Smarter, Greener Logistics!","publisher":{"@id":"https:\/\/capsa2in1.com\/#organization"},"potentialAction":[{"@type":"SearchAction","target":{"@type":"EntryPoint","urlTemplate":"https:\/\/capsa2in1.com\/?s={search_term_string}"},"query-input":{"@type":"PropertyValueSpecification","valueRequired":true,"valueName":"search_term_string"}}],"inLanguage":"fr-FR"},{"@type":"Organization","@id":"https:\/\/capsa2in1.com\/#organization","name":"CAPSA 2in1","url":"https:\/\/capsa2in1.com\/","logo":{"@type":"ImageObject","inLanguage":"fr-FR","@id":"https:\/\/capsa2in1.com\/#\/schema\/logo\/image\/","url":"","contentUrl":"","caption":"CAPSA 2in1"},"image":{"@id":"https:\/\/capsa2in1.com\/#\/schema\/logo\/image\/"}}]}},"_links":{"self":[{"href":"https:\/\/capsa2in1.com\/fr\/wp-json\/wp\/v2\/product\/12548","targetHints":{"allow":["GET"]}}],"collection":[{"href":"https:\/\/capsa2in1.com\/fr\/wp-json\/wp\/v2\/product"}],"about":[{"href":"https:\/\/capsa2in1.com\/fr\/wp-json\/wp\/v2\/types\/product"}],"replies":[{"embeddable":true,"href":"https:\/\/capsa2in1.com\/fr\/wp-json\/wp\/v2\/comments?post=12548"}],"wp:featuredmedia":[{"embeddable":true,"href":"https:\/\/capsa2in1.com\/fr\/wp-json\/wp\/v2\/media\/19077"}],"wp:attachment":[{"href":"https:\/\/capsa2in1.com\/fr\/wp-json\/wp\/v2\/media?parent=12548"}],"wp:term":[{"taxonomy":"product_brand","embeddable":true,"href":"https:\/\/capsa2in1.com\/fr\/wp-json\/wp\/v2\/product_brand?post=12548"},{"taxonomy":"product_cat","embeddable":true,"href":"https:\/\/capsa2in1.com\/fr\/wp-json\/wp\/v2\/product_cat?post=12548"},{"taxonomy":"product_tag","embeddable":true,"href":"https:\/\/capsa2in1.com\/fr\/wp-json\/wp\/v2\/product_tag?post=12548"}],"curies":[{"name":"wp","href":"https:\/\/api.w.org\/{rel}","templated":true}]}}