{"id":6269,"date":"2018-12-19T10:29:58","date_gmt":"2018-12-19T10:29:58","guid":{"rendered":"http:\/\/capsa2in1.com\/avis-juridique\/"},"modified":"2021-06-21T07:42:00","modified_gmt":"2021-06-21T07:42:00","slug":"avis-juridique","status":"publish","type":"page","link":"https:\/\/capsa2in1.com\/fr\/avis-juridique\/","title":{"rendered":"Avis juridique"},"content":{"rendered":"\t\t<div data-elementor-type=\"wp-page\" data-elementor-id=\"6269\" class=\"elementor elementor-6269 elementor-6028\" data-elementor-post-type=\"page\">\n\t\t\t\t\t\t<section class=\"elementor-section elementor-top-section elementor-element elementor-element-1c7bc94 elementor-section-boxed elementor-section-height-default elementor-section-height-default\" data-id=\"1c7bc94\" data-element_type=\"section\">\n\t\t\t\t\t\t<div class=\"elementor-container elementor-column-gap-default\">\n\t\t\t\t\t<div class=\"elementor-column elementor-col-100 elementor-top-column elementor-element elementor-element-51c8a39c\" data-id=\"51c8a39c\" data-element_type=\"column\">\n\t\t\t<div class=\"elementor-widget-wrap elementor-element-populated\">\n\t\t\t\t\t\t<div class=\"elementor-element elementor-element-56284c3 elementor-widget elementor-widget-heading\" data-id=\"56284c3\" data-element_type=\"widget\" data-widget_type=\"heading.default\">\n\t\t\t\t<div class=\"elementor-widget-container\">\n\t\t\t\t\t<h1 class=\"elementor-heading-title elementor-size-default\">Avis jurudique<\/h1>\t\t\t\t<\/div>\n\t\t\t\t<\/div>\n\t\t\t\t<div class=\"elementor-element elementor-element-47f245df elementor-widget elementor-widget-text-editor\" data-id=\"47f245df\" data-element_type=\"widget\" data-widget_type=\"text-editor.default\">\n\t\t\t\t<div class=\"elementor-widget-container\">\n\t\t\t\t\t\t\t\t\t<ol>\n<li><strong>INFORMATIONS AUX USAGERS <\/strong><\/li>\n<\/ol>\n<p>EMBALAJES CAPSA SL, ci-apr\u00e8s d\u00e9nomm\u00e9e RESPONSABLE, est l&rsquo;entreprise responsable du traitement des donn\u00e9es \u00e0 caract\u00e8re personnel de l&rsquo;Usager et informe ce dernier que lesdites donn\u00e9es seront trait\u00e9es conform\u00e9ment aux dispositions des normes en vigueur en mati\u00e8re de protection des donn\u00e9es \u00e0 caract\u00e8re personnel, conform\u00e9ment au R\u00e8glement (UE) 2016\/679 du 27 avril 2016 (RGPD) relatif \u00e0 la protection des personnes physiques quant au respect du traitement des donn\u00e9es \u00e0 caract\u00e8re personnel et \u00e0 la libre-circulation de ces donn\u00e9es, facilitant ainsi les informations suivantes concernant ledit traitement :<\/p>\n<p><strong>But du traitement :<\/strong> maintenir une relation commerciale avec l&rsquo;Usager. Les op\u00e9rations envisag\u00e9es pour la r\u00e9alisation du traitement sont les suivantes :<\/p>\n<ul>\n<li>Renvoi de communications commerciales \u00e0 caract\u00e8re publicitaire par email, fax, SMS, MMS, r\u00e9seaux sociaux ou tout autre moyen \u00e9lectronique ou physique, pr\u00e9sent ou futur, permettant de r\u00e9aliser lesdites communications commerciales. Ces communications seront r\u00e9alis\u00e9es par le RESPONSABLE et seront li\u00e9es aux produits et services ou aux collaborateurs ou fournisseurs avec lesquels un accord promotionnel a \u00e9t\u00e9 conclu. Dans ce cas, les tiers n&rsquo;auront jamais acc\u00e8s aux donn\u00e9es \u00e0 caract\u00e8re personnel.<\/li>\n<li>R\u00e9alisation d&rsquo;\u00e9tudes statistiques.<\/li>\n<li>Transmission de commandes, requ\u00eates o tout autre type de demandes de la part de l&rsquo;usager \u00e0 travers diverses formes de contact mises \u00e0 disposition.<\/li>\n<li>Gestion du canal de r\u00e9clamations.<\/li>\n<\/ul>\n<p><strong>Crit\u00e8res de conservation des donn\u00e9es : <\/strong> Les donn\u00e9es seront conserv\u00e9es tant qu&rsquo;il existera un int\u00e9r\u00eat mutuel \u00e0 maintenir le but de leur traitement ; lorsque la conservation des donn\u00e9es ne sera plus n\u00e9cessaire \u00e0 ce but, ces derni\u00e8res seront alors supprim\u00e9es gr\u00e2ce \u00e0 des mesures de s\u00e9curit\u00e9 ad\u00e9quates, afin de garantir la pseudonymisation des donn\u00e9es ou leur destruction totale.<\/p>\n<p><strong>Communication des donn\u00e9es :<\/strong> les donn\u00e9es ne seront pas communiqu\u00e9es \u00e0 des tiers, sauf en cas d&rsquo;obligation l\u00e9gale.<\/p>\n<p><strong>Droits de l&rsquo;Usager en la mati\u00e8re :<\/strong><\/p>\n<ul>\n<li>Droit \u00e0 tout moment de retrait du consentement donn\u00e9.<\/li>\n<li>Droit d&rsquo;acc\u00e8s, de rectification, de portabilit\u00e9 et de suppression de ses donn\u00e9es et \u00e0 la limitation ou opposition \u00e0 leur traitement.<\/li>\n<li>Droit de d\u00e9p\u00f4t d&rsquo;une r\u00e9clamation aupr\u00e8s de l&rsquo;autorit\u00e9 de contr\u00f4le (agpd.es) s&rsquo;il consid\u00e8re que ledit traitement n&rsquo;est pas conforme \u00e0 la norme en vigueur.<\/li>\n<\/ul>\n<p>Donn\u00e9es de contact pour l&rsquo;exercice de ses droits : Adresse postale : EMBALAJES CAPSA SL. PL. PERE LLAUGER PRIM, 8, NAVE 4, P.I. CAN MISSER &#8211; 08360 CANET DE MAR (BARCELONE) Adresse email: \u00a0<a class=\"c-link\" href=\"mailto:capsa@embalajescapsa.com\" target=\"_blank\" rel=\"noopener noreferrer\" data-stringify-link=\"mailto:capsa@embalajescapsa.com\" data-sk=\"tooltip_parent\" aria-describedby=\"sk-tooltip-5905\">capsa@embalajescapsa.com<\/a><\/p>\n<ol start=\"2\">\n<li><strong> CARACT\u00c8RE OBLIGATOIRE OU FACULTATIF DES INFORMATIONS FOURNIES PAR L&rsquo;USAGER<\/strong><\/li>\n<\/ol>\n<p>Les Usagers, en cochant les cases correspondantes et en inscrivant leurs donn\u00e9es dans les champs marqu\u00e9s d&rsquo;un ast\u00e9risque (*) dans le formulaire de contact ou dans les formulaires t\u00e9l\u00e9charg\u00e9s, acceptent express\u00e9ment, librement et sans \u00e9quivoque, que leurs donn\u00e9es soient n\u00e9cessaires au traitement de leur demande, de la part du prestataire, l&rsquo;inscription de nouvelles donn\u00e9es dans les champs restants se faisant selon leur bon vouloir. L&rsquo;Usager garantit que les donn\u00e9es \u00e0 caract\u00e8re personnel fournies au RESPONSABLE sont v\u00e9ridiques et sera responsable de toute notification en cas de modification quelconque de ces derni\u00e8res. LE RESPONSABLE informe et garantit express\u00e9ment aux usagers que leurs donn\u00e9es \u00e0 caract\u00e8re personnel ne seront c\u00e9d\u00e9es en aucun cas \u00e0 des tiers et qu&rsquo;\u00e0 chaque fois que ce type de cession de donn\u00e9es personnelles aura lieu, on demandera le consentement expresse pr\u00e9alable, \u00e9clair\u00e9 et sans \u00e9quivoque, des Usagers. Toutes les donn\u00e9es requises au travers du site Internet sont obligatoires puisqu&rsquo;elles sont n\u00e9cessaires \u00e0 une prestation de service optimale pour l&rsquo;Usager. Au cas o\u00f9 l&rsquo;int\u00e9gralit\u00e9 des donn\u00e9es ne serait pas fournie, on ne pourrait garantir l&rsquo;exhaustivit\u00e9 des informations et services fournis en fonction de vos besoins.<\/p>\n<ol start=\"3\">\n<li><strong> MESURES DE S\u00c9CURIT\u00c9 <\/strong><\/li>\n<\/ol>\n<p>Pour ce qui est de la conformit\u00e9 aux dispositions des normes en vigueur en mati\u00e8re de protection des donn\u00e9es \u00e0 caract\u00e8re personnel, le RESPONSABLE est conforme \u00e0 toutes les dispositions des normes RGPD aux fins de traitement des donn\u00e9es \u00e0 caract\u00e8re personnel sous sa responsabilit\u00e9, et est manifestement conforme aux principes d\u00e9crits \u00e0 l&rsquo;article 5 du RGPD selon lesquels lesdites donn\u00e9es doivent \u00eatre trait\u00e9es de mani\u00e8re licite, loyale et transparente au regard de la personne concern\u00e9e et doivent \u00eatre ad\u00e9quates, pertinentes et limit\u00e9es \u00e0 ce qui est n\u00e9cessaire au regard des finalit\u00e9s pour lesquelles elles sont trait\u00e9es. LE RESPONSABLE garantit avoir mis en place des politiques techniques et organisationnelles appropri\u00e9es, afin d&rsquo;appliquer les mesures de s\u00e9curit\u00e9 \u00e9tablies par le RGPD aux fins de protection des droits et libert\u00e9s des Usagers, et garantit avoir transmis \u00e0 ces derniers les informations ad\u00e9quates dans le but de l&rsquo;exercice desdits droits.<\/p>\n\t\t\t\t\t\t\t\t<\/div>\n\t\t\t\t<\/div>\n\t\t\t\t\t<\/div>\n\t\t<\/div>\n\t\t\t\t\t<\/div>\n\t\t<\/section>\n\t\t\t\t<\/div>\n\t\t","protected":false},"excerpt":{"rendered":"<p>Avis jurudique INFORMATIONS AUX USAGERS EMBALAJES CAPSA SL, ci-apr\u00e8s d\u00e9nomm\u00e9e RESPONSABLE, est l&rsquo;entreprise responsable du traitement des donn\u00e9es \u00e0 caract\u00e8re personnel de l&rsquo;Usager et informe ce dernier que lesdites donn\u00e9es seront trait\u00e9es conform\u00e9ment aux dispositions des normes en vigueur en mati\u00e8re de protection des donn\u00e9es \u00e0 caract\u00e8re personnel, conform\u00e9ment au R\u00e8glement (UE) 2016\/679 du 27 [&hellip;]<\/p>\n","protected":false},"author":10,"featured_media":0,"parent":0,"menu_order":0,"comment_status":"closed","ping_status":"closed","template":"elementor_header_footer","meta":{"_acf_changed":false,"footnotes":""},"class_list":["post-6269","page","type-page","status-publish","hentry"],"acf":[],"yoast_head":"<!-- This site is optimized with the Yoast SEO plugin v27.5 - https:\/\/yoast.com\/product\/yoast-seo-wordpress\/ -->\n<title>Avis juridique - CAPSA2in1\u00ae<\/title>\n<meta name=\"robots\" content=\"index, follow, max-snippet:-1, max-image-preview:large, max-video-preview:-1\" \/>\n<link rel=\"canonical\" href=\"https:\/\/capsa2in1.com\/avisolegal\/\" \/>\n<meta property=\"og:locale\" content=\"fr_FR\" \/>\n<meta property=\"og:type\" content=\"article\" \/>\n<meta property=\"og:title\" content=\"Avis juridique - CAPSA2in1\u00ae\" \/>\n<meta property=\"og:description\" content=\"Avis jurudique INFORMATIONS AUX USAGERS EMBALAJES CAPSA SL, ci-apr\u00e8s d\u00e9nomm\u00e9e RESPONSABLE, est l&rsquo;entreprise responsable du traitement des donn\u00e9es \u00e0 caract\u00e8re personnel de l&rsquo;Usager et informe ce dernier que lesdites donn\u00e9es seront trait\u00e9es conform\u00e9ment aux dispositions des normes en vigueur en mati\u00e8re de protection des donn\u00e9es \u00e0 caract\u00e8re personnel, conform\u00e9ment au R\u00e8glement (UE) 2016\/679 du 27 [&hellip;]\" \/>\n<meta property=\"og:url\" content=\"https:\/\/capsa2in1.com\/avisolegal\/\" \/>\n<meta property=\"og:site_name\" content=\"CAPSA2in1\u00ae\" \/>\n<meta property=\"article:modified_time\" content=\"2021-06-21T07:42:00+00:00\" \/>\n<meta name=\"twitter:card\" content=\"summary_large_image\" \/>\n<meta name=\"twitter:label1\" content=\"Dur\u00e9e de lecture estim\u00e9e\" \/>\n\t<meta name=\"twitter:data1\" content=\"4 minutes\" \/>\n<script type=\"application\/ld+json\" class=\"yoast-schema-graph\">{\"@context\":\"https:\\\/\\\/schema.org\",\"@graph\":[{\"@type\":\"WebPage\",\"@id\":\"https:\\\/\\\/capsa2in1.com\\\/avisolegal\\\/\",\"url\":\"https:\\\/\\\/capsa2in1.com\\\/avisolegal\\\/\",\"name\":\"Avis juridique - CAPSA2in1\u00ae\",\"isPartOf\":{\"@id\":\"https:\\\/\\\/capsa2in1.com\\\/#website\"},\"datePublished\":\"2018-12-19T10:29:58+00:00\",\"dateModified\":\"2021-06-21T07:42:00+00:00\",\"breadcrumb\":{\"@id\":\"https:\\\/\\\/capsa2in1.com\\\/avisolegal\\\/#breadcrumb\"},\"inLanguage\":\"fr-FR\",\"potentialAction\":[{\"@type\":\"ReadAction\",\"target\":[\"https:\\\/\\\/capsa2in1.com\\\/avisolegal\\\/\"]}]},{\"@type\":\"BreadcrumbList\",\"@id\":\"https:\\\/\\\/capsa2in1.com\\\/avisolegal\\\/#breadcrumb\",\"itemListElement\":[{\"@type\":\"ListItem\",\"position\":1,\"name\":\"Inicio\",\"item\":\"https:\\\/\\\/capsa2in1.com\\\/fr\\\/\"},{\"@type\":\"ListItem\",\"position\":2,\"name\":\"Avis juridique\"}]},{\"@type\":\"WebSite\",\"@id\":\"https:\\\/\\\/capsa2in1.com\\\/#website\",\"url\":\"https:\\\/\\\/capsa2in1.com\\\/\",\"name\":\"CAPSA2in1\u00ae\",\"description\":\"Reusable packaging. Smarter, Greener Logistics!\",\"publisher\":{\"@id\":\"https:\\\/\\\/capsa2in1.com\\\/#organization\"},\"potentialAction\":[{\"@type\":\"SearchAction\",\"target\":{\"@type\":\"EntryPoint\",\"urlTemplate\":\"https:\\\/\\\/capsa2in1.com\\\/?s={search_term_string}\"},\"query-input\":{\"@type\":\"PropertyValueSpecification\",\"valueRequired\":true,\"valueName\":\"search_term_string\"}}],\"inLanguage\":\"fr-FR\"},{\"@type\":\"Organization\",\"@id\":\"https:\\\/\\\/capsa2in1.com\\\/#organization\",\"name\":\"CAPSA 2in1\",\"url\":\"https:\\\/\\\/capsa2in1.com\\\/\",\"logo\":{\"@type\":\"ImageObject\",\"inLanguage\":\"fr-FR\",\"@id\":\"https:\\\/\\\/capsa2in1.com\\\/#\\\/schema\\\/logo\\\/image\\\/\",\"url\":\"\",\"contentUrl\":\"\",\"caption\":\"CAPSA 2in1\"},\"image\":{\"@id\":\"https:\\\/\\\/capsa2in1.com\\\/#\\\/schema\\\/logo\\\/image\\\/\"}}]}<\/script>\n<!-- \/ Yoast SEO plugin. -->","yoast_head_json":{"title":"Avis juridique - CAPSA2in1\u00ae","robots":{"index":"index","follow":"follow","max-snippet":"max-snippet:-1","max-image-preview":"max-image-preview:large","max-video-preview":"max-video-preview:-1"},"canonical":"https:\/\/capsa2in1.com\/avisolegal\/","og_locale":"fr_FR","og_type":"article","og_title":"Avis juridique - CAPSA2in1\u00ae","og_description":"Avis jurudique INFORMATIONS AUX USAGERS EMBALAJES CAPSA SL, ci-apr\u00e8s d\u00e9nomm\u00e9e RESPONSABLE, est l&rsquo;entreprise responsable du traitement des donn\u00e9es \u00e0 caract\u00e8re personnel de l&rsquo;Usager et informe ce dernier que lesdites donn\u00e9es seront trait\u00e9es conform\u00e9ment aux dispositions des normes en vigueur en mati\u00e8re de protection des donn\u00e9es \u00e0 caract\u00e8re personnel, conform\u00e9ment au R\u00e8glement (UE) 2016\/679 du 27 [&hellip;]","og_url":"https:\/\/capsa2in1.com\/avisolegal\/","og_site_name":"CAPSA2in1\u00ae","article_modified_time":"2021-06-21T07:42:00+00:00","twitter_card":"summary_large_image","twitter_misc":{"Dur\u00e9e de lecture estim\u00e9e":"4 minutes"},"schema":{"@context":"https:\/\/schema.org","@graph":[{"@type":"WebPage","@id":"https:\/\/capsa2in1.com\/avisolegal\/","url":"https:\/\/capsa2in1.com\/avisolegal\/","name":"Avis juridique - CAPSA2in1\u00ae","isPartOf":{"@id":"https:\/\/capsa2in1.com\/#website"},"datePublished":"2018-12-19T10:29:58+00:00","dateModified":"2021-06-21T07:42:00+00:00","breadcrumb":{"@id":"https:\/\/capsa2in1.com\/avisolegal\/#breadcrumb"},"inLanguage":"fr-FR","potentialAction":[{"@type":"ReadAction","target":["https:\/\/capsa2in1.com\/avisolegal\/"]}]},{"@type":"BreadcrumbList","@id":"https:\/\/capsa2in1.com\/avisolegal\/#breadcrumb","itemListElement":[{"@type":"ListItem","position":1,"name":"Inicio","item":"https:\/\/capsa2in1.com\/fr\/"},{"@type":"ListItem","position":2,"name":"Avis juridique"}]},{"@type":"WebSite","@id":"https:\/\/capsa2in1.com\/#website","url":"https:\/\/capsa2in1.com\/","name":"CAPSA2in1\u00ae","description":"Reusable packaging. Smarter, Greener Logistics!","publisher":{"@id":"https:\/\/capsa2in1.com\/#organization"},"potentialAction":[{"@type":"SearchAction","target":{"@type":"EntryPoint","urlTemplate":"https:\/\/capsa2in1.com\/?s={search_term_string}"},"query-input":{"@type":"PropertyValueSpecification","valueRequired":true,"valueName":"search_term_string"}}],"inLanguage":"fr-FR"},{"@type":"Organization","@id":"https:\/\/capsa2in1.com\/#organization","name":"CAPSA 2in1","url":"https:\/\/capsa2in1.com\/","logo":{"@type":"ImageObject","inLanguage":"fr-FR","@id":"https:\/\/capsa2in1.com\/#\/schema\/logo\/image\/","url":"","contentUrl":"","caption":"CAPSA 2in1"},"image":{"@id":"https:\/\/capsa2in1.com\/#\/schema\/logo\/image\/"}}]}},"_links":{"self":[{"href":"https:\/\/capsa2in1.com\/fr\/wp-json\/wp\/v2\/pages\/6269","targetHints":{"allow":["GET"]}}],"collection":[{"href":"https:\/\/capsa2in1.com\/fr\/wp-json\/wp\/v2\/pages"}],"about":[{"href":"https:\/\/capsa2in1.com\/fr\/wp-json\/wp\/v2\/types\/page"}],"author":[{"embeddable":true,"href":"https:\/\/capsa2in1.com\/fr\/wp-json\/wp\/v2\/users\/10"}],"replies":[{"embeddable":true,"href":"https:\/\/capsa2in1.com\/fr\/wp-json\/wp\/v2\/comments?post=6269"}],"version-history":[{"count":0,"href":"https:\/\/capsa2in1.com\/fr\/wp-json\/wp\/v2\/pages\/6269\/revisions"}],"wp:attachment":[{"href":"https:\/\/capsa2in1.com\/fr\/wp-json\/wp\/v2\/media?parent=6269"}],"curies":[{"name":"wp","href":"https:\/\/api.w.org\/{rel}","templated":true}]}}