{"id":6023,"date":"2018-12-02T19:27:16","date_gmt":"2018-12-02T19:27:16","guid":{"rendered":"http:\/\/capsa2in1.com\/politique-liee-aux-cookies-2\/"},"modified":"2023-10-24T09:58:52","modified_gmt":"2023-10-24T09:58:52","slug":"politique-liee-aux-cookies","status":"publish","type":"page","link":"https:\/\/capsa2in1.com\/fr\/politique-liee-aux-cookies\/","title":{"rendered":"Politique li\u00e9e aux Cookies"},"content":{"rendered":"\t\t<div data-elementor-type=\"wp-page\" data-elementor-id=\"6023\" class=\"elementor elementor-6023 elementor-6020\" data-elementor-post-type=\"page\">\n\t\t\t\t\t\t<section class=\"elementor-section elementor-top-section elementor-element elementor-element-7a779b0e elementor-section-boxed elementor-section-height-default elementor-section-height-default\" data-id=\"7a779b0e\" data-element_type=\"section\">\n\t\t\t\t\t\t<div class=\"elementor-container elementor-column-gap-default\">\n\t\t\t\t\t<div class=\"elementor-column elementor-col-100 elementor-top-column elementor-element elementor-element-78730284\" data-id=\"78730284\" data-element_type=\"column\">\n\t\t\t<div class=\"elementor-widget-wrap elementor-element-populated\">\n\t\t\t\t\t\t<div class=\"elementor-element elementor-element-4ba60fd elementor-widget elementor-widget-heading\" data-id=\"4ba60fd\" data-element_type=\"widget\" data-widget_type=\"heading.default\">\n\t\t\t\t<div class=\"elementor-widget-container\">\n\t\t\t\t\t<h2 class=\"elementor-heading-title elementor-size-default\">Pol\u00edtica de Cookies<\/h2>\t\t\t\t<\/div>\n\t\t\t\t<\/div>\n\t\t\t\t<div class=\"elementor-element elementor-element-2d0bdc9c elementor-widget elementor-widget-text-editor\" data-id=\"2d0bdc9c\" data-element_type=\"widget\" data-widget_type=\"text-editor.default\">\n\t\t\t\t<div class=\"elementor-widget-container\">\n\t\t\t\t\t\t\t\t\t<p>L&rsquo;objectif de cette politique en mati\u00e8re de cookies est de fournir des informations claires et pr\u00e9cises sur les cookies utilis\u00e9s sur notre site web.<\/p>\n<p>Nous utilisons nos propres cookies et ceux de tiers pour am\u00e9liorer nos services, personnaliser notre site web, faciliter la navigation de nos utilisateurs, vous offrir une meilleure exp\u00e9rience lors de l&rsquo;utilisation du site web, identifier les probl\u00e8mes afin de l&rsquo;am\u00e9liorer, effectuer des mesures et des statistiques d&rsquo;utilisation et vous montrer de la publicit\u00e9 li\u00e9e \u00e0 vos pr\u00e9f\u00e9rences en analysant l&rsquo;utilisation du site web.<\/p>\n<p>Nous vous informons que nous pouvons utiliser des cookies sur votre ordinateur \u00e0 condition que vous ayez donn\u00e9 votre consentement, sauf dans les cas o\u00f9 les cookies sont n\u00e9cessaires pour naviguer sur notre site web. Si vous y consentez, nous pouvons utiliser des cookies pour nous permettre d&rsquo;en savoir plus sur vos pr\u00e9f\u00e9rences et de personnaliser notre site web en fonction de vos int\u00e9r\u00eats individuels.<br \/>\nQUE SONT LES COOKIES ?<\/p>\n<p>Les cookies et autres technologies similaires telles que les objets locaux partag\u00e9s, les cookies flash ou les pixels, sont des outils utilis\u00e9s par les serveurs web pour stocker et r\u00e9cup\u00e9rer des informations sur leurs visiteurs et pour assurer le bon fonctionnement du site.<\/p>\n<p>TYPES DE COOKIES<\/p>\n<p>Les types de cookies d\u00e9pendent de l&rsquo;entit\u00e9 qui les g\u00e8re :<\/p>\n<p>Les cookies de premi\u00e8re partie : sont ceux qui sont envoy\u00e9s \u00e0 l&rsquo;\u00e9quipement terminal de l&rsquo;utilisateur \u00e0 partir d&rsquo;un ordinateur ou d&rsquo;un domaine g\u00e9r\u00e9 par le propri\u00e9taire du site web et \u00e0 partir duquel l&rsquo;utilisateur acc\u00e8de au site web.<\/p>\n\t\t\t\t\t\t\t\t<\/div>\n\t\t\t\t<\/div>\n\t\t\t\t\t<\/div>\n\t\t<\/div>\n\t\t\t\t\t<\/div>\n\t\t<\/section>\n\t\t\t\t<section class=\"elementor-section elementor-top-section elementor-element elementor-element-5f71804c elementor-section-boxed elementor-section-height-default elementor-section-height-default\" data-id=\"5f71804c\" data-element_type=\"section\">\n\t\t\t\t\t\t<div class=\"elementor-container elementor-column-gap-default\">\n\t\t\t\t\t<div class=\"elementor-column elementor-col-100 elementor-top-column elementor-element elementor-element-959c319\" data-id=\"959c319\" data-element_type=\"column\">\n\t\t\t<div class=\"elementor-widget-wrap elementor-element-populated\">\n\t\t\t\t\t\t<div class=\"elementor-element elementor-element-7412d964 elementor-widget elementor-widget-text-editor\" data-id=\"7412d964\" data-element_type=\"widget\" data-widget_type=\"text-editor.default\">\n\t\t\t\t<div class=\"elementor-widget-container\">\n\t\t\t\t\t\t\t\t\t<p><strong>COOKIES UTILIZADAS EN NUESTRA WEB<\/strong><\/p>\n<table style=\"height: 6565px;\" width=\"754\">\n<thead>\n<tr>\n<th scope=\"col\"><span style=\"font-weight: 400;\">Denominaci\u00f3n<\/span><\/th>\n<th scope=\"col\"><span style=\"font-weight: 400;\">Dominio<\/span><\/th>\n<th scope=\"col\"><span style=\"font-weight: 400;\">Tipo y propietario<\/span><\/th>\n<th scope=\"col\"><span style=\"font-weight: 400;\">Descripci\u00f3n<\/span><\/th>\n<th scope=\"col\"><span style=\"font-weight: 400;\">Duraci\u00f3n<\/span><\/th>\n<\/tr>\n<\/thead>\n<tbody>\n<tr>\n<td>_hjFirstSeen<\/td>\n<td title=\".doubleclick.net\">.capsa2in1.com<\/td>\n<td>Analytics (Hotjar)<\/td>\n<td>La cookie se establece para que Hotjar pueda rastrear el inicio del viaje del usuario para un recuento total de la sesi\u00f3n. No contiene ninguna informaci\u00f3n identificable.<\/td>\n<td title=\"15 minutes\">30 minutos<\/td>\n<\/tr>\n<tr>\n<td>_hjAbsoluteSessionInProgress<\/td>\n<td title=\".antala.pt\">.capsa2in1.com<\/td>\n<td>Analytics (Hotjar)<\/td>\n<td>La cookie se establece para que Hotjar pueda rastrear el inicio del viaje del usuario para un recuento total de la sesi\u00f3n. No contiene ninguna informaci\u00f3n identificable.<\/td>\n<td title=\"3 months\">30 minutos<\/td>\n<\/tr>\n<tr>\n<td>CFTOKEN<\/td>\n<td title=\".facebook.com\">shop.capsa2in1.com<\/td>\n<td>Analytics (Adobe)<\/td>\n<td>Cookie est\u00e1 establecida por las aplicaciones Adobe ColdFusion. Utilizada junto con CFID, esta cookie ayuda a identificar de forma exclusiva un dispositivo cliente (navegador) para permitir que el sitio mantenga las variables de sesi\u00f3n del usuario. La forma de utilizarlas es espec\u00edfica del sitio. CFTOKEN contiene un n\u00famero aleatorio para identificar al cliente.<\/td>\n<td title=\"3 months\">30 a\u00f1os<\/td>\n<\/tr>\n<tr>\n<td>_hjIncludedInSessionSample<\/td>\n<td title=\".doubleclick.net\">capsa2in1.com<\/td>\n<td>Analytics (Hotjar)<\/td>\n<td>Esta cookie se establece para que Hotjar sepa si ese visitante est\u00e1 incluido en el muestreo de datos definido por el l\u00edmite de sesi\u00f3n diario de su sitio<\/td>\n<td title=\"1 year 24 days\">2 minutos<\/td>\n<\/tr>\n<tr>\n<td>_hjIncludedInPageviewSample<\/td>\n<td title=\".antala.pt\">capsa2in1.com<\/td>\n<td>Analytics (Hotjar)<\/td>\n<td>Esta cookie se establece para que Hotjar sepa si ese visitante est\u00e1 incluido en el muestreo de datos definido por el l\u00edmite de p\u00e1ginas vistas de su sitio.<\/td>\n<td title=\"3 months\">2 minutos<\/td>\n<\/tr>\n<tr>\n<td>cftoken<\/td>\n<td title=\".antala.pt\">shop.capsa2in1.com<\/td>\n<td>Analytics (Adobe)<\/td>\n<td>Cookie establecida por las aplicaciones Adobe ColdFusion. Utilizada junto con CFID, esta cookie ayuda a identificar de forma exclusiva un dispositivo cliente (navegador) para permitir que el sitio mantenga las variables de sesi\u00f3n del usuario. La forma de utilizarlas es espec\u00edfica del sitio. CFTOKEN contiene un n\u00famero aleatorio para identificar al cliente.<\/td>\n<td title=\"2 years\">30 a\u00f1os<\/td>\n<\/tr>\n<tr>\n<td>CFID<\/td>\n<td title=\".antala.pt\">shop.capsa2in1.com<\/td>\n<td>Analytics (Adobe)<\/td>\n<td>Cookie establecida por las aplicaciones Adobe ColdFusion. Utilizada junto con CFTOKEN, esta cookie ayuda a identificar de forma exclusiva un dispositivo cliente (navegador) para permitir que el sitio mantenga las variables de sesi\u00f3n del usuario. La forma de utilizarlas es espec\u00edfica del sitio. CFID contiene un n\u00famero secuencial para identificar al cliente.<\/td>\n<td title=\"1 day\">30 d\u00edas<\/td>\n<\/tr>\n<tr>\n<td>cfid<\/td>\n<td title=\".antala.pt\">shop.capsa2in1.com<\/td>\n<td>Analytics (Adobe)<\/td>\n<td>Cookie establecida por las aplicaciones Adobe ColdFusion. Utilizada junto con CFTOKEN, esta cookie ayuda a identificar de forma exclusiva un dispositivo cliente (navegador) para permitir que el sitio mantenga las variables de sesi\u00f3n del usuario. La forma de utilizarlas es espec\u00edfica del sitio. CFID contiene un n\u00famero secuencial para identificar al cliente.<\/td>\n<td title=\"1 minute\">30 d\u00edas<\/td>\n<\/tr>\n<tr>\n<td>_ga<\/td>\n<td title=\".antala.pt\">.capsa2in1.com<\/td>\n<td>Analytics (Google)<\/td>\n<td>Este nombre de cookie est\u00e1 asociado a Google Universal Analytics, que es una actualizaci\u00f3n importante del servicio de an\u00e1lisis de Google m\u00e1s utilizado. Esta cookie se utiliza para distinguir usuarios \u00fanicos asignando un n\u00famero generado aleatoriamente como identificador de cliente. Se incluye en cada solicitud de p\u00e1gina en un sitio y se utiliza para calcular los datos de visitantes, sesiones y campa\u00f1as para los informes de an\u00e1lisis de los sitios.<\/td>\n<td title=\"1 year\">2 a\u00f1os<\/td>\n<\/tr>\n<tr>\n<td>_gid<\/td>\n<td title=\".antala.pt\">.capsa2in1.com<\/td>\n<td>Analytics (Google)<\/td>\n<td>Esta cookie es establecida por Google Analytics. Almacena y actualiza un valor \u00fanico para cada p\u00e1gina visitada y se utiliza para contar y hacer un seguimiento de las visitas a las p\u00e1ginas.<\/td>\n<td title=\"30 minutes\">1 d\u00eda<\/td>\n<\/tr>\n<tr>\n<td>_gat_UA-41673367-3<\/td>\n<td title=\"antala.pt\">.capsa2in1.com<\/td>\n<td>Analytics (Google)<\/td>\n<td>Se trata de una cookie de tipo patr\u00f3n establecida por Google Analytics, en la que el elemento de patr\u00f3n del nombre contiene el n\u00famero de identidad \u00fanico de la cuenta o del sitio web al que se refiere. Es una variaci\u00f3n de la cookie _gat que se utiliza para limitar la cantidad de datos registrados por Google en los sitios web de gran volumen de tr\u00e1fico.<\/td>\n<td title=\"2 minutes\">1 minuto<\/td>\n<\/tr>\n<tr>\n<td>YSC<\/td>\n<td title=\".antala.pt\">.youtube.com<\/td>\n<td>Publicidad (YouTube)<\/td>\n<td>Esta cookie la instala YouTube para hacer un seguimiento de las visualizaciones de los v\u00eddeos incrustados.<\/td>\n<td title=\"30 minutes\">Sesi\u00f3n<\/td>\n<\/tr>\n<tr>\n<td>VISITOR_INFO1_LIVE<\/td>\n<td title=\"antala.pt\">.youtube.com<\/td>\n<td>Publicidad (YouTube)<\/td>\n<td>Esta cookie es colocada por Youtube para hacer un seguimiento de las preferencias del usuario para los v\u00eddeos de Youtube incrustados en los sitios; tambi\u00e9n puede determinar si el visitante del sitio web est\u00e1 utilizando la nueva o la antigua versi\u00f3n de la interfaz de Youtube.<\/td>\n<td title=\"session\">6 meses<\/td>\n<\/tr>\n<tr>\n<td>_fbp<\/td>\n<td title=\"prism.app-us1.com\">.capsa2in1.com<\/td>\n<td>Publicidad (Facebook)<\/td>\n<td>Esta cookie es instalada por Facebook para mostrar anuncios cuando se est\u00e1 en Facebook o en una plataforma digital con publicidad de Facebook, despu\u00e9s de visitar el sitio web.<\/td>\n<td title=\"1 month\">3 meses<\/td>\n<\/tr>\n<tr>\n<td>fr<\/td>\n<td title=\"prism.app-us1.com\">.facebook.com<\/td>\n<td>\u00a0Publicidad (Facebook)<\/td>\n<td>Facebook establece esta cookie para mostrar anuncios relevantes a los usuarios mediante el seguimiento del comportamiento del usuario en la web, en los sitios que tienen el p\u00edxel de Facebook o el plugin social de Facebook.<\/td>\n<td title=\"1 month\">3 meses<\/td>\n<\/tr>\n<tr>\n<td>elementor<\/td>\n<td title=\"prism.app-us1.com\">.capsa2in1.com<\/td>\n<td>Necesario (Elementor)<\/td>\n<td>Esta cookie es utilizada por el tema de WordPress del sitio web. Permite al propietario del sitio web implementar o cambiar el contenido del sitio web en tiempo real.<\/td>\n<td title=\"1 month\">Nunca<\/td>\n<\/tr>\n<\/tbody>\n<\/table>\n\t\t\t\t\t\t\t\t<\/div>\n\t\t\t\t<\/div>\n\t\t\t\t<div class=\"elementor-element elementor-element-0ff1c99 elementor-widget elementor-widget-text-editor\" data-id=\"0ff1c99\" data-element_type=\"widget\" data-widget_type=\"text-editor.default\">\n\t\t\t\t<div class=\"elementor-widget-container\">\n\t\t\t\t\t\t\t\t\t<p>COMMENT D\u00c9SACTIVER LES COOKIES DANS LES NAVIGATEURS ?<\/p>\n<p>L&rsquo;utilisateur peut, \u00e0 tout moment, autoriser, bloquer ou supprimer les cookies install\u00e9s sur son ordinateur en modifiant les param\u00e8tres de configuration du navigateur install\u00e9 sur son ordinateur :<\/p>\n<p>Param\u00e8tres de Chrome -&gt; Afficher les options avanc\u00e9es -&gt; Confidentialit\u00e9 -&gt; Param\u00e8tres de contenu. Pour plus d&rsquo;informations, vous pouvez consulter l&rsquo;assistance de Google ou l&rsquo;aide du navigateur.<br \/>\nExplorer ou Edge Outils -&gt; Options Internet -&gt; Confidentialit\u00e9 -&gt; Param\u00e8tres. Pour plus d&rsquo;informations, vous pouvez consulter le support Microsoft ou l&rsquo;aide du navigateur.<br \/>\nFirefox : Outils -&gt; Options -&gt; Confidentialit\u00e9 -&gt; Historique -&gt; Param\u00e8tres personnalis\u00e9s. Pour plus d&rsquo;informations, vous pouvez consulter le support Mozilla ou l&rsquo;aide du navigateur.<br \/>\nSafari : Pr\u00e9f\u00e9rences -&gt; S\u00e9curit\u00e9. Pour plus d&rsquo;informations, vous pouvez consulter l&rsquo;assistance d&rsquo;Apple ou l&rsquo;aide du navigateur.<\/p>\n<p>La d\u00e9sactivation des cookies ne vous emp\u00eache pas de naviguer sur le site web, bien que l&rsquo;utilisation de certains de ses services puisse \u00eatre limit\u00e9e et que, par cons\u00e9quent, votre exp\u00e9rience de navigation puisse \u00eatre moins satisfaisante.<\/p>\n<p>RETRAIT DU CONSENTEMENT<\/p>\n<p>L&rsquo;utilisateur peut \u00e0 tout moment retirer son consentement en ce qui concerne la politique en mati\u00e8re de cookies et supprimer les cookies stock\u00e9s sur son \u00e9quipement par le biais des param\u00e8tres et des configurations de son navigateur Internet, indiqu\u00e9s ci-dessus, ainsi qu&rsquo;en acc\u00e9dant \u00e0 notre panneau de configuration.<\/p>\n<p>La pr\u00e9sente politique en mati\u00e8re de cookies peut \u00eatre utilis\u00e9e aux fins suivantes<\/p>\n\t\t\t\t\t\t\t\t<\/div>\n\t\t\t\t<\/div>\n\t\t\t\t\t<\/div>\n\t\t<\/div>\n\t\t\t\t\t<\/div>\n\t\t<\/section>\n\t\t\t\t<\/div>\n\t\t","protected":false},"excerpt":{"rendered":"<p>Pol\u00edtica de Cookies L&rsquo;objectif de cette politique en mati\u00e8re de cookies est de fournir des informations claires et pr\u00e9cises sur les cookies utilis\u00e9s sur notre site web. Nous utilisons nos propres cookies et ceux de tiers pour am\u00e9liorer nos services, personnaliser notre site web, faciliter la navigation de nos utilisateurs, vous offrir une meilleure exp\u00e9rience [&hellip;]<\/p>\n","protected":false},"author":10,"featured_media":0,"parent":0,"menu_order":0,"comment_status":"closed","ping_status":"closed","template":"elementor_header_footer","meta":{"_acf_changed":false,"footnotes":""},"class_list":["post-6023","page","type-page","status-publish","hentry"],"acf":[],"yoast_head":"<!-- This site is optimized with the Yoast SEO plugin v27.5 - https:\/\/yoast.com\/product\/yoast-seo-wordpress\/ -->\n<title>Politique li\u00e9e aux Cookies - CAPSA2in1\u00ae<\/title>\n<meta name=\"robots\" content=\"index, follow, max-snippet:-1, max-image-preview:large, max-video-preview:-1\" \/>\n<link rel=\"canonical\" href=\"https:\/\/capsa2in1.com\/politica-cookies\/\" \/>\n<meta property=\"og:locale\" content=\"fr_FR\" \/>\n<meta property=\"og:type\" content=\"article\" \/>\n<meta property=\"og:title\" content=\"Politique li\u00e9e aux Cookies - CAPSA2in1\u00ae\" \/>\n<meta property=\"og:description\" content=\"Pol\u00edtica de Cookies L&rsquo;objectif de cette politique en mati\u00e8re de cookies est de fournir des informations claires et pr\u00e9cises sur les cookies utilis\u00e9s sur notre site web. Nous utilisons nos propres cookies et ceux de tiers pour am\u00e9liorer nos services, personnaliser notre site web, faciliter la navigation de nos utilisateurs, vous offrir une meilleure exp\u00e9rience [&hellip;]\" \/>\n<meta property=\"og:url\" content=\"https:\/\/capsa2in1.com\/politica-cookies\/\" \/>\n<meta property=\"og:site_name\" content=\"CAPSA2in1\u00ae\" \/>\n<meta property=\"article:modified_time\" content=\"2023-10-24T09:58:52+00:00\" \/>\n<meta name=\"twitter:card\" content=\"summary_large_image\" \/>\n<meta name=\"twitter:label1\" content=\"Dur\u00e9e de lecture estim\u00e9e\" \/>\n\t<meta name=\"twitter:data1\" content=\"3 minutes\" \/>\n<script type=\"application\/ld+json\" class=\"yoast-schema-graph\">{\"@context\":\"https:\\\/\\\/schema.org\",\"@graph\":[{\"@type\":\"WebPage\",\"@id\":\"https:\\\/\\\/capsa2in1.com\\\/politica-cookies\\\/\",\"url\":\"https:\\\/\\\/capsa2in1.com\\\/politica-cookies\\\/\",\"name\":\"Politique li\u00e9e aux Cookies - CAPSA2in1\u00ae\",\"isPartOf\":{\"@id\":\"https:\\\/\\\/capsa2in1.com\\\/#website\"},\"datePublished\":\"2018-12-02T19:27:16+00:00\",\"dateModified\":\"2023-10-24T09:58:52+00:00\",\"breadcrumb\":{\"@id\":\"https:\\\/\\\/capsa2in1.com\\\/politica-cookies\\\/#breadcrumb\"},\"inLanguage\":\"fr-FR\",\"potentialAction\":[{\"@type\":\"ReadAction\",\"target\":[\"https:\\\/\\\/capsa2in1.com\\\/politica-cookies\\\/\"]}]},{\"@type\":\"BreadcrumbList\",\"@id\":\"https:\\\/\\\/capsa2in1.com\\\/politica-cookies\\\/#breadcrumb\",\"itemListElement\":[{\"@type\":\"ListItem\",\"position\":1,\"name\":\"Inicio\",\"item\":\"https:\\\/\\\/capsa2in1.com\\\/fr\\\/\"},{\"@type\":\"ListItem\",\"position\":2,\"name\":\"Politique li\u00e9e aux Cookies\"}]},{\"@type\":\"WebSite\",\"@id\":\"https:\\\/\\\/capsa2in1.com\\\/#website\",\"url\":\"https:\\\/\\\/capsa2in1.com\\\/\",\"name\":\"CAPSA2in1\u00ae\",\"description\":\"Reusable packaging. Smarter, Greener Logistics!\",\"publisher\":{\"@id\":\"https:\\\/\\\/capsa2in1.com\\\/#organization\"},\"potentialAction\":[{\"@type\":\"SearchAction\",\"target\":{\"@type\":\"EntryPoint\",\"urlTemplate\":\"https:\\\/\\\/capsa2in1.com\\\/?s={search_term_string}\"},\"query-input\":{\"@type\":\"PropertyValueSpecification\",\"valueRequired\":true,\"valueName\":\"search_term_string\"}}],\"inLanguage\":\"fr-FR\"},{\"@type\":\"Organization\",\"@id\":\"https:\\\/\\\/capsa2in1.com\\\/#organization\",\"name\":\"CAPSA 2in1\",\"url\":\"https:\\\/\\\/capsa2in1.com\\\/\",\"logo\":{\"@type\":\"ImageObject\",\"inLanguage\":\"fr-FR\",\"@id\":\"https:\\\/\\\/capsa2in1.com\\\/#\\\/schema\\\/logo\\\/image\\\/\",\"url\":\"\",\"contentUrl\":\"\",\"caption\":\"CAPSA 2in1\"},\"image\":{\"@id\":\"https:\\\/\\\/capsa2in1.com\\\/#\\\/schema\\\/logo\\\/image\\\/\"}}]}<\/script>\n<!-- \/ Yoast SEO plugin. -->","yoast_head_json":{"title":"Politique li\u00e9e aux Cookies - CAPSA2in1\u00ae","robots":{"index":"index","follow":"follow","max-snippet":"max-snippet:-1","max-image-preview":"max-image-preview:large","max-video-preview":"max-video-preview:-1"},"canonical":"https:\/\/capsa2in1.com\/politica-cookies\/","og_locale":"fr_FR","og_type":"article","og_title":"Politique li\u00e9e aux Cookies - CAPSA2in1\u00ae","og_description":"Pol\u00edtica de Cookies L&rsquo;objectif de cette politique en mati\u00e8re de cookies est de fournir des informations claires et pr\u00e9cises sur les cookies utilis\u00e9s sur notre site web. Nous utilisons nos propres cookies et ceux de tiers pour am\u00e9liorer nos services, personnaliser notre site web, faciliter la navigation de nos utilisateurs, vous offrir une meilleure exp\u00e9rience [&hellip;]","og_url":"https:\/\/capsa2in1.com\/politica-cookies\/","og_site_name":"CAPSA2in1\u00ae","article_modified_time":"2023-10-24T09:58:52+00:00","twitter_card":"summary_large_image","twitter_misc":{"Dur\u00e9e de lecture estim\u00e9e":"3 minutes"},"schema":{"@context":"https:\/\/schema.org","@graph":[{"@type":"WebPage","@id":"https:\/\/capsa2in1.com\/politica-cookies\/","url":"https:\/\/capsa2in1.com\/politica-cookies\/","name":"Politique li\u00e9e aux Cookies - CAPSA2in1\u00ae","isPartOf":{"@id":"https:\/\/capsa2in1.com\/#website"},"datePublished":"2018-12-02T19:27:16+00:00","dateModified":"2023-10-24T09:58:52+00:00","breadcrumb":{"@id":"https:\/\/capsa2in1.com\/politica-cookies\/#breadcrumb"},"inLanguage":"fr-FR","potentialAction":[{"@type":"ReadAction","target":["https:\/\/capsa2in1.com\/politica-cookies\/"]}]},{"@type":"BreadcrumbList","@id":"https:\/\/capsa2in1.com\/politica-cookies\/#breadcrumb","itemListElement":[{"@type":"ListItem","position":1,"name":"Inicio","item":"https:\/\/capsa2in1.com\/fr\/"},{"@type":"ListItem","position":2,"name":"Politique li\u00e9e aux Cookies"}]},{"@type":"WebSite","@id":"https:\/\/capsa2in1.com\/#website","url":"https:\/\/capsa2in1.com\/","name":"CAPSA2in1\u00ae","description":"Reusable packaging. Smarter, Greener Logistics!","publisher":{"@id":"https:\/\/capsa2in1.com\/#organization"},"potentialAction":[{"@type":"SearchAction","target":{"@type":"EntryPoint","urlTemplate":"https:\/\/capsa2in1.com\/?s={search_term_string}"},"query-input":{"@type":"PropertyValueSpecification","valueRequired":true,"valueName":"search_term_string"}}],"inLanguage":"fr-FR"},{"@type":"Organization","@id":"https:\/\/capsa2in1.com\/#organization","name":"CAPSA 2in1","url":"https:\/\/capsa2in1.com\/","logo":{"@type":"ImageObject","inLanguage":"fr-FR","@id":"https:\/\/capsa2in1.com\/#\/schema\/logo\/image\/","url":"","contentUrl":"","caption":"CAPSA 2in1"},"image":{"@id":"https:\/\/capsa2in1.com\/#\/schema\/logo\/image\/"}}]}},"_links":{"self":[{"href":"https:\/\/capsa2in1.com\/fr\/wp-json\/wp\/v2\/pages\/6023","targetHints":{"allow":["GET"]}}],"collection":[{"href":"https:\/\/capsa2in1.com\/fr\/wp-json\/wp\/v2\/pages"}],"about":[{"href":"https:\/\/capsa2in1.com\/fr\/wp-json\/wp\/v2\/types\/page"}],"author":[{"embeddable":true,"href":"https:\/\/capsa2in1.com\/fr\/wp-json\/wp\/v2\/users\/10"}],"replies":[{"embeddable":true,"href":"https:\/\/capsa2in1.com\/fr\/wp-json\/wp\/v2\/comments?post=6023"}],"version-history":[{"count":0,"href":"https:\/\/capsa2in1.com\/fr\/wp-json\/wp\/v2\/pages\/6023\/revisions"}],"wp:attachment":[{"href":"https:\/\/capsa2in1.com\/fr\/wp-json\/wp\/v2\/media?parent=6023"}],"curies":[{"name":"wp","href":"https:\/\/api.w.org\/{rel}","templated":true}]}}