{"id":4352,"date":"2018-11-30T09:25:43","date_gmt":"2018-11-30T09:25:43","guid":{"rendered":"http:\/\/capsa2in1.com\/self-storage\/"},"modified":"2023-10-24T10:02:12","modified_gmt":"2023-10-24T10:02:12","slug":"entreposage-libre-service","status":"publish","type":"page","link":"https:\/\/capsa2in1.com\/fr\/entreposage-libre-service\/","title":{"rendered":"Entreposage libre-service"},"content":{"rendered":"\t\t<div data-elementor-type=\"wp-page\" data-elementor-id=\"4352\" class=\"elementor elementor-4352 elementor-628\" data-elementor-post-type=\"page\">\n\t\t\t\t\t\t<section class=\"elementor-section elementor-top-section elementor-element elementor-element-cee720d elementor-section-boxed elementor-section-height-default elementor-section-height-default\" data-id=\"cee720d\" data-element_type=\"section\">\n\t\t\t\t\t\t<div class=\"elementor-container elementor-column-gap-default\">\n\t\t\t\t\t<div class=\"elementor-column elementor-col-100 elementor-top-column elementor-element elementor-element-aab4a23\" data-id=\"aab4a23\" data-element_type=\"column\">\n\t\t\t<div class=\"elementor-widget-wrap elementor-element-populated\">\n\t\t\t\t\t\t<div class=\"elementor-element elementor-element-d2a8d76 elementor-widget elementor-widget-heading\" data-id=\"d2a8d76\" data-element_type=\"widget\" data-widget_type=\"heading.default\">\n\t\t\t\t<div class=\"elementor-widget-container\">\n\t\t\t\t\t<h1 class=\"elementor-heading-title elementor-size-default\">Self-Storage<\/h1>\t\t\t\t<\/div>\n\t\t\t\t<\/div>\n\t\t\t\t\t<\/div>\n\t\t<\/div>\n\t\t\t\t\t<\/div>\n\t\t<\/section>\n\t\t\t\t<section class=\"elementor-section elementor-top-section elementor-element elementor-element-113bdc9 elementor-section-boxed elementor-section-height-default elementor-section-height-default\" data-id=\"113bdc9\" data-element_type=\"section\">\n\t\t\t\t\t\t<div class=\"elementor-container elementor-column-gap-default\">\n\t\t\t\t\t<div class=\"elementor-column elementor-col-100 elementor-top-column elementor-element elementor-element-684128c\" data-id=\"684128c\" data-element_type=\"column\">\n\t\t\t<div class=\"elementor-widget-wrap elementor-element-populated\">\n\t\t\t\t\t\t<div class=\"elementor-element elementor-element-b507889 elementor-widget elementor-widget-image\" data-id=\"b507889\" data-element_type=\"widget\" data-widget_type=\"image.default\">\n\t\t\t\t<div class=\"elementor-widget-container\">\n\t\t\t\t\t\t\t\t\t\t\t\t\t\t\t<img decoding=\"async\" width=\"300\" height=\"49\" src=\"https:\/\/capsa2in1.com\/wp-content\/uploads\/2018\/04\/selfstorage-2-300x49.jpg\" class=\"attachment-medium size-medium wp-image-4356\" alt=\"Logo Capsa Self Storage\" srcset=\"https:\/\/capsa2in1.com\/wp-content\/uploads\/2018\/04\/selfstorage-2-300x49.jpg 300w, https:\/\/capsa2in1.com\/wp-content\/uploads\/2018\/04\/selfstorage-2-260x42.jpg 260w, https:\/\/capsa2in1.com\/wp-content\/uploads\/2018\/04\/selfstorage-2-50x8.jpg 50w, https:\/\/capsa2in1.com\/wp-content\/uploads\/2018\/04\/selfstorage-2-150x24.jpg 150w, https:\/\/capsa2in1.com\/wp-content\/uploads\/2018\/04\/selfstorage-2.jpg 327w\" sizes=\"(max-width: 300px) 100vw, 300px\" \/>\t\t\t\t\t\t\t\t\t\t\t\t\t\t\t<\/div>\n\t\t\t\t<\/div>\n\t\t\t\t\t<\/div>\n\t\t<\/div>\n\t\t\t\t\t<\/div>\n\t\t<\/section>\n\t\t\t\t<section class=\"elementor-section elementor-top-section elementor-element elementor-element-13c9b0e elementor-section-boxed elementor-section-height-default elementor-section-height-default\" data-id=\"13c9b0e\" data-element_type=\"section\">\n\t\t\t\t\t\t<div class=\"elementor-container elementor-column-gap-default\">\n\t\t\t\t\t<div class=\"elementor-column elementor-col-100 elementor-top-column elementor-element elementor-element-b7c664e\" data-id=\"b7c664e\" data-element_type=\"column\">\n\t\t\t<div class=\"elementor-widget-wrap elementor-element-populated\">\n\t\t\t\t\t\t<section class=\"elementor-section elementor-inner-section elementor-element elementor-element-1ba89f7 elementor-section-boxed elementor-section-height-default elementor-section-height-default\" data-id=\"1ba89f7\" data-element_type=\"section\">\n\t\t\t\t\t\t<div class=\"elementor-container elementor-column-gap-wide\">\n\t\t\t\t\t<div class=\"elementor-column elementor-col-50 elementor-inner-column elementor-element elementor-element-bdfc802\" data-id=\"bdfc802\" data-element_type=\"column\" data-settings=\"{&quot;background_background&quot;:&quot;classic&quot;}\">\n\t\t\t<div class=\"elementor-widget-wrap elementor-element-populated\">\n\t\t\t\t\t\t<div class=\"elementor-element elementor-element-c386bec elementor-widget elementor-widget-image\" data-id=\"c386bec\" data-element_type=\"widget\" data-widget_type=\"image.default\">\n\t\t\t\t<div class=\"elementor-widget-container\">\n\t\t\t\t\t\t\t\t\t\t\t\t\t\t\t<img fetchpriority=\"high\" decoding=\"async\" width=\"525\" height=\"390\" src=\"https:\/\/capsa2in1.com\/wp-content\/uploads\/2020\/10\/self-storage-capsa.png\" class=\"attachment-large size-large wp-image-11877\" alt=\"Divisi\u00f3n self storage\" srcset=\"https:\/\/capsa2in1.com\/wp-content\/uploads\/2020\/10\/self-storage-capsa.png 525w, https:\/\/capsa2in1.com\/wp-content\/uploads\/2020\/10\/self-storage-capsa-300x223.png 300w\" sizes=\"(max-width: 525px) 100vw, 525px\" \/>\t\t\t\t\t\t\t\t\t\t\t\t\t\t\t<\/div>\n\t\t\t\t<\/div>\n\t\t\t\t\t<\/div>\n\t\t<\/div>\n\t\t\t\t<div class=\"elementor-column elementor-col-50 elementor-inner-column elementor-element elementor-element-45f4f07\" data-id=\"45f4f07\" data-element_type=\"column\">\n\t\t\t<div class=\"elementor-widget-wrap elementor-element-populated\">\n\t\t\t\t\t\t<div class=\"elementor-element elementor-element-5369f5a elementor-widget elementor-widget-text-editor\" data-id=\"5369f5a\" data-element_type=\"widget\" data-widget_type=\"text-editor.default\">\n\t\t\t\t<div class=\"elementor-widget-container\">\n\t\t\t\t\t\t\t\t\t<p>Notre division Self-Storage est orient\u00e9e vers la commercialisation de produits d&#8217;emballage et de protection pour l&rsquo;exp\u00e9dition, le stockage et le d\u00e9m\u00e9nagement, tant pour les professionnels que pour les particuliers.<\/p>\n<p>En outre, cette ligne est compl\u00e9t\u00e9e par la commercialisation de produits d&rsquo;entretien et de manutention destin\u00e9s \u00e0 l&rsquo;usage interne des op\u00e9rateurs de self-stockage.<\/p>\n<p>La division dispose d&rsquo;une \u00e9quipe qualifi\u00e9e et sp\u00e9cialis\u00e9e avec plus de 15 ans d&rsquo;exp\u00e9rience dans le secteur pour vous offrir la meilleure valeur ajout\u00e9e pour votre point de vente.<\/p>\n<p>Avec Capsa, votre magasin disposera de produits sp\u00e9cifiques qui vous aideront \u00e0 augmenter le chiffre d&rsquo;affaires de votre entreprise. Surtout, il facilitera l&rsquo;augmentation du niveau de satisfaction de vos clients, gr\u00e2ce \u00e0 un produit diff\u00e9renciateur et innovant, une r\u00e9f\u00e9rence au niveau europ\u00e9en : la bo\u00eete Capsa 2in1\u00ae.<\/p>\n\t\t\t\t\t\t\t\t<\/div>\n\t\t\t\t<\/div>\n\t\t\t\t\t<\/div>\n\t\t<\/div>\n\t\t\t\t\t<\/div>\n\t\t<\/section>\n\t\t\t\t<div class=\"elementor-element elementor-element-2b394e4 elementor-widget elementor-widget-spacer\" data-id=\"2b394e4\" data-element_type=\"widget\" data-widget_type=\"spacer.default\">\n\t\t\t\t<div class=\"elementor-widget-container\">\n\t\t\t\t\t\t\t<div class=\"elementor-spacer\">\n\t\t\t<div class=\"elementor-spacer-inner\"><\/div>\n\t\t<\/div>\n\t\t\t\t\t\t<\/div>\n\t\t\t\t<\/div>\n\t\t\t\t\t<\/div>\n\t\t<\/div>\n\t\t\t\t\t<\/div>\n\t\t<\/section>\n\t\t\t\t<\/div>\n\t\t","protected":false},"excerpt":{"rendered":"<p>Self-Storage Notre division Self-Storage est orient\u00e9e vers la commercialisation de produits d&#8217;emballage et de protection pour l&rsquo;exp\u00e9dition, le stockage et le d\u00e9m\u00e9nagement, tant pour les professionnels que pour les particuliers. En outre, cette ligne est compl\u00e9t\u00e9e par la commercialisation de produits d&rsquo;entretien et de manutention destin\u00e9s \u00e0 l&rsquo;usage interne des op\u00e9rateurs de self-stockage. La division [&hellip;]<\/p>\n","protected":false},"author":10,"featured_media":0,"parent":0,"menu_order":0,"comment_status":"closed","ping_status":"closed","template":"elementor_header_footer","meta":{"_acf_changed":false,"footnotes":""},"class_list":["post-4352","page","type-page","status-publish","hentry"],"acf":[],"yoast_head":"<!-- This site is optimized with the Yoast SEO plugin v27.5 - https:\/\/yoast.com\/product\/yoast-seo-wordpress\/ -->\n<title>Self-Storage : Produits d&#039;emballage pour l&#039;exp\u00e9dition et le stockage<\/title>\n<meta name=\"description\" content=\"\u25b7 Notre division self-storage propose aux professionnels et aux particuliers des produits d&#039;emballage et de protection pour l&#039;exp\u00e9dition, le stockage et le d\u00e9m\u00e9nagement.\" \/>\n<meta name=\"robots\" content=\"index, follow, max-snippet:-1, max-image-preview:large, max-video-preview:-1\" \/>\n<link rel=\"canonical\" href=\"https:\/\/capsa2in1.com\/selfstorage\/\" \/>\n<meta property=\"og:locale\" content=\"fr_FR\" \/>\n<meta property=\"og:type\" content=\"article\" \/>\n<meta property=\"og:title\" content=\"Self-Storage : Produits d&#039;emballage pour l&#039;exp\u00e9dition et le stockage\" \/>\n<meta property=\"og:description\" content=\"\u25b7 Notre division self-storage propose aux professionnels et aux particuliers des produits d&#039;emballage et de protection pour l&#039;exp\u00e9dition, le stockage et le d\u00e9m\u00e9nagement.\" \/>\n<meta property=\"og:url\" content=\"https:\/\/capsa2in1.com\/selfstorage\/\" \/>\n<meta property=\"og:site_name\" content=\"CAPSA2in1\u00ae\" \/>\n<meta property=\"article:modified_time\" content=\"2023-10-24T10:02:12+00:00\" \/>\n<meta property=\"og:image\" content=\"https:\/\/capsa2in1.com\/wp-content\/uploads\/2018\/04\/selfstorage-2-300x49.jpg\" \/>\n<meta name=\"twitter:card\" content=\"summary_large_image\" \/>\n<meta name=\"twitter:label1\" content=\"Dur\u00e9e de lecture estim\u00e9e\" \/>\n\t<meta name=\"twitter:data1\" content=\"1 minute\" \/>\n<script type=\"application\/ld+json\" class=\"yoast-schema-graph\">{\"@context\":\"https:\\\/\\\/schema.org\",\"@graph\":[{\"@type\":\"WebPage\",\"@id\":\"https:\\\/\\\/capsa2in1.com\\\/selfstorage\\\/\",\"url\":\"https:\\\/\\\/capsa2in1.com\\\/selfstorage\\\/\",\"name\":\"Self-Storage : Produits d'emballage pour l'exp\u00e9dition et le stockage\",\"isPartOf\":{\"@id\":\"https:\\\/\\\/capsa2in1.com\\\/#website\"},\"primaryImageOfPage\":{\"@id\":\"https:\\\/\\\/capsa2in1.com\\\/selfstorage\\\/#primaryimage\"},\"image\":{\"@id\":\"https:\\\/\\\/capsa2in1.com\\\/selfstorage\\\/#primaryimage\"},\"thumbnailUrl\":\"https:\\\/\\\/capsa2in1.com\\\/wp-content\\\/uploads\\\/2018\\\/04\\\/selfstorage-2-300x49.jpg\",\"datePublished\":\"2018-11-30T09:25:43+00:00\",\"dateModified\":\"2023-10-24T10:02:12+00:00\",\"description\":\"\u25b7 Notre division self-storage propose aux professionnels et aux particuliers des produits d'emballage et de protection pour l'exp\u00e9dition, le stockage et le d\u00e9m\u00e9nagement.\",\"breadcrumb\":{\"@id\":\"https:\\\/\\\/capsa2in1.com\\\/selfstorage\\\/#breadcrumb\"},\"inLanguage\":\"fr-FR\",\"potentialAction\":[{\"@type\":\"ReadAction\",\"target\":[\"https:\\\/\\\/capsa2in1.com\\\/selfstorage\\\/\"]}]},{\"@type\":\"ImageObject\",\"inLanguage\":\"fr-FR\",\"@id\":\"https:\\\/\\\/capsa2in1.com\\\/selfstorage\\\/#primaryimage\",\"url\":\"https:\\\/\\\/capsa2in1.com\\\/wp-content\\\/uploads\\\/2018\\\/04\\\/selfstorage-2-300x49.jpg\",\"contentUrl\":\"https:\\\/\\\/capsa2in1.com\\\/wp-content\\\/uploads\\\/2018\\\/04\\\/selfstorage-2-300x49.jpg\"},{\"@type\":\"BreadcrumbList\",\"@id\":\"https:\\\/\\\/capsa2in1.com\\\/selfstorage\\\/#breadcrumb\",\"itemListElement\":[{\"@type\":\"ListItem\",\"position\":1,\"name\":\"Inicio\",\"item\":\"https:\\\/\\\/capsa2in1.com\\\/fr\\\/\"},{\"@type\":\"ListItem\",\"position\":2,\"name\":\"Entreposage libre-service\"}]},{\"@type\":\"WebSite\",\"@id\":\"https:\\\/\\\/capsa2in1.com\\\/#website\",\"url\":\"https:\\\/\\\/capsa2in1.com\\\/\",\"name\":\"CAPSA2in1\u00ae\",\"description\":\"Reusable packaging. Smarter, Greener Logistics!\",\"publisher\":{\"@id\":\"https:\\\/\\\/capsa2in1.com\\\/#organization\"},\"potentialAction\":[{\"@type\":\"SearchAction\",\"target\":{\"@type\":\"EntryPoint\",\"urlTemplate\":\"https:\\\/\\\/capsa2in1.com\\\/?s={search_term_string}\"},\"query-input\":{\"@type\":\"PropertyValueSpecification\",\"valueRequired\":true,\"valueName\":\"search_term_string\"}}],\"inLanguage\":\"fr-FR\"},{\"@type\":\"Organization\",\"@id\":\"https:\\\/\\\/capsa2in1.com\\\/#organization\",\"name\":\"CAPSA 2in1\",\"url\":\"https:\\\/\\\/capsa2in1.com\\\/\",\"logo\":{\"@type\":\"ImageObject\",\"inLanguage\":\"fr-FR\",\"@id\":\"https:\\\/\\\/capsa2in1.com\\\/#\\\/schema\\\/logo\\\/image\\\/\",\"url\":\"\",\"contentUrl\":\"\",\"caption\":\"CAPSA 2in1\"},\"image\":{\"@id\":\"https:\\\/\\\/capsa2in1.com\\\/#\\\/schema\\\/logo\\\/image\\\/\"}}]}<\/script>\n<!-- \/ Yoast SEO plugin. -->","yoast_head_json":{"title":"Self-Storage : Produits d'emballage pour l'exp\u00e9dition et le stockage","description":"\u25b7 Notre division self-storage propose aux professionnels et aux particuliers des produits d'emballage et de protection pour l'exp\u00e9dition, le stockage et le d\u00e9m\u00e9nagement.","robots":{"index":"index","follow":"follow","max-snippet":"max-snippet:-1","max-image-preview":"max-image-preview:large","max-video-preview":"max-video-preview:-1"},"canonical":"https:\/\/capsa2in1.com\/selfstorage\/","og_locale":"fr_FR","og_type":"article","og_title":"Self-Storage : Produits d'emballage pour l'exp\u00e9dition et le stockage","og_description":"\u25b7 Notre division self-storage propose aux professionnels et aux particuliers des produits d'emballage et de protection pour l'exp\u00e9dition, le stockage et le d\u00e9m\u00e9nagement.","og_url":"https:\/\/capsa2in1.com\/selfstorage\/","og_site_name":"CAPSA2in1\u00ae","article_modified_time":"2023-10-24T10:02:12+00:00","og_image":[{"url":"https:\/\/capsa2in1.com\/wp-content\/uploads\/2018\/04\/selfstorage-2-300x49.jpg","type":"","width":"","height":""}],"twitter_card":"summary_large_image","twitter_misc":{"Dur\u00e9e de lecture estim\u00e9e":"1 minute"},"schema":{"@context":"https:\/\/schema.org","@graph":[{"@type":"WebPage","@id":"https:\/\/capsa2in1.com\/selfstorage\/","url":"https:\/\/capsa2in1.com\/selfstorage\/","name":"Self-Storage : Produits d'emballage pour l'exp\u00e9dition et le stockage","isPartOf":{"@id":"https:\/\/capsa2in1.com\/#website"},"primaryImageOfPage":{"@id":"https:\/\/capsa2in1.com\/selfstorage\/#primaryimage"},"image":{"@id":"https:\/\/capsa2in1.com\/selfstorage\/#primaryimage"},"thumbnailUrl":"https:\/\/capsa2in1.com\/wp-content\/uploads\/2018\/04\/selfstorage-2-300x49.jpg","datePublished":"2018-11-30T09:25:43+00:00","dateModified":"2023-10-24T10:02:12+00:00","description":"\u25b7 Notre division self-storage propose aux professionnels et aux particuliers des produits d'emballage et de protection pour l'exp\u00e9dition, le stockage et le d\u00e9m\u00e9nagement.","breadcrumb":{"@id":"https:\/\/capsa2in1.com\/selfstorage\/#breadcrumb"},"inLanguage":"fr-FR","potentialAction":[{"@type":"ReadAction","target":["https:\/\/capsa2in1.com\/selfstorage\/"]}]},{"@type":"ImageObject","inLanguage":"fr-FR","@id":"https:\/\/capsa2in1.com\/selfstorage\/#primaryimage","url":"https:\/\/capsa2in1.com\/wp-content\/uploads\/2018\/04\/selfstorage-2-300x49.jpg","contentUrl":"https:\/\/capsa2in1.com\/wp-content\/uploads\/2018\/04\/selfstorage-2-300x49.jpg"},{"@type":"BreadcrumbList","@id":"https:\/\/capsa2in1.com\/selfstorage\/#breadcrumb","itemListElement":[{"@type":"ListItem","position":1,"name":"Inicio","item":"https:\/\/capsa2in1.com\/fr\/"},{"@type":"ListItem","position":2,"name":"Entreposage libre-service"}]},{"@type":"WebSite","@id":"https:\/\/capsa2in1.com\/#website","url":"https:\/\/capsa2in1.com\/","name":"CAPSA2in1\u00ae","description":"Reusable packaging. Smarter, Greener Logistics!","publisher":{"@id":"https:\/\/capsa2in1.com\/#organization"},"potentialAction":[{"@type":"SearchAction","target":{"@type":"EntryPoint","urlTemplate":"https:\/\/capsa2in1.com\/?s={search_term_string}"},"query-input":{"@type":"PropertyValueSpecification","valueRequired":true,"valueName":"search_term_string"}}],"inLanguage":"fr-FR"},{"@type":"Organization","@id":"https:\/\/capsa2in1.com\/#organization","name":"CAPSA 2in1","url":"https:\/\/capsa2in1.com\/","logo":{"@type":"ImageObject","inLanguage":"fr-FR","@id":"https:\/\/capsa2in1.com\/#\/schema\/logo\/image\/","url":"","contentUrl":"","caption":"CAPSA 2in1"},"image":{"@id":"https:\/\/capsa2in1.com\/#\/schema\/logo\/image\/"}}]}},"_links":{"self":[{"href":"https:\/\/capsa2in1.com\/fr\/wp-json\/wp\/v2\/pages\/4352","targetHints":{"allow":["GET"]}}],"collection":[{"href":"https:\/\/capsa2in1.com\/fr\/wp-json\/wp\/v2\/pages"}],"about":[{"href":"https:\/\/capsa2in1.com\/fr\/wp-json\/wp\/v2\/types\/page"}],"author":[{"embeddable":true,"href":"https:\/\/capsa2in1.com\/fr\/wp-json\/wp\/v2\/users\/10"}],"replies":[{"embeddable":true,"href":"https:\/\/capsa2in1.com\/fr\/wp-json\/wp\/v2\/comments?post=4352"}],"version-history":[{"count":0,"href":"https:\/\/capsa2in1.com\/fr\/wp-json\/wp\/v2\/pages\/4352\/revisions"}],"wp:attachment":[{"href":"https:\/\/capsa2in1.com\/fr\/wp-json\/wp\/v2\/media?parent=4352"}],"curies":[{"name":"wp","href":"https:\/\/api.w.org\/{rel}","templated":true}]}}