{"id":4349,"date":"2018-11-30T09:09:05","date_gmt":"2018-11-30T09:09:05","guid":{"rendered":"http:\/\/capsa2in1.com\/moving-home\/"},"modified":"2023-10-24T10:07:21","modified_gmt":"2023-10-24T10:07:21","slug":"demenagement-maison","status":"publish","type":"page","link":"https:\/\/capsa2in1.com\/fr\/demenagement-maison\/","title":{"rendered":"Retail"},"content":{"rendered":"\t\t<div data-elementor-type=\"wp-page\" data-elementor-id=\"4349\" class=\"elementor elementor-4349 elementor-626\" data-elementor-post-type=\"page\">\n\t\t\t\t\t\t<section class=\"elementor-section elementor-top-section elementor-element elementor-element-1f17e43 elementor-section-boxed elementor-section-height-default elementor-section-height-default\" data-id=\"1f17e43\" data-element_type=\"section\">\n\t\t\t\t\t\t<div class=\"elementor-container elementor-column-gap-default\">\n\t\t\t\t\t<div class=\"elementor-column elementor-col-100 elementor-top-column elementor-element elementor-element-75d91e4\" data-id=\"75d91e4\" data-element_type=\"column\">\n\t\t\t<div class=\"elementor-widget-wrap elementor-element-populated\">\n\t\t\t\t\t\t<div class=\"elementor-element elementor-element-cc44b74 elementor-widget elementor-widget-heading\" data-id=\"cc44b74\" data-element_type=\"widget\" data-widget_type=\"heading.default\">\n\t\t\t\t<div class=\"elementor-widget-container\">\n\t\t\t\t\t<h1 class=\"elementor-heading-title elementor-size-default\">Retail<\/h1>\t\t\t\t<\/div>\n\t\t\t\t<\/div>\n\t\t\t\t\t<\/div>\n\t\t<\/div>\n\t\t\t\t\t<\/div>\n\t\t<\/section>\n\t\t\t\t<section class=\"elementor-section elementor-top-section elementor-element elementor-element-765e246 elementor-section-boxed elementor-section-height-default elementor-section-height-default\" data-id=\"765e246\" data-element_type=\"section\">\n\t\t\t\t\t\t<div class=\"elementor-container elementor-column-gap-default\">\n\t\t\t\t\t<div class=\"elementor-column elementor-col-100 elementor-top-column elementor-element elementor-element-4b15735\" data-id=\"4b15735\" data-element_type=\"column\">\n\t\t\t<div class=\"elementor-widget-wrap elementor-element-populated\">\n\t\t\t\t\t\t<section class=\"elementor-section elementor-inner-section elementor-element elementor-element-76b3547 elementor-section-boxed elementor-section-height-default elementor-section-height-default\" data-id=\"76b3547\" data-element_type=\"section\">\n\t\t\t\t\t\t<div class=\"elementor-container elementor-column-gap-wide\">\n\t\t\t\t\t<div class=\"elementor-column elementor-col-50 elementor-inner-column elementor-element elementor-element-ba72259\" data-id=\"ba72259\" data-element_type=\"column\" data-settings=\"{&quot;background_background&quot;:&quot;classic&quot;}\">\n\t\t\t<div class=\"elementor-widget-wrap elementor-element-populated\">\n\t\t\t\t\t\t<div class=\"elementor-element elementor-element-dc5c302 elementor-widget elementor-widget-image\" data-id=\"dc5c302\" data-element_type=\"widget\" data-widget_type=\"image.default\">\n\t\t\t\t<div class=\"elementor-widget-container\">\n\t\t\t\t\t\t\t\t\t\t\t\t\t\t\t<img fetchpriority=\"high\" decoding=\"async\" width=\"525\" height=\"350\" src=\"https:\/\/capsa2in1.com\/wp-content\/uploads\/2020\/11\/retial-cajas-para-el-hogar-capsa.png\" class=\"attachment-large size-large wp-image-12314\" alt=\"retial-cajas-para-el-hogar-capsa\" srcset=\"https:\/\/capsa2in1.com\/wp-content\/uploads\/2020\/11\/retial-cajas-para-el-hogar-capsa.png 525w, https:\/\/capsa2in1.com\/wp-content\/uploads\/2020\/11\/retial-cajas-para-el-hogar-capsa-300x200.png 300w\" sizes=\"(max-width: 525px) 100vw, 525px\" \/>\t\t\t\t\t\t\t\t\t\t\t\t\t\t\t<\/div>\n\t\t\t\t<\/div>\n\t\t\t\t\t<\/div>\n\t\t<\/div>\n\t\t\t\t<div class=\"elementor-column elementor-col-50 elementor-inner-column elementor-element elementor-element-972031e\" data-id=\"972031e\" data-element_type=\"column\">\n\t\t\t<div class=\"elementor-widget-wrap elementor-element-populated\">\n\t\t\t\t\t\t<div class=\"elementor-element elementor-element-1a0a04a elementor-widget elementor-widget-text-editor\" data-id=\"1a0a04a\" data-element_type=\"widget\" data-widget_type=\"text-editor.default\">\n\t\t\t\t<div class=\"elementor-widget-container\">\n\t\t\t\t\t\t\t\t\tLa division Capsa\u00ae retail se concentre sur la conception et la commercialisation de produits et de services pour le d\u00e9m\u00e9nagement, le stockage et l&rsquo;organisation de la maison \u00e0 travers les points de vente.\r\n\r\nNous disposons d&rsquo;une large gamme de produits con\u00e7us pour apporter de la valeur ajout\u00e9e et de l&rsquo;innovation aux points de vente et \u00e0 leurs clients. En outre, notre exp\u00e9rience et nos connaissances nous permettent de soutenir le distributeur dans de nombreux domaines. De la s\u00e9lection de l&rsquo;assortiment \u00e0 la mise en \u0153uvre, en passant par le merchandising et le suivi du rayon.\r\n\r\nAvec un catalogue sp\u00e9cialement d\u00e9di\u00e9 au d\u00e9m\u00e9nagement et au tri, gr\u00e2ce \u00e0 notre division retail, vos clients trouveront tout ce dont ils ont besoin. Des cartons \u00e0 la protection \u00e0 bulles, en passant par les cartons pour la vaisselle, les cartons pour les bouteilles, les cartons penderies, les cartons sp\u00e9ciaux pour les t\u00e9l\u00e9visions et le multim\u00e9dia, les cartons pour les accessoires de sport, les housses de protection pour les matelas, les canap\u00e9s, les chaises, etc.\t\t\t\t\t\t\t\t<\/div>\n\t\t\t\t<\/div>\n\t\t\t\t\t<\/div>\n\t\t<\/div>\n\t\t\t\t\t<\/div>\n\t\t<\/section>\n\t\t\t\t\t<\/div>\n\t\t<\/div>\n\t\t\t\t\t<\/div>\n\t\t<\/section>\n\t\t\t\t<section class=\"elementor-section elementor-top-section elementor-element elementor-element-8144fc9 elementor-section-boxed elementor-section-height-default elementor-section-height-default\" data-id=\"8144fc9\" data-element_type=\"section\" data-settings=\"{&quot;background_background&quot;:&quot;gradient&quot;}\">\n\t\t\t\t\t\t<div class=\"elementor-container elementor-column-gap-default\">\n\t\t\t\t\t<div class=\"elementor-column elementor-col-25 elementor-top-column elementor-element elementor-element-8c457ea\" data-id=\"8c457ea\" data-element_type=\"column\">\n\t\t\t<div class=\"elementor-widget-wrap\">\n\t\t\t\t\t\t\t<\/div>\n\t\t<\/div>\n\t\t\t\t<div class=\"elementor-column elementor-col-50 elementor-top-column elementor-element elementor-element-d9d777a\" data-id=\"d9d777a\" data-element_type=\"column\">\n\t\t\t<div class=\"elementor-widget-wrap elementor-element-populated\">\n\t\t\t\t\t\t<div class=\"elementor-element elementor-element-de1bbb1 elementor-widget elementor-widget-heading\" data-id=\"de1bbb1\" data-element_type=\"widget\" data-widget_type=\"heading.default\">\n\t\t\t\t<div class=\"elementor-widget-container\">\n\t\t\t\t\t<h3 class=\"elementor-heading-title elementor-size-default\">Plus de 100 produits de la plus haute qualit\u00e9 pour garantir la meilleure protection de tout ce que vos clients appr\u00e9cient le plus.<\/h3>\t\t\t\t<\/div>\n\t\t\t\t<\/div>\n\t\t\t\t\t<\/div>\n\t\t<\/div>\n\t\t\t\t<div class=\"elementor-column elementor-col-25 elementor-top-column elementor-element elementor-element-039e480\" data-id=\"039e480\" data-element_type=\"column\">\n\t\t\t<div class=\"elementor-widget-wrap\">\n\t\t\t\t\t\t\t<\/div>\n\t\t<\/div>\n\t\t\t\t\t<\/div>\n\t\t<\/section>\n\t\t\t\t<section class=\"elementor-section elementor-top-section elementor-element elementor-element-3d9611a elementor-section-boxed elementor-section-height-default elementor-section-height-default\" data-id=\"3d9611a\" data-element_type=\"section\" data-settings=\"{&quot;background_background&quot;:&quot;classic&quot;}\">\n\t\t\t\t\t\t<div class=\"elementor-container elementor-column-gap-default\">\n\t\t\t\t\t<div class=\"elementor-column elementor-col-100 elementor-top-column elementor-element elementor-element-3b40d7d\" data-id=\"3b40d7d\" data-element_type=\"column\">\n\t\t\t<div class=\"elementor-widget-wrap elementor-element-populated\">\n\t\t\t\t\t\t<div class=\"elementor-element elementor-element-199761c elementor-widget elementor-widget-spacer\" data-id=\"199761c\" data-element_type=\"widget\" data-widget_type=\"spacer.default\">\n\t\t\t\t<div class=\"elementor-widget-container\">\n\t\t\t\t\t\t\t<div class=\"elementor-spacer\">\n\t\t\t<div class=\"elementor-spacer-inner\"><\/div>\n\t\t<\/div>\n\t\t\t\t\t\t<\/div>\n\t\t\t\t<\/div>\n\t\t\t\t<section class=\"elementor-section elementor-inner-section elementor-element elementor-element-00738c0 elementor-section-boxed elementor-section-height-default elementor-section-height-default\" data-id=\"00738c0\" data-element_type=\"section\">\n\t\t\t\t\t\t<div class=\"elementor-container elementor-column-gap-default\">\n\t\t\t\t\t<div class=\"elementor-column elementor-col-33 elementor-inner-column elementor-element elementor-element-7107369\" data-id=\"7107369\" data-element_type=\"column\">\n\t\t\t<div class=\"elementor-widget-wrap elementor-element-populated\">\n\t\t\t\t\t\t<div class=\"elementor-element elementor-element-037d92e elementor-invisible elementor-widget elementor-widget-image\" data-id=\"037d92e\" data-element_type=\"widget\" data-settings=\"{&quot;_animation&quot;:&quot;zoomIn&quot;,&quot;_animation_delay&quot;:100}\" data-widget_type=\"image.default\">\n\t\t\t\t<div class=\"elementor-widget-container\">\n\t\t\t\t\t\t\t\t\t\t\t\t\t\t\t<img decoding=\"async\" src=\"https:\/\/capsa2in1.com\/wp-content\/uploads\/2020\/10\/icons-retail-mudanza.png\" title=\"icons-retail-mudanza\" alt=\"Icono caja\" loading=\"lazy\" \/>\t\t\t\t\t\t\t\t\t\t\t\t\t\t\t<\/div>\n\t\t\t\t<\/div>\n\t\t\t\t<div class=\"elementor-element elementor-element-4209dc6 elementor-widget elementor-widget-heading\" data-id=\"4209dc6\" data-element_type=\"widget\" data-widget_type=\"heading.default\">\n\t\t\t\t<div class=\"elementor-widget-container\">\n\t\t\t\t\t<h3 class=\"elementor-heading-title elementor-size-default\">Services<\/h3>\t\t\t\t<\/div>\n\t\t\t\t<\/div>\n\t\t\t\t<div class=\"elementor-element elementor-element-a37c0fc elementor-widget elementor-widget-text-editor\" data-id=\"a37c0fc\" data-element_type=\"widget\" data-widget_type=\"text-editor.default\">\n\t\t\t\t<div class=\"elementor-widget-container\">\n\t\t\t\t\t\t\t\t\t<p>Nous disposons d&rsquo;une large gamme de produits pour les d\u00e9m\u00e9nagements, le stockage et l&rsquo;organisation de la maison.<\/p>\n\t\t\t\t\t\t\t\t<\/div>\n\t\t\t\t<\/div>\n\t\t\t\t\t<\/div>\n\t\t<\/div>\n\t\t\t\t<div class=\"elementor-column elementor-col-33 elementor-inner-column elementor-element elementor-element-3afd8fb\" data-id=\"3afd8fb\" data-element_type=\"column\">\n\t\t\t<div class=\"elementor-widget-wrap elementor-element-populated\">\n\t\t\t\t\t\t<div class=\"elementor-element elementor-element-22b41f7 elementor-invisible elementor-widget elementor-widget-image\" data-id=\"22b41f7\" data-element_type=\"widget\" data-settings=\"{&quot;_animation&quot;:&quot;zoomIn&quot;,&quot;_animation_delay&quot;:200}\" data-widget_type=\"image.default\">\n\t\t\t\t<div class=\"elementor-widget-container\">\n\t\t\t\t\t\t\t\t\t\t\t\t\t\t\t<img decoding=\"async\" src=\"https:\/\/capsa2in1.com\/wp-content\/uploads\/2020\/10\/icons-retail-merchandaising-4-100x100.png\" title=\"icons-retail-merchandaising\" alt=\"Almacenamiento de  cajas\" loading=\"lazy\" \/>\t\t\t\t\t\t\t\t\t\t\t\t\t\t\t<\/div>\n\t\t\t\t<\/div>\n\t\t\t\t<div class=\"elementor-element elementor-element-9fdfdb0 elementor-widget elementor-widget-heading\" data-id=\"9fdfdb0\" data-element_type=\"widget\" data-widget_type=\"heading.default\">\n\t\t\t\t<div class=\"elementor-widget-container\">\n\t\t\t\t\t<h3 class=\"elementor-heading-title elementor-size-default\">Merchandising<\/h3>\t\t\t\t<\/div>\n\t\t\t\t<\/div>\n\t\t\t\t<div class=\"elementor-element elementor-element-0311cf7 elementor-widget elementor-widget-text-editor\" data-id=\"0311cf7\" data-element_type=\"widget\" data-widget_type=\"text-editor.default\">\n\t\t\t\t<div class=\"elementor-widget-container\">\n\t\t\t\t\t\t\t\t\t<p>Nous prenons en charge la conception du rayon<br \/>\npour optimiser l&rsquo;espace de vente et la rentabilit\u00e9 au m\u00e8tre carr\u00e9.<\/p>\n\t\t\t\t\t\t\t\t<\/div>\n\t\t\t\t<\/div>\n\t\t\t\t\t<\/div>\n\t\t<\/div>\n\t\t\t\t<div class=\"elementor-column elementor-col-33 elementor-inner-column elementor-element elementor-element-ddecb48\" data-id=\"ddecb48\" data-element_type=\"column\">\n\t\t\t<div class=\"elementor-widget-wrap elementor-element-populated\">\n\t\t\t\t\t\t<div class=\"elementor-element elementor-element-a58794f elementor-invisible elementor-widget elementor-widget-image\" data-id=\"a58794f\" data-element_type=\"widget\" data-settings=\"{&quot;_animation&quot;:&quot;zoomIn&quot;,&quot;_animation_delay&quot;:300}\" data-widget_type=\"image.default\">\n\t\t\t\t<div class=\"elementor-widget-container\">\n\t\t\t\t\t\t\t\t\t\t\t\t\t\t\t<img decoding=\"async\" src=\"https:\/\/capsa2in1.com\/wp-content\/uploads\/2020\/10\/icons-retail-marketing.png\" title=\"icons-retail-marketing\" alt=\"Icon retail marketing\" loading=\"lazy\" \/>\t\t\t\t\t\t\t\t\t\t\t\t\t\t\t<\/div>\n\t\t\t\t<\/div>\n\t\t\t\t<div class=\"elementor-element elementor-element-632a9a3 elementor-widget elementor-widget-heading\" data-id=\"632a9a3\" data-element_type=\"widget\" data-widget_type=\"heading.default\">\n\t\t\t\t<div class=\"elementor-widget-container\">\n\t\t\t\t\t<h3 class=\"elementor-heading-title elementor-size-default\">Marketing<\/h3>\t\t\t\t<\/div>\n\t\t\t\t<\/div>\n\t\t\t\t<div class=\"elementor-element elementor-element-6c395b5 elementor-widget elementor-widget-text-editor\" data-id=\"6c395b5\" data-element_type=\"widget\" data-widget_type=\"text-editor.default\">\n\t\t\t\t<div class=\"elementor-widget-container\">\n\t\t\t\t\t\t\t\t\t<p>Capsa r\u00e9alise la conception et la mise en page d&rsquo;\u00e9l\u00e9ments graphiques, en plus d&rsquo;\u00eatre en mesure de fournir des outils de communication pour des panneaux d&rsquo;affichage, des \u00e9v\u00e9nements et des podiums.<br \/>\ndes outils de communication pour les panneaux d&rsquo;affichage, les \u00e9v\u00e9nements et les podiums.<\/p>\n\t\t\t\t\t\t\t\t<\/div>\n\t\t\t\t<\/div>\n\t\t\t\t\t<\/div>\n\t\t<\/div>\n\t\t\t\t\t<\/div>\n\t\t<\/section>\n\t\t\t\t<div class=\"elementor-element elementor-element-7d18839 elementor-widget elementor-widget-spacer\" data-id=\"7d18839\" data-element_type=\"widget\" data-widget_type=\"spacer.default\">\n\t\t\t\t<div class=\"elementor-widget-container\">\n\t\t\t\t\t\t\t<div class=\"elementor-spacer\">\n\t\t\t<div class=\"elementor-spacer-inner\"><\/div>\n\t\t<\/div>\n\t\t\t\t\t\t<\/div>\n\t\t\t\t<\/div>\n\t\t\t\t\t<\/div>\n\t\t<\/div>\n\t\t\t\t\t<\/div>\n\t\t<\/section>\n\t\t\t\t<\/div>\n\t\t","protected":false},"excerpt":{"rendered":"<p>Retail La division Capsa\u00ae retail se concentre sur la conception et la commercialisation de produits et de services pour le d\u00e9m\u00e9nagement, le stockage et l&rsquo;organisation de la maison \u00e0 travers les points de vente. Nous disposons d&rsquo;une large gamme de produits con\u00e7us pour apporter de la valeur ajout\u00e9e et de l&rsquo;innovation aux points de vente [&hellip;]<\/p>\n","protected":false},"author":10,"featured_media":0,"parent":0,"menu_order":0,"comment_status":"closed","ping_status":"closed","template":"elementor_header_footer","meta":{"_acf_changed":false,"footnotes":""},"class_list":["post-4349","page","type-page","status-publish","hentry"],"acf":[],"yoast_head":"<!-- This site is optimized with the Yoast SEO plugin v27.5 - https:\/\/yoast.com\/product\/yoast-seo-wordpress\/ -->\n<title>Vente au d\u00e9tail de produits Capsa\u00ae pour le d\u00e9m\u00e9nagement, le stockage et l&#039;organisation<\/title>\n<meta name=\"description\" content=\"\u25b7 Notre division de vente au d\u00e9tail propose des produits et des services pour le d\u00e9m\u00e9nagement, le stockage et l&#039;am\u00e9nagement de la maison par l&#039;interm\u00e9diaire de points de vente.\" \/>\n<meta name=\"robots\" content=\"index, follow, max-snippet:-1, max-image-preview:large, max-video-preview:-1\" \/>\n<link rel=\"canonical\" href=\"https:\/\/capsa2in1.com\/retail\/\" \/>\n<meta property=\"og:locale\" content=\"fr_FR\" \/>\n<meta property=\"og:type\" content=\"article\" \/>\n<meta property=\"og:title\" content=\"Vente au d\u00e9tail de produits Capsa\u00ae pour le d\u00e9m\u00e9nagement, le stockage et l&#039;organisation\" \/>\n<meta property=\"og:description\" content=\"\u25b7 Notre division de vente au d\u00e9tail propose des produits et des services pour le d\u00e9m\u00e9nagement, le stockage et l&#039;am\u00e9nagement de la maison par l&#039;interm\u00e9diaire de points de vente.\" \/>\n<meta property=\"og:url\" content=\"https:\/\/capsa2in1.com\/retail\/\" \/>\n<meta property=\"og:site_name\" content=\"CAPSA2in1\u00ae\" \/>\n<meta property=\"article:modified_time\" content=\"2023-10-24T10:07:21+00:00\" \/>\n<meta property=\"og:image\" content=\"https:\/\/capsa2in1.com\/wp-content\/uploads\/2020\/11\/retial-cajas-para-el-hogar-capsa.png\" \/>\n<meta name=\"twitter:card\" content=\"summary_large_image\" \/>\n<meta name=\"twitter:label1\" content=\"Dur\u00e9e de lecture estim\u00e9e\" \/>\n\t<meta name=\"twitter:data1\" content=\"2 minutes\" \/>\n<script type=\"application\/ld+json\" class=\"yoast-schema-graph\">{\"@context\":\"https:\\\/\\\/schema.org\",\"@graph\":[{\"@type\":\"WebPage\",\"@id\":\"https:\\\/\\\/capsa2in1.com\\\/retail\\\/\",\"url\":\"https:\\\/\\\/capsa2in1.com\\\/retail\\\/\",\"name\":\"Vente au d\u00e9tail de produits Capsa\u00ae pour le d\u00e9m\u00e9nagement, le stockage et l'organisation\",\"isPartOf\":{\"@id\":\"https:\\\/\\\/capsa2in1.com\\\/#website\"},\"primaryImageOfPage\":{\"@id\":\"https:\\\/\\\/capsa2in1.com\\\/retail\\\/#primaryimage\"},\"image\":{\"@id\":\"https:\\\/\\\/capsa2in1.com\\\/retail\\\/#primaryimage\"},\"thumbnailUrl\":\"https:\\\/\\\/capsa2in1.com\\\/wp-content\\\/uploads\\\/2020\\\/11\\\/retial-cajas-para-el-hogar-capsa.png\",\"datePublished\":\"2018-11-30T09:09:05+00:00\",\"dateModified\":\"2023-10-24T10:07:21+00:00\",\"description\":\"\u25b7 Notre division de vente au d\u00e9tail propose des produits et des services pour le d\u00e9m\u00e9nagement, le stockage et l'am\u00e9nagement de la maison par l'interm\u00e9diaire de points de vente.\",\"breadcrumb\":{\"@id\":\"https:\\\/\\\/capsa2in1.com\\\/retail\\\/#breadcrumb\"},\"inLanguage\":\"fr-FR\",\"potentialAction\":[{\"@type\":\"ReadAction\",\"target\":[\"https:\\\/\\\/capsa2in1.com\\\/retail\\\/\"]}]},{\"@type\":\"ImageObject\",\"inLanguage\":\"fr-FR\",\"@id\":\"https:\\\/\\\/capsa2in1.com\\\/retail\\\/#primaryimage\",\"url\":\"https:\\\/\\\/capsa2in1.com\\\/wp-content\\\/uploads\\\/2020\\\/11\\\/retial-cajas-para-el-hogar-capsa.png\",\"contentUrl\":\"https:\\\/\\\/capsa2in1.com\\\/wp-content\\\/uploads\\\/2020\\\/11\\\/retial-cajas-para-el-hogar-capsa.png\"},{\"@type\":\"BreadcrumbList\",\"@id\":\"https:\\\/\\\/capsa2in1.com\\\/retail\\\/#breadcrumb\",\"itemListElement\":[{\"@type\":\"ListItem\",\"position\":1,\"name\":\"Inicio\",\"item\":\"https:\\\/\\\/capsa2in1.com\\\/fr\\\/\"},{\"@type\":\"ListItem\",\"position\":2,\"name\":\"Retail\"}]},{\"@type\":\"WebSite\",\"@id\":\"https:\\\/\\\/capsa2in1.com\\\/#website\",\"url\":\"https:\\\/\\\/capsa2in1.com\\\/\",\"name\":\"CAPSA2in1\u00ae\",\"description\":\"Reusable packaging. Smarter, Greener Logistics!\",\"publisher\":{\"@id\":\"https:\\\/\\\/capsa2in1.com\\\/#organization\"},\"potentialAction\":[{\"@type\":\"SearchAction\",\"target\":{\"@type\":\"EntryPoint\",\"urlTemplate\":\"https:\\\/\\\/capsa2in1.com\\\/?s={search_term_string}\"},\"query-input\":{\"@type\":\"PropertyValueSpecification\",\"valueRequired\":true,\"valueName\":\"search_term_string\"}}],\"inLanguage\":\"fr-FR\"},{\"@type\":\"Organization\",\"@id\":\"https:\\\/\\\/capsa2in1.com\\\/#organization\",\"name\":\"CAPSA 2in1\",\"url\":\"https:\\\/\\\/capsa2in1.com\\\/\",\"logo\":{\"@type\":\"ImageObject\",\"inLanguage\":\"fr-FR\",\"@id\":\"https:\\\/\\\/capsa2in1.com\\\/#\\\/schema\\\/logo\\\/image\\\/\",\"url\":\"\",\"contentUrl\":\"\",\"caption\":\"CAPSA 2in1\"},\"image\":{\"@id\":\"https:\\\/\\\/capsa2in1.com\\\/#\\\/schema\\\/logo\\\/image\\\/\"}}]}<\/script>\n<!-- \/ Yoast SEO plugin. -->","yoast_head_json":{"title":"Vente au d\u00e9tail de produits Capsa\u00ae pour le d\u00e9m\u00e9nagement, le stockage et l'organisation","description":"\u25b7 Notre division de vente au d\u00e9tail propose des produits et des services pour le d\u00e9m\u00e9nagement, le stockage et l'am\u00e9nagement de la maison par l'interm\u00e9diaire de points de vente.","robots":{"index":"index","follow":"follow","max-snippet":"max-snippet:-1","max-image-preview":"max-image-preview:large","max-video-preview":"max-video-preview:-1"},"canonical":"https:\/\/capsa2in1.com\/retail\/","og_locale":"fr_FR","og_type":"article","og_title":"Vente au d\u00e9tail de produits Capsa\u00ae pour le d\u00e9m\u00e9nagement, le stockage et l'organisation","og_description":"\u25b7 Notre division de vente au d\u00e9tail propose des produits et des services pour le d\u00e9m\u00e9nagement, le stockage et l'am\u00e9nagement de la maison par l'interm\u00e9diaire de points de vente.","og_url":"https:\/\/capsa2in1.com\/retail\/","og_site_name":"CAPSA2in1\u00ae","article_modified_time":"2023-10-24T10:07:21+00:00","og_image":[{"url":"https:\/\/capsa2in1.com\/wp-content\/uploads\/2020\/11\/retial-cajas-para-el-hogar-capsa.png","type":"","width":"","height":""}],"twitter_card":"summary_large_image","twitter_misc":{"Dur\u00e9e de lecture estim\u00e9e":"2 minutes"},"schema":{"@context":"https:\/\/schema.org","@graph":[{"@type":"WebPage","@id":"https:\/\/capsa2in1.com\/retail\/","url":"https:\/\/capsa2in1.com\/retail\/","name":"Vente au d\u00e9tail de produits Capsa\u00ae pour le d\u00e9m\u00e9nagement, le stockage et l'organisation","isPartOf":{"@id":"https:\/\/capsa2in1.com\/#website"},"primaryImageOfPage":{"@id":"https:\/\/capsa2in1.com\/retail\/#primaryimage"},"image":{"@id":"https:\/\/capsa2in1.com\/retail\/#primaryimage"},"thumbnailUrl":"https:\/\/capsa2in1.com\/wp-content\/uploads\/2020\/11\/retial-cajas-para-el-hogar-capsa.png","datePublished":"2018-11-30T09:09:05+00:00","dateModified":"2023-10-24T10:07:21+00:00","description":"\u25b7 Notre division de vente au d\u00e9tail propose des produits et des services pour le d\u00e9m\u00e9nagement, le stockage et l'am\u00e9nagement de la maison par l'interm\u00e9diaire de points de vente.","breadcrumb":{"@id":"https:\/\/capsa2in1.com\/retail\/#breadcrumb"},"inLanguage":"fr-FR","potentialAction":[{"@type":"ReadAction","target":["https:\/\/capsa2in1.com\/retail\/"]}]},{"@type":"ImageObject","inLanguage":"fr-FR","@id":"https:\/\/capsa2in1.com\/retail\/#primaryimage","url":"https:\/\/capsa2in1.com\/wp-content\/uploads\/2020\/11\/retial-cajas-para-el-hogar-capsa.png","contentUrl":"https:\/\/capsa2in1.com\/wp-content\/uploads\/2020\/11\/retial-cajas-para-el-hogar-capsa.png"},{"@type":"BreadcrumbList","@id":"https:\/\/capsa2in1.com\/retail\/#breadcrumb","itemListElement":[{"@type":"ListItem","position":1,"name":"Inicio","item":"https:\/\/capsa2in1.com\/fr\/"},{"@type":"ListItem","position":2,"name":"Retail"}]},{"@type":"WebSite","@id":"https:\/\/capsa2in1.com\/#website","url":"https:\/\/capsa2in1.com\/","name":"CAPSA2in1\u00ae","description":"Reusable packaging. Smarter, Greener Logistics!","publisher":{"@id":"https:\/\/capsa2in1.com\/#organization"},"potentialAction":[{"@type":"SearchAction","target":{"@type":"EntryPoint","urlTemplate":"https:\/\/capsa2in1.com\/?s={search_term_string}"},"query-input":{"@type":"PropertyValueSpecification","valueRequired":true,"valueName":"search_term_string"}}],"inLanguage":"fr-FR"},{"@type":"Organization","@id":"https:\/\/capsa2in1.com\/#organization","name":"CAPSA 2in1","url":"https:\/\/capsa2in1.com\/","logo":{"@type":"ImageObject","inLanguage":"fr-FR","@id":"https:\/\/capsa2in1.com\/#\/schema\/logo\/image\/","url":"","contentUrl":"","caption":"CAPSA 2in1"},"image":{"@id":"https:\/\/capsa2in1.com\/#\/schema\/logo\/image\/"}}]}},"_links":{"self":[{"href":"https:\/\/capsa2in1.com\/fr\/wp-json\/wp\/v2\/pages\/4349","targetHints":{"allow":["GET"]}}],"collection":[{"href":"https:\/\/capsa2in1.com\/fr\/wp-json\/wp\/v2\/pages"}],"about":[{"href":"https:\/\/capsa2in1.com\/fr\/wp-json\/wp\/v2\/types\/page"}],"author":[{"embeddable":true,"href":"https:\/\/capsa2in1.com\/fr\/wp-json\/wp\/v2\/users\/10"}],"replies":[{"embeddable":true,"href":"https:\/\/capsa2in1.com\/fr\/wp-json\/wp\/v2\/comments?post=4349"}],"version-history":[{"count":0,"href":"https:\/\/capsa2in1.com\/fr\/wp-json\/wp\/v2\/pages\/4349\/revisions"}],"wp:attachment":[{"href":"https:\/\/capsa2in1.com\/fr\/wp-json\/wp\/v2\/media?parent=4349"}],"curies":[{"name":"wp","href":"https:\/\/api.w.org\/{rel}","templated":true}]}}