{"id":4314,"date":"2018-04-02T17:58:06","date_gmt":"2018-04-02T17:58:06","guid":{"rendered":"http:\/\/capsa2in1.com\/packaging\/"},"modified":"2023-10-24T09:38:03","modified_gmt":"2023-10-24T09:38:03","slug":"emballage","status":"publish","type":"page","link":"https:\/\/capsa2in1.com\/fr\/emballage\/","title":{"rendered":"Emballage"},"content":{"rendered":"\t\t<div data-elementor-type=\"wp-page\" data-elementor-id=\"4314\" class=\"elementor elementor-4314 elementor-624\" data-elementor-post-type=\"page\">\n\t\t\t\t\t\t<section class=\"elementor-section elementor-top-section elementor-element elementor-element-7ab8229 elementor-section-full_width elementor-section-height-default elementor-section-height-default\" data-id=\"7ab8229\" data-element_type=\"section\" data-settings=\"{&quot;background_background&quot;:&quot;classic&quot;}\">\n\t\t\t\t\t\t<div class=\"elementor-container elementor-column-gap-default\">\n\t\t\t\t\t<div class=\"elementor-column elementor-col-100 elementor-top-column elementor-element elementor-element-1ee9f49\" data-id=\"1ee9f49\" data-element_type=\"column\">\n\t\t\t<div class=\"elementor-widget-wrap elementor-element-populated\">\n\t\t\t\t\t\t<div class=\"elementor-element elementor-element-9fea1b8 elementor-widget elementor-widget-heading\" data-id=\"9fea1b8\" data-element_type=\"widget\" data-widget_type=\"heading.default\">\n\t\t\t\t<div class=\"elementor-widget-container\">\n\t\t\t\t\t<h1 class=\"elementor-heading-title elementor-size-default\">Emballage Capsa<\/h1>\t\t\t\t<\/div>\n\t\t\t\t<\/div>\n\t\t\t\t<div class=\"elementor-element elementor-element-bd2366f elementor-widget elementor-widget-image\" data-id=\"bd2366f\" data-element_type=\"widget\" data-widget_type=\"image.default\">\n\t\t\t\t<div class=\"elementor-widget-container\">\n\t\t\t\t\t\t\t\t\t\t\t\t\t\t\t<img decoding=\"async\" width=\"320\" height=\"61\" src=\"https:\/\/capsa2in1.com\/wp-content\/uploads\/2018\/11\/Capsapack-logo.png\" class=\"attachment-full size-full wp-image-5113\" alt=\"Capsapack logo\" srcset=\"https:\/\/capsa2in1.com\/wp-content\/uploads\/2018\/11\/Capsapack-logo.png 320w, https:\/\/capsa2in1.com\/wp-content\/uploads\/2018\/11\/Capsapack-logo-300x57.png 300w\" sizes=\"(max-width: 320px) 100vw, 320px\" \/>\t\t\t\t\t\t\t\t\t\t\t\t\t\t\t<\/div>\n\t\t\t\t<\/div>\n\t\t\t\t<div class=\"elementor-element elementor-element-695f452 elementor-widget elementor-widget-spacer\" data-id=\"695f452\" data-element_type=\"widget\" data-widget_type=\"spacer.default\">\n\t\t\t\t<div class=\"elementor-widget-container\">\n\t\t\t\t\t\t\t<div class=\"elementor-spacer\">\n\t\t\t<div class=\"elementor-spacer-inner\"><\/div>\n\t\t<\/div>\n\t\t\t\t\t\t<\/div>\n\t\t\t\t<\/div>\n\t\t\t\t<section class=\"elementor-section elementor-inner-section elementor-element elementor-element-40ee9a0 elementor-section-boxed elementor-section-height-default elementor-section-height-default\" data-id=\"40ee9a0\" data-element_type=\"section\">\n\t\t\t\t\t\t<div class=\"elementor-container elementor-column-gap-default\">\n\t\t\t\t\t<div class=\"elementor-column elementor-col-50 elementor-inner-column elementor-element elementor-element-7567b2a\" data-id=\"7567b2a\" data-element_type=\"column\">\n\t\t\t<div class=\"elementor-widget-wrap elementor-element-populated\">\n\t\t\t\t\t\t<div class=\"elementor-element elementor-element-d8add9c elementor-widget elementor-widget-image\" data-id=\"d8add9c\" data-element_type=\"widget\" data-widget_type=\"image.default\">\n\t\t\t\t<div class=\"elementor-widget-container\">\n\t\t\t\t\t\t\t\t\t\t\t\t\t\t\t<img fetchpriority=\"high\" decoding=\"async\" width=\"600\" height=\"365\" src=\"https:\/\/capsa2in1.com\/wp-content\/uploads\/2020\/11\/cajas-de-carton-RETAIL-capsa-packaging-2.png\" class=\"attachment-medium_large size-medium_large wp-image-12306\" alt=\"cajas de cart\u00f3n capsa packaging\" srcset=\"https:\/\/capsa2in1.com\/wp-content\/uploads\/2020\/11\/cajas-de-carton-RETAIL-capsa-packaging-2.png 600w, https:\/\/capsa2in1.com\/wp-content\/uploads\/2020\/11\/cajas-de-carton-RETAIL-capsa-packaging-2-300x183.png 300w\" sizes=\"(max-width: 600px) 100vw, 600px\" \/>\t\t\t\t\t\t\t\t\t\t\t\t\t\t\t<\/div>\n\t\t\t\t<\/div>\n\t\t\t\t\t<\/div>\n\t\t<\/div>\n\t\t\t\t<div class=\"elementor-column elementor-col-50 elementor-inner-column elementor-element elementor-element-4cca54f\" data-id=\"4cca54f\" data-element_type=\"column\">\n\t\t\t<div class=\"elementor-widget-wrap elementor-element-populated\">\n\t\t\t\t\t\t<div class=\"elementor-element elementor-element-e17a7af elementor-widget elementor-widget-text-editor\" data-id=\"e17a7af\" data-element_type=\"widget\" data-widget_type=\"text-editor.default\">\n\t\t\t\t<div class=\"elementor-widget-container\">\n\t\t\t\t\t\t\t\t\tNos emballages offrent des solutions d&#8217;emballage innovantes \u00e0 forte valeur ajout\u00e9e. Ils sont sp\u00e9cifiquement con\u00e7us pour r\u00e9pondre aux besoins des entreprises et des professionnels.\r\n\r\nLe retour d&rsquo;exp\u00e9rience de nos clients depuis plus de 20 ans nous permet d&rsquo;innover dans nos mod\u00e8les d&#8217;emballages industriels r\u00e9volutionnaires. Le syst\u00e8me capsa 2in1\u00ae est le meilleur exemple de cette capacit\u00e9 d&rsquo;innovation.\r\n\r\nPour r\u00e9pondre aux besoins quotidiens de votre entreprise, nous proposons d&rsquo;autres types d&#8217;emballages en carton ondul\u00e9.\t\t\t\t\t\t\t\t<\/div>\n\t\t\t\t<\/div>\n\t\t\t\t\t<\/div>\n\t\t<\/div>\n\t\t\t\t\t<\/div>\n\t\t<\/section>\n\t\t\t\t\t<\/div>\n\t\t<\/div>\n\t\t\t\t\t<\/div>\n\t\t<\/section>\n\t\t\t\t<section class=\"elementor-section elementor-top-section elementor-element elementor-element-a15e8f8 elementor-section-boxed elementor-section-height-default elementor-section-height-default\" data-id=\"a15e8f8\" data-element_type=\"section\" data-settings=\"{&quot;background_background&quot;:&quot;gradient&quot;}\">\n\t\t\t\t\t\t<div class=\"elementor-container elementor-column-gap-default\">\n\t\t\t\t\t<div class=\"elementor-column elementor-col-25 elementor-top-column elementor-element elementor-element-2c1fb95\" data-id=\"2c1fb95\" data-element_type=\"column\">\n\t\t\t<div class=\"elementor-widget-wrap\">\n\t\t\t\t\t\t\t<\/div>\n\t\t<\/div>\n\t\t\t\t<div class=\"elementor-column elementor-col-50 elementor-top-column elementor-element elementor-element-6dd4a3c\" data-id=\"6dd4a3c\" data-element_type=\"column\">\n\t\t\t<div class=\"elementor-widget-wrap elementor-element-populated\">\n\t\t\t\t\t\t<div class=\"elementor-element elementor-element-fe87797 elementor-widget elementor-widget-heading\" data-id=\"fe87797\" data-element_type=\"widget\" data-widget_type=\"heading.default\">\n\t\t\t\t<div class=\"elementor-widget-container\">\n\t\t\t\t\t<h2 class=\"elementor-heading-title elementor-size-default\">Capsa cr\u00e9e des emballages ad hoc qui profitent \u00e0 votre entreprise <\/h2>\t\t\t\t<\/div>\n\t\t\t\t<\/div>\n\t\t\t\t\t<\/div>\n\t\t<\/div>\n\t\t\t\t<div class=\"elementor-column elementor-col-25 elementor-top-column elementor-element elementor-element-fe1626d\" data-id=\"fe1626d\" data-element_type=\"column\">\n\t\t\t<div class=\"elementor-widget-wrap\">\n\t\t\t\t\t\t\t<\/div>\n\t\t<\/div>\n\t\t\t\t\t<\/div>\n\t\t<\/section>\n\t\t\t\t<section class=\"elementor-section elementor-top-section elementor-element elementor-element-3dba070 elementor-section-boxed elementor-section-height-default elementor-section-height-default\" data-id=\"3dba070\" data-element_type=\"section\" data-settings=\"{&quot;background_background&quot;:&quot;classic&quot;}\">\n\t\t\t\t\t\t<div class=\"elementor-container elementor-column-gap-default\">\n\t\t\t\t\t<div class=\"elementor-column elementor-col-100 elementor-top-column elementor-element elementor-element-af49ca8\" data-id=\"af49ca8\" data-element_type=\"column\">\n\t\t\t<div class=\"elementor-widget-wrap elementor-element-populated\">\n\t\t\t\t\t\t<div class=\"elementor-element elementor-element-11d5f4f elementor-widget elementor-widget-spacer\" data-id=\"11d5f4f\" data-element_type=\"widget\" data-widget_type=\"spacer.default\">\n\t\t\t\t<div class=\"elementor-widget-container\">\n\t\t\t\t\t\t\t<div class=\"elementor-spacer\">\n\t\t\t<div class=\"elementor-spacer-inner\"><\/div>\n\t\t<\/div>\n\t\t\t\t\t\t<\/div>\n\t\t\t\t<\/div>\n\t\t\t\t<section class=\"elementor-section elementor-inner-section elementor-element elementor-element-c80128e elementor-section-boxed elementor-section-height-default elementor-section-height-default\" data-id=\"c80128e\" data-element_type=\"section\" data-settings=\"{&quot;background_background&quot;:&quot;classic&quot;}\">\n\t\t\t\t\t\t<div class=\"elementor-container elementor-column-gap-default\">\n\t\t\t\t\t<div class=\"elementor-column elementor-col-50 elementor-inner-column elementor-element elementor-element-97f30fa\" data-id=\"97f30fa\" data-element_type=\"column\" data-settings=\"{&quot;background_background&quot;:&quot;classic&quot;}\">\n\t\t\t<div class=\"elementor-widget-wrap elementor-element-populated\">\n\t\t\t\t\t\t<div class=\"elementor-element elementor-element-18d580e elementor-widget elementor-widget-spacer\" data-id=\"18d580e\" data-element_type=\"widget\" data-widget_type=\"spacer.default\">\n\t\t\t\t<div class=\"elementor-widget-container\">\n\t\t\t\t\t\t\t<div class=\"elementor-spacer\">\n\t\t\t<div class=\"elementor-spacer-inner\"><\/div>\n\t\t<\/div>\n\t\t\t\t\t\t<\/div>\n\t\t\t\t<\/div>\n\t\t\t\t<div class=\"elementor-element elementor-element-4c8bf9c elementor-widget elementor-widget-heading\" data-id=\"4c8bf9c\" data-element_type=\"widget\" data-widget_type=\"heading.default\">\n\t\t\t\t<div class=\"elementor-widget-container\">\n\t\t\t\t\t<h3 class=\"elementor-heading-title elementor-size-default\">Nous mettons \u00e0 votre disposition la possibilit\u00e9 de cr\u00e9er des emballages adapt\u00e9s aux exigences et aux besoins de votre entreprise.<\/h3>\t\t\t\t<\/div>\n\t\t\t\t<\/div>\n\t\t\t\t\t<\/div>\n\t\t<\/div>\n\t\t\t\t<div class=\"elementor-column elementor-col-50 elementor-inner-column elementor-element elementor-element-890acb7\" data-id=\"890acb7\" data-element_type=\"column\">\n\t\t\t<div class=\"elementor-widget-wrap elementor-element-populated\">\n\t\t\t\t\t\t<div class=\"elementor-element elementor-element-b849c9f elementor-widget elementor-widget-image\" data-id=\"b849c9f\" data-element_type=\"widget\" data-widget_type=\"image.default\">\n\t\t\t\t<div class=\"elementor-widget-container\">\n\t\t\t\t\t\t\t\t\t\t\t\t\t\t\t<img decoding=\"async\" width=\"800\" height=\"407\" src=\"https:\/\/capsa2in1.com\/wp-content\/uploads\/2020\/09\/personalizador-capsa-2in1-2.png\" class=\"attachment-large size-large wp-image-9580\" alt=\"Cajas personalizables\" srcset=\"https:\/\/capsa2in1.com\/wp-content\/uploads\/2020\/09\/personalizador-capsa-2in1-2.png 800w, https:\/\/capsa2in1.com\/wp-content\/uploads\/2020\/09\/personalizador-capsa-2in1-2-300x153.png 300w, https:\/\/capsa2in1.com\/wp-content\/uploads\/2020\/09\/personalizador-capsa-2in1-2-768x391.png 768w, https:\/\/capsa2in1.com\/wp-content\/uploads\/2020\/09\/personalizador-capsa-2in1-2-600x305.png 600w\" sizes=\"(max-width: 800px) 100vw, 800px\" \/>\t\t\t\t\t\t\t\t\t\t\t\t\t\t\t<\/div>\n\t\t\t\t<\/div>\n\t\t\t\t\t<\/div>\n\t\t<\/div>\n\t\t\t\t\t<\/div>\n\t\t<\/section>\n\t\t\t\t<div class=\"elementor-element elementor-element-5de10a4 elementor-widget elementor-widget-spacer\" data-id=\"5de10a4\" data-element_type=\"widget\" data-widget_type=\"spacer.default\">\n\t\t\t\t<div class=\"elementor-widget-container\">\n\t\t\t\t\t\t\t<div class=\"elementor-spacer\">\n\t\t\t<div class=\"elementor-spacer-inner\"><\/div>\n\t\t<\/div>\n\t\t\t\t\t\t<\/div>\n\t\t\t\t<\/div>\n\t\t\t\t\t<\/div>\n\t\t<\/div>\n\t\t\t\t\t<\/div>\n\t\t<\/section>\n\t\t\t\t<\/div>\n\t\t","protected":false},"excerpt":{"rendered":"<p>Emballage Capsa Nos emballages offrent des solutions d&#8217;emballage innovantes \u00e0 forte valeur ajout\u00e9e. Ils sont sp\u00e9cifiquement con\u00e7us pour r\u00e9pondre aux besoins des entreprises et des professionnels. Le retour d&rsquo;exp\u00e9rience de nos clients depuis plus de 20 ans nous permet d&rsquo;innover dans nos mod\u00e8les d&#8217;emballages industriels r\u00e9volutionnaires. Le syst\u00e8me capsa 2in1\u00ae est le meilleur exemple de [&hellip;]<\/p>\n","protected":false},"author":10,"featured_media":0,"parent":0,"menu_order":0,"comment_status":"closed","ping_status":"closed","template":"elementor_header_footer","meta":{"_acf_changed":false,"footnotes":""},"class_list":["post-4314","page","type-page","status-publish","hentry"],"acf":[],"yoast_head":"<!-- This site is optimized with the Yoast SEO plugin v27.5 - https:\/\/yoast.com\/product\/yoast-seo-wordpress\/ -->\n<title>Capsa Packaging | La r\u00e9volution dans l&#039;industrie de l&#039;emballage<\/title>\n<meta name=\"description\" content=\"\u25b7 Capsa packaging propose des solutions d&#039;emballage innovantes \u00e0 forte valeur ajout\u00e9e pour les entreprises et les professionnels.\" \/>\n<meta name=\"robots\" content=\"index, follow, max-snippet:-1, max-image-preview:large, max-video-preview:-1\" \/>\n<link rel=\"canonical\" href=\"https:\/\/capsa2in1.com\/fr\/emballage\/\" \/>\n<meta property=\"og:locale\" content=\"fr_FR\" \/>\n<meta property=\"og:type\" content=\"article\" \/>\n<meta property=\"og:title\" content=\"Capsa Packaging | La r\u00e9volution dans l&#039;industrie de l&#039;emballage\" \/>\n<meta property=\"og:description\" content=\"\u25b7 Capsa packaging propose des solutions d&#039;emballage innovantes \u00e0 forte valeur ajout\u00e9e pour les entreprises et les professionnels.\" \/>\n<meta property=\"og:url\" content=\"https:\/\/capsa2in1.com\/fr\/emballage\/\" \/>\n<meta property=\"og:site_name\" content=\"CAPSA2in1\u00ae\" \/>\n<meta property=\"article:modified_time\" content=\"2023-10-24T09:38:03+00:00\" \/>\n<meta property=\"og:image\" content=\"https:\/\/capsa2in1.com\/wp-content\/uploads\/2018\/11\/Capsapack-logo.png\" \/>\n<meta name=\"twitter:card\" content=\"summary_large_image\" \/>\n<meta name=\"twitter:label1\" content=\"Dur\u00e9e de lecture estim\u00e9e\" \/>\n\t<meta name=\"twitter:data1\" content=\"1 minute\" \/>\n<script type=\"application\/ld+json\" class=\"yoast-schema-graph\">{\"@context\":\"https:\\\/\\\/schema.org\",\"@graph\":[{\"@type\":\"WebPage\",\"@id\":\"https:\\\/\\\/capsa2in1.com\\\/fr\\\/emballage\\\/\",\"url\":\"https:\\\/\\\/capsa2in1.com\\\/fr\\\/emballage\\\/\",\"name\":\"Capsa Packaging | La r\u00e9volution dans l'industrie de l'emballage\",\"isPartOf\":{\"@id\":\"https:\\\/\\\/capsa2in1.com\\\/#website\"},\"primaryImageOfPage\":{\"@id\":\"https:\\\/\\\/capsa2in1.com\\\/fr\\\/emballage\\\/#primaryimage\"},\"image\":{\"@id\":\"https:\\\/\\\/capsa2in1.com\\\/fr\\\/emballage\\\/#primaryimage\"},\"thumbnailUrl\":\"https:\\\/\\\/capsa2in1.com\\\/wp-content\\\/uploads\\\/2018\\\/11\\\/Capsapack-logo.png\",\"datePublished\":\"2018-04-02T17:58:06+00:00\",\"dateModified\":\"2023-10-24T09:38:03+00:00\",\"description\":\"\u25b7 Capsa packaging propose des solutions d'emballage innovantes \u00e0 forte valeur ajout\u00e9e pour les entreprises et les professionnels.\",\"breadcrumb\":{\"@id\":\"https:\\\/\\\/capsa2in1.com\\\/fr\\\/emballage\\\/#breadcrumb\"},\"inLanguage\":\"fr-FR\",\"potentialAction\":[{\"@type\":\"ReadAction\",\"target\":[\"https:\\\/\\\/capsa2in1.com\\\/fr\\\/emballage\\\/\"]}]},{\"@type\":\"ImageObject\",\"inLanguage\":\"fr-FR\",\"@id\":\"https:\\\/\\\/capsa2in1.com\\\/fr\\\/emballage\\\/#primaryimage\",\"url\":\"https:\\\/\\\/capsa2in1.com\\\/wp-content\\\/uploads\\\/2018\\\/11\\\/Capsapack-logo.png\",\"contentUrl\":\"https:\\\/\\\/capsa2in1.com\\\/wp-content\\\/uploads\\\/2018\\\/11\\\/Capsapack-logo.png\"},{\"@type\":\"BreadcrumbList\",\"@id\":\"https:\\\/\\\/capsa2in1.com\\\/fr\\\/emballage\\\/#breadcrumb\",\"itemListElement\":[{\"@type\":\"ListItem\",\"position\":1,\"name\":\"Inicio\",\"item\":\"https:\\\/\\\/capsa2in1.com\\\/fr\\\/\"},{\"@type\":\"ListItem\",\"position\":2,\"name\":\"Emballage\"}]},{\"@type\":\"WebSite\",\"@id\":\"https:\\\/\\\/capsa2in1.com\\\/#website\",\"url\":\"https:\\\/\\\/capsa2in1.com\\\/\",\"name\":\"CAPSA2in1\u00ae\",\"description\":\"Reusable packaging. Smarter, Greener Logistics!\",\"publisher\":{\"@id\":\"https:\\\/\\\/capsa2in1.com\\\/#organization\"},\"potentialAction\":[{\"@type\":\"SearchAction\",\"target\":{\"@type\":\"EntryPoint\",\"urlTemplate\":\"https:\\\/\\\/capsa2in1.com\\\/?s={search_term_string}\"},\"query-input\":{\"@type\":\"PropertyValueSpecification\",\"valueRequired\":true,\"valueName\":\"search_term_string\"}}],\"inLanguage\":\"fr-FR\"},{\"@type\":\"Organization\",\"@id\":\"https:\\\/\\\/capsa2in1.com\\\/#organization\",\"name\":\"CAPSA 2in1\",\"url\":\"https:\\\/\\\/capsa2in1.com\\\/\",\"logo\":{\"@type\":\"ImageObject\",\"inLanguage\":\"fr-FR\",\"@id\":\"https:\\\/\\\/capsa2in1.com\\\/#\\\/schema\\\/logo\\\/image\\\/\",\"url\":\"\",\"contentUrl\":\"\",\"caption\":\"CAPSA 2in1\"},\"image\":{\"@id\":\"https:\\\/\\\/capsa2in1.com\\\/#\\\/schema\\\/logo\\\/image\\\/\"}}]}<\/script>\n<!-- \/ Yoast SEO plugin. -->","yoast_head_json":{"title":"Capsa Packaging | La r\u00e9volution dans l'industrie de l'emballage","description":"\u25b7 Capsa packaging propose des solutions d'emballage innovantes \u00e0 forte valeur ajout\u00e9e pour les entreprises et les professionnels.","robots":{"index":"index","follow":"follow","max-snippet":"max-snippet:-1","max-image-preview":"max-image-preview:large","max-video-preview":"max-video-preview:-1"},"canonical":"https:\/\/capsa2in1.com\/fr\/emballage\/","og_locale":"fr_FR","og_type":"article","og_title":"Capsa Packaging | La r\u00e9volution dans l'industrie de l'emballage","og_description":"\u25b7 Capsa packaging propose des solutions d'emballage innovantes \u00e0 forte valeur ajout\u00e9e pour les entreprises et les professionnels.","og_url":"https:\/\/capsa2in1.com\/fr\/emballage\/","og_site_name":"CAPSA2in1\u00ae","article_modified_time":"2023-10-24T09:38:03+00:00","og_image":[{"url":"https:\/\/capsa2in1.com\/wp-content\/uploads\/2018\/11\/Capsapack-logo.png","type":"","width":"","height":""}],"twitter_card":"summary_large_image","twitter_misc":{"Dur\u00e9e de lecture estim\u00e9e":"1 minute"},"schema":{"@context":"https:\/\/schema.org","@graph":[{"@type":"WebPage","@id":"https:\/\/capsa2in1.com\/fr\/emballage\/","url":"https:\/\/capsa2in1.com\/fr\/emballage\/","name":"Capsa Packaging | La r\u00e9volution dans l'industrie de l'emballage","isPartOf":{"@id":"https:\/\/capsa2in1.com\/#website"},"primaryImageOfPage":{"@id":"https:\/\/capsa2in1.com\/fr\/emballage\/#primaryimage"},"image":{"@id":"https:\/\/capsa2in1.com\/fr\/emballage\/#primaryimage"},"thumbnailUrl":"https:\/\/capsa2in1.com\/wp-content\/uploads\/2018\/11\/Capsapack-logo.png","datePublished":"2018-04-02T17:58:06+00:00","dateModified":"2023-10-24T09:38:03+00:00","description":"\u25b7 Capsa packaging propose des solutions d'emballage innovantes \u00e0 forte valeur ajout\u00e9e pour les entreprises et les professionnels.","breadcrumb":{"@id":"https:\/\/capsa2in1.com\/fr\/emballage\/#breadcrumb"},"inLanguage":"fr-FR","potentialAction":[{"@type":"ReadAction","target":["https:\/\/capsa2in1.com\/fr\/emballage\/"]}]},{"@type":"ImageObject","inLanguage":"fr-FR","@id":"https:\/\/capsa2in1.com\/fr\/emballage\/#primaryimage","url":"https:\/\/capsa2in1.com\/wp-content\/uploads\/2018\/11\/Capsapack-logo.png","contentUrl":"https:\/\/capsa2in1.com\/wp-content\/uploads\/2018\/11\/Capsapack-logo.png"},{"@type":"BreadcrumbList","@id":"https:\/\/capsa2in1.com\/fr\/emballage\/#breadcrumb","itemListElement":[{"@type":"ListItem","position":1,"name":"Inicio","item":"https:\/\/capsa2in1.com\/fr\/"},{"@type":"ListItem","position":2,"name":"Emballage"}]},{"@type":"WebSite","@id":"https:\/\/capsa2in1.com\/#website","url":"https:\/\/capsa2in1.com\/","name":"CAPSA2in1\u00ae","description":"Reusable packaging. Smarter, Greener Logistics!","publisher":{"@id":"https:\/\/capsa2in1.com\/#organization"},"potentialAction":[{"@type":"SearchAction","target":{"@type":"EntryPoint","urlTemplate":"https:\/\/capsa2in1.com\/?s={search_term_string}"},"query-input":{"@type":"PropertyValueSpecification","valueRequired":true,"valueName":"search_term_string"}}],"inLanguage":"fr-FR"},{"@type":"Organization","@id":"https:\/\/capsa2in1.com\/#organization","name":"CAPSA 2in1","url":"https:\/\/capsa2in1.com\/","logo":{"@type":"ImageObject","inLanguage":"fr-FR","@id":"https:\/\/capsa2in1.com\/#\/schema\/logo\/image\/","url":"","contentUrl":"","caption":"CAPSA 2in1"},"image":{"@id":"https:\/\/capsa2in1.com\/#\/schema\/logo\/image\/"}}]}},"_links":{"self":[{"href":"https:\/\/capsa2in1.com\/fr\/wp-json\/wp\/v2\/pages\/4314","targetHints":{"allow":["GET"]}}],"collection":[{"href":"https:\/\/capsa2in1.com\/fr\/wp-json\/wp\/v2\/pages"}],"about":[{"href":"https:\/\/capsa2in1.com\/fr\/wp-json\/wp\/v2\/types\/page"}],"author":[{"embeddable":true,"href":"https:\/\/capsa2in1.com\/fr\/wp-json\/wp\/v2\/users\/10"}],"replies":[{"embeddable":true,"href":"https:\/\/capsa2in1.com\/fr\/wp-json\/wp\/v2\/comments?post=4314"}],"version-history":[{"count":0,"href":"https:\/\/capsa2in1.com\/fr\/wp-json\/wp\/v2\/pages\/4314\/revisions"}],"wp:attachment":[{"href":"https:\/\/capsa2in1.com\/fr\/wp-json\/wp\/v2\/media?parent=4314"}],"curies":[{"name":"wp","href":"https:\/\/api.w.org\/{rel}","templated":true}]}}