{"id":4290,"date":"2018-04-10T10:26:33","date_gmt":"2018-04-10T10:26:33","guid":{"rendered":"http:\/\/capsa2in1.com\/privacidad-de-datos\/"},"modified":"2023-10-24T09:59:54","modified_gmt":"2023-10-24T09:59:54","slug":"politique-de-confidentialite","status":"publish","type":"page","link":"https:\/\/capsa2in1.com\/fr\/politique-de-confidentialite\/","title":{"rendered":"Politique de confidentialit\u00e9"},"content":{"rendered":"\t\t<div data-elementor-type=\"wp-page\" data-elementor-id=\"4290\" class=\"elementor elementor-4290 elementor-733\" data-elementor-post-type=\"page\">\n\t\t\t\t\t\t<section class=\"elementor-section elementor-top-section elementor-element elementor-element-1c35700e elementor-section-boxed elementor-section-height-default elementor-section-height-default\" data-id=\"1c35700e\" data-element_type=\"section\">\n\t\t\t\t\t\t<div class=\"elementor-container elementor-column-gap-default\">\n\t\t\t\t\t<div class=\"elementor-column elementor-col-100 elementor-top-column elementor-element elementor-element-5dde6ed9\" data-id=\"5dde6ed9\" data-element_type=\"column\">\n\t\t\t<div class=\"elementor-widget-wrap elementor-element-populated\">\n\t\t\t\t\t\t<div class=\"elementor-element elementor-element-0619406 elementor-widget elementor-widget-heading\" data-id=\"0619406\" data-element_type=\"widget\" data-widget_type=\"heading.default\">\n\t\t\t\t<div class=\"elementor-widget-container\">\n\t\t\t\t\t<h2 class=\"elementor-heading-title elementor-size-default\">Protection des donn\u00e9es<\/h2>\t\t\t\t<\/div>\n\t\t\t\t<\/div>\n\t\t\t\t<div class=\"elementor-element elementor-element-60446a24 elementor-widget elementor-widget-text-editor\" data-id=\"60446a24\" data-element_type=\"widget\" data-widget_type=\"text-editor.default\">\n\t\t\t\t<div class=\"elementor-widget-container\">\n\t\t\t\t\t\t\t\t\t<p>1. RESPONSABLE DU TRAITEMENT DES DONN\u00c9ES<\/p>\n<p>La soci\u00e9t\u00e9 responsable du traitement de vos donn\u00e9es dans le cadre de la pr\u00e9sente politique de confidentialit\u00e9 est :<br \/>\nEMBALAJES CAPSA, S.L.<br \/>\nNIF : B61613824<br \/>\nAdresse : P.P\u00e9rez Lleuger Prim, 8, nau 4 8360 P.I.Can Misser, 08360 Canet de Mar (Barcelona)<br \/>\nAdresse \u00e9lectronique : capsa@embalajescapsa.com<br \/>\nWeb : https:\/\/capsa2in1.com\/<br \/>\nT\u00e9l\u00e9phone : 902933500<br \/>\nInscrite au Registre du Commerce de Barcelone au Tome 30572, folio 118, page B-B174715, Inscription 6a.<\/p>\n<p>Chez EMBALAJES CAPSA, S.L., nous reconnaissons l&rsquo;importance de la protection de vos informations personnelles et nous nous engageons \u00e0 les traiter de mani\u00e8re responsable et conform\u00e9ment aux lois sur la protection des donn\u00e9es.<\/p>\n<p>Cette politique de confidentialit\u00e9 vise \u00e0 r\u00e9glementer tous les aspects relatifs au traitement des donn\u00e9es des diff\u00e9rents utilisateurs qui naviguent ou fournissent leurs donn\u00e9es personnelles par le biais des diff\u00e9rents formulaires situ\u00e9s sur le site Web.<\/p>\n<p>2. DONN\u00c9ES PERSONNELLES<\/p>\n<p>Les donn\u00e9es personnelles sont des informations qui vous identifient ou vous rendent identifiables. Sur le site web, dans les cases pr\u00e9vues \u00e0 cet effet, nous recueillons les donn\u00e9es personnelles que l&rsquo;utilisateur nous communique : nom, pr\u00e9nom, e-mail, t\u00e9l\u00e9phone, adresse postale, ville, etc. ainsi que toutes les donn\u00e9es que l&rsquo;utilisateur nous fournit volontairement par le biais de l&rsquo;un des r\u00e9seaux sociaux auxquels il est inscrit. Dans ce cas, le respect de la vie priv\u00e9e d\u00e9pend de la configuration \u00e9tablie par l&rsquo;utilisateur et des conditions d&rsquo;utilisation des r\u00e9seaux sociaux.<\/p>\n\t\t\t\t\t\t\t\t<\/div>\n\t\t\t\t<\/div>\n\t\t\t\t\t<\/div>\n\t\t<\/div>\n\t\t\t\t\t<\/div>\n\t\t<\/section>\n\t\t\t\t<\/div>\n\t\t","protected":false},"excerpt":{"rendered":"<p>Protection des donn\u00e9es 1. RESPONSABLE DU TRAITEMENT DES DONN\u00c9ES La soci\u00e9t\u00e9 responsable du traitement de vos donn\u00e9es dans le cadre de la pr\u00e9sente politique de confidentialit\u00e9 est : EMBALAJES CAPSA, S.L. NIF : B61613824 Adresse : P.P\u00e9rez Lleuger Prim, 8, nau 4 8360 P.I.Can Misser, 08360 Canet de Mar (Barcelona) Adresse \u00e9lectronique : capsa@embalajescapsa.com Web [&hellip;]<\/p>\n","protected":false},"author":10,"featured_media":0,"parent":0,"menu_order":0,"comment_status":"closed","ping_status":"closed","template":"elementor_header_footer","meta":{"_acf_changed":false,"footnotes":""},"class_list":["post-4290","page","type-page","status-publish","hentry"],"acf":[],"yoast_head":"<!-- This site is optimized with the Yoast SEO plugin v27.5 - https:\/\/yoast.com\/product\/yoast-seo-wordpress\/ -->\n<title>Politique de confidentialit\u00e9 - CAPSA2in1\u00ae<\/title>\n<meta name=\"robots\" content=\"index, follow, max-snippet:-1, max-image-preview:large, max-video-preview:-1\" \/>\n<link rel=\"canonical\" href=\"https:\/\/capsa2in1.com\/fr\/politique-de-confidentialite\/\" \/>\n<meta property=\"og:locale\" content=\"fr_FR\" \/>\n<meta property=\"og:type\" content=\"article\" \/>\n<meta property=\"og:title\" content=\"Politique de confidentialit\u00e9 - CAPSA2in1\u00ae\" \/>\n<meta property=\"og:description\" content=\"Protection des donn\u00e9es 1. RESPONSABLE DU TRAITEMENT DES DONN\u00c9ES La soci\u00e9t\u00e9 responsable du traitement de vos donn\u00e9es dans le cadre de la pr\u00e9sente politique de confidentialit\u00e9 est : EMBALAJES CAPSA, S.L. NIF : B61613824 Adresse : P.P\u00e9rez Lleuger Prim, 8, nau 4 8360 P.I.Can Misser, 08360 Canet de Mar (Barcelona) Adresse \u00e9lectronique : capsa@embalajescapsa.com Web [&hellip;]\" \/>\n<meta property=\"og:url\" content=\"https:\/\/capsa2in1.com\/fr\/politique-de-confidentialite\/\" \/>\n<meta property=\"og:site_name\" content=\"CAPSA2in1\u00ae\" \/>\n<meta property=\"article:modified_time\" content=\"2023-10-24T09:59:54+00:00\" \/>\n<meta name=\"twitter:card\" content=\"summary_large_image\" \/>\n<meta name=\"twitter:label1\" content=\"Dur\u00e9e de lecture estim\u00e9e\" \/>\n\t<meta name=\"twitter:data1\" content=\"4 minutes\" \/>\n<script type=\"application\/ld+json\" class=\"yoast-schema-graph\">{\"@context\":\"https:\\\/\\\/schema.org\",\"@graph\":[{\"@type\":\"WebPage\",\"@id\":\"https:\\\/\\\/capsa2in1.com\\\/fr\\\/politique-de-confidentialite\\\/\",\"url\":\"https:\\\/\\\/capsa2in1.com\\\/fr\\\/politique-de-confidentialite\\\/\",\"name\":\"Politique de confidentialit\u00e9 - CAPSA2in1\u00ae\",\"isPartOf\":{\"@id\":\"https:\\\/\\\/capsa2in1.com\\\/#website\"},\"datePublished\":\"2018-04-10T10:26:33+00:00\",\"dateModified\":\"2023-10-24T09:59:54+00:00\",\"breadcrumb\":{\"@id\":\"https:\\\/\\\/capsa2in1.com\\\/fr\\\/politique-de-confidentialite\\\/#breadcrumb\"},\"inLanguage\":\"fr-FR\",\"potentialAction\":[{\"@type\":\"ReadAction\",\"target\":[\"https:\\\/\\\/capsa2in1.com\\\/fr\\\/politique-de-confidentialite\\\/\"]}]},{\"@type\":\"BreadcrumbList\",\"@id\":\"https:\\\/\\\/capsa2in1.com\\\/fr\\\/politique-de-confidentialite\\\/#breadcrumb\",\"itemListElement\":[{\"@type\":\"ListItem\",\"position\":1,\"name\":\"Inicio\",\"item\":\"https:\\\/\\\/capsa2in1.com\\\/fr\\\/\"},{\"@type\":\"ListItem\",\"position\":2,\"name\":\"Politique de confidentialit\u00e9\"}]},{\"@type\":\"WebSite\",\"@id\":\"https:\\\/\\\/capsa2in1.com\\\/#website\",\"url\":\"https:\\\/\\\/capsa2in1.com\\\/\",\"name\":\"CAPSA2in1\u00ae\",\"description\":\"Reusable packaging. Smarter, Greener Logistics!\",\"publisher\":{\"@id\":\"https:\\\/\\\/capsa2in1.com\\\/#organization\"},\"potentialAction\":[{\"@type\":\"SearchAction\",\"target\":{\"@type\":\"EntryPoint\",\"urlTemplate\":\"https:\\\/\\\/capsa2in1.com\\\/?s={search_term_string}\"},\"query-input\":{\"@type\":\"PropertyValueSpecification\",\"valueRequired\":true,\"valueName\":\"search_term_string\"}}],\"inLanguage\":\"fr-FR\"},{\"@type\":\"Organization\",\"@id\":\"https:\\\/\\\/capsa2in1.com\\\/#organization\",\"name\":\"CAPSA 2in1\",\"url\":\"https:\\\/\\\/capsa2in1.com\\\/\",\"logo\":{\"@type\":\"ImageObject\",\"inLanguage\":\"fr-FR\",\"@id\":\"https:\\\/\\\/capsa2in1.com\\\/#\\\/schema\\\/logo\\\/image\\\/\",\"url\":\"\",\"contentUrl\":\"\",\"caption\":\"CAPSA 2in1\"},\"image\":{\"@id\":\"https:\\\/\\\/capsa2in1.com\\\/#\\\/schema\\\/logo\\\/image\\\/\"}}]}<\/script>\n<!-- \/ Yoast SEO plugin. -->","yoast_head_json":{"title":"Politique de confidentialit\u00e9 - CAPSA2in1\u00ae","robots":{"index":"index","follow":"follow","max-snippet":"max-snippet:-1","max-image-preview":"max-image-preview:large","max-video-preview":"max-video-preview:-1"},"canonical":"https:\/\/capsa2in1.com\/fr\/politique-de-confidentialite\/","og_locale":"fr_FR","og_type":"article","og_title":"Politique de confidentialit\u00e9 - CAPSA2in1\u00ae","og_description":"Protection des donn\u00e9es 1. RESPONSABLE DU TRAITEMENT DES DONN\u00c9ES La soci\u00e9t\u00e9 responsable du traitement de vos donn\u00e9es dans le cadre de la pr\u00e9sente politique de confidentialit\u00e9 est : EMBALAJES CAPSA, S.L. NIF : B61613824 Adresse : P.P\u00e9rez Lleuger Prim, 8, nau 4 8360 P.I.Can Misser, 08360 Canet de Mar (Barcelona) Adresse \u00e9lectronique : capsa@embalajescapsa.com Web [&hellip;]","og_url":"https:\/\/capsa2in1.com\/fr\/politique-de-confidentialite\/","og_site_name":"CAPSA2in1\u00ae","article_modified_time":"2023-10-24T09:59:54+00:00","twitter_card":"summary_large_image","twitter_misc":{"Dur\u00e9e de lecture estim\u00e9e":"4 minutes"},"schema":{"@context":"https:\/\/schema.org","@graph":[{"@type":"WebPage","@id":"https:\/\/capsa2in1.com\/fr\/politique-de-confidentialite\/","url":"https:\/\/capsa2in1.com\/fr\/politique-de-confidentialite\/","name":"Politique de confidentialit\u00e9 - CAPSA2in1\u00ae","isPartOf":{"@id":"https:\/\/capsa2in1.com\/#website"},"datePublished":"2018-04-10T10:26:33+00:00","dateModified":"2023-10-24T09:59:54+00:00","breadcrumb":{"@id":"https:\/\/capsa2in1.com\/fr\/politique-de-confidentialite\/#breadcrumb"},"inLanguage":"fr-FR","potentialAction":[{"@type":"ReadAction","target":["https:\/\/capsa2in1.com\/fr\/politique-de-confidentialite\/"]}]},{"@type":"BreadcrumbList","@id":"https:\/\/capsa2in1.com\/fr\/politique-de-confidentialite\/#breadcrumb","itemListElement":[{"@type":"ListItem","position":1,"name":"Inicio","item":"https:\/\/capsa2in1.com\/fr\/"},{"@type":"ListItem","position":2,"name":"Politique de confidentialit\u00e9"}]},{"@type":"WebSite","@id":"https:\/\/capsa2in1.com\/#website","url":"https:\/\/capsa2in1.com\/","name":"CAPSA2in1\u00ae","description":"Reusable packaging. Smarter, Greener Logistics!","publisher":{"@id":"https:\/\/capsa2in1.com\/#organization"},"potentialAction":[{"@type":"SearchAction","target":{"@type":"EntryPoint","urlTemplate":"https:\/\/capsa2in1.com\/?s={search_term_string}"},"query-input":{"@type":"PropertyValueSpecification","valueRequired":true,"valueName":"search_term_string"}}],"inLanguage":"fr-FR"},{"@type":"Organization","@id":"https:\/\/capsa2in1.com\/#organization","name":"CAPSA 2in1","url":"https:\/\/capsa2in1.com\/","logo":{"@type":"ImageObject","inLanguage":"fr-FR","@id":"https:\/\/capsa2in1.com\/#\/schema\/logo\/image\/","url":"","contentUrl":"","caption":"CAPSA 2in1"},"image":{"@id":"https:\/\/capsa2in1.com\/#\/schema\/logo\/image\/"}}]}},"_links":{"self":[{"href":"https:\/\/capsa2in1.com\/fr\/wp-json\/wp\/v2\/pages\/4290","targetHints":{"allow":["GET"]}}],"collection":[{"href":"https:\/\/capsa2in1.com\/fr\/wp-json\/wp\/v2\/pages"}],"about":[{"href":"https:\/\/capsa2in1.com\/fr\/wp-json\/wp\/v2\/types\/page"}],"author":[{"embeddable":true,"href":"https:\/\/capsa2in1.com\/fr\/wp-json\/wp\/v2\/users\/10"}],"replies":[{"embeddable":true,"href":"https:\/\/capsa2in1.com\/fr\/wp-json\/wp\/v2\/comments?post=4290"}],"version-history":[{"count":0,"href":"https:\/\/capsa2in1.com\/fr\/wp-json\/wp\/v2\/pages\/4290\/revisions"}],"wp:attachment":[{"href":"https:\/\/capsa2in1.com\/fr\/wp-json\/wp\/v2\/media?parent=4290"}],"curies":[{"name":"wp","href":"https:\/\/api.w.org\/{rel}","templated":true}]}}