{"id":26097,"date":"2024-11-26T16:38:08","date_gmt":"2024-11-26T16:38:08","guid":{"rendered":"https:\/\/capsa2in1.com\/politique-de-confidentialite-des-reseaux-sociaux\/"},"modified":"2024-11-26T16:38:08","modified_gmt":"2024-11-26T16:38:08","slug":"politique-de-confidentialite-des-reseaux-sociaux","status":"publish","type":"page","link":"https:\/\/capsa2in1.com\/fr\/politique-de-confidentialite-des-reseaux-sociaux\/","title":{"rendered":"Politique de confidentialit\u00e9 des r\u00e9seaux sociaux"},"content":{"rendered":"\t\t<div data-elementor-type=\"wp-page\" data-elementor-id=\"26097\" class=\"elementor elementor-26097 elementor-23230\" data-elementor-post-type=\"page\">\n\t\t\t\t\t\t<section class=\"elementor-section elementor-top-section elementor-element elementor-element-7f55cc3 elementor-section-boxed elementor-section-height-default elementor-section-height-default\" data-id=\"7f55cc3\" data-element_type=\"section\">\n\t\t\t\t\t\t<div class=\"elementor-container elementor-column-gap-default\">\n\t\t\t\t\t<div class=\"elementor-column elementor-col-100 elementor-top-column elementor-element elementor-element-89ccade\" data-id=\"89ccade\" data-element_type=\"column\">\n\t\t\t<div class=\"elementor-widget-wrap elementor-element-populated\">\n\t\t\t\t\t\t<div class=\"elementor-element elementor-element-93dfeec elementor-widget elementor-widget-heading\" data-id=\"93dfeec\" data-element_type=\"widget\" data-widget_type=\"heading.default\">\n\t\t\t\t<div class=\"elementor-widget-container\">\n\t\t\t\t\t<h2 class=\"elementor-heading-title elementor-size-default\">Politique de confidentialit\u00e9 des r\u00e9seaux sociaux<\/h2>\t\t\t\t<\/div>\n\t\t\t\t<\/div>\n\t\t\t\t<div class=\"elementor-element elementor-element-8829592 elementor-widget elementor-widget-text-editor\" data-id=\"8829592\" data-element_type=\"widget\" data-widget_type=\"text-editor.default\">\n\t\t\t\t<div class=\"elementor-widget-container\">\n\t\t\t\t\t\t\t\t\t<p>1.       INFORMATIONS POUR L\u2019UTILISATEUR<\/p>\n<p>Qui est responsable du traitement de vos donn\u00e9es personnelles ?<\/p>\n<p>EMBALAJES CAPSA, S.L. est responsable du traitement des donn\u00e9es personnelles des PERSONNES ayant cr\u00e9\u00e9 un profil sur l\u2019un de ses r\u00e9seaux sociaux. Ces donn\u00e9es seront trait\u00e9es conform\u00e9ment aux dispositions du R\u00e8glement (UE) 2016\/679 du 27 avril (RGPD), de la Loi Organique 3\/2018 du 5 d\u00e9cembre (LOPDGDD), et de la Loi sur les Services de la Soci\u00e9t\u00e9 de l\u2019Information et du Commerce \u00c9lectronique (LSSI). Voici les informations sur ce traitement :<\/p>\n<p>Pourquoi traitons-nous vos donn\u00e9es personnelles ?<\/p>\n<p>Finalit\u00e9 du traitement : maintenir une relation entre l\u2019UTILISATEUR et EMBALAJES CAPSA, S.L. (ci-apr\u00e8s le RESPONSABLE), incluant notamment :<\/p>\n<p>\u00b7         Traiter les demandes et questions adress\u00e9es au RESPONSABLE.<\/p>\n<p>\u00b7         Informer sur les activit\u00e9s et \u00e9v\u00e9nements organis\u00e9s par le RESPONSABLE.<\/p>\n<p>\u00b7         Informer sur les produits ou services propos\u00e9s par le RESPONSABLE.<\/p>\n<p>\u00b7         Interagir via les profils officiels.<\/p>\n<p>Lorsque le RESPONSABLE collecte et traite des donn\u00e9es personnelles via ses r\u00e9seaux sociaux, les UTILISATEURS seront inform\u00e9s de la finalit\u00e9 de cette collecte ainsi que de leurs droits concernant leurs donn\u00e9es personnelles. Les donn\u00e9es seront utilis\u00e9es uniquement pour les objectifs indiqu\u00e9s et conserv\u00e9es de mani\u00e8re s\u00e9curis\u00e9e.<\/p>\n<p>Base juridique du traitement : le consentement explicite donn\u00e9 par l\u2019UTILISATEUR pour un ou plusieurs objectifs sp\u00e9cifiques (article 6.1.a RGPD).<\/p>\n<p>Par ailleurs, l\u2019UTILISATEUR peut acc\u00e9der \u00e0 tout moment aux politiques de confidentialit\u00e9 des r\u00e9seaux sociaux concern\u00e9s et configurer son profil pour prot\u00e9ger sa vie priv\u00e9e.<\/p>\n<p>Combien de temps conservons-nous vos donn\u00e9es personnelles ?<\/p>\n<p>Crit\u00e8res de conservation des donn\u00e9es : elles seront conserv\u00e9es tant que l\u2019UTILISATEUR ne retire pas son consentement, comme indiqu\u00e9 dans cette politique de confidentialit\u00e9.<\/p>\n<p>\u00c0 qui communiquons-nous vos donn\u00e9es personnelles ?<\/p>\n<p>Communication des donn\u00e9es : les informations fournies par l\u2019UTILISATEUR sur les r\u00e9seaux sociaux du RESPONSABLE, y compris ses donn\u00e9es personnelles, peuvent \u00eatre publi\u00e9es en fonction des services utilis\u00e9s, et \u00eatre accessibles \u00e0 d\u2019autres utilisateurs tiers des r\u00e9seaux sociaux. Depuis son profil, l\u2019UTILISATEUR peut configurer les informations qu\u2019il souhaite rendre publiques, consulter les autorisations accord\u00e9es, les retirer ou les d\u00e9sactiver, comme pour toute application tierce qu\u2019il ne souhaite plus utiliser.<\/p>\n<p>Aucune communication de donn\u00e9es personnelles \u00e0 des tiers en dehors des r\u00e9seaux sociaux n\u2019est pr\u00e9vue, sauf si cela est n\u00e9cessaire pour atteindre les finalit\u00e9s du traitement. Dans ce cas, les donn\u00e9es pourraient \u00eatre communiqu\u00e9es \u00e0 des prestataires de services li\u00e9s aux communications, avec lesquels le RESPONSABLE a sign\u00e9 des contrats de confidentialit\u00e9 et de traitement des donn\u00e9es, conform\u00e9ment \u00e0 la l\u00e9gislation en vigueur sur la protection de la vie priv\u00e9e.<\/p>\n<p>Quels sont vos droits ?<\/p>\n<p>Les droits des UTILISATEURS : applicables uniquement aux informations sous le contr\u00f4le du RESPONSABLE.<\/p>\n<p>\u00b7         &#8211; Droit de retirer le consentement \u00e0 tout moment.<\/p>\n<p>\u00b7         &#8211; Droit d\u2019acc\u00e8s, de rectification, de portabilit\u00e9, d\u2019effacement des donn\u00e9es, et de limitation ou d\u2019opposition \u00e0 leur traitement.<\/p>\n<p>\u00b7         -Droit de d\u00e9poser une plainte aupr\u00e8s de l\u2019autorit\u00e9 de contr\u00f4le ([www.aepd.es] (http:\/\/www.aepd.es) si le traitement n\u2019est pas conforme \u00e0 la r\u00e9glementation en vigueur.<\/p>\n<p>Coordonn\u00e9es pour exercer vos droits :<\/p>\n<p>EMBALAJES CAPSA, S.L.<\/p>\n<p>C\/ Pere Llauguer i Prim (P.I.Can Misser), 8 nau 4 &#8211; 08360 Canet de Mar (Barcelone).<\/p>\n<p>Courriel : capsa@embalajescapsa.com<\/p>\n<p>La politique de confidentialit\u00e9 compl\u00e8te est disponible sur :<\/p>\n<p>[shop.capsa2in1.com] (http:\/\/shop.capsa2in1.com).<\/p>\n<p>2.       UTILISATION DU PROFIL<\/p>\n<p>Le RESPONSABLE pourra effectuer les actions suivantes :<\/p>\n<p>\u00b7         &#8211; Acc\u00e9der aux informations publiques du profil.<\/p>\n<p>\u00b7         &#8211; Publier sur le profil de l\u2019UTILISATEUR des informations d\u00e9j\u00e0 publi\u00e9es sur les r\u00e9seaux sociaux du RESPONSABLE.<\/p>\n<p>\u00b7         &#8211; Envoyer des messages personnels et individuels via les canaux du r\u00e9seau social.<\/p>\n<p>\u00b7         &#8211; Publier des mises \u00e0 jour de la page sur le profil de l\u2019UTILISATEUR.<\/p>\n<p>L\u2019UTILISATEUR peut contr\u00f4ler ses connexions, supprimer les contenus qui ne l\u2019int\u00e9ressent plus et limiter avec qui il partage ses connexions via les param\u00e8tres de confidentialit\u00e9 de son profil sur le r\u00e9seau social.<\/p>\n<p>3.       PUBLICATIONS<\/p>\n<p>L\u2019objectif des r\u00e9seaux sociaux est de donner de la visibilit\u00e9 et de diffuser les activit\u00e9s du RESPONSABLE. Ces outils stockent les donn\u00e9es personnelles sur les serveurs des services respectifs, conform\u00e9ment \u00e0 leurs propres politiques de confidentialit\u00e9.<\/p>\n<p>L\u2019UTILISATEUR, une fois qu\u2019il suit ou rejoint le r\u00e9seau social du RESPONSABLE, peut publier des commentaires, liens, images, photos ou tout autre contenu multim\u00e9dia. L\u2019UTILISATEUR doit en \u00eatre l\u2019auteur, poss\u00e9der les droits de propri\u00e9t\u00e9 intellectuelle ou avoir obtenu l\u2019autorisation des tiers concern\u00e9s.<\/p>\n<p>Les publications ne respectant pas la morale, l\u2019\u00e9thique, le bon go\u00fbt ou la loi, ou enfreignant les droits de propri\u00e9t\u00e9 intellectuelle, le droit \u00e0 l\u2019image ou d\u2019autres lois, sont express\u00e9ment interdites. Tout contenu offensant, diffamatoire, ill\u00e9gal ou inappropri\u00e9 sera supprim\u00e9, et les utilisateurs responsables pourront \u00eatre bloqu\u00e9s.<\/p>\n<p>Dans ces cas, le RESPONSABLE se r\u00e9serve le droit de retirer imm\u00e9diatement le contenu sans pr\u00e9avis et de demander le blocage permanent de l\u2019UTILISATEUR. Le RESPONSABLE n\u2019est pas responsable des contenus publi\u00e9s librement par l\u2019UTILISATEUR.<\/p>\n<p>L\u2019UTILISATEUR doit \u00eatre conscient que ses publications seront visibles par d\u2019autres utilisateurs et reste donc le principal responsable de sa vie priv\u00e9e.<\/p>\n<p>Les images publi\u00e9es ne seront pas stock\u00e9es dans un fichier par le RESPONSABLE mais resteront sur le r\u00e9seau social.<\/p>\n<p>4.       DONN\u00c9ES DES MINEURS OU PERSONNES \u00c0 CAPACIT\u00c9S SP\u00c9CIALES<\/p>\n<p>Il est conseill\u00e9 de lire attentivement les conditions d\u2019utilisation et les politiques de confidentialit\u00e9 de chaque r\u00e9seau social au moment de l\u2019inscription, en tenant compte des diff\u00e9rents crit\u00e8res d\u2019\u00e2ge.<\/p>\n<p>Le RESPONSABLE est express\u00e9ment d\u00e9gag\u00e9 de toute responsabilit\u00e9 d\u00e9coulant de l\u2019utilisation des r\u00e9seaux sociaux par des mineurs ou des personnes \u00e0 capacit\u00e9s sp\u00e9ciales sans supervision ou contr\u00f4le de leurs repr\u00e9sentants l\u00e9gaux.<\/p>\n<p>Le RESPONSABLE se r\u00e9serve le droit de modifier cette politique \u00e0 tout moment. Les modifications seront communiqu\u00e9es via nos profils de r\u00e9seaux sociaux et\/ou notre site web.<\/p>\n\t\t\t\t\t\t\t\t<\/div>\n\t\t\t\t<\/div>\n\t\t\t\t\t<\/div>\n\t\t<\/div>\n\t\t\t\t\t<\/div>\n\t\t<\/section>\n\t\t\t\t<\/div>\n\t\t","protected":false},"excerpt":{"rendered":"<p>Politique de confidentialit\u00e9 des r\u00e9seaux sociaux 1. INFORMATIONS POUR L\u2019UTILISATEUR Qui est responsable du traitement de vos donn\u00e9es personnelles ? EMBALAJES CAPSA, S.L. est responsable du traitement des donn\u00e9es personnelles des PERSONNES ayant cr\u00e9\u00e9 un profil sur l\u2019un de ses r\u00e9seaux sociaux. Ces donn\u00e9es seront trait\u00e9es conform\u00e9ment aux dispositions du R\u00e8glement (UE) 2016\/679 du 27 [&hellip;]<\/p>\n","protected":false},"author":10,"featured_media":0,"parent":0,"menu_order":0,"comment_status":"closed","ping_status":"closed","template":"","meta":{"_acf_changed":false,"footnotes":""},"class_list":["post-26097","page","type-page","status-publish","hentry"],"acf":[],"yoast_head":"<!-- This site is optimized with the Yoast SEO plugin v27.5 - https:\/\/yoast.com\/product\/yoast-seo-wordpress\/ -->\n<title>Politique de confidentialit\u00e9 des r\u00e9seaux sociaux - CAPSA2in1\u00ae<\/title>\n<meta name=\"robots\" content=\"index, follow, max-snippet:-1, max-image-preview:large, max-video-preview:-1\" \/>\n<link rel=\"canonical\" href=\"https:\/\/capsa2in1.com\/politica-redes-sociales\/\" \/>\n<meta property=\"og:locale\" content=\"fr_FR\" \/>\n<meta property=\"og:type\" content=\"article\" \/>\n<meta property=\"og:title\" content=\"Politique de confidentialit\u00e9 des r\u00e9seaux sociaux - CAPSA2in1\u00ae\" \/>\n<meta property=\"og:description\" content=\"Politique de confidentialit\u00e9 des r\u00e9seaux sociaux 1. INFORMATIONS POUR L\u2019UTILISATEUR Qui est responsable du traitement de vos donn\u00e9es personnelles ? EMBALAJES CAPSA, S.L. est responsable du traitement des donn\u00e9es personnelles des PERSONNES ayant cr\u00e9\u00e9 un profil sur l\u2019un de ses r\u00e9seaux sociaux. Ces donn\u00e9es seront trait\u00e9es conform\u00e9ment aux dispositions du R\u00e8glement (UE) 2016\/679 du 27 [&hellip;]\" \/>\n<meta property=\"og:url\" content=\"https:\/\/capsa2in1.com\/politica-redes-sociales\/\" \/>\n<meta property=\"og:site_name\" content=\"CAPSA2in1\u00ae\" \/>\n<meta name=\"twitter:card\" content=\"summary_large_image\" \/>\n<meta name=\"twitter:label1\" content=\"Dur\u00e9e de lecture estim\u00e9e\" \/>\n\t<meta name=\"twitter:data1\" content=\"5 minutes\" \/>\n<script type=\"application\/ld+json\" class=\"yoast-schema-graph\">{\"@context\":\"https:\\\/\\\/schema.org\",\"@graph\":[{\"@type\":\"WebPage\",\"@id\":\"https:\\\/\\\/capsa2in1.com\\\/politica-redes-sociales\\\/\",\"url\":\"https:\\\/\\\/capsa2in1.com\\\/politica-redes-sociales\\\/\",\"name\":\"Politique de confidentialit\u00e9 des r\u00e9seaux sociaux - CAPSA2in1\u00ae\",\"isPartOf\":{\"@id\":\"https:\\\/\\\/capsa2in1.com\\\/#website\"},\"datePublished\":\"2024-11-26T16:38:08+00:00\",\"breadcrumb\":{\"@id\":\"https:\\\/\\\/capsa2in1.com\\\/politica-redes-sociales\\\/#breadcrumb\"},\"inLanguage\":\"fr-FR\",\"potentialAction\":[{\"@type\":\"ReadAction\",\"target\":[\"https:\\\/\\\/capsa2in1.com\\\/politica-redes-sociales\\\/\"]}]},{\"@type\":\"BreadcrumbList\",\"@id\":\"https:\\\/\\\/capsa2in1.com\\\/politica-redes-sociales\\\/#breadcrumb\",\"itemListElement\":[{\"@type\":\"ListItem\",\"position\":1,\"name\":\"Inicio\",\"item\":\"https:\\\/\\\/capsa2in1.com\\\/fr\\\/\"},{\"@type\":\"ListItem\",\"position\":2,\"name\":\"Politique de confidentialit\u00e9 des r\u00e9seaux sociaux\"}]},{\"@type\":\"WebSite\",\"@id\":\"https:\\\/\\\/capsa2in1.com\\\/#website\",\"url\":\"https:\\\/\\\/capsa2in1.com\\\/\",\"name\":\"CAPSA2in1\u00ae\",\"description\":\"Reusable packaging. Smarter, Greener Logistics!\",\"publisher\":{\"@id\":\"https:\\\/\\\/capsa2in1.com\\\/#organization\"},\"potentialAction\":[{\"@type\":\"SearchAction\",\"target\":{\"@type\":\"EntryPoint\",\"urlTemplate\":\"https:\\\/\\\/capsa2in1.com\\\/?s={search_term_string}\"},\"query-input\":{\"@type\":\"PropertyValueSpecification\",\"valueRequired\":true,\"valueName\":\"search_term_string\"}}],\"inLanguage\":\"fr-FR\"},{\"@type\":\"Organization\",\"@id\":\"https:\\\/\\\/capsa2in1.com\\\/#organization\",\"name\":\"CAPSA 2in1\",\"url\":\"https:\\\/\\\/capsa2in1.com\\\/\",\"logo\":{\"@type\":\"ImageObject\",\"inLanguage\":\"fr-FR\",\"@id\":\"https:\\\/\\\/capsa2in1.com\\\/#\\\/schema\\\/logo\\\/image\\\/\",\"url\":\"\",\"contentUrl\":\"\",\"caption\":\"CAPSA 2in1\"},\"image\":{\"@id\":\"https:\\\/\\\/capsa2in1.com\\\/#\\\/schema\\\/logo\\\/image\\\/\"}}]}<\/script>\n<!-- \/ Yoast SEO plugin. -->","yoast_head_json":{"title":"Politique de confidentialit\u00e9 des r\u00e9seaux sociaux - CAPSA2in1\u00ae","robots":{"index":"index","follow":"follow","max-snippet":"max-snippet:-1","max-image-preview":"max-image-preview:large","max-video-preview":"max-video-preview:-1"},"canonical":"https:\/\/capsa2in1.com\/politica-redes-sociales\/","og_locale":"fr_FR","og_type":"article","og_title":"Politique de confidentialit\u00e9 des r\u00e9seaux sociaux - CAPSA2in1\u00ae","og_description":"Politique de confidentialit\u00e9 des r\u00e9seaux sociaux 1. INFORMATIONS POUR L\u2019UTILISATEUR Qui est responsable du traitement de vos donn\u00e9es personnelles ? EMBALAJES CAPSA, S.L. est responsable du traitement des donn\u00e9es personnelles des PERSONNES ayant cr\u00e9\u00e9 un profil sur l\u2019un de ses r\u00e9seaux sociaux. Ces donn\u00e9es seront trait\u00e9es conform\u00e9ment aux dispositions du R\u00e8glement (UE) 2016\/679 du 27 [&hellip;]","og_url":"https:\/\/capsa2in1.com\/politica-redes-sociales\/","og_site_name":"CAPSA2in1\u00ae","twitter_card":"summary_large_image","twitter_misc":{"Dur\u00e9e de lecture estim\u00e9e":"5 minutes"},"schema":{"@context":"https:\/\/schema.org","@graph":[{"@type":"WebPage","@id":"https:\/\/capsa2in1.com\/politica-redes-sociales\/","url":"https:\/\/capsa2in1.com\/politica-redes-sociales\/","name":"Politique de confidentialit\u00e9 des r\u00e9seaux sociaux - CAPSA2in1\u00ae","isPartOf":{"@id":"https:\/\/capsa2in1.com\/#website"},"datePublished":"2024-11-26T16:38:08+00:00","breadcrumb":{"@id":"https:\/\/capsa2in1.com\/politica-redes-sociales\/#breadcrumb"},"inLanguage":"fr-FR","potentialAction":[{"@type":"ReadAction","target":["https:\/\/capsa2in1.com\/politica-redes-sociales\/"]}]},{"@type":"BreadcrumbList","@id":"https:\/\/capsa2in1.com\/politica-redes-sociales\/#breadcrumb","itemListElement":[{"@type":"ListItem","position":1,"name":"Inicio","item":"https:\/\/capsa2in1.com\/fr\/"},{"@type":"ListItem","position":2,"name":"Politique de confidentialit\u00e9 des r\u00e9seaux sociaux"}]},{"@type":"WebSite","@id":"https:\/\/capsa2in1.com\/#website","url":"https:\/\/capsa2in1.com\/","name":"CAPSA2in1\u00ae","description":"Reusable packaging. Smarter, Greener Logistics!","publisher":{"@id":"https:\/\/capsa2in1.com\/#organization"},"potentialAction":[{"@type":"SearchAction","target":{"@type":"EntryPoint","urlTemplate":"https:\/\/capsa2in1.com\/?s={search_term_string}"},"query-input":{"@type":"PropertyValueSpecification","valueRequired":true,"valueName":"search_term_string"}}],"inLanguage":"fr-FR"},{"@type":"Organization","@id":"https:\/\/capsa2in1.com\/#organization","name":"CAPSA 2in1","url":"https:\/\/capsa2in1.com\/","logo":{"@type":"ImageObject","inLanguage":"fr-FR","@id":"https:\/\/capsa2in1.com\/#\/schema\/logo\/image\/","url":"","contentUrl":"","caption":"CAPSA 2in1"},"image":{"@id":"https:\/\/capsa2in1.com\/#\/schema\/logo\/image\/"}}]}},"_links":{"self":[{"href":"https:\/\/capsa2in1.com\/fr\/wp-json\/wp\/v2\/pages\/26097","targetHints":{"allow":["GET"]}}],"collection":[{"href":"https:\/\/capsa2in1.com\/fr\/wp-json\/wp\/v2\/pages"}],"about":[{"href":"https:\/\/capsa2in1.com\/fr\/wp-json\/wp\/v2\/types\/page"}],"author":[{"embeddable":true,"href":"https:\/\/capsa2in1.com\/fr\/wp-json\/wp\/v2\/users\/10"}],"replies":[{"embeddable":true,"href":"https:\/\/capsa2in1.com\/fr\/wp-json\/wp\/v2\/comments?post=26097"}],"version-history":[{"count":1,"href":"https:\/\/capsa2in1.com\/fr\/wp-json\/wp\/v2\/pages\/26097\/revisions"}],"predecessor-version":[{"id":26098,"href":"https:\/\/capsa2in1.com\/fr\/wp-json\/wp\/v2\/pages\/26097\/revisions\/26098"}],"wp:attachment":[{"href":"https:\/\/capsa2in1.com\/fr\/wp-json\/wp\/v2\/media?parent=26097"}],"curies":[{"name":"wp","href":"https:\/\/api.w.org\/{rel}","templated":true}]}}