{"id":24258,"date":"2023-08-17T07:56:54","date_gmt":"2023-08-17T07:56:54","guid":{"rendered":"https:\/\/capsa2in1.com\/page-datterrissage-formulario\/"},"modified":"2023-08-25T08:05:16","modified_gmt":"2023-08-25T08:05:16","slug":"page-datterrissage-formulario","status":"publish","type":"page","link":"https:\/\/capsa2in1.com\/fr\/page-datterrissage-formulario\/","title":{"rendered":"Page d&rsquo;atterrissage &#8211; Formulario"},"content":{"rendered":"\t\t<div data-elementor-type=\"wp-page\" data-elementor-id=\"24258\" class=\"elementor elementor-24258 elementor-23060\" data-elementor-post-type=\"page\">\n\t\t\t\t\t\t<section class=\"elementor-section elementor-top-section elementor-element elementor-element-bc4bcb4 elementor-section-boxed elementor-section-height-default elementor-section-height-default\" data-id=\"bc4bcb4\" data-element_type=\"section\">\n\t\t\t\t\t\t<div class=\"elementor-container elementor-column-gap-default\">\n\t\t\t\t\t<div class=\"elementor-column elementor-col-100 elementor-top-column elementor-element elementor-element-34b6985\" data-id=\"34b6985\" data-element_type=\"column\" data-settings=\"{&quot;background_background&quot;:&quot;classic&quot;}\">\n\t\t\t<div class=\"elementor-widget-wrap elementor-element-populated\">\n\t\t\t\t\t\t<div class=\"elementor-element elementor-element-6f441ff elementor-widget elementor-widget-spacer\" data-id=\"6f441ff\" data-element_type=\"widget\" data-widget_type=\"spacer.default\">\n\t\t\t\t<div class=\"elementor-widget-container\">\n\t\t\t\t\t\t\t<div class=\"elementor-spacer\">\n\t\t\t<div class=\"elementor-spacer-inner\"><\/div>\n\t\t<\/div>\n\t\t\t\t\t\t<\/div>\n\t\t\t\t<\/div>\n\t\t\t\t<div class=\"elementor-element elementor-element-607a687 elementor-widget elementor-widget-heading\" data-id=\"607a687\" data-element_type=\"widget\" data-widget_type=\"heading.default\">\n\t\t\t\t<div class=\"elementor-widget-container\">\n\t\t\t\t\t<p class=\"elementor-heading-title elementor-size-default\">Notre catalogue de produits <br>Capsa 2in1\u00ae \u00e0 votre disposition<\/p>\t\t\t\t<\/div>\n\t\t\t\t<\/div>\n\t\t\t\t<div class=\"elementor-element elementor-element-9c5faf1 elementor-widget elementor-widget-spacer\" data-id=\"9c5faf1\" data-element_type=\"widget\" data-widget_type=\"spacer.default\">\n\t\t\t\t<div class=\"elementor-widget-container\">\n\t\t\t\t\t\t\t<div class=\"elementor-spacer\">\n\t\t\t<div class=\"elementor-spacer-inner\"><\/div>\n\t\t<\/div>\n\t\t\t\t\t\t<\/div>\n\t\t\t\t<\/div>\n\t\t\t\t<div class=\"elementor-element elementor-element-edb3150 elementor-widget elementor-widget-heading\" data-id=\"edb3150\" data-element_type=\"widget\" data-widget_type=\"heading.default\">\n\t\t\t\t<div class=\"elementor-widget-container\">\n\t\t\t\t\t<p class=\"elementor-heading-title elementor-size-default\">Remplissez le formulaire ci-dessous pour obtenir un <b>acc\u00e8s exclusif<\/b> \u00e0 notre catalogue de produits. <\/p>\t\t\t\t<\/div>\n\t\t\t\t<\/div>\n\t\t\t\t<section class=\"elementor-section elementor-inner-section elementor-element elementor-element-1c87e00 elementor-section-boxed elementor-section-height-default elementor-section-height-default\" data-id=\"1c87e00\" data-element_type=\"section\">\n\t\t\t\t\t\t<div class=\"elementor-container elementor-column-gap-default\">\n\t\t\t\t\t<div class=\"elementor-column elementor-col-50 elementor-inner-column elementor-element elementor-element-d454a97\" data-id=\"d454a97\" data-element_type=\"column\">\n\t\t\t<div class=\"elementor-widget-wrap elementor-element-populated\">\n\t\t\t\t\t\t<div class=\"elementor-element elementor-element-d787f05 elementor-widget elementor-widget-image\" data-id=\"d787f05\" data-element_type=\"widget\" data-widget_type=\"image.default\">\n\t\t\t\t<div class=\"elementor-widget-container\">\n\t\t\t\t\t\t\t\t\t\t\t\t\t\t\t<img fetchpriority=\"high\" decoding=\"async\" width=\"800\" height=\"525\" src=\"https:\/\/capsa2in1.com\/wp-content\/uploads\/2023\/01\/diseno-editorial-capsa-catalogo-1-1024x672.png\" class=\"attachment-large size-large wp-image-23503\" alt=\"\" srcset=\"https:\/\/capsa2in1.com\/wp-content\/uploads\/2023\/01\/diseno-editorial-capsa-catalogo-1-1024x672.png 1024w, https:\/\/capsa2in1.com\/wp-content\/uploads\/2023\/01\/diseno-editorial-capsa-catalogo-1-300x197.png 300w, https:\/\/capsa2in1.com\/wp-content\/uploads\/2023\/01\/diseno-editorial-capsa-catalogo-1-768x504.png 768w, https:\/\/capsa2in1.com\/wp-content\/uploads\/2023\/01\/diseno-editorial-capsa-catalogo-1-1536x1008.png 1536w, https:\/\/capsa2in1.com\/wp-content\/uploads\/2023\/01\/diseno-editorial-capsa-catalogo-1-600x394.png 600w, https:\/\/capsa2in1.com\/wp-content\/uploads\/2023\/01\/diseno-editorial-capsa-catalogo-1.png 1600w\" sizes=\"(max-width: 800px) 100vw, 800px\" \/>\t\t\t\t\t\t\t\t\t\t\t\t\t\t\t<\/div>\n\t\t\t\t<\/div>\n\t\t\t\t<div class=\"elementor-element elementor-element-ad715aa elementor-widget elementor-widget-gallery\" data-id=\"ad715aa\" data-element_type=\"widget\" data-settings=\"{&quot;columns&quot;:2,&quot;_animation&quot;:&quot;none&quot;,&quot;lazyload&quot;:&quot;yes&quot;,&quot;gallery_layout&quot;:&quot;grid&quot;,&quot;columns_tablet&quot;:2,&quot;columns_mobile&quot;:1,&quot;gap&quot;:{&quot;unit&quot;:&quot;px&quot;,&quot;size&quot;:10,&quot;sizes&quot;:[]},&quot;gap_tablet&quot;:{&quot;unit&quot;:&quot;px&quot;,&quot;size&quot;:10,&quot;sizes&quot;:[]},&quot;gap_mobile&quot;:{&quot;unit&quot;:&quot;px&quot;,&quot;size&quot;:10,&quot;sizes&quot;:[]},&quot;link_to&quot;:&quot;file&quot;,&quot;aspect_ratio&quot;:&quot;3:2&quot;,&quot;overlay_background&quot;:&quot;yes&quot;,&quot;content_hover_animation&quot;:&quot;fade-in&quot;}\" data-widget_type=\"gallery.default\">\n\t\t\t\t<div class=\"elementor-widget-container\">\n\t\t\t\t\t\t\t<div class=\"elementor-gallery__container\">\n\t\t\t\t\t\t\t<a class=\"e-gallery-item elementor-gallery-item elementor-animated-content\" href=\"https:\/\/capsa2in1.com\/wp-content\/uploads\/2023\/01\/diseno-editorial-capsa-catalogo-2.png\" data-elementor-open-lightbox=\"yes\" data-elementor-lightbox-slideshow=\"ad715aa\" data-elementor-lightbox-title=\"diseno-editorial-capsa-catalogo-2\" data-e-action-hash=\"#elementor-action%3Aaction%3Dlightbox%26settings%3DeyJpZCI6MjM1MDYsInVybCI6Imh0dHBzOlwvXC9jYXBzYTJpbjEuY29tXC93cC1jb250ZW50XC91cGxvYWRzXC8yMDIzXC8wMVwvZGlzZW5vLWVkaXRvcmlhbC1jYXBzYS1jYXRhbG9nby0yLnBuZyIsInNsaWRlc2hvdyI6ImFkNzE1YWEifQ%3D%3D\">\n\t\t\t\t\t<div class=\"e-gallery-image elementor-gallery-item__image\" data-thumbnail=\"https:\/\/capsa2in1.com\/wp-content\/uploads\/2023\/01\/diseno-editorial-capsa-catalogo-2-300x225.png\" data-width=\"300\" data-height=\"225\" aria-label=\"\" role=\"img\" ><\/div>\n\t\t\t\t\t\t\t\t\t\t\t<div class=\"elementor-gallery-item__overlay\"><\/div>\n\t\t\t\t\t\t\t\t\t\t\t\t\t\t<\/a>\n\t\t\t\t\t\t\t<a class=\"e-gallery-item elementor-gallery-item elementor-animated-content\" href=\"https:\/\/capsa2in1.com\/wp-content\/uploads\/2023\/01\/diseno-editorial-capsa-catalogo-3.png\" data-elementor-open-lightbox=\"yes\" data-elementor-lightbox-slideshow=\"ad715aa\" data-elementor-lightbox-title=\"diseno-editorial-capsa-catalogo-3\" data-e-action-hash=\"#elementor-action%3Aaction%3Dlightbox%26settings%3DeyJpZCI6MjM1MDksInVybCI6Imh0dHBzOlwvXC9jYXBzYTJpbjEuY29tXC93cC1jb250ZW50XC91cGxvYWRzXC8yMDIzXC8wMVwvZGlzZW5vLWVkaXRvcmlhbC1jYXBzYS1jYXRhbG9nby0zLnBuZyIsInNsaWRlc2hvdyI6ImFkNzE1YWEifQ%3D%3D\">\n\t\t\t\t\t<div class=\"e-gallery-image elementor-gallery-item__image\" data-thumbnail=\"https:\/\/capsa2in1.com\/wp-content\/uploads\/2023\/01\/diseno-editorial-capsa-catalogo-3-300x225.png\" data-width=\"300\" data-height=\"225\" aria-label=\"\" role=\"img\" ><\/div>\n\t\t\t\t\t\t\t\t\t\t\t<div class=\"elementor-gallery-item__overlay\"><\/div>\n\t\t\t\t\t\t\t\t\t\t\t\t\t\t<\/a>\n\t\t\t\t\t<\/div>\n\t\t\t\t\t<\/div>\n\t\t\t\t<\/div>\n\t\t\t\t\t<\/div>\n\t\t<\/div>\n\t\t\t\t<div class=\"elementor-column elementor-col-50 elementor-inner-column elementor-element elementor-element-e2e0793\" data-id=\"e2e0793\" data-element_type=\"column\" data-settings=\"{&quot;background_background&quot;:&quot;classic&quot;}\">\n\t\t\t<div class=\"elementor-widget-wrap elementor-element-populated\">\n\t\t\t\t\t\t<div class=\"elementor-element elementor-element-2686d9d elementor-widget elementor-widget-heading\" data-id=\"2686d9d\" data-element_type=\"widget\" data-widget_type=\"heading.default\">\n\t\t\t\t<div class=\"elementor-widget-container\">\n\t\t\t\t\t<h3 class=\"elementor-heading-title elementor-size-default\">TROUVEZ VOTRE BO\u00ceTE CAPSA 2IN1\u00ae POUR TOUS LES TYPES D'ENVOIS<\/h3>\t\t\t\t<\/div>\n\t\t\t\t<\/div>\n\t\t\t\t<div class=\"elementor-element elementor-element-161ca81 elementor-widget elementor-widget-text-editor\" data-id=\"161ca81\" data-element_type=\"widget\" data-widget_type=\"text-editor.default\">\n\t\t\t\t<div class=\"elementor-widget-container\">\n\t\t\t\t\t\t\t\t\tChez Capsa\u00ae, nous nous engageons \u00e0 rentabiliser et \u00e0 am\u00e9liorer le processus logistique des entreprises, quel que soit leur secteur ou le type d&rsquo;exp\u00e9dition.\r\n\r\nNotre syst\u00e8me capsa 2in1\u00ae offre\r\nde multiples avantages en termes de\r\n\r\n&#8211; Logistique et pr\u00e9paration des commandes\r\n&#8211; S\u00e9curit\u00e9 et inviolabilit\u00e9 du contenu\r\n&#8211; R\u00e9utilisation de la m\u00eame bo\u00eete\r\nPromotion de la durabilit\u00e9\r\n&#8211; Exp\u00e9rience d&rsquo;achat qui fid\u00e9lise le client\r\nfid\u00e9lisation des clients\t\t\t\t\t\t\t\t<\/div>\n\t\t\t\t<\/div>\n\t\t\t\t\t<\/div>\n\t\t<\/div>\n\t\t\t\t\t<\/div>\n\t\t<\/section>\n\t\t\t\t<div class=\"elementor-element elementor-element-6fea7e0 elementor-widget elementor-widget-shortcode\" data-id=\"6fea7e0\" data-element_type=\"widget\" data-widget_type=\"shortcode.default\">\n\t\t\t\t<div class=\"elementor-widget-container\">\n\t\t\t\t\t\t\t<div class=\"elementor-shortcode\"><script charset=\"utf-8\" type=\"text\/javascript\" src=\"\/\/js-eu1.hsforms.net\/forms\/embed\/v2.js\"><\/script> <script>   hbspt.forms.create({     region: \"eu1\",     portalId: \"27155620\",     formId: \"e99e2b3b-b6de-4140-b903-8a678bea432a\"   }); <\/script><\/div>\n\t\t\t\t\t\t<\/div>\n\t\t\t\t<\/div>\n\t\t\t\t<section class=\"elementor-section elementor-inner-section elementor-element elementor-element-8cf61bc elementor-section-boxed elementor-section-height-default elementor-section-height-default\" data-id=\"8cf61bc\" data-element_type=\"section\">\n\t\t\t\t\t\t<div class=\"elementor-container elementor-column-gap-default\">\n\t\t\t\t\t<div class=\"elementor-column elementor-col-50 elementor-inner-column elementor-element elementor-element-6571c4e\" data-id=\"6571c4e\" data-element_type=\"column\">\n\t\t\t<div class=\"elementor-widget-wrap\">\n\t\t\t\t\t\t\t<\/div>\n\t\t<\/div>\n\t\t\t\t<div class=\"elementor-column elementor-col-50 elementor-inner-column elementor-element elementor-element-829fb5a\" data-id=\"829fb5a\" data-element_type=\"column\">\n\t\t\t<div class=\"elementor-widget-wrap\">\n\t\t\t\t\t\t\t<\/div>\n\t\t<\/div>\n\t\t\t\t\t<\/div>\n\t\t<\/section>\n\t\t\t\t<div class=\"elementor-element elementor-element-5677e5e elementor-widget elementor-widget-spacer\" data-id=\"5677e5e\" data-element_type=\"widget\" data-widget_type=\"spacer.default\">\n\t\t\t\t<div class=\"elementor-widget-container\">\n\t\t\t\t\t\t\t<div class=\"elementor-spacer\">\n\t\t\t<div class=\"elementor-spacer-inner\"><\/div>\n\t\t<\/div>\n\t\t\t\t\t\t<\/div>\n\t\t\t\t<\/div>\n\t\t\t\t\t<\/div>\n\t\t<\/div>\n\t\t\t\t\t<\/div>\n\t\t<\/section>\n\t\t\t\t<\/div>\n\t\t","protected":false},"excerpt":{"rendered":"<p>Notre catalogue de produits Capsa 2in1\u00ae \u00e0 votre disposition Remplissez le formulaire ci-dessous pour obtenir un acc\u00e8s exclusif \u00e0 notre catalogue de produits. TROUVEZ VOTRE BO\u00ceTE CAPSA 2IN1\u00ae POUR TOUS LES TYPES D&rsquo;ENVOIS Chez Capsa\u00ae, nous nous engageons \u00e0 rentabiliser et \u00e0 am\u00e9liorer le processus logistique des entreprises, quel que soit leur secteur ou le [&hellip;]<\/p>\n","protected":false},"author":10,"featured_media":31422,"parent":0,"menu_order":0,"comment_status":"closed","ping_status":"closed","template":"","meta":{"_acf_changed":false,"footnotes":""},"class_list":["post-24258","page","type-page","status-publish","has-post-thumbnail","hentry"],"acf":[],"yoast_head":"<!-- This site is optimized with the Yoast SEO plugin v27.5 - https:\/\/yoast.com\/product\/yoast-seo-wordpress\/ -->\n<title>Page d&#039;atterrissage - Formulario - CAPSA2in1\u00ae<\/title>\n<meta name=\"robots\" content=\"index, follow, max-snippet:-1, max-image-preview:large, max-video-preview:-1\" \/>\n<link rel=\"canonical\" href=\"https:\/\/capsa2in1.com\/landing-page-formulario\/\" \/>\n<meta property=\"og:locale\" content=\"fr_FR\" \/>\n<meta property=\"og:type\" content=\"article\" \/>\n<meta property=\"og:title\" content=\"Page d&#039;atterrissage - Formulario - CAPSA2in1\u00ae\" \/>\n<meta property=\"og:description\" content=\"Notre catalogue de produits Capsa 2in1\u00ae \u00e0 votre disposition Remplissez le formulaire ci-dessous pour obtenir un acc\u00e8s exclusif \u00e0 notre catalogue de produits. TROUVEZ VOTRE BO\u00ceTE CAPSA 2IN1\u00ae POUR TOUS LES TYPES D&rsquo;ENVOIS Chez Capsa\u00ae, nous nous engageons \u00e0 rentabiliser et \u00e0 am\u00e9liorer le processus logistique des entreprises, quel que soit leur secteur ou le [&hellip;]\" \/>\n<meta property=\"og:url\" content=\"https:\/\/capsa2in1.com\/landing-page-formulario\/\" \/>\n<meta property=\"og:site_name\" content=\"CAPSA2in1\u00ae\" \/>\n<meta property=\"article:modified_time\" content=\"2023-08-25T08:05:16+00:00\" \/>\n<meta property=\"og:image\" content=\"https:\/\/capsa2in1.com\/wp-content\/uploads\/2023\/01\/diseno-editorial-capsa-catalogo-1-1024x672.png\" \/>\n<meta name=\"twitter:card\" content=\"summary_large_image\" \/>\n<meta name=\"twitter:label1\" content=\"Dur\u00e9e de lecture estim\u00e9e\" \/>\n\t<meta name=\"twitter:data1\" content=\"1 minute\" \/>\n<script type=\"application\/ld+json\" class=\"yoast-schema-graph\">{\"@context\":\"https:\\\/\\\/schema.org\",\"@graph\":[{\"@type\":\"WebPage\",\"@id\":\"https:\\\/\\\/capsa2in1.com\\\/landing-page-formulario\\\/\",\"url\":\"https:\\\/\\\/capsa2in1.com\\\/landing-page-formulario\\\/\",\"name\":\"Page d'atterrissage - Formulario - CAPSA2in1\u00ae\",\"isPartOf\":{\"@id\":\"https:\\\/\\\/capsa2in1.com\\\/#website\"},\"primaryImageOfPage\":{\"@id\":\"https:\\\/\\\/capsa2in1.com\\\/landing-page-formulario\\\/#primaryimage\"},\"image\":{\"@id\":\"https:\\\/\\\/capsa2in1.com\\\/landing-page-formulario\\\/#primaryimage\"},\"thumbnailUrl\":\"https:\\\/\\\/capsa2in1.com\\\/wp-content\\\/uploads\\\/2025\\\/06\\\/diseno-editorial-capsa-catalogo-1-1024x672-1.png\",\"datePublished\":\"2023-08-17T07:56:54+00:00\",\"dateModified\":\"2023-08-25T08:05:16+00:00\",\"breadcrumb\":{\"@id\":\"https:\\\/\\\/capsa2in1.com\\\/landing-page-formulario\\\/#breadcrumb\"},\"inLanguage\":\"fr-FR\",\"potentialAction\":[{\"@type\":\"ReadAction\",\"target\":[\"https:\\\/\\\/capsa2in1.com\\\/landing-page-formulario\\\/\"]}]},{\"@type\":\"ImageObject\",\"inLanguage\":\"fr-FR\",\"@id\":\"https:\\\/\\\/capsa2in1.com\\\/landing-page-formulario\\\/#primaryimage\",\"url\":\"https:\\\/\\\/capsa2in1.com\\\/wp-content\\\/uploads\\\/2025\\\/06\\\/diseno-editorial-capsa-catalogo-1-1024x672-1.png\",\"contentUrl\":\"https:\\\/\\\/capsa2in1.com\\\/wp-content\\\/uploads\\\/2025\\\/06\\\/diseno-editorial-capsa-catalogo-1-1024x672-1.png\",\"width\":1024,\"height\":672},{\"@type\":\"BreadcrumbList\",\"@id\":\"https:\\\/\\\/capsa2in1.com\\\/landing-page-formulario\\\/#breadcrumb\",\"itemListElement\":[{\"@type\":\"ListItem\",\"position\":1,\"name\":\"Inicio\",\"item\":\"https:\\\/\\\/capsa2in1.com\\\/fr\\\/\"},{\"@type\":\"ListItem\",\"position\":2,\"name\":\"Page d&#8217;atterrissage &#8211; Formulario\"}]},{\"@type\":\"WebSite\",\"@id\":\"https:\\\/\\\/capsa2in1.com\\\/#website\",\"url\":\"https:\\\/\\\/capsa2in1.com\\\/\",\"name\":\"CAPSA2in1\u00ae\",\"description\":\"Reusable packaging. Smarter, Greener Logistics!\",\"publisher\":{\"@id\":\"https:\\\/\\\/capsa2in1.com\\\/#organization\"},\"potentialAction\":[{\"@type\":\"SearchAction\",\"target\":{\"@type\":\"EntryPoint\",\"urlTemplate\":\"https:\\\/\\\/capsa2in1.com\\\/?s={search_term_string}\"},\"query-input\":{\"@type\":\"PropertyValueSpecification\",\"valueRequired\":true,\"valueName\":\"search_term_string\"}}],\"inLanguage\":\"fr-FR\"},{\"@type\":\"Organization\",\"@id\":\"https:\\\/\\\/capsa2in1.com\\\/#organization\",\"name\":\"CAPSA 2in1\",\"url\":\"https:\\\/\\\/capsa2in1.com\\\/\",\"logo\":{\"@type\":\"ImageObject\",\"inLanguage\":\"fr-FR\",\"@id\":\"https:\\\/\\\/capsa2in1.com\\\/#\\\/schema\\\/logo\\\/image\\\/\",\"url\":\"\",\"contentUrl\":\"\",\"caption\":\"CAPSA 2in1\"},\"image\":{\"@id\":\"https:\\\/\\\/capsa2in1.com\\\/#\\\/schema\\\/logo\\\/image\\\/\"}}]}<\/script>\n<!-- \/ Yoast SEO plugin. -->","yoast_head_json":{"title":"Page d'atterrissage - Formulario - CAPSA2in1\u00ae","robots":{"index":"index","follow":"follow","max-snippet":"max-snippet:-1","max-image-preview":"max-image-preview:large","max-video-preview":"max-video-preview:-1"},"canonical":"https:\/\/capsa2in1.com\/landing-page-formulario\/","og_locale":"fr_FR","og_type":"article","og_title":"Page d'atterrissage - Formulario - CAPSA2in1\u00ae","og_description":"Notre catalogue de produits Capsa 2in1\u00ae \u00e0 votre disposition Remplissez le formulaire ci-dessous pour obtenir un acc\u00e8s exclusif \u00e0 notre catalogue de produits. TROUVEZ VOTRE BO\u00ceTE CAPSA 2IN1\u00ae POUR TOUS LES TYPES D&rsquo;ENVOIS Chez Capsa\u00ae, nous nous engageons \u00e0 rentabiliser et \u00e0 am\u00e9liorer le processus logistique des entreprises, quel que soit leur secteur ou le [&hellip;]","og_url":"https:\/\/capsa2in1.com\/landing-page-formulario\/","og_site_name":"CAPSA2in1\u00ae","article_modified_time":"2023-08-25T08:05:16+00:00","og_image":[{"url":"https:\/\/capsa2in1.com\/wp-content\/uploads\/2023\/01\/diseno-editorial-capsa-catalogo-1-1024x672.png","type":"","width":"","height":""}],"twitter_card":"summary_large_image","twitter_misc":{"Dur\u00e9e de lecture estim\u00e9e":"1 minute"},"schema":{"@context":"https:\/\/schema.org","@graph":[{"@type":"WebPage","@id":"https:\/\/capsa2in1.com\/landing-page-formulario\/","url":"https:\/\/capsa2in1.com\/landing-page-formulario\/","name":"Page d'atterrissage - Formulario - CAPSA2in1\u00ae","isPartOf":{"@id":"https:\/\/capsa2in1.com\/#website"},"primaryImageOfPage":{"@id":"https:\/\/capsa2in1.com\/landing-page-formulario\/#primaryimage"},"image":{"@id":"https:\/\/capsa2in1.com\/landing-page-formulario\/#primaryimage"},"thumbnailUrl":"https:\/\/capsa2in1.com\/wp-content\/uploads\/2025\/06\/diseno-editorial-capsa-catalogo-1-1024x672-1.png","datePublished":"2023-08-17T07:56:54+00:00","dateModified":"2023-08-25T08:05:16+00:00","breadcrumb":{"@id":"https:\/\/capsa2in1.com\/landing-page-formulario\/#breadcrumb"},"inLanguage":"fr-FR","potentialAction":[{"@type":"ReadAction","target":["https:\/\/capsa2in1.com\/landing-page-formulario\/"]}]},{"@type":"ImageObject","inLanguage":"fr-FR","@id":"https:\/\/capsa2in1.com\/landing-page-formulario\/#primaryimage","url":"https:\/\/capsa2in1.com\/wp-content\/uploads\/2025\/06\/diseno-editorial-capsa-catalogo-1-1024x672-1.png","contentUrl":"https:\/\/capsa2in1.com\/wp-content\/uploads\/2025\/06\/diseno-editorial-capsa-catalogo-1-1024x672-1.png","width":1024,"height":672},{"@type":"BreadcrumbList","@id":"https:\/\/capsa2in1.com\/landing-page-formulario\/#breadcrumb","itemListElement":[{"@type":"ListItem","position":1,"name":"Inicio","item":"https:\/\/capsa2in1.com\/fr\/"},{"@type":"ListItem","position":2,"name":"Page d&#8217;atterrissage &#8211; Formulario"}]},{"@type":"WebSite","@id":"https:\/\/capsa2in1.com\/#website","url":"https:\/\/capsa2in1.com\/","name":"CAPSA2in1\u00ae","description":"Reusable packaging. Smarter, Greener Logistics!","publisher":{"@id":"https:\/\/capsa2in1.com\/#organization"},"potentialAction":[{"@type":"SearchAction","target":{"@type":"EntryPoint","urlTemplate":"https:\/\/capsa2in1.com\/?s={search_term_string}"},"query-input":{"@type":"PropertyValueSpecification","valueRequired":true,"valueName":"search_term_string"}}],"inLanguage":"fr-FR"},{"@type":"Organization","@id":"https:\/\/capsa2in1.com\/#organization","name":"CAPSA 2in1","url":"https:\/\/capsa2in1.com\/","logo":{"@type":"ImageObject","inLanguage":"fr-FR","@id":"https:\/\/capsa2in1.com\/#\/schema\/logo\/image\/","url":"","contentUrl":"","caption":"CAPSA 2in1"},"image":{"@id":"https:\/\/capsa2in1.com\/#\/schema\/logo\/image\/"}}]}},"_links":{"self":[{"href":"https:\/\/capsa2in1.com\/fr\/wp-json\/wp\/v2\/pages\/24258","targetHints":{"allow":["GET"]}}],"collection":[{"href":"https:\/\/capsa2in1.com\/fr\/wp-json\/wp\/v2\/pages"}],"about":[{"href":"https:\/\/capsa2in1.com\/fr\/wp-json\/wp\/v2\/types\/page"}],"author":[{"embeddable":true,"href":"https:\/\/capsa2in1.com\/fr\/wp-json\/wp\/v2\/users\/10"}],"replies":[{"embeddable":true,"href":"https:\/\/capsa2in1.com\/fr\/wp-json\/wp\/v2\/comments?post=24258"}],"version-history":[{"count":0,"href":"https:\/\/capsa2in1.com\/fr\/wp-json\/wp\/v2\/pages\/24258\/revisions"}],"wp:featuredmedia":[{"embeddable":true,"href":"https:\/\/capsa2in1.com\/fr\/wp-json\/wp\/v2\/media\/31422"}],"wp:attachment":[{"href":"https:\/\/capsa2in1.com\/fr\/wp-json\/wp\/v2\/media?parent=24258"}],"curies":[{"name":"wp","href":"https:\/\/api.w.org\/{rel}","templated":true}]}}