{"id":20211,"date":"2021-07-26T15:14:30","date_gmt":"2021-07-26T15:14:30","guid":{"rendered":"https:\/\/capsa2in1.com\/caisses-sur-mesure-pour-votre-ecommerce\/"},"modified":"2025-07-04T10:28:53","modified_gmt":"2025-07-04T10:28:53","slug":"caisses-sur-mesure-pour-votre-ecommerce","status":"publish","type":"page","link":"https:\/\/capsa2in1.com\/fr\/caisses-sur-mesure-pour-votre-ecommerce\/","title":{"rendered":"Bo\u00eetes en carton sur mesure"},"content":{"rendered":"\t\t<div data-elementor-type=\"wp-page\" data-elementor-id=\"20211\" class=\"elementor elementor-20211 elementor-19946\" data-elementor-post-type=\"page\">\n\t\t\t\t<div class=\"elementor-element elementor-element-76eb2da e-flex e-con-boxed e-con e-parent\" data-id=\"76eb2da\" data-element_type=\"container\">\n\t\t\t\t\t<div class=\"e-con-inner\">\n\t\t\t\t<div class=\"elementor-element elementor-element-db30cdd elementor-widget elementor-widget-heading\" data-id=\"db30cdd\" data-element_type=\"widget\" data-widget_type=\"heading.default\">\n\t\t\t\t<div class=\"elementor-widget-container\">\n\t\t\t\t\t<h1 class=\"elementor-heading-title elementor-size-default\">Bo\u00eetes en carton sur mesure<\/h1>\t\t\t\t<\/div>\n\t\t\t\t<\/div>\n\t\t\t\t<div class=\"elementor-element elementor-element-cf39c6a elementor-widget elementor-widget-heading\" data-id=\"cf39c6a\" data-element_type=\"widget\" data-widget_type=\"heading.default\">\n\t\t\t\t<div class=\"elementor-widget-container\">\n\t\t\t\t\t<h2 class=\"elementor-heading-title elementor-size-default\">Nous cr\u00e9ons des formats uniques, ajust\u00e9s au millim\u00e8tre pr\u00e8s \u00e0 vos exigences, pour offrir s\u00e9curit\u00e9, fonctionnalit\u00e9, durabilit\u00e9 et une exp\u00e9rience d\u2019unboxing inoubliable.<\/h2>\t\t\t\t<\/div>\n\t\t\t\t<\/div>\n\t\t\t\t<div class=\"elementor-element elementor-element-a19b556 elementor-widget elementor-widget-heading\" data-id=\"a19b556\" data-element_type=\"widget\" data-widget_type=\"heading.default\">\n\t\t\t\t<div class=\"elementor-widget-container\">\n\t\t\t\t\t<p class=\"elementor-heading-title elementor-size-default\">Lorsque vos besoins vont plus loin que les standards, nous concevons votre emballage sur mesure. Qu\u2019il s\u2019agisse d\u2019articles fragiles ou de formats sp\u00e9ciaux, nous mobilisons notre savoir-faire et notre esprit d\u2019innovation pour imaginer la solution parfaite \u00e0 chaque projet.<\/p>\t\t\t\t<\/div>\n\t\t\t\t<\/div>\n\t\t\t\t\t<\/div>\n\t\t\t\t<\/div>\n\t\t<div class=\"elementor-element elementor-element-a236296 e-flex e-con-boxed e-con e-parent\" data-id=\"a236296\" data-element_type=\"container\">\n\t\t\t\t\t<div class=\"e-con-inner\">\n\t\t<div class=\"elementor-element elementor-element-6e598b7 e-con-full e-flex e-con e-child\" data-id=\"6e598b7\" data-element_type=\"container\">\n\t\t\t\t<div class=\"elementor-element elementor-element-66b4655 elementor-widget elementor-widget-image\" data-id=\"66b4655\" data-element_type=\"widget\" data-widget_type=\"image.default\">\n\t\t\t\t<div class=\"elementor-widget-container\">\n\t\t\t\t\t\t\t\t\t\t\t\t\t\t\t<img fetchpriority=\"high\" decoding=\"async\" width=\"570\" height=\"486\" src=\"https:\/\/capsa2in1.com\/wp-content\/uploads\/2021\/07\/P_039-2.png\" class=\"attachment-2048x2048 size-2048x2048 wp-image-19973\" alt=\"caja-cart\u00f3n-a-medida\" srcset=\"https:\/\/capsa2in1.com\/wp-content\/uploads\/2021\/07\/P_039-2.png 570w, https:\/\/capsa2in1.com\/wp-content\/uploads\/2021\/07\/P_039-2-300x256.png 300w\" sizes=\"(max-width: 570px) 100vw, 570px\" \/>\t\t\t\t\t\t\t\t\t\t\t\t\t\t\t<\/div>\n\t\t\t\t<\/div>\n\t\t\t\t<\/div>\n\t\t<div class=\"elementor-element elementor-element-531828b e-con-full e-flex e-con e-child\" data-id=\"531828b\" data-element_type=\"container\" data-settings=\"{&quot;background_background&quot;:&quot;classic&quot;}\">\n\t\t\t\t<div class=\"elementor-element elementor-element-11a99b6 elementor-widget elementor-widget-heading\" data-id=\"11a99b6\" data-element_type=\"widget\" data-widget_type=\"heading.default\">\n\t\t\t\t<div class=\"elementor-widget-container\">\n\t\t\t\t\t<h3 class=\"elementor-heading-title elementor-size-default\">Bo\u00eetes pour plantes<\/h3>\t\t\t\t<\/div>\n\t\t\t\t<\/div>\n\t\t\t\t<div class=\"elementor-element elementor-element-e2a7f00 elementor-widget-divider--view-line elementor-widget elementor-widget-divider\" data-id=\"e2a7f00\" data-element_type=\"widget\" data-widget_type=\"divider.default\">\n\t\t\t\t<div class=\"elementor-widget-container\">\n\t\t\t\t\t\t\t<div class=\"elementor-divider\">\n\t\t\t<span class=\"elementor-divider-separator\">\n\t\t\t\t\t\t<\/span>\n\t\t<\/div>\n\t\t\t\t\t\t<\/div>\n\t\t\t\t<\/div>\n\t\t\t\t<div class=\"elementor-element elementor-element-ef1be23 elementor-widget elementor-widget-text-editor\" data-id=\"ef1be23\" data-element_type=\"widget\" data-widget_type=\"text-editor.default\">\n\t\t\t\t<div class=\"elementor-widget-container\">\n\t\t\t\t\t\t\t\t\t<p style=\"text-align: center;\">Caisse carton t\u00e9lescopique con\u00e7ue pour le transport de plantes verticales, qui int\u00e8gre un accessoire r\u00e9glable permettant de transporter et d\u2019immobiliser des plantes de diff\u00e9rentes hauteurs.<\/p>\t\t\t\t\t\t\t\t<\/div>\n\t\t\t\t<\/div>\n\t\t\t\t<\/div>\n\t\t\t\t\t<\/div>\n\t\t\t\t<\/div>\n\t\t<div class=\"elementor-element elementor-element-a8f7d18 e-flex e-con-boxed e-con e-parent\" data-id=\"a8f7d18\" data-element_type=\"container\">\n\t\t\t\t\t<div class=\"e-con-inner\">\n\t\t<div class=\"elementor-element elementor-element-c6240f0 e-con-full e-flex e-con e-child\" data-id=\"c6240f0\" data-element_type=\"container\" data-settings=\"{&quot;background_background&quot;:&quot;classic&quot;}\">\n\t\t\t\t<div class=\"elementor-element elementor-element-aed4c84 elementor-widget elementor-widget-heading\" data-id=\"aed4c84\" data-element_type=\"widget\" data-widget_type=\"heading.default\">\n\t\t\t\t<div class=\"elementor-widget-container\">\n\t\t\t\t\t<h3 class=\"elementor-heading-title elementor-size-default\">Bo\u00eetes pour delivery<\/h3>\t\t\t\t<\/div>\n\t\t\t\t<\/div>\n\t\t\t\t<div class=\"elementor-element elementor-element-0b4e9bd elementor-widget-divider--view-line elementor-widget elementor-widget-divider\" data-id=\"0b4e9bd\" data-element_type=\"widget\" data-widget_type=\"divider.default\">\n\t\t\t\t<div class=\"elementor-widget-container\">\n\t\t\t\t\t\t\t<div class=\"elementor-divider\">\n\t\t\t<span class=\"elementor-divider-separator\">\n\t\t\t\t\t\t<\/span>\n\t\t<\/div>\n\t\t\t\t\t\t<\/div>\n\t\t\t\t<\/div>\n\t\t\t\t<div class=\"elementor-element elementor-element-5bbaa7f elementor-widget elementor-widget-text-editor\" data-id=\"5bbaa7f\" data-element_type=\"widget\" data-widget_type=\"text-editor.default\">\n\t\t\t\t<div class=\"elementor-widget-container\">\n\t\t\t\t\t\t\t\t\t<p style=\"text-align: center;\">Emballage carton sur mesure avec poign\u00e9es, con\u00e7ues en une seule pi\u00e8ce avec des accessoires int\u00e9rieurs pour immobiliser le contenu lors du transport des aliments \u00e0 domicile.<\/p>\t\t\t\t\t\t\t\t<\/div>\n\t\t\t\t<\/div>\n\t\t\t\t<\/div>\n\t\t<div class=\"elementor-element elementor-element-6726766 e-con-full e-flex e-con e-child\" data-id=\"6726766\" data-element_type=\"container\">\n\t\t\t\t<div class=\"elementor-element elementor-element-768fb49 elementor-widget elementor-widget-image\" data-id=\"768fb49\" data-element_type=\"widget\" data-widget_type=\"image.default\">\n\t\t\t\t<div class=\"elementor-widget-container\">\n\t\t\t\t\t\t\t\t\t\t\t\t\t\t\t<img decoding=\"async\" width=\"570\" height=\"486\" src=\"https:\/\/capsa2in1.com\/wp-content\/uploads\/2021\/07\/051_02-2.png\" class=\"attachment-2048x2048 size-2048x2048 wp-image-19970\" alt=\"caja-cart\u00f3n-a-medida\" srcset=\"https:\/\/capsa2in1.com\/wp-content\/uploads\/2021\/07\/051_02-2.png 570w, https:\/\/capsa2in1.com\/wp-content\/uploads\/2021\/07\/051_02-2-300x256.png 300w\" sizes=\"(max-width: 570px) 100vw, 570px\" \/>\t\t\t\t\t\t\t\t\t\t\t\t\t\t\t<\/div>\n\t\t\t\t<\/div>\n\t\t\t\t<\/div>\n\t\t\t\t\t<\/div>\n\t\t\t\t<\/div>\n\t\t<div class=\"elementor-element elementor-element-6427d9c e-flex e-con-boxed e-con e-parent\" data-id=\"6427d9c\" data-element_type=\"container\">\n\t\t\t\t\t<div class=\"e-con-inner\">\n\t\t<div class=\"elementor-element elementor-element-394b44f e-con-full e-flex e-con e-child\" data-id=\"394b44f\" data-element_type=\"container\">\n\t\t\t\t<div class=\"elementor-element elementor-element-3f2b2cc elementor-widget elementor-widget-image\" data-id=\"3f2b2cc\" data-element_type=\"widget\" data-widget_type=\"image.default\">\n\t\t\t\t<div class=\"elementor-widget-container\">\n\t\t\t\t\t\t\t\t\t\t\t\t\t\t\t<img decoding=\"async\" width=\"540\" height=\"466\" src=\"https:\/\/capsa2in1.com\/wp-content\/uploads\/2021\/07\/P_037.png\" class=\"attachment-2048x2048 size-2048x2048 wp-image-19955\" alt=\"caja-cart\u00f3n-a-medida\" srcset=\"https:\/\/capsa2in1.com\/wp-content\/uploads\/2021\/07\/P_037.png 540w, https:\/\/capsa2in1.com\/wp-content\/uploads\/2021\/07\/P_037-300x259.png 300w\" sizes=\"(max-width: 540px) 100vw, 540px\" \/>\t\t\t\t\t\t\t\t\t\t\t\t\t\t\t<\/div>\n\t\t\t\t<\/div>\n\t\t\t\t<\/div>\n\t\t<div class=\"elementor-element elementor-element-d06a03a e-con-full e-flex e-con e-child\" data-id=\"d06a03a\" data-element_type=\"container\" data-settings=\"{&quot;background_background&quot;:&quot;classic&quot;}\">\n\t\t\t\t<div class=\"elementor-element elementor-element-56290cb elementor-widget elementor-widget-heading\" data-id=\"56290cb\" data-element_type=\"widget\" data-widget_type=\"heading.default\">\n\t\t\t\t<div class=\"elementor-widget-container\">\n\t\t\t\t\t<h3 class=\"elementor-heading-title elementor-size-default\">Bo\u00eetes pour l\u2019exp\u00e9dition de produits fragiles<\/h3>\t\t\t\t<\/div>\n\t\t\t\t<\/div>\n\t\t\t\t<div class=\"elementor-element elementor-element-87e5e41 elementor-widget-divider--view-line elementor-widget elementor-widget-divider\" data-id=\"87e5e41\" data-element_type=\"widget\" data-widget_type=\"divider.default\">\n\t\t\t\t<div class=\"elementor-widget-container\">\n\t\t\t\t\t\t\t<div class=\"elementor-divider\">\n\t\t\t<span class=\"elementor-divider-separator\">\n\t\t\t\t\t\t<\/span>\n\t\t<\/div>\n\t\t\t\t\t\t<\/div>\n\t\t\t\t<\/div>\n\t\t\t\t<div class=\"elementor-element elementor-element-eb7dc27 elementor-widget elementor-widget-text-editor\" data-id=\"eb7dc27\" data-element_type=\"widget\" data-widget_type=\"text-editor.default\">\n\t\t\t\t<div class=\"elementor-widget-container\">\n\t\t\t\t\t\t\t\t\t<p style=\"text-align: center;\">Conception d&#8217;emballage \u00e0 plaque carton de simple cannelure avec fermeture auto-adh\u00e9sive. La bo\u00eete contient des accessoires int\u00e9rieurs pour maintenir les produits d\u00e9licats emball\u00e9s et prot\u00e9g\u00e9s pendant leur transport.<\/p>\t\t\t\t\t\t\t\t<\/div>\n\t\t\t\t<\/div>\n\t\t\t\t<\/div>\n\t\t\t\t\t<\/div>\n\t\t\t\t<\/div>\n\t\t<div class=\"elementor-element elementor-element-4b4dfbd e-con-full e-flex e-con e-parent\" data-id=\"4b4dfbd\" data-element_type=\"container\" data-settings=\"{&quot;background_background&quot;:&quot;gradient&quot;}\">\n\t\t\t\t<div class=\"elementor-element elementor-element-74f8031 elementor-widget elementor-widget-heading\" data-id=\"74f8031\" data-element_type=\"widget\" data-widget_type=\"heading.default\">\n\t\t\t\t<div class=\"elementor-widget-container\">\n\t\t\t\t\t<h2 class=\"elementor-heading-title elementor-size-default\">Besoin d\u2019un emballage personnalis\u00e9 ?<\/h2>\t\t\t\t<\/div>\n\t\t\t\t<\/div>\n\t\t\t\t<div class=\"elementor-element elementor-element-b9570af elementor-widget elementor-widget-heading\" data-id=\"b9570af\" data-element_type=\"widget\" data-widget_type=\"heading.default\">\n\t\t\t\t<div class=\"elementor-widget-container\">\n\t\t\t\t\t<h3 class=\"elementor-heading-title elementor-size-default\">Nous sommes \u00e0 vos c\u00f4t\u00e9s pour cr\u00e9er l\u2019emballage id\u00e9al pour votre produit.<\/h3>\t\t\t\t<\/div>\n\t\t\t\t<\/div>\n\t\t\t\t<div class=\"elementor-element elementor-element-358567f elementor-align-center elementor-mobile-align-center elementor-widget elementor-widget-button\" data-id=\"358567f\" data-element_type=\"widget\" data-widget_type=\"button.default\">\n\t\t\t\t<div class=\"elementor-widget-container\">\n\t\t\t\t\t\t\t\t\t<div class=\"elementor-button-wrapper\">\n\t\t\t\t\t<a class=\"elementor-button elementor-button-link elementor-size-sm elementor-animation-float\" href=\"https:\/\/capsa2in1.com\/fr\/contact\/\">\n\t\t\t\t\t\t<span class=\"elementor-button-content-wrapper\">\n\t\t\t\t\t\t\t\t\t<span class=\"elementor-button-text\">DEMANDEZ VOTRE PROPOSITION PERSONNALIS\u00c9E<\/span>\n\t\t\t\t\t<\/span>\n\t\t\t\t\t<\/a>\n\t\t\t\t<\/div>\n\t\t\t\t\t\t\t\t<\/div>\n\t\t\t\t<\/div>\n\t\t\t\t<\/div>\n\t\t\t\t<\/div>\n\t\t","protected":false},"excerpt":{"rendered":"<p>Bo\u00eetes en carton sur mesure Nous cr\u00e9ons des formats uniques, ajust\u00e9s au millim\u00e8tre pr\u00e8s \u00e0 vos exigences, pour offrir s\u00e9curit\u00e9, fonctionnalit\u00e9, durabilit\u00e9 et une exp\u00e9rience d\u2019unboxing inoubliable. Lorsque vos besoins vont plus loin que les standards, nous concevons votre emballage sur mesure. Qu\u2019il s\u2019agisse d\u2019articles fragiles ou de formats sp\u00e9ciaux, nous mobilisons notre savoir-faire et [&hellip;]<\/p>\n","protected":false},"author":7,"featured_media":0,"parent":0,"menu_order":0,"comment_status":"closed","ping_status":"closed","template":"elementor_header_footer","meta":{"_acf_changed":false,"footnotes":""},"class_list":["post-20211","page","type-page","status-publish","hentry"],"acf":[],"yoast_head":"<!-- This site is optimized with the Yoast SEO plugin v27.5 - https:\/\/yoast.com\/product\/yoast-seo-wordpress\/ -->\n<title>Bo\u00eetes en carton sur mesure - CAPSA2in1\u00ae<\/title>\n<meta name=\"description\" content=\"D\u00e9couvrez les bo\u00eetes carton Capsa 2in1\u00ae : des formats con\u00e7us sur mesure, qui r\u00e9pondent \u00e0 vos besoins et offrent fonctionnalit\u00e9 et durabilit\u00e9.\" \/>\n<meta name=\"robots\" content=\"index, follow, max-snippet:-1, max-image-preview:large, max-video-preview:-1\" \/>\n<link rel=\"canonical\" href=\"https:\/\/capsa2in1.com\/fr\/caisses-sur-mesure-pour-votre-ecommerce\/\" \/>\n<meta property=\"og:locale\" content=\"fr_FR\" \/>\n<meta property=\"og:type\" content=\"article\" \/>\n<meta property=\"og:title\" content=\"Bo\u00eetes en carton sur mesure - CAPSA2in1\u00ae\" \/>\n<meta property=\"og:description\" content=\"D\u00e9couvrez les bo\u00eetes carton Capsa 2in1\u00ae : des formats con\u00e7us sur mesure, qui r\u00e9pondent \u00e0 vos besoins et offrent fonctionnalit\u00e9 et durabilit\u00e9.\" \/>\n<meta property=\"og:url\" content=\"https:\/\/capsa2in1.com\/fr\/caisses-sur-mesure-pour-votre-ecommerce\/\" \/>\n<meta property=\"og:site_name\" content=\"CAPSA2in1\u00ae\" \/>\n<meta property=\"article:modified_time\" content=\"2025-07-04T10:28:53+00:00\" \/>\n<meta property=\"og:image\" content=\"https:\/\/capsa2in1.com\/wp-content\/uploads\/2021\/07\/P_039-2.png\" \/>\n<meta name=\"twitter:card\" content=\"summary_large_image\" \/>\n<meta name=\"twitter:label1\" content=\"Dur\u00e9e de lecture estim\u00e9e\" \/>\n\t<meta name=\"twitter:data1\" content=\"2 minutes\" \/>\n<script type=\"application\/ld+json\" class=\"yoast-schema-graph\">{\"@context\":\"https:\\\/\\\/schema.org\",\"@graph\":[{\"@type\":\"WebPage\",\"@id\":\"https:\\\/\\\/capsa2in1.com\\\/fr\\\/caisses-sur-mesure-pour-votre-ecommerce\\\/\",\"url\":\"https:\\\/\\\/capsa2in1.com\\\/fr\\\/caisses-sur-mesure-pour-votre-ecommerce\\\/\",\"name\":\"Bo\u00eetes en carton sur mesure - CAPSA2in1\u00ae\",\"isPartOf\":{\"@id\":\"https:\\\/\\\/capsa2in1.com\\\/#website\"},\"primaryImageOfPage\":{\"@id\":\"https:\\\/\\\/capsa2in1.com\\\/fr\\\/caisses-sur-mesure-pour-votre-ecommerce\\\/#primaryimage\"},\"image\":{\"@id\":\"https:\\\/\\\/capsa2in1.com\\\/fr\\\/caisses-sur-mesure-pour-votre-ecommerce\\\/#primaryimage\"},\"thumbnailUrl\":\"https:\\\/\\\/capsa2in1.com\\\/wp-content\\\/uploads\\\/2021\\\/07\\\/P_039-2.png\",\"datePublished\":\"2021-07-26T15:14:30+00:00\",\"dateModified\":\"2025-07-04T10:28:53+00:00\",\"description\":\"D\u00e9couvrez les bo\u00eetes carton Capsa 2in1\u00ae : des formats con\u00e7us sur mesure, qui r\u00e9pondent \u00e0 vos besoins et offrent fonctionnalit\u00e9 et durabilit\u00e9.\",\"breadcrumb\":{\"@id\":\"https:\\\/\\\/capsa2in1.com\\\/fr\\\/caisses-sur-mesure-pour-votre-ecommerce\\\/#breadcrumb\"},\"inLanguage\":\"fr-FR\",\"potentialAction\":[{\"@type\":\"ReadAction\",\"target\":[\"https:\\\/\\\/capsa2in1.com\\\/fr\\\/caisses-sur-mesure-pour-votre-ecommerce\\\/\"]}]},{\"@type\":\"ImageObject\",\"inLanguage\":\"fr-FR\",\"@id\":\"https:\\\/\\\/capsa2in1.com\\\/fr\\\/caisses-sur-mesure-pour-votre-ecommerce\\\/#primaryimage\",\"url\":\"https:\\\/\\\/capsa2in1.com\\\/wp-content\\\/uploads\\\/2021\\\/07\\\/P_039-2.png\",\"contentUrl\":\"https:\\\/\\\/capsa2in1.com\\\/wp-content\\\/uploads\\\/2021\\\/07\\\/P_039-2.png\"},{\"@type\":\"BreadcrumbList\",\"@id\":\"https:\\\/\\\/capsa2in1.com\\\/fr\\\/caisses-sur-mesure-pour-votre-ecommerce\\\/#breadcrumb\",\"itemListElement\":[{\"@type\":\"ListItem\",\"position\":1,\"name\":\"Inicio\",\"item\":\"https:\\\/\\\/capsa2in1.com\\\/fr\\\/\"},{\"@type\":\"ListItem\",\"position\":2,\"name\":\"Bo\u00eetes en carton sur mesure\"}]},{\"@type\":\"WebSite\",\"@id\":\"https:\\\/\\\/capsa2in1.com\\\/#website\",\"url\":\"https:\\\/\\\/capsa2in1.com\\\/\",\"name\":\"CAPSA2in1\u00ae\",\"description\":\"Reusable packaging. Smarter, Greener Logistics!\",\"publisher\":{\"@id\":\"https:\\\/\\\/capsa2in1.com\\\/#organization\"},\"potentialAction\":[{\"@type\":\"SearchAction\",\"target\":{\"@type\":\"EntryPoint\",\"urlTemplate\":\"https:\\\/\\\/capsa2in1.com\\\/?s={search_term_string}\"},\"query-input\":{\"@type\":\"PropertyValueSpecification\",\"valueRequired\":true,\"valueName\":\"search_term_string\"}}],\"inLanguage\":\"fr-FR\"},{\"@type\":\"Organization\",\"@id\":\"https:\\\/\\\/capsa2in1.com\\\/#organization\",\"name\":\"CAPSA 2in1\",\"url\":\"https:\\\/\\\/capsa2in1.com\\\/\",\"logo\":{\"@type\":\"ImageObject\",\"inLanguage\":\"fr-FR\",\"@id\":\"https:\\\/\\\/capsa2in1.com\\\/#\\\/schema\\\/logo\\\/image\\\/\",\"url\":\"\",\"contentUrl\":\"\",\"caption\":\"CAPSA 2in1\"},\"image\":{\"@id\":\"https:\\\/\\\/capsa2in1.com\\\/#\\\/schema\\\/logo\\\/image\\\/\"}}]}<\/script>\n<!-- \/ Yoast SEO plugin. -->","yoast_head_json":{"title":"Bo\u00eetes en carton sur mesure - CAPSA2in1\u00ae","description":"D\u00e9couvrez les bo\u00eetes carton Capsa 2in1\u00ae : des formats con\u00e7us sur mesure, qui r\u00e9pondent \u00e0 vos besoins et offrent fonctionnalit\u00e9 et durabilit\u00e9.","robots":{"index":"index","follow":"follow","max-snippet":"max-snippet:-1","max-image-preview":"max-image-preview:large","max-video-preview":"max-video-preview:-1"},"canonical":"https:\/\/capsa2in1.com\/fr\/caisses-sur-mesure-pour-votre-ecommerce\/","og_locale":"fr_FR","og_type":"article","og_title":"Bo\u00eetes en carton sur mesure - CAPSA2in1\u00ae","og_description":"D\u00e9couvrez les bo\u00eetes carton Capsa 2in1\u00ae : des formats con\u00e7us sur mesure, qui r\u00e9pondent \u00e0 vos besoins et offrent fonctionnalit\u00e9 et durabilit\u00e9.","og_url":"https:\/\/capsa2in1.com\/fr\/caisses-sur-mesure-pour-votre-ecommerce\/","og_site_name":"CAPSA2in1\u00ae","article_modified_time":"2025-07-04T10:28:53+00:00","og_image":[{"url":"https:\/\/capsa2in1.com\/wp-content\/uploads\/2021\/07\/P_039-2.png","type":"","width":"","height":""}],"twitter_card":"summary_large_image","twitter_misc":{"Dur\u00e9e de lecture estim\u00e9e":"2 minutes"},"schema":{"@context":"https:\/\/schema.org","@graph":[{"@type":"WebPage","@id":"https:\/\/capsa2in1.com\/fr\/caisses-sur-mesure-pour-votre-ecommerce\/","url":"https:\/\/capsa2in1.com\/fr\/caisses-sur-mesure-pour-votre-ecommerce\/","name":"Bo\u00eetes en carton sur mesure - CAPSA2in1\u00ae","isPartOf":{"@id":"https:\/\/capsa2in1.com\/#website"},"primaryImageOfPage":{"@id":"https:\/\/capsa2in1.com\/fr\/caisses-sur-mesure-pour-votre-ecommerce\/#primaryimage"},"image":{"@id":"https:\/\/capsa2in1.com\/fr\/caisses-sur-mesure-pour-votre-ecommerce\/#primaryimage"},"thumbnailUrl":"https:\/\/capsa2in1.com\/wp-content\/uploads\/2021\/07\/P_039-2.png","datePublished":"2021-07-26T15:14:30+00:00","dateModified":"2025-07-04T10:28:53+00:00","description":"D\u00e9couvrez les bo\u00eetes carton Capsa 2in1\u00ae : des formats con\u00e7us sur mesure, qui r\u00e9pondent \u00e0 vos besoins et offrent fonctionnalit\u00e9 et durabilit\u00e9.","breadcrumb":{"@id":"https:\/\/capsa2in1.com\/fr\/caisses-sur-mesure-pour-votre-ecommerce\/#breadcrumb"},"inLanguage":"fr-FR","potentialAction":[{"@type":"ReadAction","target":["https:\/\/capsa2in1.com\/fr\/caisses-sur-mesure-pour-votre-ecommerce\/"]}]},{"@type":"ImageObject","inLanguage":"fr-FR","@id":"https:\/\/capsa2in1.com\/fr\/caisses-sur-mesure-pour-votre-ecommerce\/#primaryimage","url":"https:\/\/capsa2in1.com\/wp-content\/uploads\/2021\/07\/P_039-2.png","contentUrl":"https:\/\/capsa2in1.com\/wp-content\/uploads\/2021\/07\/P_039-2.png"},{"@type":"BreadcrumbList","@id":"https:\/\/capsa2in1.com\/fr\/caisses-sur-mesure-pour-votre-ecommerce\/#breadcrumb","itemListElement":[{"@type":"ListItem","position":1,"name":"Inicio","item":"https:\/\/capsa2in1.com\/fr\/"},{"@type":"ListItem","position":2,"name":"Bo\u00eetes en carton sur mesure"}]},{"@type":"WebSite","@id":"https:\/\/capsa2in1.com\/#website","url":"https:\/\/capsa2in1.com\/","name":"CAPSA2in1\u00ae","description":"Reusable packaging. Smarter, Greener Logistics!","publisher":{"@id":"https:\/\/capsa2in1.com\/#organization"},"potentialAction":[{"@type":"SearchAction","target":{"@type":"EntryPoint","urlTemplate":"https:\/\/capsa2in1.com\/?s={search_term_string}"},"query-input":{"@type":"PropertyValueSpecification","valueRequired":true,"valueName":"search_term_string"}}],"inLanguage":"fr-FR"},{"@type":"Organization","@id":"https:\/\/capsa2in1.com\/#organization","name":"CAPSA 2in1","url":"https:\/\/capsa2in1.com\/","logo":{"@type":"ImageObject","inLanguage":"fr-FR","@id":"https:\/\/capsa2in1.com\/#\/schema\/logo\/image\/","url":"","contentUrl":"","caption":"CAPSA 2in1"},"image":{"@id":"https:\/\/capsa2in1.com\/#\/schema\/logo\/image\/"}}]}},"_links":{"self":[{"href":"https:\/\/capsa2in1.com\/fr\/wp-json\/wp\/v2\/pages\/20211","targetHints":{"allow":["GET"]}}],"collection":[{"href":"https:\/\/capsa2in1.com\/fr\/wp-json\/wp\/v2\/pages"}],"about":[{"href":"https:\/\/capsa2in1.com\/fr\/wp-json\/wp\/v2\/types\/page"}],"author":[{"embeddable":true,"href":"https:\/\/capsa2in1.com\/fr\/wp-json\/wp\/v2\/users\/7"}],"replies":[{"embeddable":true,"href":"https:\/\/capsa2in1.com\/fr\/wp-json\/wp\/v2\/comments?post=20211"}],"version-history":[{"count":9,"href":"https:\/\/capsa2in1.com\/fr\/wp-json\/wp\/v2\/pages\/20211\/revisions"}],"predecessor-version":[{"id":31645,"href":"https:\/\/capsa2in1.com\/fr\/wp-json\/wp\/v2\/pages\/20211\/revisions\/31645"}],"wp:attachment":[{"href":"https:\/\/capsa2in1.com\/fr\/wp-json\/wp\/v2\/media?parent=20211"}],"curies":[{"name":"wp","href":"https:\/\/api.w.org\/{rel}","templated":true}]}}