{"id":19566,"date":"2021-06-17T12:02:56","date_gmt":"2021-06-17T12:02:56","guid":{"rendered":"https:\/\/capsa2in1.com\/brevets\/"},"modified":"2026-01-14T10:50:08","modified_gmt":"2026-01-14T10:50:08","slug":"brevets","status":"publish","type":"page","link":"https:\/\/capsa2in1.com\/fr\/brevets\/","title":{"rendered":"Brevets"},"content":{"rendered":"\t\t<div data-elementor-type=\"wp-page\" data-elementor-id=\"19566\" class=\"elementor elementor-19566 elementor-18630\" data-elementor-post-type=\"page\">\n\t\t\t\t\t\t<section class=\"elementor-section elementor-top-section elementor-element elementor-element-5f503db elementor-section-boxed elementor-section-height-default elementor-section-height-default\" data-id=\"5f503db\" data-element_type=\"section\" data-settings=\"{&quot;background_background&quot;:&quot;classic&quot;}\">\n\t\t\t\t\t\t<div class=\"elementor-container elementor-column-gap-default\">\n\t\t\t\t\t<div class=\"elementor-column elementor-col-100 elementor-top-column elementor-element elementor-element-66510de\" data-id=\"66510de\" data-element_type=\"column\">\n\t\t\t<div class=\"elementor-widget-wrap elementor-element-populated\">\n\t\t\t\t\t\t<div class=\"elementor-element elementor-element-f102759 elementor-widget elementor-widget-heading\" data-id=\"f102759\" data-element_type=\"widget\" data-widget_type=\"heading.default\">\n\t\t\t\t<div class=\"elementor-widget-container\">\n\t\t\t\t\t<h2 class=\"elementor-heading-title elementor-size-default\">Brevets<\/h2>\t\t\t\t<\/div>\n\t\t\t\t<\/div>\n\t\t\t\t<div class=\"elementor-element elementor-element-817dca2 elementor-widget elementor-widget-heading\" data-id=\"817dca2\" data-element_type=\"widget\" data-widget_type=\"heading.default\">\n\t\t\t\t<div class=\"elementor-widget-container\">\n\t\t\t\t\t<h3 class=\"elementor-heading-title elementor-size-default\">+90 brevets | 20 pays<\/h3>\t\t\t\t<\/div>\n\t\t\t\t<\/div>\n\t\t\t\t<section class=\"elementor-section elementor-inner-section elementor-element elementor-element-3762b68 elementor-section-boxed elementor-section-height-default elementor-section-height-default\" data-id=\"3762b68\" data-element_type=\"section\">\n\t\t\t\t\t\t<div class=\"elementor-container elementor-column-gap-default\">\n\t\t\t\t\t<div class=\"elementor-column elementor-col-50 elementor-inner-column elementor-element elementor-element-7b7bd19\" data-id=\"7b7bd19\" data-element_type=\"column\">\n\t\t\t<div class=\"elementor-widget-wrap elementor-element-populated\">\n\t\t\t\t\t\t<div class=\"elementor-element elementor-element-8cc07d8 elementor-widget elementor-widget-text-editor\" data-id=\"8cc07d8\" data-element_type=\"widget\" data-widget_type=\"text-editor.default\">\n\t\t\t\t<div class=\"elementor-widget-container\">\n\t\t\t\t\t\t\t\t\t<p><strong>Nous partageons notre technologie avec le monde <\/strong>: notre engagement en faveur de l\u2019innovation est soutenu par plus de <strong>90 brevets enregistr\u00e9s dans 20 pays<\/strong>. Ces brevets constituent un outil essentiel pour prot\u00e9ger le fruit de nombreuses ann\u00e9es de recherche et d\u00e9veloppement. <\/p><p><strong>Nous avons r\u00e9invent\u00e9 la bo\u00eete en carton afin d\u2019en maximiser la fonctionnalit\u00e9.<\/strong> Il en r\u00e9sulte des processus logistiques plus efficaces, plus durables et \u00e0 impact environnemental r\u00e9duit, gr\u00e2ce \u00e0 un <strong>design r\u00e9utilisable<\/strong> qui diminue l\u2019empreinte carbone.<br><br> <\/p>\t\t\t\t\t\t\t\t<\/div>\n\t\t\t\t<\/div>\n\t\t\t\t\t<\/div>\n\t\t<\/div>\n\t\t\t\t<div class=\"elementor-column elementor-col-50 elementor-inner-column elementor-element elementor-element-3792ab8\" data-id=\"3792ab8\" data-element_type=\"column\">\n\t\t\t<div class=\"elementor-widget-wrap elementor-element-populated\">\n\t\t\t\t\t\t<div class=\"elementor-element elementor-element-08aef76 elementor-widget elementor-widget-text-editor\" data-id=\"08aef76\" data-element_type=\"widget\" data-widget_type=\"text-editor.default\">\n\t\t\t\t<div class=\"elementor-widget-container\">\n\t\t\t\t\t\t\t\t\t<p>Gr\u00e2ce \u00e0 notre <b>Programme de licences Capsa<\/b>, nous mettons cette innovation \u00e0 la disposition des fabricants de carton ondul\u00e9 afin qu\u2019ils enrichissent leur catalogue, tandis que les marques peuvent continuer \u00e0 travailler avec leurs fournisseurs de confiance en demandant la fabrication de nos bo\u00eetes sous licence.<br><br> <\/p><p>Ce mod\u00e8le de production locale des bo\u00eetes <b>Capsa 2in1\u00ae<\/b> nous permet de promouvoir l\u2019\u00e9conomie circulaire et de garantir un approvisionnement durable partout dans le monde.<br><br><\/p>\t\t\t\t\t\t\t\t<\/div>\n\t\t\t\t<\/div>\n\t\t\t\t\t<\/div>\n\t\t<\/div>\n\t\t\t\t\t<\/div>\n\t\t<\/section>\n\t\t\t\t\t<\/div>\n\t\t<\/div>\n\t\t\t\t\t<\/div>\n\t\t<\/section>\n\t\t\t\t<section class=\"elementor-section elementor-top-section elementor-element elementor-element-2dbe2c3 elementor-section-boxed elementor-section-height-default elementor-section-height-default\" data-id=\"2dbe2c3\" data-element_type=\"section\">\n\t\t\t\t\t\t<div class=\"elementor-container elementor-column-gap-default\">\n\t\t\t\t\t<div class=\"elementor-column elementor-col-100 elementor-top-column elementor-element elementor-element-f1a66ee\" data-id=\"f1a66ee\" data-element_type=\"column\">\n\t\t\t<div class=\"elementor-widget-wrap elementor-element-populated\">\n\t\t\t\t\t\t<div class=\"elementor-element elementor-element-6b7b596 elementor-widget elementor-widget-image\" data-id=\"6b7b596\" data-element_type=\"widget\" data-widget_type=\"image.default\">\n\t\t\t\t<div class=\"elementor-widget-container\">\n\t\t\t\t\t\t\t\t\t\t\t\t\t\t\t<img fetchpriority=\"high\" decoding=\"async\" width=\"800\" height=\"444\" src=\"https:\/\/capsa2in1.com\/wp-content\/uploads\/2021\/03\/ESP-MAPA-LICENSING-HOME-new-1.png\" class=\"attachment-large size-large wp-image-17379\" alt=\"Programa de Licensing\" srcset=\"https:\/\/capsa2in1.com\/wp-content\/uploads\/2021\/03\/ESP-MAPA-LICENSING-HOME-new-1.png 1024w, https:\/\/capsa2in1.com\/wp-content\/uploads\/2021\/03\/ESP-MAPA-LICENSING-HOME-new-1-300x166.png 300w, https:\/\/capsa2in1.com\/wp-content\/uploads\/2021\/03\/ESP-MAPA-LICENSING-HOME-new-1-768x426.png 768w, https:\/\/capsa2in1.com\/wp-content\/uploads\/2021\/03\/ESP-MAPA-LICENSING-HOME-new-1-600x333.png 600w\" sizes=\"(max-width: 800px) 100vw, 800px\" \/>\t\t\t\t\t\t\t\t\t\t\t\t\t\t\t<\/div>\n\t\t\t\t<\/div>\n\t\t\t\t<div class=\"elementor-element elementor-element-58ac099 elementor-align-center elementor-widget elementor-widget-button\" data-id=\"58ac099\" data-element_type=\"widget\" data-widget_type=\"button.default\">\n\t\t\t\t<div class=\"elementor-widget-container\">\n\t\t\t\t\t\t\t\t\t<div class=\"elementor-button-wrapper\">\n\t\t\t\t\t<a class=\"elementor-button elementor-button-link elementor-size-sm\" href=\"https:\/\/capsa2in1.com\/wp-content\/uploads\/2025\/11\/PATENT_PORTFOLIO_BAJA.pdf\" target=\"_blank\">\n\t\t\t\t\t\t<span class=\"elementor-button-content-wrapper\">\n\t\t\t\t\t\t\t\t\t<span class=\"elementor-button-text\">IP PORTFOLIO<\/span>\n\t\t\t\t\t<\/span>\n\t\t\t\t\t<\/a>\n\t\t\t\t<\/div>\n\t\t\t\t\t\t\t\t<\/div>\n\t\t\t\t<\/div>\n\t\t\t\t<div class=\"elementor-element elementor-element-0117d13 elementor-widget elementor-widget-spacer\" data-id=\"0117d13\" data-element_type=\"widget\" data-widget_type=\"spacer.default\">\n\t\t\t\t<div class=\"elementor-widget-container\">\n\t\t\t\t\t\t\t<div class=\"elementor-spacer\">\n\t\t\t<div class=\"elementor-spacer-inner\"><\/div>\n\t\t<\/div>\n\t\t\t\t\t\t<\/div>\n\t\t\t\t<\/div>\n\t\t\t\t\t<\/div>\n\t\t<\/div>\n\t\t\t\t\t<\/div>\n\t\t<\/section>\n\t\t\t\t<section class=\"elementor-section elementor-top-section elementor-element elementor-element-76b8a90 elementor-section-boxed elementor-section-height-default elementor-section-height-default\" data-id=\"76b8a90\" data-element_type=\"section\" data-settings=\"{&quot;background_background&quot;:&quot;classic&quot;}\">\n\t\t\t\t\t\t<div class=\"elementor-container elementor-column-gap-default\">\n\t\t\t\t\t<div class=\"elementor-column elementor-col-50 elementor-top-column elementor-element elementor-element-168beeb\" data-id=\"168beeb\" data-element_type=\"column\" data-settings=\"{&quot;background_background&quot;:&quot;classic&quot;}\">\n\t\t\t<div class=\"elementor-widget-wrap elementor-element-populated\">\n\t\t\t\t\t\t<div class=\"elementor-element elementor-element-4827505 elementor-widget elementor-widget-heading\" data-id=\"4827505\" data-element_type=\"widget\" data-widget_type=\"heading.default\">\n\t\t\t\t<div class=\"elementor-widget-container\">\n\t\t\t\t\t<h4 class=\"elementor-heading-title elementor-size-default\">Si vous avez un brevet ou une innovation qui peut nous int\u00e9resser selon vous...<\/h4>\t\t\t\t<\/div>\n\t\t\t\t<\/div>\n\t\t\t\t\t<\/div>\n\t\t<\/div>\n\t\t\t\t<div class=\"elementor-column elementor-col-50 elementor-top-column elementor-element elementor-element-7c63d04\" data-id=\"7c63d04\" data-element_type=\"column\" data-settings=\"{&quot;background_background&quot;:&quot;classic&quot;}\">\n\t\t\t<div class=\"elementor-widget-wrap elementor-element-populated\">\n\t\t\t\t\t\t<div class=\"elementor-element elementor-element-36170c0 elementor-widget elementor-widget-heading\" data-id=\"36170c0\" data-element_type=\"widget\" data-widget_type=\"heading.default\">\n\t\t\t\t<div class=\"elementor-widget-container\">\n\t\t\t\t\t<h4 class=\"elementor-heading-title elementor-size-default\">Si vous \u00eates fabricant de bo\u00eetes\nen carton et souhaitez obtenir\nune licence...<\/h4>\t\t\t\t<\/div>\n\t\t\t\t<\/div>\n\t\t\t\t\t<\/div>\n\t\t<\/div>\n\t\t\t\t\t<\/div>\n\t\t<\/section>\n\t\t\t\t<section class=\"elementor-section elementor-top-section elementor-element elementor-element-9d9f78b elementor-section-boxed elementor-section-height-default elementor-section-height-default\" data-id=\"9d9f78b\" data-element_type=\"section\">\n\t\t\t\t\t\t<div class=\"elementor-container elementor-column-gap-default\">\n\t\t\t\t\t<div class=\"elementor-column elementor-col-100 elementor-top-column elementor-element elementor-element-26420c9\" data-id=\"26420c9\" data-element_type=\"column\">\n\t\t\t<div class=\"elementor-widget-wrap elementor-element-populated\">\n\t\t\t\t\t\t<div class=\"elementor-element elementor-element-aecb8a2 elementor-align-center elementor-widget elementor-widget-button\" data-id=\"aecb8a2\" data-element_type=\"widget\" data-widget_type=\"button.default\">\n\t\t\t\t<div class=\"elementor-widget-container\">\n\t\t\t\t\t\t\t\t\t<div class=\"elementor-button-wrapper\">\n\t\t\t\t\t<a class=\"elementor-button elementor-button-link elementor-size-sm\" href=\"https:\/\/capsa2in1.com\/fr\/contact\/\">\n\t\t\t\t\t\t<span class=\"elementor-button-content-wrapper\">\n\t\t\t\t\t\t\t\t\t<span class=\"elementor-button-text\">Contactez-nous<\/span>\n\t\t\t\t\t<\/span>\n\t\t\t\t\t<\/a>\n\t\t\t\t<\/div>\n\t\t\t\t\t\t\t\t<\/div>\n\t\t\t\t<\/div>\n\t\t\t\t<div class=\"elementor-element elementor-element-b8fc6c6 elementor-widget elementor-widget-spacer\" data-id=\"b8fc6c6\" data-element_type=\"widget\" data-widget_type=\"spacer.default\">\n\t\t\t\t<div class=\"elementor-widget-container\">\n\t\t\t\t\t\t\t<div class=\"elementor-spacer\">\n\t\t\t<div class=\"elementor-spacer-inner\"><\/div>\n\t\t<\/div>\n\t\t\t\t\t\t<\/div>\n\t\t\t\t<\/div>\n\t\t\t\t<div class=\"elementor-element elementor-element-23d8326 elementor-widget elementor-widget-text-editor\" data-id=\"23d8326\" data-element_type=\"widget\" data-widget_type=\"text-editor.default\">\n\t\t\t\t<div class=\"elementor-widget-container\">\n\t\t\t\t\t\t\t\t\t<p>Toute fabrication ou commercialisation sans l\u2019autorisation d\u2019EMBALAJES CAPSA S.L. est strictement interdite.<\/p>\t\t\t\t\t\t\t\t<\/div>\n\t\t\t\t<\/div>\n\t\t\t\t\t<\/div>\n\t\t<\/div>\n\t\t\t\t\t<\/div>\n\t\t<\/section>\n\t\t\t\t<\/div>\n\t\t","protected":false},"excerpt":{"rendered":"<p>Brevets +90 brevets | 20 pays Nous partageons notre technologie avec le monde : notre engagement en faveur de l\u2019innovation est soutenu par plus de 90 brevets enregistr\u00e9s dans 20 pays. Ces brevets constituent un outil essentiel pour prot\u00e9ger le fruit de nombreuses ann\u00e9es de recherche et d\u00e9veloppement. Nous avons r\u00e9invent\u00e9 la bo\u00eete en carton [&hellip;]<\/p>\n","protected":false},"author":7,"featured_media":0,"parent":0,"menu_order":0,"comment_status":"closed","ping_status":"closed","template":"elementor_header_footer","meta":{"_acf_changed":false,"footnotes":""},"class_list":["post-19566","page","type-page","status-publish","hentry"],"acf":[],"yoast_head":"<!-- This site is optimized with the Yoast SEO plugin v27.5 - https:\/\/yoast.com\/product\/yoast-seo-wordpress\/ -->\n<title>Brevets - CAPSA2in1\u00ae<\/title>\n<meta name=\"description\" content=\"Capsa d\u00e9tient 90 brevets dans 20 pays : une technologie de pointe dans les caisses en carton, avec des licences disponibles pour les entreprises du monde entier.\" \/>\n<meta name=\"robots\" content=\"index, follow, max-snippet:-1, max-image-preview:large, max-video-preview:-1\" \/>\n<link rel=\"canonical\" href=\"https:\/\/capsa2in1.com\/fr\/brevets\/\" \/>\n<meta property=\"og:locale\" content=\"fr_FR\" \/>\n<meta property=\"og:type\" content=\"article\" \/>\n<meta property=\"og:title\" content=\"Brevets - CAPSA2in1\u00ae\" \/>\n<meta property=\"og:description\" content=\"Capsa d\u00e9tient 90 brevets dans 20 pays : une technologie de pointe dans les caisses en carton, avec des licences disponibles pour les entreprises du monde entier.\" \/>\n<meta property=\"og:url\" content=\"https:\/\/capsa2in1.com\/fr\/brevets\/\" \/>\n<meta property=\"og:site_name\" content=\"CAPSA2in1\u00ae\" \/>\n<meta property=\"article:modified_time\" content=\"2026-01-14T10:50:08+00:00\" \/>\n<meta property=\"og:image\" content=\"https:\/\/capsa2in1.com\/wp-content\/uploads\/2021\/03\/ESP-MAPA-LICENSING-HOME-new-1.png\" \/>\n\t<meta property=\"og:image:width\" content=\"1024\" \/>\n\t<meta property=\"og:image:height\" content=\"568\" \/>\n\t<meta property=\"og:image:type\" content=\"image\/png\" \/>\n<meta name=\"twitter:card\" content=\"summary_large_image\" \/>\n<meta name=\"twitter:label1\" content=\"Dur\u00e9e de lecture estim\u00e9e\" \/>\n\t<meta name=\"twitter:data1\" content=\"2 minutes\" \/>\n<script type=\"application\/ld+json\" class=\"yoast-schema-graph\">{\"@context\":\"https:\\\/\\\/schema.org\",\"@graph\":[{\"@type\":\"WebPage\",\"@id\":\"https:\\\/\\\/capsa2in1.com\\\/fr\\\/brevets\\\/\",\"url\":\"https:\\\/\\\/capsa2in1.com\\\/fr\\\/brevets\\\/\",\"name\":\"Brevets - CAPSA2in1\u00ae\",\"isPartOf\":{\"@id\":\"https:\\\/\\\/capsa2in1.com\\\/#website\"},\"primaryImageOfPage\":{\"@id\":\"https:\\\/\\\/capsa2in1.com\\\/fr\\\/brevets\\\/#primaryimage\"},\"image\":{\"@id\":\"https:\\\/\\\/capsa2in1.com\\\/fr\\\/brevets\\\/#primaryimage\"},\"thumbnailUrl\":\"https:\\\/\\\/capsa2in1.com\\\/wp-content\\\/uploads\\\/2021\\\/03\\\/ESP-MAPA-LICENSING-HOME-new-1.png\",\"datePublished\":\"2021-06-17T12:02:56+00:00\",\"dateModified\":\"2026-01-14T10:50:08+00:00\",\"description\":\"Capsa d\u00e9tient 90 brevets dans 20 pays : une technologie de pointe dans les caisses en carton, avec des licences disponibles pour les entreprises du monde entier.\",\"breadcrumb\":{\"@id\":\"https:\\\/\\\/capsa2in1.com\\\/fr\\\/brevets\\\/#breadcrumb\"},\"inLanguage\":\"fr-FR\",\"potentialAction\":[{\"@type\":\"ReadAction\",\"target\":[\"https:\\\/\\\/capsa2in1.com\\\/fr\\\/brevets\\\/\"]}]},{\"@type\":\"ImageObject\",\"inLanguage\":\"fr-FR\",\"@id\":\"https:\\\/\\\/capsa2in1.com\\\/fr\\\/brevets\\\/#primaryimage\",\"url\":\"https:\\\/\\\/capsa2in1.com\\\/wp-content\\\/uploads\\\/2021\\\/03\\\/ESP-MAPA-LICENSING-HOME-new-1.png\",\"contentUrl\":\"https:\\\/\\\/capsa2in1.com\\\/wp-content\\\/uploads\\\/2021\\\/03\\\/ESP-MAPA-LICENSING-HOME-new-1.png\"},{\"@type\":\"BreadcrumbList\",\"@id\":\"https:\\\/\\\/capsa2in1.com\\\/fr\\\/brevets\\\/#breadcrumb\",\"itemListElement\":[{\"@type\":\"ListItem\",\"position\":1,\"name\":\"Inicio\",\"item\":\"https:\\\/\\\/capsa2in1.com\\\/fr\\\/\"},{\"@type\":\"ListItem\",\"position\":2,\"name\":\"Brevets\"}]},{\"@type\":\"WebSite\",\"@id\":\"https:\\\/\\\/capsa2in1.com\\\/#website\",\"url\":\"https:\\\/\\\/capsa2in1.com\\\/\",\"name\":\"CAPSA2in1\u00ae\",\"description\":\"Reusable packaging. Smarter, Greener Logistics!\",\"publisher\":{\"@id\":\"https:\\\/\\\/capsa2in1.com\\\/#organization\"},\"potentialAction\":[{\"@type\":\"SearchAction\",\"target\":{\"@type\":\"EntryPoint\",\"urlTemplate\":\"https:\\\/\\\/capsa2in1.com\\\/?s={search_term_string}\"},\"query-input\":{\"@type\":\"PropertyValueSpecification\",\"valueRequired\":true,\"valueName\":\"search_term_string\"}}],\"inLanguage\":\"fr-FR\"},{\"@type\":\"Organization\",\"@id\":\"https:\\\/\\\/capsa2in1.com\\\/#organization\",\"name\":\"CAPSA 2in1\",\"url\":\"https:\\\/\\\/capsa2in1.com\\\/\",\"logo\":{\"@type\":\"ImageObject\",\"inLanguage\":\"fr-FR\",\"@id\":\"https:\\\/\\\/capsa2in1.com\\\/#\\\/schema\\\/logo\\\/image\\\/\",\"url\":\"\",\"contentUrl\":\"\",\"caption\":\"CAPSA 2in1\"},\"image\":{\"@id\":\"https:\\\/\\\/capsa2in1.com\\\/#\\\/schema\\\/logo\\\/image\\\/\"}}]}<\/script>\n<!-- \/ Yoast SEO plugin. -->","yoast_head_json":{"title":"Brevets - CAPSA2in1\u00ae","description":"Capsa d\u00e9tient 90 brevets dans 20 pays : une technologie de pointe dans les caisses en carton, avec des licences disponibles pour les entreprises du monde entier.","robots":{"index":"index","follow":"follow","max-snippet":"max-snippet:-1","max-image-preview":"max-image-preview:large","max-video-preview":"max-video-preview:-1"},"canonical":"https:\/\/capsa2in1.com\/fr\/brevets\/","og_locale":"fr_FR","og_type":"article","og_title":"Brevets - CAPSA2in1\u00ae","og_description":"Capsa d\u00e9tient 90 brevets dans 20 pays : une technologie de pointe dans les caisses en carton, avec des licences disponibles pour les entreprises du monde entier.","og_url":"https:\/\/capsa2in1.com\/fr\/brevets\/","og_site_name":"CAPSA2in1\u00ae","article_modified_time":"2026-01-14T10:50:08+00:00","og_image":[{"width":1024,"height":568,"url":"https:\/\/capsa2in1.com\/wp-content\/uploads\/2021\/03\/ESP-MAPA-LICENSING-HOME-new-1.png","type":"image\/png"}],"twitter_card":"summary_large_image","twitter_misc":{"Dur\u00e9e de lecture estim\u00e9e":"2 minutes"},"schema":{"@context":"https:\/\/schema.org","@graph":[{"@type":"WebPage","@id":"https:\/\/capsa2in1.com\/fr\/brevets\/","url":"https:\/\/capsa2in1.com\/fr\/brevets\/","name":"Brevets - CAPSA2in1\u00ae","isPartOf":{"@id":"https:\/\/capsa2in1.com\/#website"},"primaryImageOfPage":{"@id":"https:\/\/capsa2in1.com\/fr\/brevets\/#primaryimage"},"image":{"@id":"https:\/\/capsa2in1.com\/fr\/brevets\/#primaryimage"},"thumbnailUrl":"https:\/\/capsa2in1.com\/wp-content\/uploads\/2021\/03\/ESP-MAPA-LICENSING-HOME-new-1.png","datePublished":"2021-06-17T12:02:56+00:00","dateModified":"2026-01-14T10:50:08+00:00","description":"Capsa d\u00e9tient 90 brevets dans 20 pays : une technologie de pointe dans les caisses en carton, avec des licences disponibles pour les entreprises du monde entier.","breadcrumb":{"@id":"https:\/\/capsa2in1.com\/fr\/brevets\/#breadcrumb"},"inLanguage":"fr-FR","potentialAction":[{"@type":"ReadAction","target":["https:\/\/capsa2in1.com\/fr\/brevets\/"]}]},{"@type":"ImageObject","inLanguage":"fr-FR","@id":"https:\/\/capsa2in1.com\/fr\/brevets\/#primaryimage","url":"https:\/\/capsa2in1.com\/wp-content\/uploads\/2021\/03\/ESP-MAPA-LICENSING-HOME-new-1.png","contentUrl":"https:\/\/capsa2in1.com\/wp-content\/uploads\/2021\/03\/ESP-MAPA-LICENSING-HOME-new-1.png"},{"@type":"BreadcrumbList","@id":"https:\/\/capsa2in1.com\/fr\/brevets\/#breadcrumb","itemListElement":[{"@type":"ListItem","position":1,"name":"Inicio","item":"https:\/\/capsa2in1.com\/fr\/"},{"@type":"ListItem","position":2,"name":"Brevets"}]},{"@type":"WebSite","@id":"https:\/\/capsa2in1.com\/#website","url":"https:\/\/capsa2in1.com\/","name":"CAPSA2in1\u00ae","description":"Reusable packaging. Smarter, Greener Logistics!","publisher":{"@id":"https:\/\/capsa2in1.com\/#organization"},"potentialAction":[{"@type":"SearchAction","target":{"@type":"EntryPoint","urlTemplate":"https:\/\/capsa2in1.com\/?s={search_term_string}"},"query-input":{"@type":"PropertyValueSpecification","valueRequired":true,"valueName":"search_term_string"}}],"inLanguage":"fr-FR"},{"@type":"Organization","@id":"https:\/\/capsa2in1.com\/#organization","name":"CAPSA 2in1","url":"https:\/\/capsa2in1.com\/","logo":{"@type":"ImageObject","inLanguage":"fr-FR","@id":"https:\/\/capsa2in1.com\/#\/schema\/logo\/image\/","url":"","contentUrl":"","caption":"CAPSA 2in1"},"image":{"@id":"https:\/\/capsa2in1.com\/#\/schema\/logo\/image\/"}}]}},"_links":{"self":[{"href":"https:\/\/capsa2in1.com\/fr\/wp-json\/wp\/v2\/pages\/19566","targetHints":{"allow":["GET"]}}],"collection":[{"href":"https:\/\/capsa2in1.com\/fr\/wp-json\/wp\/v2\/pages"}],"about":[{"href":"https:\/\/capsa2in1.com\/fr\/wp-json\/wp\/v2\/types\/page"}],"author":[{"embeddable":true,"href":"https:\/\/capsa2in1.com\/fr\/wp-json\/wp\/v2\/users\/7"}],"replies":[{"embeddable":true,"href":"https:\/\/capsa2in1.com\/fr\/wp-json\/wp\/v2\/comments?post=19566"}],"version-history":[{"count":17,"href":"https:\/\/capsa2in1.com\/fr\/wp-json\/wp\/v2\/pages\/19566\/revisions"}],"predecessor-version":[{"id":32062,"href":"https:\/\/capsa2in1.com\/fr\/wp-json\/wp\/v2\/pages\/19566\/revisions\/32062"}],"wp:attachment":[{"href":"https:\/\/capsa2in1.com\/fr\/wp-json\/wp\/v2\/media?parent=19566"}],"curies":[{"name":"wp","href":"https:\/\/api.w.org\/{rel}","templated":true}]}}