{"id":19561,"date":"2021-06-17T11:50:21","date_gmt":"2021-06-17T11:50:21","guid":{"rendered":"https:\/\/capsa2in1.com\/solutions-e-business\/"},"modified":"2021-06-17T11:50:22","modified_gmt":"2021-06-17T11:50:22","slug":"solutions-e-business","status":"publish","type":"page","link":"https:\/\/capsa2in1.com\/fr\/solutions-e-business\/","title":{"rendered":"Solutions e-Business"},"content":{"rendered":"\t\t<div data-elementor-type=\"wp-page\" data-elementor-id=\"19561\" class=\"elementor elementor-19561 elementor-18444\" data-elementor-post-type=\"page\">\n\t\t\t\t\t\t<section class=\"elementor-section elementor-top-section elementor-element elementor-element-2201052 elementor-section-boxed elementor-section-height-default elementor-section-height-default\" data-id=\"2201052\" data-element_type=\"section\">\n\t\t\t\t\t\t<div class=\"elementor-container elementor-column-gap-default\">\n\t\t\t\t\t<div class=\"elementor-column elementor-col-100 elementor-top-column elementor-element elementor-element-bdaf547\" data-id=\"bdaf547\" data-element_type=\"column\">\n\t\t\t<div class=\"elementor-widget-wrap elementor-element-populated\">\n\t\t\t\t\t\t<div class=\"elementor-element elementor-element-ac7a112 elementor-widget elementor-widget-heading\" data-id=\"ac7a112\" data-element_type=\"widget\" data-widget_type=\"heading.default\">\n\t\t\t\t<div class=\"elementor-widget-container\">\n\t\t\t\t\t<h2 class=\"elementor-heading-title elementor-size-default\">Solutions e-Business<\/h2>\t\t\t\t<\/div>\n\t\t\t\t<\/div>\n\t\t\t\t<div class=\"elementor-element elementor-element-38d116c elementor-widget elementor-widget-heading\" data-id=\"38d116c\" data-element_type=\"widget\" data-widget_type=\"heading.default\">\n\t\t\t\t<div class=\"elementor-widget-container\">\n\t\t\t\t\t<h3 class=\"elementor-heading-title elementor-size-default\">Avec Capsa\u00ae, tout est plus facile !<\/h3>\t\t\t\t<\/div>\n\t\t\t\t<\/div>\n\t\t\t\t<div class=\"elementor-element elementor-element-a373000 elementor-widget elementor-widget-text-editor\" data-id=\"a373000\" data-element_type=\"widget\" data-widget_type=\"text-editor.default\">\n\t\t\t\t<div class=\"elementor-widget-container\">\n\t\t\t\t\t\t\t\t\t<p><strong>Gr\u00e2ce \u00e0 nos solutions e commerce, votre entreprise aura toujours acc\u00e8s \u00e0 toutes les informations relatives \u00e0 votre compte.<\/strong><\/p>\n\t\t\t\t\t\t\t\t<\/div>\n\t\t\t\t<\/div>\n\t\t\t\t\t<\/div>\n\t\t<\/div>\n\t\t\t\t\t<\/div>\n\t\t<\/section>\n\t\t\t\t<section class=\"elementor-section elementor-top-section elementor-element elementor-element-ed88dab elementor-section-boxed elementor-section-height-default elementor-section-height-default\" data-id=\"ed88dab\" data-element_type=\"section\">\n\t\t\t\t\t\t<div class=\"elementor-container elementor-column-gap-default\">\n\t\t\t\t\t<div class=\"elementor-column elementor-col-100 elementor-top-column elementor-element elementor-element-4491861\" data-id=\"4491861\" data-element_type=\"column\">\n\t\t\t<div class=\"elementor-widget-wrap elementor-element-populated\">\n\t\t\t\t\t\t<div class=\"elementor-element elementor-element-0663935 elementor-widget elementor-widget-text-editor\" data-id=\"0663935\" data-element_type=\"widget\" data-widget_type=\"text-editor.default\">\n\t\t\t\t<div class=\"elementor-widget-container\">\n\t\t\t\t\t\t\t\t\t<p>Vous pourrez consulter vos articles personnalis\u00e9s avec votre logo, ainsi que les produits fabriqu\u00e9s avec des mesures sp\u00e9ciales. Nous vous proposons diff\u00e9rentes solutions E-business parmi lesquelles nous soulignons :<\/p>\n\t\t\t\t\t\t\t\t<\/div>\n\t\t\t\t<\/div>\n\t\t\t\t\t<\/div>\n\t\t<\/div>\n\t\t\t\t\t<\/div>\n\t\t<\/section>\n\t\t\t\t<section class=\"elementor-section elementor-top-section elementor-element elementor-element-5fdc24c elementor-section-boxed elementor-section-height-default elementor-section-height-default\" data-id=\"5fdc24c\" data-element_type=\"section\">\n\t\t\t\t\t\t<div class=\"elementor-container elementor-column-gap-default\">\n\t\t\t\t\t<div class=\"elementor-column elementor-col-50 elementor-top-column elementor-element elementor-element-d3a6025\" data-id=\"d3a6025\" data-element_type=\"column\">\n\t\t\t<div class=\"elementor-widget-wrap elementor-element-populated\">\n\t\t\t\t\t\t<div class=\"elementor-element elementor-element-1cb6be8 elementor-widget elementor-widget-text-editor\" data-id=\"1cb6be8\" data-element_type=\"widget\" data-widget_type=\"text-editor.default\">\n\t\t\t\t<div class=\"elementor-widget-container\">\n\t\t\t\t\t\t\t\t\t<p><strong>Cr\u00e9ez une liste de vos produits pr\u00e9f\u00e9r\u00e9s<\/strong><\/p>\n<p>C&rsquo;est un moyen rapide d&rsquo;ajouter les produits que vous achetez habituellement \u00e0 votre panier. Cette fa\u00e7on de passer des commandes ne peut \u00eatre utilis\u00e9e que si vous avez un compte Capsa\u00ae. Une fois que vous vous \u00eates connect\u00e9 avec votre nom d&rsquo;utilisateur et votre mot de passe, pour cr\u00e9er votre liste, il vous suffit de s\u00e9lectionner les produits qui vous int\u00e9ressent et de cliquer sur l&rsquo;ic\u00f4ne c\u0153ur qui se trouve sur le c\u00f4t\u00e9 gauche de la table de r\u00e9f\u00e9rence. De cette mani\u00e8re, vous pourrez visualiser la r\u00e9f\u00e9rence choisie dans l&rsquo;option \u00ab\u00a0MES PRODUITS &#8211; Mes favoris\u00a0\u00bb de votre menu utilisateur. Vous pouvez ajouter un ou plusieurs produits favoris \u00e0 votre panier en une seule fois, en indiquant la quantit\u00e9 dont vous avez besoin et en cliquant sur le bouton \u00ab\u00a0ajouter au panier\u00a0\u00bb.<\/p>\n<p>&nbsp;<\/p>\n<p><strong>Commander \u00e0 partir d&rsquo;une commande pr\u00e9c\u00e9dente<\/strong><\/p>\n<p>Cette fa\u00e7on de commander est un moyen rapide et facile de passer des commandes sur Capsa\u00ae. Cette fa\u00e7on de commander ne peut \u00eatre utilis\u00e9e que si vous avez un compte. Pour retrouver une commande pr\u00e9c\u00e9dente, vous devez vous connecter avec votre nom d&rsquo;utilisateur et votre mot de passe. Une fois connect\u00e9, dans votre menu utilisateur, vous verrez le bouton \u00ab\u00a0Mes commandes\u00a0\u00bb, lorsque vous cliquez sur ce bouton, vous verrez toutes vos commandes et vous pouvez s\u00e9lectionner n&rsquo;importe quelle de vos commandes en cliquant sur le bouton \u00ab\u00a0R\u00e9cup\u00e9rer la commande\u00a0\u00bb. La commande s\u00e9lectionn\u00e9e sera automatiquement envoy\u00e9e dans le panier. Une fois envoy\u00e9 dans le panier, vous pouvez supprimer le produit dont vous n&rsquo;avez pas besoin ou en ajouter un autre en cliquant sur le bouton \u00ab\u00a0CONTINUER LES ACHATS\u00a0\u00bb.<\/p>\n\t\t\t\t\t\t\t\t<\/div>\n\t\t\t\t<\/div>\n\t\t\t\t\t<\/div>\n\t\t<\/div>\n\t\t\t\t<div class=\"elementor-column elementor-col-50 elementor-top-column elementor-element elementor-element-a7013c5\" data-id=\"a7013c5\" data-element_type=\"column\">\n\t\t\t<div class=\"elementor-widget-wrap elementor-element-populated\">\n\t\t\t\t\t\t<div class=\"elementor-element elementor-element-16c49e4 elementor-widget elementor-widget-text-editor\" data-id=\"16c49e4\" data-element_type=\"widget\" data-widget_type=\"text-editor.default\">\n\t\t\t\t<div class=\"elementor-widget-container\">\n\t\t\t\t\t\t\t\t\t<p><strong>Visualisez vos conditions n\u00e9goci\u00e9es avec Capsa<\/strong><\/p>\n<p>Nos prix sont adapt\u00e9s \u00e0 vos volumes d&rsquo;achat. Consultez-nous et nous vous ferons une offre personnalis\u00e9e qui, une fois introduite dans notre syst\u00e8me, vous permettra de consulter et de passer des commandes selon les conditions offertes.<\/p>\n<p>&nbsp;<\/p>\n<p><strong>Traitez vos commandes avec le mode de paiement habituel de votre entreprise.<\/strong><\/p>\n<p>Capsa\u00ae vous offre la possibilit\u00e9 de traiter vos commandes avec les conditions habituelles de paiement diff\u00e9r\u00e9 de votre entreprise. Notre service financier validera vos conditions de paiement et celles-ci seront introduites dans notre syst\u00e8me vous permettant de passer vos commandes en ligne en fonction de celles-ci.<\/p>\n<p>&nbsp;<\/p>\n\t\t\t\t\t\t\t\t<\/div>\n\t\t\t\t<\/div>\n\t\t\t\t<div class=\"elementor-element elementor-element-38f8029 elementor-widget elementor-widget-image\" data-id=\"38f8029\" data-element_type=\"widget\" data-widget_type=\"image.default\">\n\t\t\t\t<div class=\"elementor-widget-container\">\n\t\t\t\t\t\t\t\t\t\t\t\t\t\t\t<img fetchpriority=\"high\" decoding=\"async\" width=\"800\" height=\"483\" src=\"https:\/\/capsa2in1.com\/wp-content\/uploads\/2021\/05\/banner-soluciones-e-business.png\" class=\"attachment-large size-large wp-image-18454\" alt=\"\" srcset=\"https:\/\/capsa2in1.com\/wp-content\/uploads\/2021\/05\/banner-soluciones-e-business.png 945w, https:\/\/capsa2in1.com\/wp-content\/uploads\/2021\/05\/banner-soluciones-e-business-300x181.png 300w, https:\/\/capsa2in1.com\/wp-content\/uploads\/2021\/05\/banner-soluciones-e-business-768x463.png 768w, https:\/\/capsa2in1.com\/wp-content\/uploads\/2021\/05\/banner-soluciones-e-business-600x362.png 600w\" sizes=\"(max-width: 800px) 100vw, 800px\" \/>\t\t\t\t\t\t\t\t\t\t\t\t\t\t\t<\/div>\n\t\t\t\t<\/div>\n\t\t\t\t\t<\/div>\n\t\t<\/div>\n\t\t\t\t\t<\/div>\n\t\t<\/section>\n\t\t\t\t<\/div>\n\t\t","protected":false},"excerpt":{"rendered":"<p>Solutions e-Business Avec Capsa\u00ae, tout est plus facile ! Gr\u00e2ce \u00e0 nos solutions e commerce, votre entreprise aura toujours acc\u00e8s \u00e0 toutes les informations relatives \u00e0 votre compte. Vous pourrez consulter vos articles personnalis\u00e9s avec votre logo, ainsi que les produits fabriqu\u00e9s avec des mesures sp\u00e9ciales. Nous vous proposons diff\u00e9rentes solutions E-business parmi lesquelles nous [&hellip;]<\/p>\n","protected":false},"author":7,"featured_media":0,"parent":0,"menu_order":0,"comment_status":"closed","ping_status":"closed","template":"elementor_header_footer","meta":{"_acf_changed":false,"footnotes":""},"class_list":["post-19561","page","type-page","status-publish","hentry"],"acf":[],"yoast_head":"<!-- This site is optimized with the Yoast SEO plugin v27.5 - https:\/\/yoast.com\/product\/yoast-seo-wordpress\/ -->\n<title>Solutions e-Business - CAPSA2in1\u00ae<\/title>\n<meta name=\"robots\" content=\"index, follow, max-snippet:-1, max-image-preview:large, max-video-preview:-1\" \/>\n<link rel=\"canonical\" href=\"https:\/\/capsa2in1.com\/soluciones-e-business\/\" \/>\n<meta property=\"og:locale\" content=\"fr_FR\" \/>\n<meta property=\"og:type\" content=\"article\" \/>\n<meta property=\"og:title\" content=\"Solutions e-Business - CAPSA2in1\u00ae\" \/>\n<meta property=\"og:description\" content=\"Solutions e-Business Avec Capsa\u00ae, tout est plus facile ! Gr\u00e2ce \u00e0 nos solutions e commerce, votre entreprise aura toujours acc\u00e8s \u00e0 toutes les informations relatives \u00e0 votre compte. Vous pourrez consulter vos articles personnalis\u00e9s avec votre logo, ainsi que les produits fabriqu\u00e9s avec des mesures sp\u00e9ciales. Nous vous proposons diff\u00e9rentes solutions E-business parmi lesquelles nous [&hellip;]\" \/>\n<meta property=\"og:url\" content=\"https:\/\/capsa2in1.com\/soluciones-e-business\/\" \/>\n<meta property=\"og:site_name\" content=\"CAPSA2in1\u00ae\" \/>\n<meta property=\"article:modified_time\" content=\"2021-06-17T11:50:22+00:00\" \/>\n<meta property=\"og:image\" content=\"https:\/\/capsa2in1.com\/wp-content\/uploads\/2021\/05\/banner-soluciones-e-business.png\" \/>\n<meta name=\"twitter:card\" content=\"summary_large_image\" \/>\n<meta name=\"twitter:label1\" content=\"Dur\u00e9e de lecture estim\u00e9e\" \/>\n\t<meta name=\"twitter:data1\" content=\"2 minutes\" \/>\n<script type=\"application\/ld+json\" class=\"yoast-schema-graph\">{\"@context\":\"https:\\\/\\\/schema.org\",\"@graph\":[{\"@type\":\"WebPage\",\"@id\":\"https:\\\/\\\/capsa2in1.com\\\/soluciones-e-business\\\/\",\"url\":\"https:\\\/\\\/capsa2in1.com\\\/soluciones-e-business\\\/\",\"name\":\"Solutions e-Business - CAPSA2in1\u00ae\",\"isPartOf\":{\"@id\":\"https:\\\/\\\/capsa2in1.com\\\/#website\"},\"primaryImageOfPage\":{\"@id\":\"https:\\\/\\\/capsa2in1.com\\\/soluciones-e-business\\\/#primaryimage\"},\"image\":{\"@id\":\"https:\\\/\\\/capsa2in1.com\\\/soluciones-e-business\\\/#primaryimage\"},\"thumbnailUrl\":\"https:\\\/\\\/capsa2in1.com\\\/wp-content\\\/uploads\\\/2021\\\/05\\\/banner-soluciones-e-business.png\",\"datePublished\":\"2021-06-17T11:50:21+00:00\",\"dateModified\":\"2021-06-17T11:50:22+00:00\",\"breadcrumb\":{\"@id\":\"https:\\\/\\\/capsa2in1.com\\\/soluciones-e-business\\\/#breadcrumb\"},\"inLanguage\":\"fr-FR\",\"potentialAction\":[{\"@type\":\"ReadAction\",\"target\":[\"https:\\\/\\\/capsa2in1.com\\\/soluciones-e-business\\\/\"]}]},{\"@type\":\"ImageObject\",\"inLanguage\":\"fr-FR\",\"@id\":\"https:\\\/\\\/capsa2in1.com\\\/soluciones-e-business\\\/#primaryimage\",\"url\":\"https:\\\/\\\/capsa2in1.com\\\/wp-content\\\/uploads\\\/2021\\\/05\\\/banner-soluciones-e-business.png\",\"contentUrl\":\"https:\\\/\\\/capsa2in1.com\\\/wp-content\\\/uploads\\\/2021\\\/05\\\/banner-soluciones-e-business.png\"},{\"@type\":\"BreadcrumbList\",\"@id\":\"https:\\\/\\\/capsa2in1.com\\\/soluciones-e-business\\\/#breadcrumb\",\"itemListElement\":[{\"@type\":\"ListItem\",\"position\":1,\"name\":\"Inicio\",\"item\":\"https:\\\/\\\/capsa2in1.com\\\/fr\\\/\"},{\"@type\":\"ListItem\",\"position\":2,\"name\":\"Solutions e-Business\"}]},{\"@type\":\"WebSite\",\"@id\":\"https:\\\/\\\/capsa2in1.com\\\/#website\",\"url\":\"https:\\\/\\\/capsa2in1.com\\\/\",\"name\":\"CAPSA2in1\u00ae\",\"description\":\"Reusable packaging. Smarter, Greener Logistics!\",\"publisher\":{\"@id\":\"https:\\\/\\\/capsa2in1.com\\\/#organization\"},\"potentialAction\":[{\"@type\":\"SearchAction\",\"target\":{\"@type\":\"EntryPoint\",\"urlTemplate\":\"https:\\\/\\\/capsa2in1.com\\\/?s={search_term_string}\"},\"query-input\":{\"@type\":\"PropertyValueSpecification\",\"valueRequired\":true,\"valueName\":\"search_term_string\"}}],\"inLanguage\":\"fr-FR\"},{\"@type\":\"Organization\",\"@id\":\"https:\\\/\\\/capsa2in1.com\\\/#organization\",\"name\":\"CAPSA 2in1\",\"url\":\"https:\\\/\\\/capsa2in1.com\\\/\",\"logo\":{\"@type\":\"ImageObject\",\"inLanguage\":\"fr-FR\",\"@id\":\"https:\\\/\\\/capsa2in1.com\\\/#\\\/schema\\\/logo\\\/image\\\/\",\"url\":\"\",\"contentUrl\":\"\",\"caption\":\"CAPSA 2in1\"},\"image\":{\"@id\":\"https:\\\/\\\/capsa2in1.com\\\/#\\\/schema\\\/logo\\\/image\\\/\"}}]}<\/script>\n<!-- \/ Yoast SEO plugin. -->","yoast_head_json":{"title":"Solutions e-Business - CAPSA2in1\u00ae","robots":{"index":"index","follow":"follow","max-snippet":"max-snippet:-1","max-image-preview":"max-image-preview:large","max-video-preview":"max-video-preview:-1"},"canonical":"https:\/\/capsa2in1.com\/soluciones-e-business\/","og_locale":"fr_FR","og_type":"article","og_title":"Solutions e-Business - CAPSA2in1\u00ae","og_description":"Solutions e-Business Avec Capsa\u00ae, tout est plus facile ! Gr\u00e2ce \u00e0 nos solutions e commerce, votre entreprise aura toujours acc\u00e8s \u00e0 toutes les informations relatives \u00e0 votre compte. Vous pourrez consulter vos articles personnalis\u00e9s avec votre logo, ainsi que les produits fabriqu\u00e9s avec des mesures sp\u00e9ciales. Nous vous proposons diff\u00e9rentes solutions E-business parmi lesquelles nous [&hellip;]","og_url":"https:\/\/capsa2in1.com\/soluciones-e-business\/","og_site_name":"CAPSA2in1\u00ae","article_modified_time":"2021-06-17T11:50:22+00:00","og_image":[{"url":"https:\/\/capsa2in1.com\/wp-content\/uploads\/2021\/05\/banner-soluciones-e-business.png","type":"","width":"","height":""}],"twitter_card":"summary_large_image","twitter_misc":{"Dur\u00e9e de lecture estim\u00e9e":"2 minutes"},"schema":{"@context":"https:\/\/schema.org","@graph":[{"@type":"WebPage","@id":"https:\/\/capsa2in1.com\/soluciones-e-business\/","url":"https:\/\/capsa2in1.com\/soluciones-e-business\/","name":"Solutions e-Business - CAPSA2in1\u00ae","isPartOf":{"@id":"https:\/\/capsa2in1.com\/#website"},"primaryImageOfPage":{"@id":"https:\/\/capsa2in1.com\/soluciones-e-business\/#primaryimage"},"image":{"@id":"https:\/\/capsa2in1.com\/soluciones-e-business\/#primaryimage"},"thumbnailUrl":"https:\/\/capsa2in1.com\/wp-content\/uploads\/2021\/05\/banner-soluciones-e-business.png","datePublished":"2021-06-17T11:50:21+00:00","dateModified":"2021-06-17T11:50:22+00:00","breadcrumb":{"@id":"https:\/\/capsa2in1.com\/soluciones-e-business\/#breadcrumb"},"inLanguage":"fr-FR","potentialAction":[{"@type":"ReadAction","target":["https:\/\/capsa2in1.com\/soluciones-e-business\/"]}]},{"@type":"ImageObject","inLanguage":"fr-FR","@id":"https:\/\/capsa2in1.com\/soluciones-e-business\/#primaryimage","url":"https:\/\/capsa2in1.com\/wp-content\/uploads\/2021\/05\/banner-soluciones-e-business.png","contentUrl":"https:\/\/capsa2in1.com\/wp-content\/uploads\/2021\/05\/banner-soluciones-e-business.png"},{"@type":"BreadcrumbList","@id":"https:\/\/capsa2in1.com\/soluciones-e-business\/#breadcrumb","itemListElement":[{"@type":"ListItem","position":1,"name":"Inicio","item":"https:\/\/capsa2in1.com\/fr\/"},{"@type":"ListItem","position":2,"name":"Solutions e-Business"}]},{"@type":"WebSite","@id":"https:\/\/capsa2in1.com\/#website","url":"https:\/\/capsa2in1.com\/","name":"CAPSA2in1\u00ae","description":"Reusable packaging. Smarter, Greener Logistics!","publisher":{"@id":"https:\/\/capsa2in1.com\/#organization"},"potentialAction":[{"@type":"SearchAction","target":{"@type":"EntryPoint","urlTemplate":"https:\/\/capsa2in1.com\/?s={search_term_string}"},"query-input":{"@type":"PropertyValueSpecification","valueRequired":true,"valueName":"search_term_string"}}],"inLanguage":"fr-FR"},{"@type":"Organization","@id":"https:\/\/capsa2in1.com\/#organization","name":"CAPSA 2in1","url":"https:\/\/capsa2in1.com\/","logo":{"@type":"ImageObject","inLanguage":"fr-FR","@id":"https:\/\/capsa2in1.com\/#\/schema\/logo\/image\/","url":"","contentUrl":"","caption":"CAPSA 2in1"},"image":{"@id":"https:\/\/capsa2in1.com\/#\/schema\/logo\/image\/"}}]}},"_links":{"self":[{"href":"https:\/\/capsa2in1.com\/fr\/wp-json\/wp\/v2\/pages\/19561","targetHints":{"allow":["GET"]}}],"collection":[{"href":"https:\/\/capsa2in1.com\/fr\/wp-json\/wp\/v2\/pages"}],"about":[{"href":"https:\/\/capsa2in1.com\/fr\/wp-json\/wp\/v2\/types\/page"}],"author":[{"embeddable":true,"href":"https:\/\/capsa2in1.com\/fr\/wp-json\/wp\/v2\/users\/7"}],"replies":[{"embeddable":true,"href":"https:\/\/capsa2in1.com\/fr\/wp-json\/wp\/v2\/comments?post=19561"}],"version-history":[{"count":0,"href":"https:\/\/capsa2in1.com\/fr\/wp-json\/wp\/v2\/pages\/19561\/revisions"}],"wp:attachment":[{"href":"https:\/\/capsa2in1.com\/fr\/wp-json\/wp\/v2\/media?parent=19561"}],"curies":[{"name":"wp","href":"https:\/\/api.w.org\/{rel}","templated":true}]}}