{"id":19556,"date":"2021-06-17T11:47:09","date_gmt":"2021-06-17T11:47:09","guid":{"rendered":"https:\/\/capsa2in1.com\/temoignages\/"},"modified":"2025-07-04T10:55:53","modified_gmt":"2025-07-04T10:55:53","slug":"temoignages","status":"publish","type":"page","link":"https:\/\/capsa2in1.com\/fr\/temoignages\/","title":{"rendered":"T\u00e9moignages"},"content":{"rendered":"\t\t<div data-elementor-type=\"wp-page\" data-elementor-id=\"19556\" class=\"elementor elementor-19556 elementor-18439\" data-elementor-post-type=\"page\">\n\t\t\t\t\t\t<section class=\"elementor-section elementor-top-section elementor-element elementor-element-2b1c683 elementor-section-boxed elementor-section-height-default elementor-section-height-default\" data-id=\"2b1c683\" data-element_type=\"section\">\n\t\t\t\t\t\t<div class=\"elementor-container elementor-column-gap-default\">\n\t\t\t\t\t<div class=\"elementor-column elementor-col-100 elementor-top-column elementor-element elementor-element-86450fa\" data-id=\"86450fa\" data-element_type=\"column\">\n\t\t\t<div class=\"elementor-widget-wrap elementor-element-populated\">\n\t\t\t\t\t\t<div class=\"elementor-element elementor-element-0176dc1 elementor-widget elementor-widget-heading\" data-id=\"0176dc1\" data-element_type=\"widget\" data-widget_type=\"heading.default\">\n\t\t\t\t<div class=\"elementor-widget-container\">\n\t\t\t\t\t<h1 class=\"elementor-heading-title elementor-size-default\">T\u00e9moignages <\/h1>\t\t\t\t<\/div>\n\t\t\t\t<\/div>\n\t\t\t\t\t<\/div>\n\t\t<\/div>\n\t\t\t\t\t<\/div>\n\t\t<\/section>\n\t\t\t\t<section class=\"elementor-section elementor-top-section elementor-element elementor-element-00fe3d3 elementor-section-boxed elementor-section-height-default elementor-section-height-default\" data-id=\"00fe3d3\" data-element_type=\"section\">\n\t\t\t\t\t\t<div class=\"elementor-container elementor-column-gap-default\">\n\t\t\t\t\t<div class=\"elementor-column elementor-col-100 elementor-top-column elementor-element elementor-element-e34dc43\" data-id=\"e34dc43\" data-element_type=\"column\">\n\t\t\t<div class=\"elementor-widget-wrap elementor-element-populated\">\n\t\t\t\t\t\t<div class=\"elementor-element elementor-element-c324664 elementor-widget elementor-widget-heading\" data-id=\"c324664\" data-element_type=\"widget\" data-widget_type=\"heading.default\">\n\t\t\t\t<div class=\"elementor-widget-container\">\n\t\t\t\t\t<h3 class=\"elementor-heading-title elementor-size-default\">Connaissez l'opinion de ceux qui ont fait confiance \u00e0 notre valeur.<\/h3>\t\t\t\t<\/div>\n\t\t\t\t<\/div>\n\t\t\t\t<section class=\"elementor-section elementor-inner-section elementor-element elementor-element-fb035bb elementor-section-boxed elementor-section-height-default elementor-section-height-default\" data-id=\"fb035bb\" data-element_type=\"section\">\n\t\t\t\t\t\t<div class=\"elementor-container elementor-column-gap-default\">\n\t\t\t\t\t<div class=\"elementor-column elementor-col-100 elementor-inner-column elementor-element elementor-element-8b74fb6\" data-id=\"8b74fb6\" data-element_type=\"column\">\n\t\t\t<div class=\"elementor-widget-wrap elementor-element-populated\">\n\t\t\t\t\t\t<div class=\"elementor-element elementor-element-33a9068 elementor-widget elementor-widget-text-editor\" data-id=\"33a9068\" data-element_type=\"widget\" data-widget_type=\"text-editor.default\">\n\t\t\t\t<div class=\"elementor-widget-container\">\n\t\t\t\t\t\t\t\t\t<p>Chez Capsa\u00ae, nous nous soucions de l&rsquo;opinion de nos clients, ils sont la meilleure garantie de la qualit\u00e9 de nos produits. Notre engagement est de continuer \u00e0 innover et \u00e0 offrir un produit qui apporte valeur et efficacit\u00e9 \u00e0 la cha\u00eene logistique de toute entreprise.<\/p>\n\t\t\t\t\t\t\t\t<\/div>\n\t\t\t\t<\/div>\n\t\t\t\t\t<\/div>\n\t\t<\/div>\n\t\t\t\t\t<\/div>\n\t\t<\/section>\n\t\t\t\t\t<\/div>\n\t\t<\/div>\n\t\t\t\t\t<\/div>\n\t\t<\/section>\n\t\t\t\t<section class=\"elementor-section elementor-top-section elementor-element elementor-element-51293e3 elementor-section-boxed elementor-section-height-default elementor-section-height-default\" data-id=\"51293e3\" data-element_type=\"section\" data-settings=\"{&quot;background_background&quot;:&quot;classic&quot;}\">\n\t\t\t\t\t\t<div class=\"elementor-container elementor-column-gap-default\">\n\t\t\t\t\t<div class=\"elementor-column elementor-col-100 elementor-top-column elementor-element elementor-element-b56ebac\" data-id=\"b56ebac\" data-element_type=\"column\">\n\t\t\t<div class=\"elementor-widget-wrap elementor-element-populated\">\n\t\t\t\t\t\t<section class=\"elementor-section elementor-inner-section elementor-element elementor-element-6b0265d elementor-section-boxed elementor-section-height-default elementor-section-height-default\" data-id=\"6b0265d\" data-element_type=\"section\">\n\t\t\t\t\t\t<div class=\"elementor-container elementor-column-gap-default\">\n\t\t\t\t\t<div class=\"elementor-column elementor-col-100 elementor-inner-column elementor-element elementor-element-fb7f6d4\" data-id=\"fb7f6d4\" data-element_type=\"column\">\n\t\t\t<div class=\"elementor-widget-wrap elementor-element-populated\">\n\t\t\t\t\t\t<div class=\"elementor-element elementor-element-d671f28 elementor-widget elementor-widget-spacer\" data-id=\"d671f28\" data-element_type=\"widget\" data-widget_type=\"spacer.default\">\n\t\t\t\t<div class=\"elementor-widget-container\">\n\t\t\t\t\t\t\t<div class=\"elementor-spacer\">\n\t\t\t<div class=\"elementor-spacer-inner\"><\/div>\n\t\t<\/div>\n\t\t\t\t\t\t<\/div>\n\t\t\t\t<\/div>\n\t\t\t\t<div class=\"elementor-element elementor-element-22294a1 elementor-widget elementor-widget-heading\" data-id=\"22294a1\" data-element_type=\"widget\" data-widget_type=\"heading.default\">\n\t\t\t\t<div class=\"elementor-widget-container\">\n\t\t\t\t\t<h3 class=\"elementor-heading-title elementor-size-default\">Clients qui nous font confiance <\/h3>\t\t\t\t<\/div>\n\t\t\t\t<\/div>\n\t\t\t\t\t<\/div>\n\t\t<\/div>\n\t\t\t\t\t<\/div>\n\t\t<\/section>\n\t\t\t\t<div class=\"elementor-element elementor-element-1e28952 elementor-skin-carousel elementor-arrows-yes elementor-pagination-type-bullets elementor-pagination-position-outside elementor-widget elementor-widget-media-carousel\" data-id=\"1e28952\" data-element_type=\"widget\" data-settings=\"{&quot;skin&quot;:&quot;carousel&quot;,&quot;effect&quot;:&quot;slide&quot;,&quot;show_arrows&quot;:&quot;yes&quot;,&quot;pagination&quot;:&quot;bullets&quot;,&quot;speed&quot;:500,&quot;autoplay&quot;:&quot;yes&quot;,&quot;autoplay_speed&quot;:5000,&quot;loop&quot;:&quot;yes&quot;,&quot;pause_on_hover&quot;:&quot;yes&quot;,&quot;pause_on_interaction&quot;:&quot;yes&quot;,&quot;space_between&quot;:{&quot;unit&quot;:&quot;px&quot;,&quot;size&quot;:10,&quot;sizes&quot;:[]},&quot;space_between_tablet&quot;:{&quot;unit&quot;:&quot;px&quot;,&quot;size&quot;:10,&quot;sizes&quot;:[]},&quot;space_between_mobile&quot;:{&quot;unit&quot;:&quot;px&quot;,&quot;size&quot;:10,&quot;sizes&quot;:[]}}\" data-widget_type=\"media-carousel.default\">\n\t\t\t\t<div class=\"elementor-widget-container\">\n\t\t\t\t\t\t\t\t\t<div class=\"elementor-swiper\">\n\t\t\t\t\t<div class=\"elementor-main-swiper swiper\" role=\"region\" aria-roledescription=\"carousel\" aria-label=\"Diapositives\">\n\t\t\t\t<div class=\"swiper-wrapper\">\n\t\t\t\t\t\t\t\t\t\t\t<div class=\"swiper-slide\" role=\"group\" aria-roledescription=\"slide\">\n\t\t\t\t\t\t\t<a href=\"https:\/\/capsa2in1.com\/wp-content\/uploads\/2020\/05\/porcelanosa-capsa.jpg\" data-elementor-open-lightbox=\"yes\" data-elementor-lightbox-slideshow=\"1e28952\" data-elementor-lightbox-title=\"porcelanosa capsa\" data-e-action-hash=\"#elementor-action%3Aaction%3Dlightbox%26settings%3DeyJpZCI6NzAyOCwidXJsIjoiaHR0cHM6XC9cL2NhcHNhMmluMS5jb21cL3dwLWNvbnRlbnRcL3VwbG9hZHNcLzIwMjBcLzA1XC9wb3JjZWxhbm9zYS1jYXBzYS5qcGciLCJzbGlkZXNob3ciOiIxZTI4OTUyIn0%3D\" data-elementor-lightbox-video=\"https:\/\/player.vimeo.com\/video\/133700622?autoplay=1&amp;rel=0&amp;controls=0#t=\">\t\t<div class=\"elementor-carousel-image\" role=\"img\" aria-label=\"porcelanosa capsa\" style=\"background-image: url(&#039;https:\/\/capsa2in1.com\/wp-content\/uploads\/2020\/05\/porcelanosa-capsa.jpg&#039;)\">\n\n\t\t\t\n\t\t\t\t\t\t\t<div class=\"elementor-custom-embed-play\">\n\t\t\t\t\t<i aria-hidden=\"true\" class=\"eicon-play\"><\/i>\t\t\t\t\t<span class=\"elementor-screen-only\">Lire<\/span>\n\t\t\t\t<\/div>\n\t\t\t\t\t<\/div>\n\t\t<\/a>\t\t\t\t\t\t<\/div>\n\t\t\t\t\t\t\t\t\t\t\t<div class=\"swiper-slide\" role=\"group\" aria-roledescription=\"slide\">\n\t\t\t\t\t\t\t<a href=\"https:\/\/capsa2in1.com\/wp-content\/uploads\/2020\/05\/leroy-Merlin.jpg\" data-elementor-open-lightbox=\"yes\" data-elementor-lightbox-slideshow=\"1e28952\" data-elementor-lightbox-title=\"leroy Merlin\" data-e-action-hash=\"#elementor-action%3Aaction%3Dlightbox%26settings%3DeyJpZCI6NzAzMSwidXJsIjoiaHR0cHM6XC9cL2NhcHNhMmluMS5jb21cL3dwLWNvbnRlbnRcL3VwbG9hZHNcLzIwMjBcLzA1XC9sZXJveS1NZXJsaW4uanBnIiwic2xpZGVzaG93IjoiMWUyODk1MiJ9\" data-elementor-lightbox-video=\"https:\/\/player.vimeo.com\/video\/130708386?autoplay=1&amp;rel=0&amp;controls=0#t=\">\t\t<div class=\"elementor-carousel-image\" role=\"img\" aria-label=\"Angel J. Moreno, Leroy Merlin\" style=\"background-image: url(&#039;https:\/\/capsa2in1.com\/wp-content\/uploads\/2020\/05\/leroy-Merlin.jpg&#039;)\">\n\n\t\t\t\n\t\t\t\t\t\t\t<div class=\"elementor-custom-embed-play\">\n\t\t\t\t\t<i aria-hidden=\"true\" class=\"eicon-play\"><\/i>\t\t\t\t\t<span class=\"elementor-screen-only\">Lire<\/span>\n\t\t\t\t<\/div>\n\t\t\t\t\t<\/div>\n\t\t<\/a>\t\t\t\t\t\t<\/div>\n\t\t\t\t\t\t\t\t\t\t\t<div class=\"swiper-slide\" role=\"group\" aria-roledescription=\"slide\">\n\t\t\t\t\t\t\t<a href=\"https:\/\/capsa2in1.com\/wp-content\/uploads\/2020\/05\/icil.jpg\" data-elementor-open-lightbox=\"yes\" data-elementor-lightbox-slideshow=\"1e28952\" data-elementor-lightbox-title=\"icil\" data-e-action-hash=\"#elementor-action%3Aaction%3Dlightbox%26settings%3DeyJpZCI6NzAzNCwidXJsIjoiaHR0cHM6XC9cL2NhcHNhMmluMS5jb21cL3dwLWNvbnRlbnRcL3VwbG9hZHNcLzIwMjBcLzA1XC9pY2lsLmpwZyIsInNsaWRlc2hvdyI6IjFlMjg5NTIifQ%3D%3D\" data-elementor-lightbox-video=\"https:\/\/player.vimeo.com\/video\/129655351?autoplay=1&amp;rel=0&amp;controls=0#t=\">\t\t<div class=\"elementor-carousel-image\" role=\"img\" aria-label=\"Jaime Mira Galiana, Fundaci\u00f3n Icil\" style=\"background-image: url(&#039;https:\/\/capsa2in1.com\/wp-content\/uploads\/2020\/05\/icil.jpg&#039;)\">\n\n\t\t\t\n\t\t\t\t\t\t\t<div class=\"elementor-custom-embed-play\">\n\t\t\t\t\t<i aria-hidden=\"true\" class=\"eicon-play\"><\/i>\t\t\t\t\t<span class=\"elementor-screen-only\">Lire<\/span>\n\t\t\t\t<\/div>\n\t\t\t\t\t<\/div>\n\t\t<\/a>\t\t\t\t\t\t<\/div>\n\t\t\t\t\t\t\t\t\t\t\t<div class=\"swiper-slide\" role=\"group\" aria-roledescription=\"slide\">\n\t\t\t\t\t\t\t<a href=\"https:\/\/capsa2in1.com\/wp-content\/uploads\/2020\/05\/acer.jpg\" data-elementor-open-lightbox=\"yes\" data-elementor-lightbox-slideshow=\"1e28952\" data-elementor-lightbox-title=\"acer\" data-e-action-hash=\"#elementor-action%3Aaction%3Dlightbox%26settings%3DeyJpZCI6NzAzNywidXJsIjoiaHR0cHM6XC9cL2NhcHNhMmluMS5jb21cL3dwLWNvbnRlbnRcL3VwbG9hZHNcLzIwMjBcLzA1XC9hY2VyLmpwZyIsInNsaWRlc2hvdyI6IjFlMjg5NTIifQ%3D%3D\" data-elementor-lightbox-video=\"https:\/\/player.vimeo.com\/video\/129655349?autoplay=1&amp;rel=0&amp;controls=0#t=\">\t\t<div class=\"elementor-carousel-image\" role=\"img\" aria-label=\"Jos\u00e9 Lu\u00eds Nebot, Acer\" style=\"background-image: url(&#039;https:\/\/capsa2in1.com\/wp-content\/uploads\/2020\/05\/acer.jpg&#039;)\">\n\n\t\t\t\n\t\t\t\t\t\t\t<div class=\"elementor-custom-embed-play\">\n\t\t\t\t\t<i aria-hidden=\"true\" class=\"eicon-play\"><\/i>\t\t\t\t\t<span class=\"elementor-screen-only\">Lire<\/span>\n\t\t\t\t<\/div>\n\t\t\t\t\t<\/div>\n\t\t<\/a>\t\t\t\t\t\t<\/div>\n\t\t\t\t\t\t\t\t\t<\/div>\n\t\t\t\t\t\t\t\t\t\t\t\t\t\t\t<div class=\"elementor-swiper-button elementor-swiper-button-prev\" role=\"button\" tabindex=\"0\" aria-label=\"Pr\u00e9c\u00e9dent\">\n\t\t\t\t\t\t\t<i aria-hidden=\"true\" class=\"eicon-chevron-left\"><\/i>\t\t\t\t\t\t<\/div>\n\t\t\t\t\t\t<div class=\"elementor-swiper-button elementor-swiper-button-next\" role=\"button\" tabindex=\"0\" aria-label=\"Suivant\">\n\t\t\t\t\t\t\t<i aria-hidden=\"true\" class=\"eicon-chevron-right\"><\/i>\t\t\t\t\t\t<\/div>\n\t\t\t\t\t\t\t\t\t\t\t\t\t\t\t\t<div class=\"swiper-pagination\"><\/div>\n\t\t\t\t\t\t\t\t\t\t\t\t<\/div>\n\t\t\t\t<\/div>\n\t\t\t\t\t\t\t\t<\/div>\n\t\t\t\t<\/div>\n\t\t\t\t\t<\/div>\n\t\t<\/div>\n\t\t\t\t\t<\/div>\n\t\t<\/section>\n\t\t\t\t<\/div>\n\t\t","protected":false},"excerpt":{"rendered":"<p>T\u00e9moignages Connaissez l&rsquo;opinion de ceux qui ont fait confiance \u00e0 notre valeur. Chez Capsa\u00ae, nous nous soucions de l&rsquo;opinion de nos clients, ils sont la meilleure garantie de la qualit\u00e9 de nos produits. Notre engagement est de continuer \u00e0 innover et \u00e0 offrir un produit qui apporte valeur et efficacit\u00e9 \u00e0 la cha\u00eene logistique de [&hellip;]<\/p>\n","protected":false},"author":7,"featured_media":0,"parent":0,"menu_order":0,"comment_status":"closed","ping_status":"closed","template":"elementor_header_footer","meta":{"_acf_changed":false,"footnotes":""},"class_list":["post-19556","page","type-page","status-publish","hentry"],"acf":[],"yoast_head":"<!-- This site is optimized with the Yoast SEO plugin v27.5 - https:\/\/yoast.com\/product\/yoast-seo-wordpress\/ -->\n<title>T\u00e9moignages - CAPSA2in1\u00ae<\/title>\n<meta name=\"description\" content=\"D\u00e9couvrez les t\u00e9moignages de clients qui font confiance \u00e0 Capsa 2in1\u00ae : avis r\u00e9els attestant de la qualit\u00e9 et l\u2019innovation de nos solutions.\" \/>\n<meta name=\"robots\" content=\"index, follow, max-snippet:-1, max-image-preview:large, max-video-preview:-1\" \/>\n<link rel=\"canonical\" href=\"https:\/\/capsa2in1.com\/fr\/temoignages\/\" \/>\n<meta property=\"og:locale\" content=\"fr_FR\" \/>\n<meta property=\"og:type\" content=\"article\" \/>\n<meta property=\"og:title\" content=\"T\u00e9moignages - CAPSA2in1\u00ae\" \/>\n<meta property=\"og:description\" content=\"D\u00e9couvrez les t\u00e9moignages de clients qui font confiance \u00e0 Capsa 2in1\u00ae : avis r\u00e9els attestant de la qualit\u00e9 et l\u2019innovation de nos solutions.\" \/>\n<meta property=\"og:url\" content=\"https:\/\/capsa2in1.com\/fr\/temoignages\/\" \/>\n<meta property=\"og:site_name\" content=\"CAPSA2in1\u00ae\" \/>\n<meta property=\"article:modified_time\" content=\"2025-07-04T10:55:53+00:00\" \/>\n<meta name=\"twitter:card\" content=\"summary_large_image\" \/>\n<meta name=\"twitter:label1\" content=\"Dur\u00e9e de lecture estim\u00e9e\" \/>\n\t<meta name=\"twitter:data1\" content=\"1 minute\" \/>\n<script type=\"application\/ld+json\" class=\"yoast-schema-graph\">{\"@context\":\"https:\\\/\\\/schema.org\",\"@graph\":[{\"@type\":\"WebPage\",\"@id\":\"https:\\\/\\\/capsa2in1.com\\\/fr\\\/temoignages\\\/\",\"url\":\"https:\\\/\\\/capsa2in1.com\\\/fr\\\/temoignages\\\/\",\"name\":\"T\u00e9moignages - CAPSA2in1\u00ae\",\"isPartOf\":{\"@id\":\"https:\\\/\\\/capsa2in1.com\\\/#website\"},\"datePublished\":\"2021-06-17T11:47:09+00:00\",\"dateModified\":\"2025-07-04T10:55:53+00:00\",\"description\":\"D\u00e9couvrez les t\u00e9moignages de clients qui font confiance \u00e0 Capsa 2in1\u00ae : avis r\u00e9els attestant de la qualit\u00e9 et l\u2019innovation de nos solutions.\",\"breadcrumb\":{\"@id\":\"https:\\\/\\\/capsa2in1.com\\\/fr\\\/temoignages\\\/#breadcrumb\"},\"inLanguage\":\"fr-FR\",\"potentialAction\":[{\"@type\":\"ReadAction\",\"target\":[\"https:\\\/\\\/capsa2in1.com\\\/fr\\\/temoignages\\\/\"]}]},{\"@type\":\"BreadcrumbList\",\"@id\":\"https:\\\/\\\/capsa2in1.com\\\/fr\\\/temoignages\\\/#breadcrumb\",\"itemListElement\":[{\"@type\":\"ListItem\",\"position\":1,\"name\":\"Inicio\",\"item\":\"https:\\\/\\\/capsa2in1.com\\\/fr\\\/\"},{\"@type\":\"ListItem\",\"position\":2,\"name\":\"T\u00e9moignages\"}]},{\"@type\":\"WebSite\",\"@id\":\"https:\\\/\\\/capsa2in1.com\\\/#website\",\"url\":\"https:\\\/\\\/capsa2in1.com\\\/\",\"name\":\"CAPSA2in1\u00ae\",\"description\":\"Reusable packaging. Smarter, Greener Logistics!\",\"publisher\":{\"@id\":\"https:\\\/\\\/capsa2in1.com\\\/#organization\"},\"potentialAction\":[{\"@type\":\"SearchAction\",\"target\":{\"@type\":\"EntryPoint\",\"urlTemplate\":\"https:\\\/\\\/capsa2in1.com\\\/?s={search_term_string}\"},\"query-input\":{\"@type\":\"PropertyValueSpecification\",\"valueRequired\":true,\"valueName\":\"search_term_string\"}}],\"inLanguage\":\"fr-FR\"},{\"@type\":\"Organization\",\"@id\":\"https:\\\/\\\/capsa2in1.com\\\/#organization\",\"name\":\"CAPSA 2in1\",\"url\":\"https:\\\/\\\/capsa2in1.com\\\/\",\"logo\":{\"@type\":\"ImageObject\",\"inLanguage\":\"fr-FR\",\"@id\":\"https:\\\/\\\/capsa2in1.com\\\/#\\\/schema\\\/logo\\\/image\\\/\",\"url\":\"\",\"contentUrl\":\"\",\"caption\":\"CAPSA 2in1\"},\"image\":{\"@id\":\"https:\\\/\\\/capsa2in1.com\\\/#\\\/schema\\\/logo\\\/image\\\/\"}}]}<\/script>\n<!-- \/ Yoast SEO plugin. -->","yoast_head_json":{"title":"T\u00e9moignages - CAPSA2in1\u00ae","description":"D\u00e9couvrez les t\u00e9moignages de clients qui font confiance \u00e0 Capsa 2in1\u00ae : avis r\u00e9els attestant de la qualit\u00e9 et l\u2019innovation de nos solutions.","robots":{"index":"index","follow":"follow","max-snippet":"max-snippet:-1","max-image-preview":"max-image-preview:large","max-video-preview":"max-video-preview:-1"},"canonical":"https:\/\/capsa2in1.com\/fr\/temoignages\/","og_locale":"fr_FR","og_type":"article","og_title":"T\u00e9moignages - CAPSA2in1\u00ae","og_description":"D\u00e9couvrez les t\u00e9moignages de clients qui font confiance \u00e0 Capsa 2in1\u00ae : avis r\u00e9els attestant de la qualit\u00e9 et l\u2019innovation de nos solutions.","og_url":"https:\/\/capsa2in1.com\/fr\/temoignages\/","og_site_name":"CAPSA2in1\u00ae","article_modified_time":"2025-07-04T10:55:53+00:00","twitter_card":"summary_large_image","twitter_misc":{"Dur\u00e9e de lecture estim\u00e9e":"1 minute"},"schema":{"@context":"https:\/\/schema.org","@graph":[{"@type":"WebPage","@id":"https:\/\/capsa2in1.com\/fr\/temoignages\/","url":"https:\/\/capsa2in1.com\/fr\/temoignages\/","name":"T\u00e9moignages - CAPSA2in1\u00ae","isPartOf":{"@id":"https:\/\/capsa2in1.com\/#website"},"datePublished":"2021-06-17T11:47:09+00:00","dateModified":"2025-07-04T10:55:53+00:00","description":"D\u00e9couvrez les t\u00e9moignages de clients qui font confiance \u00e0 Capsa 2in1\u00ae : avis r\u00e9els attestant de la qualit\u00e9 et l\u2019innovation de nos solutions.","breadcrumb":{"@id":"https:\/\/capsa2in1.com\/fr\/temoignages\/#breadcrumb"},"inLanguage":"fr-FR","potentialAction":[{"@type":"ReadAction","target":["https:\/\/capsa2in1.com\/fr\/temoignages\/"]}]},{"@type":"BreadcrumbList","@id":"https:\/\/capsa2in1.com\/fr\/temoignages\/#breadcrumb","itemListElement":[{"@type":"ListItem","position":1,"name":"Inicio","item":"https:\/\/capsa2in1.com\/fr\/"},{"@type":"ListItem","position":2,"name":"T\u00e9moignages"}]},{"@type":"WebSite","@id":"https:\/\/capsa2in1.com\/#website","url":"https:\/\/capsa2in1.com\/","name":"CAPSA2in1\u00ae","description":"Reusable packaging. Smarter, Greener Logistics!","publisher":{"@id":"https:\/\/capsa2in1.com\/#organization"},"potentialAction":[{"@type":"SearchAction","target":{"@type":"EntryPoint","urlTemplate":"https:\/\/capsa2in1.com\/?s={search_term_string}"},"query-input":{"@type":"PropertyValueSpecification","valueRequired":true,"valueName":"search_term_string"}}],"inLanguage":"fr-FR"},{"@type":"Organization","@id":"https:\/\/capsa2in1.com\/#organization","name":"CAPSA 2in1","url":"https:\/\/capsa2in1.com\/","logo":{"@type":"ImageObject","inLanguage":"fr-FR","@id":"https:\/\/capsa2in1.com\/#\/schema\/logo\/image\/","url":"","contentUrl":"","caption":"CAPSA 2in1"},"image":{"@id":"https:\/\/capsa2in1.com\/#\/schema\/logo\/image\/"}}]}},"_links":{"self":[{"href":"https:\/\/capsa2in1.com\/fr\/wp-json\/wp\/v2\/pages\/19556","targetHints":{"allow":["GET"]}}],"collection":[{"href":"https:\/\/capsa2in1.com\/fr\/wp-json\/wp\/v2\/pages"}],"about":[{"href":"https:\/\/capsa2in1.com\/fr\/wp-json\/wp\/v2\/types\/page"}],"author":[{"embeddable":true,"href":"https:\/\/capsa2in1.com\/fr\/wp-json\/wp\/v2\/users\/7"}],"replies":[{"embeddable":true,"href":"https:\/\/capsa2in1.com\/fr\/wp-json\/wp\/v2\/comments?post=19556"}],"version-history":[{"count":1,"href":"https:\/\/capsa2in1.com\/fr\/wp-json\/wp\/v2\/pages\/19556\/revisions"}],"predecessor-version":[{"id":31671,"href":"https:\/\/capsa2in1.com\/fr\/wp-json\/wp\/v2\/pages\/19556\/revisions\/31671"}],"wp:attachment":[{"href":"https:\/\/capsa2in1.com\/fr\/wp-json\/wp\/v2\/media?parent=19556"}],"curies":[{"name":"wp","href":"https:\/\/api.w.org\/{rel}","templated":true}]}}