{"id":13042,"date":"2020-11-17T15:57:17","date_gmt":"2020-11-17T15:57:17","guid":{"rendered":"https:\/\/capsa2in1.com\/blog-2\/"},"modified":"2023-09-26T09:22:30","modified_gmt":"2023-09-26T09:22:30","slug":"blog-2","status":"publish","type":"page","link":"https:\/\/capsa2in1.com\/fr\/blog-2\/","title":{"rendered":"Blog"},"content":{"rendered":"\t\t<div data-elementor-type=\"wp-page\" data-elementor-id=\"13042\" class=\"elementor elementor-13042 elementor-8384\" data-elementor-post-type=\"page\">\n\t\t\t\t\t\t<section class=\"elementor-section elementor-top-section elementor-element elementor-element-9cb6d43 elementor-section-height-min-height elementor-section-boxed elementor-section-height-default elementor-section-items-middle\" data-id=\"9cb6d43\" data-element_type=\"section\" data-settings=\"{&quot;background_background&quot;:&quot;classic&quot;}\">\n\t\t\t\t\t\t<div class=\"elementor-container elementor-column-gap-default\">\n\t\t\t\t\t<div class=\"elementor-column elementor-col-100 elementor-top-column elementor-element elementor-element-d614a2e\" data-id=\"d614a2e\" data-element_type=\"column\">\n\t\t\t<div class=\"elementor-widget-wrap elementor-element-populated\">\n\t\t\t\t\t\t<div class=\"elementor-element elementor-element-8c8969e elementor-widget elementor-widget-heading\" data-id=\"8c8969e\" data-element_type=\"widget\" data-widget_type=\"heading.default\">\n\t\t\t\t<div class=\"elementor-widget-container\">\n\t\t\t\t\t<h1 class=\"elementor-heading-title elementor-size-default\">Blog et nouvelles<\/h1>\t\t\t\t<\/div>\n\t\t\t\t<\/div>\n\t\t\t\t<section class=\"elementor-section elementor-inner-section elementor-element elementor-element-eabfec8 elementor-section-full_width elementor-section-height-default elementor-section-height-default\" data-id=\"eabfec8\" data-element_type=\"section\">\n\t\t\t\t\t\t<div class=\"elementor-container elementor-column-gap-default\">\n\t\t\t\t\t<div class=\"elementor-column elementor-col-100 elementor-inner-column elementor-element elementor-element-4c05c45\" data-id=\"4c05c45\" data-element_type=\"column\">\n\t\t\t<div class=\"elementor-widget-wrap elementor-element-populated\">\n\t\t\t\t\t\t<div class=\"elementor-element elementor-element-61f7b2d elementor-widget elementor-widget-text-editor\" data-id=\"61f7b2d\" data-element_type=\"widget\" data-widget_type=\"text-editor.default\">\n\t\t\t\t<div class=\"elementor-widget-container\">\n\t\t\t\t\t\t\t\t\t<p style=\"text-align: center;\"><span style=\"color: #ffffff;\">Il s&rsquo;agit du premier concept qui r\u00e9invente les bo\u00eetes en carton conventionnelles, en transformant un produit de base en une solution qui profite \u00e0 la fois \u00e0 l&rsquo;exp\u00e9diteur et au destinataire.<br \/>\n<\/span><\/p>\n\t\t\t\t\t\t\t\t<\/div>\n\t\t\t\t<\/div>\n\t\t\t\t<div class=\"elementor-element elementor-element-ef58824 elementor-align-center elementor-widget elementor-widget-button\" data-id=\"ef58824\" data-element_type=\"widget\" data-widget_type=\"button.default\">\n\t\t\t\t<div class=\"elementor-widget-container\">\n\t\t\t\t\t\t\t\t\t<div class=\"elementor-button-wrapper\">\n\t\t\t\t\t<a class=\"elementor-button elementor-button-link elementor-size-sm\" href=\"#s&#039;abonner\">\n\t\t\t\t\t\t<span class=\"elementor-button-content-wrapper\">\n\t\t\t\t\t\t\t\t\t<span class=\"elementor-button-text\">S'abonner<\/span>\n\t\t\t\t\t<\/span>\n\t\t\t\t\t<\/a>\n\t\t\t\t<\/div>\n\t\t\t\t\t\t\t\t<\/div>\n\t\t\t\t<\/div>\n\t\t\t\t\t<\/div>\n\t\t<\/div>\n\t\t\t\t\t<\/div>\n\t\t<\/section>\n\t\t\t\t\t<\/div>\n\t\t<\/div>\n\t\t\t\t\t<\/div>\n\t\t<\/section>\n\t\t\t\t<section class=\"elementor-section elementor-top-section elementor-element elementor-element-5b01d84 elementor-section-stretched elementor-section-full_width elementor-section-height-default elementor-section-height-default\" data-id=\"5b01d84\" data-element_type=\"section\" data-settings=\"{&quot;background_background&quot;:&quot;classic&quot;,&quot;stretch_section&quot;:&quot;section-stretched&quot;}\">\n\t\t\t\t\t\t<div class=\"elementor-container elementor-column-gap-default\">\n\t\t\t\t\t<div class=\"elementor-column elementor-col-100 elementor-top-column elementor-element elementor-element-21149b2\" data-id=\"21149b2\" data-element_type=\"column\">\n\t\t\t<div class=\"elementor-widget-wrap elementor-element-populated\">\n\t\t\t\t\t\t<div class=\"elementor-element elementor-element-fe720c8 elementor-posts--align-center elementor-posts__hover-none elementor-grid-3 elementor-grid-tablet-2 elementor-grid-mobile-1 elementor-posts--thumbnail-top elementor-card-shadow-yes elementor-widget elementor-widget-posts\" data-id=\"fe720c8\" data-element_type=\"widget\" data-settings=\"{&quot;pagination_type&quot;:&quot;numbers&quot;,&quot;cards_columns&quot;:&quot;3&quot;,&quot;cards_columns_tablet&quot;:&quot;2&quot;,&quot;cards_columns_mobile&quot;:&quot;1&quot;,&quot;cards_row_gap&quot;:{&quot;unit&quot;:&quot;px&quot;,&quot;size&quot;:35,&quot;sizes&quot;:[]},&quot;cards_row_gap_tablet&quot;:{&quot;unit&quot;:&quot;px&quot;,&quot;size&quot;:&quot;&quot;,&quot;sizes&quot;:[]},&quot;cards_row_gap_mobile&quot;:{&quot;unit&quot;:&quot;px&quot;,&quot;size&quot;:&quot;&quot;,&quot;sizes&quot;:[]}}\" data-widget_type=\"posts.cards\">\n\t\t\t\t<div class=\"elementor-widget-container\">\n\t\t\t\t\t\t\t<div class=\"elementor-posts-container elementor-posts elementor-posts--skin-cards elementor-grid\" role=\"list\">\n\t\t\t\t<article class=\"elementor-post elementor-grid-item post-32077 post type-post status-publish format-standard has-post-thumbnail hentry category-sin-categorizar\" role=\"listitem\">\n\t\t\t<div class=\"elementor-post__card\">\n\t\t\t\t<a class=\"elementor-post__thumbnail__link\" href=\"https:\/\/capsa2in1.com\/fr\/laureats-du-worldstar-award-2026-pour-le-design-monomateriau-e-protect-citri\/\" tabindex=\"-1\" ><div class=\"elementor-post__thumbnail\"><img fetchpriority=\"high\" decoding=\"async\" width=\"768\" height=\"512\" src=\"https:\/\/capsa2in1.com\/wp-content\/uploads\/2026\/01\/Caratula-blog-WorldStar-Award-1-768x512.png\" class=\"attachment-medium_large size-medium_large wp-image-32078\" alt=\"\" srcset=\"https:\/\/capsa2in1.com\/wp-content\/uploads\/2026\/01\/Caratula-blog-WorldStar-Award-1-768x512.png 768w, https:\/\/capsa2in1.com\/wp-content\/uploads\/2026\/01\/Caratula-blog-WorldStar-Award-1-300x200.png 300w, https:\/\/capsa2in1.com\/wp-content\/uploads\/2026\/01\/Caratula-blog-WorldStar-Award-1-1024x683.png 1024w, https:\/\/capsa2in1.com\/wp-content\/uploads\/2026\/01\/Caratula-blog-WorldStar-Award-1-1536x1024.png 1536w, https:\/\/capsa2in1.com\/wp-content\/uploads\/2026\/01\/Caratula-blog-WorldStar-Award-1-2048x1366.png 2048w, https:\/\/capsa2in1.com\/wp-content\/uploads\/2026\/01\/Caratula-blog-WorldStar-Award-1-600x400.png 600w\" sizes=\"(max-width: 768px) 100vw, 768px\" \/><\/div><\/a>\n\t\t\t\t<div class=\"elementor-post__text\">\n\t\t\t\t<h3 class=\"elementor-post__title\">\n\t\t\t<a href=\"https:\/\/capsa2in1.com\/fr\/laureats-du-worldstar-award-2026-pour-le-design-monomateriau-e-protect-citri\/\" >\n\t\t\t\tLaur\u00e9ats du WorldStar Award 2026 pour le design monomat\u00e9riau e-PROTECT CITRI\t\t\t<\/a>\n\t\t<\/h3>\n\t\t\t\t<div class=\"elementor-post__excerpt\">\n\t\t\t<p>Capsa Packaging a re\u00e7u un WorldStar Award 2026, la distinction internationale la plus prestigieuse du secteur de l\u2019emballage, d\u00e9cern\u00e9e par la World Packaging Organization (WPO).<\/p>\n\t\t<\/div>\n\t\t\t\t<\/div>\n\t\t\t\t\t<\/div>\n\t\t<\/article>\n\t\t\t\t<article class=\"elementor-post elementor-grid-item post-31929 post type-post status-publish format-standard has-post-thumbnail hentry category-sin-categorizar\" role=\"listitem\">\n\t\t\t<div class=\"elementor-post__card\">\n\t\t\t\t<a class=\"elementor-post__thumbnail__link\" href=\"https:\/\/capsa2in1.com\/fr\/capsa-packaging-remporte-deux-prix-liderpack-2025-pour-ses-designs-durables-et-innovants\/\" tabindex=\"-1\" ><div class=\"elementor-post__thumbnail\"><img decoding=\"async\" width=\"768\" height=\"512\" src=\"https:\/\/capsa2in1.com\/wp-content\/uploads\/2025\/11\/Copia-de-seguridad-del-embalaje-en-transporte-de-paqueteria-2-768x512.png\" class=\"attachment-medium_large size-medium_large wp-image-31930\" alt=\"Capsa Packaging remporte deux Prix Liderpack 2025 pour ses designs durables et innovants\" srcset=\"https:\/\/capsa2in1.com\/wp-content\/uploads\/2025\/11\/Copia-de-seguridad-del-embalaje-en-transporte-de-paqueteria-2-768x512.png 768w, https:\/\/capsa2in1.com\/wp-content\/uploads\/2025\/11\/Copia-de-seguridad-del-embalaje-en-transporte-de-paqueteria-2-300x200.png 300w, https:\/\/capsa2in1.com\/wp-content\/uploads\/2025\/11\/Copia-de-seguridad-del-embalaje-en-transporte-de-paqueteria-2-1024x683.png 1024w, https:\/\/capsa2in1.com\/wp-content\/uploads\/2025\/11\/Copia-de-seguridad-del-embalaje-en-transporte-de-paqueteria-2-1536x1024.png 1536w, https:\/\/capsa2in1.com\/wp-content\/uploads\/2025\/11\/Copia-de-seguridad-del-embalaje-en-transporte-de-paqueteria-2-2048x1366.png 2048w, https:\/\/capsa2in1.com\/wp-content\/uploads\/2025\/11\/Copia-de-seguridad-del-embalaje-en-transporte-de-paqueteria-2-600x400.png 600w\" sizes=\"(max-width: 768px) 100vw, 768px\" \/><\/div><\/a>\n\t\t\t\t<div class=\"elementor-post__text\">\n\t\t\t\t<h3 class=\"elementor-post__title\">\n\t\t\t<a href=\"https:\/\/capsa2in1.com\/fr\/capsa-packaging-remporte-deux-prix-liderpack-2025-pour-ses-designs-durables-et-innovants\/\" >\n\t\t\t\tCapsa Packaging remporte deux Prix Liderpack 2025 pour ses designs durables et innovants\t\t\t<\/a>\n\t\t<\/h3>\n\t\t\t\t<div class=\"elementor-post__excerpt\">\n\t\t\t<p>Capsa Packaging a \u00e9t\u00e9 r\u00e9compens\u00e9e par deux Prix Liderpack 2025, les distinctions les plus prestigieuses du secteur de l\u2019emballage en Espagne, organis\u00e9es par Graphispack Association<\/p>\n\t\t<\/div>\n\t\t\t\t<\/div>\n\t\t\t\t\t<\/div>\n\t\t<\/article>\n\t\t\t\t<article class=\"elementor-post elementor-grid-item post-31533 post type-post status-publish format-standard has-post-thumbnail hentry category-informations\" role=\"listitem\">\n\t\t\t<div class=\"elementor-post__card\">\n\t\t\t\t<a class=\"elementor-post__thumbnail__link\" href=\"https:\/\/capsa2in1.com\/fr\/logistique-intelligente-les-meilleures-boites-en-carton-pour-lentreposage\/\" tabindex=\"-1\" ><div class=\"elementor-post__thumbnail\"><img decoding=\"async\" width=\"768\" height=\"512\" src=\"https:\/\/capsa2in1.com\/wp-content\/uploads\/2025\/06\/Reducir_capsa_FR-768x512.png\" class=\"attachment-medium_large size-medium_large wp-image-31562\" alt=\"Bo\u00eetes en carton pour le stockage\" srcset=\"https:\/\/capsa2in1.com\/wp-content\/uploads\/2025\/06\/Reducir_capsa_FR-768x512.png 768w, https:\/\/capsa2in1.com\/wp-content\/uploads\/2025\/06\/Reducir_capsa_FR-300x200.png 300w, https:\/\/capsa2in1.com\/wp-content\/uploads\/2025\/06\/Reducir_capsa_FR-1024x683.png 1024w, https:\/\/capsa2in1.com\/wp-content\/uploads\/2025\/06\/Reducir_capsa_FR-1536x1024.png 1536w, https:\/\/capsa2in1.com\/wp-content\/uploads\/2025\/06\/Reducir_capsa_FR-2048x1365.png 2048w, https:\/\/capsa2in1.com\/wp-content\/uploads\/2025\/06\/Reducir_capsa_FR-600x400.png 600w\" sizes=\"(max-width: 768px) 100vw, 768px\" \/><\/div><\/a>\n\t\t\t\t<div class=\"elementor-post__text\">\n\t\t\t\t<h3 class=\"elementor-post__title\">\n\t\t\t<a href=\"https:\/\/capsa2in1.com\/fr\/logistique-intelligente-les-meilleures-boites-en-carton-pour-lentreposage\/\" >\n\t\t\t\tLogistique intelligente : les meilleures bo\u00eetes en carton pour l&rsquo;entreposage\t\t\t<\/a>\n\t\t<\/h3>\n\t\t\t\t<div class=\"elementor-post__excerpt\">\n\t\t\t<p>Le premier contact physique d&rsquo;un client avec votre boutique en ligne est le colis qu&rsquo;il re\u00e7oit. Un emballage soign\u00e9 et fonctionnel est synonyme de professionnalisme,<\/p>\n\t\t<\/div>\n\t\t\t\t<\/div>\n\t\t\t\t\t<\/div>\n\t\t<\/article>\n\t\t\t\t<article class=\"elementor-post elementor-grid-item post-31303 post type-post status-publish format-standard has-post-thumbnail hentry category-informations-fr category-informations\" role=\"listitem\">\n\t\t\t<div class=\"elementor-post__card\">\n\t\t\t\t<a class=\"elementor-post__thumbnail__link\" href=\"https:\/\/capsa2in1.com\/fr\/roturas-en-el-transporte-causas-comunes-y-como-evitarlas\/\" tabindex=\"-1\" ><div class=\"elementor-post__thumbnail\"><img loading=\"lazy\" decoding=\"async\" width=\"768\" height=\"512\" src=\"https:\/\/capsa2in1.com\/wp-content\/uploads\/2025\/05\/Roturas-en-el-transporte-causas-comunes-y-como-evitarlas-1-768x512.png\" class=\"attachment-medium_large size-medium_large wp-image-31300\" alt=\"casses lors du transport\" srcset=\"https:\/\/capsa2in1.com\/wp-content\/uploads\/2025\/05\/Roturas-en-el-transporte-causas-comunes-y-como-evitarlas-1-768x512.png 768w, https:\/\/capsa2in1.com\/wp-content\/uploads\/2025\/05\/Roturas-en-el-transporte-causas-comunes-y-como-evitarlas-1-300x200.png 300w, https:\/\/capsa2in1.com\/wp-content\/uploads\/2025\/05\/Roturas-en-el-transporte-causas-comunes-y-como-evitarlas-1-1024x683.png 1024w, https:\/\/capsa2in1.com\/wp-content\/uploads\/2025\/05\/Roturas-en-el-transporte-causas-comunes-y-como-evitarlas-1-1536x1024.png 1536w, https:\/\/capsa2in1.com\/wp-content\/uploads\/2025\/05\/Roturas-en-el-transporte-causas-comunes-y-como-evitarlas-1-2048x1366.png 2048w, https:\/\/capsa2in1.com\/wp-content\/uploads\/2025\/05\/Roturas-en-el-transporte-causas-comunes-y-como-evitarlas-1-600x400.png 600w\" sizes=\"(max-width: 768px) 100vw, 768px\" \/><\/div><\/a>\n\t\t\t\t<div class=\"elementor-post__text\">\n\t\t\t\t<h3 class=\"elementor-post__title\">\n\t\t\t<a href=\"https:\/\/capsa2in1.com\/fr\/roturas-en-el-transporte-causas-comunes-y-como-evitarlas\/\" >\n\t\t\t\tCasses lors du transport : causes courantes et comment les \u00e9viter\t\t\t<\/a>\n\t\t<\/h3>\n\t\t\t\t<div class=\"elementor-post__excerpt\">\n\t\t\t<p>Les casses lors du transport repr\u00e9sentent l\u2019un des enjeux majeurs de la logistique moderne. Chaque jour, des milliers de produits voyagent d\u2019un point \u00e0 un<\/p>\n\t\t<\/div>\n\t\t\t\t<\/div>\n\t\t\t\t\t<\/div>\n\t\t<\/article>\n\t\t\t\t<article class=\"elementor-post elementor-grid-item post-6510 post type-post status-publish format-standard has-post-thumbnail hentry category-communiques-de-presse-2018 category-informations tag-bluespace-fr tag-capsa-2in1-fr tag-capsa-packaging-fr tag-patentes-fr tag-programa-licensing-fr\" role=\"listitem\">\n\t\t\t<div class=\"elementor-post__card\">\n\t\t\t\t<a class=\"elementor-post__thumbnail__link\" href=\"https:\/\/capsa2in1.com\/fr\/capsa-packaging-poursuit-bluespace-pour-violation-de-plusieurs-brevets\/\" tabindex=\"-1\" ><div class=\"elementor-post__thumbnail\"><img loading=\"lazy\" decoding=\"async\" width=\"611\" height=\"360\" src=\"https:\/\/capsa2in1.com\/wp-content\/uploads\/2019\/01\/NP2018_Bluespace.jpg\" class=\"attachment-medium_large size-medium_large wp-image-6428\" alt=\"Capsa\u00ae demanda a Bluespace\" srcset=\"https:\/\/capsa2in1.com\/wp-content\/uploads\/2019\/01\/NP2018_Bluespace.jpg 611w, https:\/\/capsa2in1.com\/wp-content\/uploads\/2019\/01\/NP2018_Bluespace-300x177.jpg 300w, https:\/\/capsa2in1.com\/wp-content\/uploads\/2019\/01\/NP2018_Bluespace-600x354.jpg 600w\" sizes=\"(max-width: 611px) 100vw, 611px\" \/><\/div><\/a>\n\t\t\t\t<div class=\"elementor-post__text\">\n\t\t\t\t<h3 class=\"elementor-post__title\">\n\t\t\t<a href=\"https:\/\/capsa2in1.com\/fr\/capsa-packaging-poursuit-bluespace-pour-violation-de-plusieurs-brevets\/\" >\n\t\t\t\tCAPSA Packaging poursuit BLUESPACE pour violation de plusieurs brevets\t\t\t<\/a>\n\t\t<\/h3>\n\t\t\t\t<div class=\"elementor-post__excerpt\">\n\t\t\t<p>CAPSA Packaging poursuit BLUESPACE pour violation de plusieurs brevets CAPSA d\u00e9pose plainte pour violation de plusieurs brevets devant le tribunal de commerce de Barcelone, contre<\/p>\n\t\t<\/div>\n\t\t\t\t<\/div>\n\t\t\t\t\t<\/div>\n\t\t<\/article>\n\t\t\t\t<\/div>\n\t\t\n\t\t\t\t\t\t<\/div>\n\t\t\t\t<\/div>\n\t\t\t\t\t<\/div>\n\t\t<\/div>\n\t\t\t\t\t<\/div>\n\t\t<\/section>\n\t\t\t\t<section class=\"elementor-section elementor-top-section elementor-element elementor-element-cb8f38d elementor-section-boxed elementor-section-height-default elementor-section-height-default\" data-id=\"cb8f38d\" data-element_type=\"section\" id=\"suscribirme\" data-settings=\"{&quot;background_background&quot;:&quot;classic&quot;}\">\n\t\t\t\t\t\t<div class=\"elementor-container elementor-column-gap-default\">\n\t\t\t\t\t<div class=\"elementor-column elementor-col-100 elementor-top-column elementor-element elementor-element-4250ffe\" data-id=\"4250ffe\" data-element_type=\"column\">\n\t\t\t<div class=\"elementor-widget-wrap elementor-element-populated\">\n\t\t\t\t\t\t<div class=\"elementor-element elementor-element-87c47e7 elementor-widget elementor-widget-spacer\" data-id=\"87c47e7\" data-element_type=\"widget\" data-widget_type=\"spacer.default\">\n\t\t\t\t<div class=\"elementor-widget-container\">\n\t\t\t\t\t\t\t<div class=\"elementor-spacer\">\n\t\t\t<div class=\"elementor-spacer-inner\"><\/div>\n\t\t<\/div>\n\t\t\t\t\t\t<\/div>\n\t\t\t\t<\/div>\n\t\t\t\t<div class=\"elementor-element elementor-element-fd8e75d elementor-widget elementor-widget-heading\" data-id=\"fd8e75d\" data-element_type=\"widget\" data-widget_type=\"heading.default\">\n\t\t\t\t<div class=\"elementor-widget-container\">\n\t\t\t\t\t<h2 class=\"elementor-heading-title elementor-size-default\">Vous souhaitez vous tenir au courant des derni\u00e8res tendances du secteur ?<\/h2>\t\t\t\t<\/div>\n\t\t\t\t<\/div>\n\t\t\t\t<div class=\"elementor-element elementor-element-d591082 elementor-widget elementor-widget-html\" data-id=\"d591082\" data-element_type=\"widget\" data-widget_type=\"html.default\">\n\t\t\t\t<div class=\"elementor-widget-container\">\n\t\t\t\t\t<script charset=\"\"utf-8\"\" type=\"\"text\/javascript\"\" src=\"\"\/\/js-eu1.hsforms.net\/forms\/embed\/v2.js\"\"><\/script>\r\n<script>\r\n  hbspt.forms.create({\r\n    region: \"\"eu1\"\",\r\n    portalId: \"\"27155620\"\",\r\n    formId: \"\"e99e2b3b-b6de-4140-b903-8a678bea432a\"\"\r\n  });\r\n<\/script>\t\t\t\t<\/div>\n\t\t\t\t<\/div>\n\t\t\t\t\t<\/div>\n\t\t<\/div>\n\t\t\t\t\t<\/div>\n\t\t<\/section>\n\t\t\t\t<\/div>\n\t\t","protected":false},"excerpt":{"rendered":"<p>Blog et nouvelles Il s&rsquo;agit du premier concept qui r\u00e9invente les bo\u00eetes en carton conventionnelles, en transformant un produit de base en une solution qui profite \u00e0 la fois \u00e0 l&rsquo;exp\u00e9diteur et au destinataire. S&rsquo;abonner Vous souhaitez vous tenir au courant des derni\u00e8res tendances du secteur ?<\/p>\n","protected":false},"author":10,"featured_media":0,"parent":0,"menu_order":0,"comment_status":"closed","ping_status":"closed","template":"elementor_header_footer","meta":{"_acf_changed":false,"footnotes":""},"class_list":["post-13042","page","type-page","status-publish","hentry"],"acf":[],"yoast_head":"<!-- This site is optimized with the Yoast SEO plugin v27.5 - https:\/\/yoast.com\/product\/yoast-seo-wordpress\/ -->\n<title>Blog - CAPSA2in1\u00ae<\/title>\n<meta name=\"robots\" content=\"index, follow, max-snippet:-1, max-image-preview:large, max-video-preview:-1\" \/>\n<link rel=\"canonical\" href=\"https:\/\/capsa2in1.com\/blog\/\" \/>\n<meta property=\"og:locale\" content=\"fr_FR\" \/>\n<meta property=\"og:type\" content=\"article\" \/>\n<meta property=\"og:title\" content=\"Blog - CAPSA2in1\u00ae\" \/>\n<meta property=\"og:description\" content=\"Blog et nouvelles Il s&rsquo;agit du premier concept qui r\u00e9invente les bo\u00eetes en carton conventionnelles, en transformant un produit de base en une solution qui profite \u00e0 la fois \u00e0 l&rsquo;exp\u00e9diteur et au destinataire. S&rsquo;abonner Vous souhaitez vous tenir au courant des derni\u00e8res tendances du secteur ?\" \/>\n<meta property=\"og:url\" content=\"https:\/\/capsa2in1.com\/blog\/\" \/>\n<meta property=\"og:site_name\" content=\"CAPSA2in1\u00ae\" \/>\n<meta property=\"article:modified_time\" content=\"2023-09-26T09:22:30+00:00\" \/>\n<meta name=\"twitter:card\" content=\"summary_large_image\" \/>\n<script type=\"application\/ld+json\" class=\"yoast-schema-graph\">{\"@context\":\"https:\\\/\\\/schema.org\",\"@graph\":[{\"@type\":\"WebPage\",\"@id\":\"https:\\\/\\\/capsa2in1.com\\\/blog\\\/\",\"url\":\"https:\\\/\\\/capsa2in1.com\\\/blog\\\/\",\"name\":\"Blog - CAPSA2in1\u00ae\",\"isPartOf\":{\"@id\":\"https:\\\/\\\/capsa2in1.com\\\/#website\"},\"datePublished\":\"2020-11-17T15:57:17+00:00\",\"dateModified\":\"2023-09-26T09:22:30+00:00\",\"breadcrumb\":{\"@id\":\"https:\\\/\\\/capsa2in1.com\\\/blog\\\/#breadcrumb\"},\"inLanguage\":\"fr-FR\",\"potentialAction\":[{\"@type\":\"ReadAction\",\"target\":[\"https:\\\/\\\/capsa2in1.com\\\/blog\\\/\"]}]},{\"@type\":\"BreadcrumbList\",\"@id\":\"https:\\\/\\\/capsa2in1.com\\\/blog\\\/#breadcrumb\",\"itemListElement\":[{\"@type\":\"ListItem\",\"position\":1,\"name\":\"Inicio\",\"item\":\"https:\\\/\\\/capsa2in1.com\\\/fr\\\/\"},{\"@type\":\"ListItem\",\"position\":2,\"name\":\"Blog\"}]},{\"@type\":\"WebSite\",\"@id\":\"https:\\\/\\\/capsa2in1.com\\\/#website\",\"url\":\"https:\\\/\\\/capsa2in1.com\\\/\",\"name\":\"CAPSA2in1\u00ae\",\"description\":\"Reusable packaging. Smarter, Greener Logistics!\",\"publisher\":{\"@id\":\"https:\\\/\\\/capsa2in1.com\\\/#organization\"},\"potentialAction\":[{\"@type\":\"SearchAction\",\"target\":{\"@type\":\"EntryPoint\",\"urlTemplate\":\"https:\\\/\\\/capsa2in1.com\\\/?s={search_term_string}\"},\"query-input\":{\"@type\":\"PropertyValueSpecification\",\"valueRequired\":true,\"valueName\":\"search_term_string\"}}],\"inLanguage\":\"fr-FR\"},{\"@type\":\"Organization\",\"@id\":\"https:\\\/\\\/capsa2in1.com\\\/#organization\",\"name\":\"CAPSA 2in1\",\"url\":\"https:\\\/\\\/capsa2in1.com\\\/\",\"logo\":{\"@type\":\"ImageObject\",\"inLanguage\":\"fr-FR\",\"@id\":\"https:\\\/\\\/capsa2in1.com\\\/#\\\/schema\\\/logo\\\/image\\\/\",\"url\":\"\",\"contentUrl\":\"\",\"caption\":\"CAPSA 2in1\"},\"image\":{\"@id\":\"https:\\\/\\\/capsa2in1.com\\\/#\\\/schema\\\/logo\\\/image\\\/\"}}]}<\/script>\n<!-- \/ Yoast SEO plugin. -->","yoast_head_json":{"title":"Blog - CAPSA2in1\u00ae","robots":{"index":"index","follow":"follow","max-snippet":"max-snippet:-1","max-image-preview":"max-image-preview:large","max-video-preview":"max-video-preview:-1"},"canonical":"https:\/\/capsa2in1.com\/blog\/","og_locale":"fr_FR","og_type":"article","og_title":"Blog - CAPSA2in1\u00ae","og_description":"Blog et nouvelles Il s&rsquo;agit du premier concept qui r\u00e9invente les bo\u00eetes en carton conventionnelles, en transformant un produit de base en une solution qui profite \u00e0 la fois \u00e0 l&rsquo;exp\u00e9diteur et au destinataire. S&rsquo;abonner Vous souhaitez vous tenir au courant des derni\u00e8res tendances du secteur ?","og_url":"https:\/\/capsa2in1.com\/blog\/","og_site_name":"CAPSA2in1\u00ae","article_modified_time":"2023-09-26T09:22:30+00:00","twitter_card":"summary_large_image","schema":{"@context":"https:\/\/schema.org","@graph":[{"@type":"WebPage","@id":"https:\/\/capsa2in1.com\/blog\/","url":"https:\/\/capsa2in1.com\/blog\/","name":"Blog - CAPSA2in1\u00ae","isPartOf":{"@id":"https:\/\/capsa2in1.com\/#website"},"datePublished":"2020-11-17T15:57:17+00:00","dateModified":"2023-09-26T09:22:30+00:00","breadcrumb":{"@id":"https:\/\/capsa2in1.com\/blog\/#breadcrumb"},"inLanguage":"fr-FR","potentialAction":[{"@type":"ReadAction","target":["https:\/\/capsa2in1.com\/blog\/"]}]},{"@type":"BreadcrumbList","@id":"https:\/\/capsa2in1.com\/blog\/#breadcrumb","itemListElement":[{"@type":"ListItem","position":1,"name":"Inicio","item":"https:\/\/capsa2in1.com\/fr\/"},{"@type":"ListItem","position":2,"name":"Blog"}]},{"@type":"WebSite","@id":"https:\/\/capsa2in1.com\/#website","url":"https:\/\/capsa2in1.com\/","name":"CAPSA2in1\u00ae","description":"Reusable packaging. Smarter, Greener Logistics!","publisher":{"@id":"https:\/\/capsa2in1.com\/#organization"},"potentialAction":[{"@type":"SearchAction","target":{"@type":"EntryPoint","urlTemplate":"https:\/\/capsa2in1.com\/?s={search_term_string}"},"query-input":{"@type":"PropertyValueSpecification","valueRequired":true,"valueName":"search_term_string"}}],"inLanguage":"fr-FR"},{"@type":"Organization","@id":"https:\/\/capsa2in1.com\/#organization","name":"CAPSA 2in1","url":"https:\/\/capsa2in1.com\/","logo":{"@type":"ImageObject","inLanguage":"fr-FR","@id":"https:\/\/capsa2in1.com\/#\/schema\/logo\/image\/","url":"","contentUrl":"","caption":"CAPSA 2in1"},"image":{"@id":"https:\/\/capsa2in1.com\/#\/schema\/logo\/image\/"}}]}},"_links":{"self":[{"href":"https:\/\/capsa2in1.com\/fr\/wp-json\/wp\/v2\/pages\/13042","targetHints":{"allow":["GET"]}}],"collection":[{"href":"https:\/\/capsa2in1.com\/fr\/wp-json\/wp\/v2\/pages"}],"about":[{"href":"https:\/\/capsa2in1.com\/fr\/wp-json\/wp\/v2\/types\/page"}],"author":[{"embeddable":true,"href":"https:\/\/capsa2in1.com\/fr\/wp-json\/wp\/v2\/users\/10"}],"replies":[{"embeddable":true,"href":"https:\/\/capsa2in1.com\/fr\/wp-json\/wp\/v2\/comments?post=13042"}],"version-history":[{"count":0,"href":"https:\/\/capsa2in1.com\/fr\/wp-json\/wp\/v2\/pages\/13042\/revisions"}],"wp:attachment":[{"href":"https:\/\/capsa2in1.com\/fr\/wp-json\/wp\/v2\/media?parent=13042"}],"curies":[{"name":"wp","href":"https:\/\/api.w.org\/{rel}","templated":true}]}}