{"id":13036,"date":"2020-11-17T15:09:10","date_gmt":"2020-11-17T15:09:10","guid":{"rendered":"https:\/\/capsa2in1.com\/service-grands-comptes\/"},"modified":"2021-03-24T12:28:41","modified_gmt":"2021-03-24T12:28:41","slug":"service-grands-comptes","status":"publish","type":"page","link":"https:\/\/capsa2in1.com\/fr\/service-grands-comptes\/","title":{"rendered":"Service grands comptes"},"content":{"rendered":"\t\t<div data-elementor-type=\"wp-page\" data-elementor-id=\"13036\" class=\"elementor elementor-13036 elementor-11885\" data-elementor-post-type=\"page\">\n\t\t\t\t\t\t<section class=\"elementor-section elementor-top-section elementor-element elementor-element-eaba3a0 elementor-section-boxed elementor-section-height-default elementor-section-height-default\" data-id=\"eaba3a0\" data-element_type=\"section\">\n\t\t\t\t\t\t<div class=\"elementor-container elementor-column-gap-default\">\n\t\t\t\t\t<div class=\"elementor-column elementor-col-100 elementor-top-column elementor-element elementor-element-322bec5\" data-id=\"322bec5\" data-element_type=\"column\">\n\t\t\t<div class=\"elementor-widget-wrap elementor-element-populated\">\n\t\t\t\t\t\t<div class=\"elementor-element elementor-element-eec55a6 elementor-widget elementor-widget-heading\" data-id=\"eec55a6\" data-element_type=\"widget\" data-widget_type=\"heading.default\">\n\t\t\t\t<div class=\"elementor-widget-container\">\n\t\t\t\t\t<h1 class=\"elementor-heading-title elementor-size-default\">Service grands comptes<\/h1>\t\t\t\t<\/div>\n\t\t\t\t<\/div>\n\t\t\t\t<div class=\"elementor-element elementor-element-1bed4bb elementor-widget elementor-widget-heading\" data-id=\"1bed4bb\" data-element_type=\"widget\" data-widget_type=\"heading.default\">\n\t\t\t\t<div class=\"elementor-widget-container\">\n\t\t\t\t\t<h3 class=\"elementor-heading-title elementor-size-default\">Nous nous adaptons \u00e0 votre consommation\nd' emballages<\/h3>\t\t\t\t<\/div>\n\t\t\t\t<\/div>\n\t\t\t\t\t<\/div>\n\t\t<\/div>\n\t\t\t\t\t<\/div>\n\t\t<\/section>\n\t\t\t\t<section class=\"elementor-section elementor-top-section elementor-element elementor-element-2afe07f elementor-section-boxed elementor-section-height-default elementor-section-height-default\" data-id=\"2afe07f\" data-element_type=\"section\">\n\t\t\t\t\t\t<div class=\"elementor-container elementor-column-gap-default\">\n\t\t\t\t\t<div class=\"elementor-column elementor-col-100 elementor-top-column elementor-element elementor-element-2cc0677\" data-id=\"2cc0677\" data-element_type=\"column\">\n\t\t\t<div class=\"elementor-widget-wrap elementor-element-populated\">\n\t\t\t\t\t\t<section class=\"elementor-section elementor-inner-section elementor-element elementor-element-64cd26c elementor-section-boxed elementor-section-height-default elementor-section-height-default\" data-id=\"64cd26c\" data-element_type=\"section\">\n\t\t\t\t\t\t<div class=\"elementor-container elementor-column-gap-wide\">\n\t\t\t\t\t<div class=\"elementor-column elementor-col-50 elementor-inner-column elementor-element elementor-element-6b04136\" data-id=\"6b04136\" data-element_type=\"column\">\n\t\t\t<div class=\"elementor-widget-wrap elementor-element-populated\">\n\t\t\t\t\t\t<div class=\"elementor-element elementor-element-acee9aa elementor-widget elementor-widget-text-editor\" data-id=\"acee9aa\" data-element_type=\"widget\" data-widget_type=\"text-editor.default\">\n\t\t\t\t<div class=\"elementor-widget-container\">\n\t\t\t\t\t\t\t\t\t<p>Un service sur mesure pour les entreprises ayant des volumes d&rsquo;achat en grande quantit\u00e9. Nous vous offrons un service de planification de livraisons partielles selon votre calendrier.<\/p><p>Si dans votre entreprise vous avez une consommation r\u00e9guli\u00e8re d&#8217;emballages, Capsa<strong>\u00ae<\/strong> met \u00e0 votre disposition le d\u00e9partement de Service Grands Comptes o\u00f9 une <strong>\u00e9quipe de professionnels hautement qualifi\u00e9s<\/strong> <strong>\u00e9tudiera une offre personnalis\u00e9e pour vos volumes d&rsquo;achat<\/strong>. En autre, un conseiller commercial vous sera affect\u00e9 afin que vous puissiez avoir un contact direct de vos achats.<\/p><p>Avec ce service, nous fournissons \u00e0 nos clients l&rsquo;excellent service qu&rsquo;ils m\u00e9ritent. Notre objectif principal est de couvrir vos besoins en mati\u00e8re d&#8217;emballage. En outre, gr\u00e2ce \u00e0 notre plateforme en ligne, vous pourrez v\u00e9rifier l&rsquo;\u00e9tat de vos commandes, consulter les conditions n\u00e9goci\u00e9es en fonction de vos volumes d&rsquo;achat et effectuer des achats de vos r\u00e9f\u00e9rences habituelles, y compris les produits personnalis\u00e9s \u00e0 votre marque ou avec des mesures sp\u00e9ciales.<\/p>\t\t\t\t\t\t\t\t<\/div>\n\t\t\t\t<\/div>\n\t\t\t\t\t<\/div>\n\t\t<\/div>\n\t\t\t\t<div class=\"elementor-column elementor-col-50 elementor-inner-column elementor-element elementor-element-4f64ac0\" data-id=\"4f64ac0\" data-element_type=\"column\" data-settings=\"{&quot;background_background&quot;:&quot;classic&quot;}\">\n\t\t\t<div class=\"elementor-widget-wrap elementor-element-populated\">\n\t\t\t\t\t\t<div class=\"elementor-element elementor-element-96eb057 elementor-widget elementor-widget-image\" data-id=\"96eb057\" data-element_type=\"widget\" data-widget_type=\"image.default\">\n\t\t\t\t<div class=\"elementor-widget-container\">\n\t\t\t\t\t\t\t\t\t\t\t\t\t\t\t<img fetchpriority=\"high\" decoding=\"async\" width=\"525\" height=\"390\" src=\"https:\/\/capsa2in1.com\/wp-content\/uploads\/2020\/10\/grandes-cuentas.png\" class=\"attachment-large size-large wp-image-11893\" alt=\"\" srcset=\"https:\/\/capsa2in1.com\/wp-content\/uploads\/2020\/10\/grandes-cuentas.png 525w, https:\/\/capsa2in1.com\/wp-content\/uploads\/2020\/10\/grandes-cuentas-300x223.png 300w\" sizes=\"(max-width: 525px) 100vw, 525px\" \/>\t\t\t\t\t\t\t\t\t\t\t\t\t\t\t<\/div>\n\t\t\t\t<\/div>\n\t\t\t\t<div class=\"elementor-element elementor-element-e84e802 elementor-widget elementor-widget-heading\" data-id=\"e84e802\" data-element_type=\"widget\" data-widget_type=\"heading.default\">\n\t\t\t\t<div class=\"elementor-widget-container\">\n\t\t\t\t\t<h5 class=\"elementor-heading-title elementor-size-default\">Vous souhaitez obtenir plus d'informations ?<\/h5>\t\t\t\t<\/div>\n\t\t\t\t<\/div>\n\t\t\t\t<div class=\"elementor-element elementor-element-974a397 elementor-align-center elementor-widget elementor-widget-button\" data-id=\"974a397\" data-element_type=\"widget\" data-widget_type=\"button.default\">\n\t\t\t\t<div class=\"elementor-widget-container\">\n\t\t\t\t\t\t\t\t\t<div class=\"elementor-button-wrapper\">\n\t\t\t\t\t<a class=\"elementor-button elementor-button-link elementor-size-sm elementor-animation-float\" href=\"https:\/\/capsa2in1.com\/contacto\/\">\n\t\t\t\t\t\t<span class=\"elementor-button-content-wrapper\">\n\t\t\t\t\t\t\t\t\t<span class=\"elementor-button-text\">CONTACTEZ-NOUS<\/span>\n\t\t\t\t\t<\/span>\n\t\t\t\t\t<\/a>\n\t\t\t\t<\/div>\n\t\t\t\t\t\t\t\t<\/div>\n\t\t\t\t<\/div>\n\t\t\t\t\t<\/div>\n\t\t<\/div>\n\t\t\t\t\t<\/div>\n\t\t<\/section>\n\t\t\t\t\t<\/div>\n\t\t<\/div>\n\t\t\t\t\t<\/div>\n\t\t<\/section>\n\t\t\t\t<section class=\"elementor-section elementor-top-section elementor-element elementor-element-1ed41cf elementor-section-boxed elementor-section-height-default elementor-section-height-default\" data-id=\"1ed41cf\" data-element_type=\"section\">\n\t\t\t\t\t\t<div class=\"elementor-container elementor-column-gap-default\">\n\t\t\t\t\t<div class=\"elementor-column elementor-col-100 elementor-top-column elementor-element elementor-element-db1b9d9\" data-id=\"db1b9d9\" data-element_type=\"column\">\n\t\t\t<div class=\"elementor-widget-wrap elementor-element-populated\">\n\t\t\t\t\t\t<div class=\"elementor-element elementor-element-7cc795d elementor-widget elementor-widget-spacer\" data-id=\"7cc795d\" data-element_type=\"widget\" data-widget_type=\"spacer.default\">\n\t\t\t\t<div class=\"elementor-widget-container\">\n\t\t\t\t\t\t\t<div class=\"elementor-spacer\">\n\t\t\t<div class=\"elementor-spacer-inner\"><\/div>\n\t\t<\/div>\n\t\t\t\t\t\t<\/div>\n\t\t\t\t<\/div>\n\t\t\t\t\t<\/div>\n\t\t<\/div>\n\t\t\t\t\t<\/div>\n\t\t<\/section>\n\t\t\t\t<\/div>\n\t\t","protected":false},"excerpt":{"rendered":"<p>Service grands comptes Nous nous adaptons \u00e0 votre consommation d&rsquo; emballages Un service sur mesure pour les entreprises ayant des volumes d&rsquo;achat en grande quantit\u00e9. Nous vous offrons un service de planification de livraisons partielles selon votre calendrier. Si dans votre entreprise vous avez une consommation r\u00e9guli\u00e8re d&#8217;emballages, Capsa\u00ae met \u00e0 votre disposition le d\u00e9partement [&hellip;]<\/p>\n","protected":false},"author":7,"featured_media":0,"parent":0,"menu_order":0,"comment_status":"closed","ping_status":"closed","template":"elementor_header_footer","meta":{"_acf_changed":false,"footnotes":""},"class_list":["post-13036","page","type-page","status-publish","hentry"],"acf":[],"yoast_head":"<!-- This site is optimized with the Yoast SEO plugin v27.5 - https:\/\/yoast.com\/product\/yoast-seo-wordpress\/ -->\n<title>Service grands comptes - CAPSA2in1\u00ae<\/title>\n<meta name=\"robots\" content=\"index, follow, max-snippet:-1, max-image-preview:large, max-video-preview:-1\" \/>\n<link rel=\"canonical\" href=\"https:\/\/capsa2in1.com\/servicio-grandes-cuentas\/\" \/>\n<meta property=\"og:locale\" content=\"fr_FR\" \/>\n<meta property=\"og:type\" content=\"article\" \/>\n<meta property=\"og:title\" content=\"Service grands comptes - CAPSA2in1\u00ae\" \/>\n<meta property=\"og:description\" content=\"Service grands comptes Nous nous adaptons \u00e0 votre consommation d&rsquo; emballages Un service sur mesure pour les entreprises ayant des volumes d&rsquo;achat en grande quantit\u00e9. Nous vous offrons un service de planification de livraisons partielles selon votre calendrier. Si dans votre entreprise vous avez une consommation r\u00e9guli\u00e8re d&#8217;emballages, Capsa\u00ae met \u00e0 votre disposition le d\u00e9partement [&hellip;]\" \/>\n<meta property=\"og:url\" content=\"https:\/\/capsa2in1.com\/servicio-grandes-cuentas\/\" \/>\n<meta property=\"og:site_name\" content=\"CAPSA2in1\u00ae\" \/>\n<meta property=\"article:modified_time\" content=\"2021-03-24T12:28:41+00:00\" \/>\n<meta property=\"og:image\" content=\"https:\/\/capsa2in1.com\/wp-content\/uploads\/2020\/10\/grandes-cuentas.png\" \/>\n<meta name=\"twitter:card\" content=\"summary_large_image\" \/>\n<meta name=\"twitter:label1\" content=\"Dur\u00e9e de lecture estim\u00e9e\" \/>\n\t<meta name=\"twitter:data1\" content=\"1 minute\" \/>\n<script type=\"application\/ld+json\" class=\"yoast-schema-graph\">{\"@context\":\"https:\\\/\\\/schema.org\",\"@graph\":[{\"@type\":\"WebPage\",\"@id\":\"https:\\\/\\\/capsa2in1.com\\\/servicio-grandes-cuentas\\\/\",\"url\":\"https:\\\/\\\/capsa2in1.com\\\/servicio-grandes-cuentas\\\/\",\"name\":\"Service grands comptes - CAPSA2in1\u00ae\",\"isPartOf\":{\"@id\":\"https:\\\/\\\/capsa2in1.com\\\/#website\"},\"primaryImageOfPage\":{\"@id\":\"https:\\\/\\\/capsa2in1.com\\\/servicio-grandes-cuentas\\\/#primaryimage\"},\"image\":{\"@id\":\"https:\\\/\\\/capsa2in1.com\\\/servicio-grandes-cuentas\\\/#primaryimage\"},\"thumbnailUrl\":\"https:\\\/\\\/capsa2in1.com\\\/wp-content\\\/uploads\\\/2020\\\/10\\\/grandes-cuentas.png\",\"datePublished\":\"2020-11-17T15:09:10+00:00\",\"dateModified\":\"2021-03-24T12:28:41+00:00\",\"breadcrumb\":{\"@id\":\"https:\\\/\\\/capsa2in1.com\\\/servicio-grandes-cuentas\\\/#breadcrumb\"},\"inLanguage\":\"fr-FR\",\"potentialAction\":[{\"@type\":\"ReadAction\",\"target\":[\"https:\\\/\\\/capsa2in1.com\\\/servicio-grandes-cuentas\\\/\"]}]},{\"@type\":\"ImageObject\",\"inLanguage\":\"fr-FR\",\"@id\":\"https:\\\/\\\/capsa2in1.com\\\/servicio-grandes-cuentas\\\/#primaryimage\",\"url\":\"https:\\\/\\\/capsa2in1.com\\\/wp-content\\\/uploads\\\/2020\\\/10\\\/grandes-cuentas.png\",\"contentUrl\":\"https:\\\/\\\/capsa2in1.com\\\/wp-content\\\/uploads\\\/2020\\\/10\\\/grandes-cuentas.png\"},{\"@type\":\"BreadcrumbList\",\"@id\":\"https:\\\/\\\/capsa2in1.com\\\/servicio-grandes-cuentas\\\/#breadcrumb\",\"itemListElement\":[{\"@type\":\"ListItem\",\"position\":1,\"name\":\"Inicio\",\"item\":\"https:\\\/\\\/capsa2in1.com\\\/fr\\\/\"},{\"@type\":\"ListItem\",\"position\":2,\"name\":\"Service grands comptes\"}]},{\"@type\":\"WebSite\",\"@id\":\"https:\\\/\\\/capsa2in1.com\\\/#website\",\"url\":\"https:\\\/\\\/capsa2in1.com\\\/\",\"name\":\"CAPSA2in1\u00ae\",\"description\":\"Reusable packaging. Smarter, Greener Logistics!\",\"publisher\":{\"@id\":\"https:\\\/\\\/capsa2in1.com\\\/#organization\"},\"potentialAction\":[{\"@type\":\"SearchAction\",\"target\":{\"@type\":\"EntryPoint\",\"urlTemplate\":\"https:\\\/\\\/capsa2in1.com\\\/?s={search_term_string}\"},\"query-input\":{\"@type\":\"PropertyValueSpecification\",\"valueRequired\":true,\"valueName\":\"search_term_string\"}}],\"inLanguage\":\"fr-FR\"},{\"@type\":\"Organization\",\"@id\":\"https:\\\/\\\/capsa2in1.com\\\/#organization\",\"name\":\"CAPSA 2in1\",\"url\":\"https:\\\/\\\/capsa2in1.com\\\/\",\"logo\":{\"@type\":\"ImageObject\",\"inLanguage\":\"fr-FR\",\"@id\":\"https:\\\/\\\/capsa2in1.com\\\/#\\\/schema\\\/logo\\\/image\\\/\",\"url\":\"\",\"contentUrl\":\"\",\"caption\":\"CAPSA 2in1\"},\"image\":{\"@id\":\"https:\\\/\\\/capsa2in1.com\\\/#\\\/schema\\\/logo\\\/image\\\/\"}}]}<\/script>\n<!-- \/ Yoast SEO plugin. -->","yoast_head_json":{"title":"Service grands comptes - CAPSA2in1\u00ae","robots":{"index":"index","follow":"follow","max-snippet":"max-snippet:-1","max-image-preview":"max-image-preview:large","max-video-preview":"max-video-preview:-1"},"canonical":"https:\/\/capsa2in1.com\/servicio-grandes-cuentas\/","og_locale":"fr_FR","og_type":"article","og_title":"Service grands comptes - CAPSA2in1\u00ae","og_description":"Service grands comptes Nous nous adaptons \u00e0 votre consommation d&rsquo; emballages Un service sur mesure pour les entreprises ayant des volumes d&rsquo;achat en grande quantit\u00e9. Nous vous offrons un service de planification de livraisons partielles selon votre calendrier. Si dans votre entreprise vous avez une consommation r\u00e9guli\u00e8re d&#8217;emballages, Capsa\u00ae met \u00e0 votre disposition le d\u00e9partement [&hellip;]","og_url":"https:\/\/capsa2in1.com\/servicio-grandes-cuentas\/","og_site_name":"CAPSA2in1\u00ae","article_modified_time":"2021-03-24T12:28:41+00:00","og_image":[{"url":"https:\/\/capsa2in1.com\/wp-content\/uploads\/2020\/10\/grandes-cuentas.png","type":"","width":"","height":""}],"twitter_card":"summary_large_image","twitter_misc":{"Dur\u00e9e de lecture estim\u00e9e":"1 minute"},"schema":{"@context":"https:\/\/schema.org","@graph":[{"@type":"WebPage","@id":"https:\/\/capsa2in1.com\/servicio-grandes-cuentas\/","url":"https:\/\/capsa2in1.com\/servicio-grandes-cuentas\/","name":"Service grands comptes - CAPSA2in1\u00ae","isPartOf":{"@id":"https:\/\/capsa2in1.com\/#website"},"primaryImageOfPage":{"@id":"https:\/\/capsa2in1.com\/servicio-grandes-cuentas\/#primaryimage"},"image":{"@id":"https:\/\/capsa2in1.com\/servicio-grandes-cuentas\/#primaryimage"},"thumbnailUrl":"https:\/\/capsa2in1.com\/wp-content\/uploads\/2020\/10\/grandes-cuentas.png","datePublished":"2020-11-17T15:09:10+00:00","dateModified":"2021-03-24T12:28:41+00:00","breadcrumb":{"@id":"https:\/\/capsa2in1.com\/servicio-grandes-cuentas\/#breadcrumb"},"inLanguage":"fr-FR","potentialAction":[{"@type":"ReadAction","target":["https:\/\/capsa2in1.com\/servicio-grandes-cuentas\/"]}]},{"@type":"ImageObject","inLanguage":"fr-FR","@id":"https:\/\/capsa2in1.com\/servicio-grandes-cuentas\/#primaryimage","url":"https:\/\/capsa2in1.com\/wp-content\/uploads\/2020\/10\/grandes-cuentas.png","contentUrl":"https:\/\/capsa2in1.com\/wp-content\/uploads\/2020\/10\/grandes-cuentas.png"},{"@type":"BreadcrumbList","@id":"https:\/\/capsa2in1.com\/servicio-grandes-cuentas\/#breadcrumb","itemListElement":[{"@type":"ListItem","position":1,"name":"Inicio","item":"https:\/\/capsa2in1.com\/fr\/"},{"@type":"ListItem","position":2,"name":"Service grands comptes"}]},{"@type":"WebSite","@id":"https:\/\/capsa2in1.com\/#website","url":"https:\/\/capsa2in1.com\/","name":"CAPSA2in1\u00ae","description":"Reusable packaging. Smarter, Greener Logistics!","publisher":{"@id":"https:\/\/capsa2in1.com\/#organization"},"potentialAction":[{"@type":"SearchAction","target":{"@type":"EntryPoint","urlTemplate":"https:\/\/capsa2in1.com\/?s={search_term_string}"},"query-input":{"@type":"PropertyValueSpecification","valueRequired":true,"valueName":"search_term_string"}}],"inLanguage":"fr-FR"},{"@type":"Organization","@id":"https:\/\/capsa2in1.com\/#organization","name":"CAPSA 2in1","url":"https:\/\/capsa2in1.com\/","logo":{"@type":"ImageObject","inLanguage":"fr-FR","@id":"https:\/\/capsa2in1.com\/#\/schema\/logo\/image\/","url":"","contentUrl":"","caption":"CAPSA 2in1"},"image":{"@id":"https:\/\/capsa2in1.com\/#\/schema\/logo\/image\/"}}]}},"_links":{"self":[{"href":"https:\/\/capsa2in1.com\/fr\/wp-json\/wp\/v2\/pages\/13036","targetHints":{"allow":["GET"]}}],"collection":[{"href":"https:\/\/capsa2in1.com\/fr\/wp-json\/wp\/v2\/pages"}],"about":[{"href":"https:\/\/capsa2in1.com\/fr\/wp-json\/wp\/v2\/types\/page"}],"author":[{"embeddable":true,"href":"https:\/\/capsa2in1.com\/fr\/wp-json\/wp\/v2\/users\/7"}],"replies":[{"embeddable":true,"href":"https:\/\/capsa2in1.com\/fr\/wp-json\/wp\/v2\/comments?post=13036"}],"version-history":[{"count":0,"href":"https:\/\/capsa2in1.com\/fr\/wp-json\/wp\/v2\/pages\/13036\/revisions"}],"wp:attachment":[{"href":"https:\/\/capsa2in1.com\/fr\/wp-json\/wp\/v2\/media?parent=13036"}],"curies":[{"name":"wp","href":"https:\/\/api.w.org\/{rel}","templated":true}]}}