{"id":4318,"date":"2018-11-29T11:51:37","date_gmt":"2018-11-29T11:51:37","guid":{"rendered":"http:\/\/capsa2in1.com\/innovation\/"},"modified":"2025-07-22T15:36:50","modified_gmt":"2025-07-22T15:36:50","slug":"innovation","status":"publish","type":"page","link":"https:\/\/capsa2in1.com\/en\/innovation\/","title":{"rendered":"Innovation"},"content":{"rendered":"\t\t<div data-elementor-type=\"wp-page\" data-elementor-id=\"4318\" class=\"elementor elementor-4318 elementor-1064\" data-elementor-post-type=\"page\">\n\t\t\t\t\t\t<section class=\"elementor-section elementor-top-section elementor-element elementor-element-5edb113 elementor-section-boxed elementor-section-height-default elementor-section-height-default\" data-id=\"5edb113\" data-element_type=\"section\" data-settings=\"{&quot;background_background&quot;:&quot;classic&quot;}\">\n\t\t\t\t\t\t<div class=\"elementor-container elementor-column-gap-default\">\n\t\t\t\t\t<div class=\"elementor-column elementor-col-100 elementor-top-column elementor-element elementor-element-b1e6634\" data-id=\"b1e6634\" data-element_type=\"column\">\n\t\t\t<div class=\"elementor-widget-wrap elementor-element-populated\">\n\t\t\t\t\t\t<div class=\"elementor-element elementor-element-f758f83 elementor-widget elementor-widget-heading\" data-id=\"f758f83\" data-element_type=\"widget\" data-widget_type=\"heading.default\">\n\t\t\t\t<div class=\"elementor-widget-container\">\n\t\t\t\t\t<h1 class=\"elementor-heading-title elementor-size-default\">Capsa Innovation<\/h1>\t\t\t\t<\/div>\n\t\t\t\t<\/div>\n\t\t\t\t<div class=\"elementor-element elementor-element-3ab944f elementor-widget elementor-widget-spacer\" data-id=\"3ab944f\" data-element_type=\"widget\" data-widget_type=\"spacer.default\">\n\t\t\t\t<div class=\"elementor-widget-container\">\n\t\t\t\t\t\t\t<div class=\"elementor-spacer\">\n\t\t\t<div class=\"elementor-spacer-inner\"><\/div>\n\t\t<\/div>\n\t\t\t\t\t\t<\/div>\n\t\t\t\t<\/div>\n\t\t\t\t<section class=\"elementor-section elementor-inner-section elementor-element elementor-element-c749be1 elementor-section-boxed elementor-section-height-default elementor-section-height-default\" data-id=\"c749be1\" data-element_type=\"section\">\n\t\t\t\t\t\t<div class=\"elementor-container elementor-column-gap-default\">\n\t\t\t\t\t<div class=\"elementor-column elementor-col-50 elementor-inner-column elementor-element elementor-element-7d830d2\" data-id=\"7d830d2\" data-element_type=\"column\">\n\t\t\t<div class=\"elementor-widget-wrap elementor-element-populated\">\n\t\t\t\t\t\t<div class=\"elementor-element elementor-element-ba1f20f elementor-widget elementor-widget-text-editor\" data-id=\"ba1f20f\" data-element_type=\"widget\" data-widget_type=\"text-editor.default\">\n\t\t\t\t<div class=\"elementor-widget-container\">\n\t\t\t\t\t\t\t\t\t<p data-start=\"0\" data-end=\"255\"> <\/p><p data-start=\"0\" data-end=\"255\"> <\/p><p data-start=\"0\" data-end=\"255\"><strong><br><br>We\u2019ve reinvented the cardboard box with our<\/strong> <strong data-start=\"64\" data-end=\"92\">Capsa 2in1\u00ae dual-closure system,<\/strong> built into every product we offer. This reusable design cuts carbon footprint, streamlines logistics and makes every step more efficient and sustainable. <\/p>\t\t\t\t\t\t\t\t<\/div>\n\t\t\t\t<\/div>\n\t\t\t\t<div class=\"elementor-element elementor-element-aa4253e elementor-widget elementor-widget-text-editor\" data-id=\"aa4253e\" data-element_type=\"widget\" data-widget_type=\"text-editor.default\">\n\t\t\t\t<div class=\"elementor-widget-container\">\n\t\t\t\t\t\t\t\t\t<p data-start=\"480\" data-end=\"674\" data-is-last-node=\"\" data-is-only-node=\"\"><strong>At Capsa, that innovative spirit powers every launch,<\/strong> <strong>strengthens brand value and elevates the customer experience<\/strong>\u2014leading the transition to more responsible, circular packaging.<\/p>\t\t\t\t\t\t\t\t<\/div>\n\t\t\t\t<\/div>\n\t\t\t\t<div class=\"elementor-element elementor-element-3d3ecb2 elementor-widget elementor-widget-image\" data-id=\"3d3ecb2\" data-element_type=\"widget\" data-widget_type=\"image.default\">\n\t\t\t\t<div class=\"elementor-widget-container\">\n\t\t\t\t\t\t\t\t\t\t\t\t\t\t\t<img decoding=\"async\" width=\"500\" height=\"77\" src=\"https:\/\/capsa2in1.com\/wp-content\/uploads\/2020\/10\/premios-1.png\" class=\"attachment-medium_large size-medium_large wp-image-11833\" alt=\"Premios LiderPack y Ipaawards\" srcset=\"https:\/\/capsa2in1.com\/wp-content\/uploads\/2020\/10\/premios-1.png 500w, https:\/\/capsa2in1.com\/wp-content\/uploads\/2020\/10\/premios-1-300x46.png 300w\" sizes=\"(max-width: 500px) 100vw, 500px\" \/>\t\t\t\t\t\t\t\t\t\t\t\t\t\t\t<\/div>\n\t\t\t\t<\/div>\n\t\t\t\t\t<\/div>\n\t\t<\/div>\n\t\t\t\t<div class=\"elementor-column elementor-col-50 elementor-inner-column elementor-element elementor-element-f1ef221\" data-id=\"f1ef221\" data-element_type=\"column\">\n\t\t\t<div class=\"elementor-widget-wrap elementor-element-populated\">\n\t\t\t\t\t\t<div class=\"elementor-element elementor-element-3cb0c60 elementor-widget elementor-widget-video\" data-id=\"3cb0c60\" data-element_type=\"widget\" data-settings=\"{&quot;youtube_url&quot;:&quot;https:\\\/\\\/youtu.be\\\/RZpt6O1T54U&quot;,&quot;loop&quot;:&quot;yes&quot;,&quot;video_type&quot;:&quot;youtube&quot;,&quot;controls&quot;:&quot;yes&quot;}\" data-widget_type=\"video.default\">\n\t\t\t\t<div class=\"elementor-widget-container\">\n\t\t\t\t\t\t\t<div class=\"elementor-wrapper elementor-open-inline\">\n\t\t\t<div class=\"elementor-video\"><\/div>\t\t<\/div>\n\t\t\t\t\t\t<\/div>\n\t\t\t\t<\/div>\n\t\t\t\t\t<\/div>\n\t\t<\/div>\n\t\t\t\t\t<\/div>\n\t\t<\/section>\n\t\t\t\t\t<\/div>\n\t\t<\/div>\n\t\t\t\t\t<\/div>\n\t\t<\/section>\n\t\t\t\t<section class=\"elementor-section elementor-top-section elementor-element elementor-element-7d8fb86 elementor-section-boxed elementor-section-height-default elementor-section-height-default\" data-id=\"7d8fb86\" data-element_type=\"section\" data-settings=\"{&quot;background_background&quot;:&quot;gradient&quot;}\">\n\t\t\t\t\t\t<div class=\"elementor-container elementor-column-gap-default\">\n\t\t\t\t\t<div class=\"elementor-column elementor-col-25 elementor-top-column elementor-element elementor-element-bf0c428\" data-id=\"bf0c428\" data-element_type=\"column\">\n\t\t\t<div class=\"elementor-widget-wrap\">\n\t\t\t\t\t\t\t<\/div>\n\t\t<\/div>\n\t\t\t\t<div class=\"elementor-column elementor-col-50 elementor-top-column elementor-element elementor-element-3f24c7f\" data-id=\"3f24c7f\" data-element_type=\"column\">\n\t\t\t<div class=\"elementor-widget-wrap elementor-element-populated\">\n\t\t\t\t\t\t<div class=\"elementor-element elementor-element-5ec5ffb elementor-widget elementor-widget-heading\" data-id=\"5ec5ffb\" data-element_type=\"widget\" data-widget_type=\"heading.default\">\n\t\t\t\t<div class=\"elementor-widget-container\">\n\t\t\t\t\t<h3 class=\"elementor-heading-title elementor-size-default\">Capsa\u00ae innovation has won the IPA Awards 2018 and Liderpack 2018 for its innovative Capsa 2in1\u00ae eZ-Plus\u00ae double sealing system.<\/h3>\t\t\t\t<\/div>\n\t\t\t\t<\/div>\n\t\t\t\t\t<\/div>\n\t\t<\/div>\n\t\t\t\t<div class=\"elementor-column elementor-col-25 elementor-top-column elementor-element elementor-element-a877f99\" data-id=\"a877f99\" data-element_type=\"column\">\n\t\t\t<div class=\"elementor-widget-wrap\">\n\t\t\t\t\t\t\t<\/div>\n\t\t<\/div>\n\t\t\t\t\t<\/div>\n\t\t<\/section>\n\t\t\t\t<section class=\"elementor-section elementor-top-section elementor-element elementor-element-cf6d256 elementor-section-boxed elementor-section-height-default elementor-section-height-default\" data-id=\"cf6d256\" data-element_type=\"section\" data-settings=\"{&quot;background_background&quot;:&quot;classic&quot;}\">\n\t\t\t\t\t\t<div class=\"elementor-container elementor-column-gap-default\">\n\t\t\t\t\t<div class=\"elementor-column elementor-col-100 elementor-top-column elementor-element elementor-element-f318a8b\" data-id=\"f318a8b\" data-element_type=\"column\">\n\t\t\t<div class=\"elementor-widget-wrap elementor-element-populated\">\n\t\t\t\t\t\t<div class=\"elementor-element elementor-element-c51e7df elementor-widget elementor-widget-heading\" data-id=\"c51e7df\" data-element_type=\"widget\" data-widget_type=\"heading.default\">\n\t\t\t\t<div class=\"elementor-widget-container\">\n\t\t\t\t\t<h2 class=\"elementor-heading-title elementor-size-default\">The patented Capsa innovation<\/h2>\t\t\t\t<\/div>\n\t\t\t\t<\/div>\n\t\t\t\t<div class=\"elementor-element elementor-element-495c035 elementor-widget elementor-widget-heading\" data-id=\"495c035\" data-element_type=\"widget\" data-widget_type=\"heading.default\">\n\t\t\t\t<div class=\"elementor-widget-container\">\n\t\t\t\t\t<h3 class=\"elementor-heading-title elementor-size-default\">90 patents | 20 countries<\/h3>\t\t\t\t<\/div>\n\t\t\t\t<\/div>\n\t\t\t\t<section class=\"elementor-section elementor-inner-section elementor-element elementor-element-4ad8bc3 elementor-section-boxed elementor-section-height-default elementor-section-height-default\" data-id=\"4ad8bc3\" data-element_type=\"section\">\n\t\t\t\t\t\t<div class=\"elementor-container elementor-column-gap-default\">\n\t\t\t\t\t<div class=\"elementor-column elementor-col-50 elementor-inner-column elementor-element elementor-element-07898fb\" data-id=\"07898fb\" data-element_type=\"column\">\n\t\t\t<div class=\"elementor-widget-wrap elementor-element-populated\">\n\t\t\t\t\t\t<div class=\"elementor-element elementor-element-63089a5 elementor-widget elementor-widget-text-editor\" data-id=\"63089a5\" data-element_type=\"widget\" data-widget_type=\"text-editor.default\">\n\t\t\t\t<div class=\"elementor-widget-container\">\n\t\t\t\t\t\t\t\t\t<p>Backed by our strong heritage, we developed <strong data-start=\"100\" data-end=\"115\">Capsa 2in1\u00ae<\/strong>\u2014<strong>a game-changing solution that unlocks new functionality in cardboard boxes and makes them genuinely reusable.<\/strong> <strong data-start=\"250\" data-end=\"260\">Capsa\u00ae<\/strong> patents, registered in more than 20 countries, stand as concrete proof of our creative spirit and unwavering commitment to innovation. <\/p>\t\t\t\t\t\t\t\t<\/div>\n\t\t\t\t<\/div>\n\t\t\t\t\t<\/div>\n\t\t<\/div>\n\t\t\t\t<div class=\"elementor-column elementor-col-50 elementor-inner-column elementor-element elementor-element-1b2dc39\" data-id=\"1b2dc39\" data-element_type=\"column\">\n\t\t\t<div class=\"elementor-widget-wrap elementor-element-populated\">\n\t\t\t\t\t\t<div class=\"elementor-element elementor-element-a140ef0 elementor-widget elementor-widget-text-editor\" data-id=\"a140ef0\" data-element_type=\"widget\" data-widget_type=\"text-editor.default\">\n\t\t\t\t<div class=\"elementor-widget-container\">\n\t\t\t\t\t\t\t\t\t<p>Patents are the strongest safeguard for decades of research and development. Today <strong data-start=\"491\" data-end=\"500\">Capsa <\/strong>holds <strong data-start=\"516\" data-end=\"539\">90 active patents worldwide<\/strong>\u2014a powerful shield that not only secures our technology but also lets other companies benefit from it through our licensing program.<\/p>\t\t\t\t\t\t\t\t<\/div>\n\t\t\t\t<\/div>\n\t\t\t\t\t<\/div>\n\t\t<\/div>\n\t\t\t\t\t<\/div>\n\t\t<\/section>\n\t\t\t\t\t<\/div>\n\t\t<\/div>\n\t\t\t\t\t<\/div>\n\t\t<\/section>\n\t\t\t\t<section class=\"elementor-section elementor-top-section elementor-element elementor-element-e11062c elementor-section-boxed elementor-section-height-default elementor-section-height-default\" data-id=\"e11062c\" data-element_type=\"section\">\n\t\t\t\t\t\t<div class=\"elementor-container elementor-column-gap-default\">\n\t\t\t\t\t<div class=\"elementor-column elementor-col-100 elementor-top-column elementor-element elementor-element-78e8355\" data-id=\"78e8355\" data-element_type=\"column\">\n\t\t\t<div class=\"elementor-widget-wrap elementor-element-populated\">\n\t\t\t\t\t\t<div class=\"elementor-element elementor-element-335b975 elementor-widget elementor-widget-image\" data-id=\"335b975\" data-element_type=\"widget\" data-widget_type=\"image.default\">\n\t\t\t\t<div class=\"elementor-widget-container\">\n\t\t\t\t\t\t\t\t\t\t\t\t\t\t\t<img fetchpriority=\"high\" decoding=\"async\" width=\"800\" height=\"444\" src=\"https:\/\/capsa2in1.com\/wp-content\/uploads\/2021\/03\/ESP-MAPA-LICENSING-HOME-new-1.png\" class=\"attachment-large size-large wp-image-17378\" alt=\"Programa de Licensing\" srcset=\"https:\/\/capsa2in1.com\/wp-content\/uploads\/2021\/03\/ESP-MAPA-LICENSING-HOME-new-1.png 1024w, https:\/\/capsa2in1.com\/wp-content\/uploads\/2021\/03\/ESP-MAPA-LICENSING-HOME-new-1-300x166.png 300w, https:\/\/capsa2in1.com\/wp-content\/uploads\/2021\/03\/ESP-MAPA-LICENSING-HOME-new-1-768x426.png 768w, https:\/\/capsa2in1.com\/wp-content\/uploads\/2021\/03\/ESP-MAPA-LICENSING-HOME-new-1-600x333.png 600w\" sizes=\"(max-width: 800px) 100vw, 800px\" \/>\t\t\t\t\t\t\t\t\t\t\t\t\t\t\t<\/div>\n\t\t\t\t<\/div>\n\t\t\t\t<div class=\"elementor-element elementor-element-a2a9538 elementor-widget elementor-widget-spacer\" data-id=\"a2a9538\" data-element_type=\"widget\" data-widget_type=\"spacer.default\">\n\t\t\t\t<div class=\"elementor-widget-container\">\n\t\t\t\t\t\t\t<div class=\"elementor-spacer\">\n\t\t\t<div class=\"elementor-spacer-inner\"><\/div>\n\t\t<\/div>\n\t\t\t\t\t\t<\/div>\n\t\t\t\t<\/div>\n\t\t\t\t\t<\/div>\n\t\t<\/div>\n\t\t\t\t\t<\/div>\n\t\t<\/section>\n\t\t\t\t<section class=\"elementor-section elementor-top-section elementor-element elementor-element-b956528 elementor-section-boxed elementor-section-height-default elementor-section-height-default\" data-id=\"b956528\" data-element_type=\"section\" data-settings=\"{&quot;background_background&quot;:&quot;classic&quot;}\">\n\t\t\t\t\t\t<div class=\"elementor-container elementor-column-gap-default\">\n\t\t\t\t\t<div class=\"elementor-column elementor-col-50 elementor-top-column elementor-element elementor-element-36ca786\" data-id=\"36ca786\" data-element_type=\"column\" data-settings=\"{&quot;background_background&quot;:&quot;classic&quot;}\">\n\t\t\t<div class=\"elementor-widget-wrap elementor-element-populated\">\n\t\t\t\t\t\t<div class=\"elementor-element elementor-element-569924a elementor-widget elementor-widget-heading\" data-id=\"569924a\" data-element_type=\"widget\" data-widget_type=\"heading.default\">\n\t\t\t\t<div class=\"elementor-widget-container\">\n\t\t\t\t\t<h4 class=\"elementor-heading-title elementor-size-default\">If you have a patent or innovation that may be of interest to us<\/h4>\t\t\t\t<\/div>\n\t\t\t\t<\/div>\n\t\t\t\t\t<\/div>\n\t\t<\/div>\n\t\t\t\t<div class=\"elementor-column elementor-col-50 elementor-top-column elementor-element elementor-element-4585fd9\" data-id=\"4585fd9\" data-element_type=\"column\" data-settings=\"{&quot;background_background&quot;:&quot;classic&quot;}\">\n\t\t\t<div class=\"elementor-widget-wrap elementor-element-populated\">\n\t\t\t\t\t\t<div class=\"elementor-element elementor-element-e5f3e2d elementor-widget elementor-widget-heading\" data-id=\"e5f3e2d\" data-element_type=\"widget\" data-widget_type=\"heading.default\">\n\t\t\t\t<div class=\"elementor-widget-container\">\n\t\t\t\t\t<h4 class=\"elementor-heading-title elementor-size-default\">If you are a cardboard-box\nmanufacturer and are\ninterested in a licence...<\/h4>\t\t\t\t<\/div>\n\t\t\t\t<\/div>\n\t\t\t\t\t<\/div>\n\t\t<\/div>\n\t\t\t\t\t<\/div>\n\t\t<\/section>\n\t\t\t\t<section class=\"elementor-section elementor-top-section elementor-element elementor-element-d188c60 elementor-section-boxed elementor-section-height-default elementor-section-height-default\" data-id=\"d188c60\" data-element_type=\"section\">\n\t\t\t\t\t\t<div class=\"elementor-container elementor-column-gap-default\">\n\t\t\t\t\t<div class=\"elementor-column elementor-col-100 elementor-top-column elementor-element elementor-element-4501463\" data-id=\"4501463\" data-element_type=\"column\">\n\t\t\t<div class=\"elementor-widget-wrap elementor-element-populated\">\n\t\t\t\t\t\t<div class=\"elementor-element elementor-element-4cf9fda elementor-align-center elementor-widget elementor-widget-button\" data-id=\"4cf9fda\" data-element_type=\"widget\" data-widget_type=\"button.default\">\n\t\t\t\t<div class=\"elementor-widget-container\">\n\t\t\t\t\t\t\t\t\t<div class=\"elementor-button-wrapper\">\n\t\t\t\t\t<a class=\"elementor-button elementor-button-link elementor-size-sm elementor-animation-float\" href=\"https:\/\/capsa2in1.com\/en\/contact\/\">\n\t\t\t\t\t\t<span class=\"elementor-button-content-wrapper\">\n\t\t\t\t\t\t\t\t\t<span class=\"elementor-button-text\">Contact us<\/span>\n\t\t\t\t\t<\/span>\n\t\t\t\t\t<\/a>\n\t\t\t\t<\/div>\n\t\t\t\t\t\t\t\t<\/div>\n\t\t\t\t<\/div>\n\t\t\t\t<div class=\"elementor-element elementor-element-dc26f35 elementor-widget elementor-widget-spacer\" data-id=\"dc26f35\" data-element_type=\"widget\" data-widget_type=\"spacer.default\">\n\t\t\t\t<div class=\"elementor-widget-container\">\n\t\t\t\t\t\t\t<div class=\"elementor-spacer\">\n\t\t\t<div class=\"elementor-spacer-inner\"><\/div>\n\t\t<\/div>\n\t\t\t\t\t\t<\/div>\n\t\t\t\t<\/div>\n\t\t\t\t<div class=\"elementor-element elementor-element-44fcde0 elementor-widget elementor-widget-text-editor\" data-id=\"44fcde0\" data-element_type=\"widget\" data-widget_type=\"text-editor.default\">\n\t\t\t\t<div class=\"elementor-widget-container\">\n\t\t\t\t\t\t\t\t\t<p>Manufacturing and marketing without the authorization of EMBALAJES CAPSA S.L. are strictly prohibited.<\/p>\t\t\t\t\t\t\t\t<\/div>\n\t\t\t\t<\/div>\n\t\t\t\t\t<\/div>\n\t\t<\/div>\n\t\t\t\t\t<\/div>\n\t\t<\/section>\n\t\t\t\t<\/div>\n\t\t","protected":false},"excerpt":{"rendered":"<p>Capsa Innovation We\u2019ve reinvented the cardboard box with our Capsa 2in1\u00ae dual-closure system, built into every product we offer. This reusable design cuts carbon footprint, streamlines logistics and makes every step more efficient and sustainable. At Capsa, that innovative spirit powers every launch, strengthens brand value and elevates the customer experience\u2014leading the transition to more [&hellip;]<\/p>\n","protected":false},"author":10,"featured_media":0,"parent":0,"menu_order":0,"comment_status":"closed","ping_status":"closed","template":"elementor_header_footer","meta":{"_acf_changed":false,"footnotes":""},"class_list":["post-4318","page","type-page","status-publish","hentry"],"acf":[],"yoast_head":"<!-- This site is optimized with the Yoast SEO plugin v27.5 - https:\/\/yoast.com\/product\/yoast-seo-wordpress\/ -->\n<title>Capsa\u00ae Innovation | La r\u00e9volution de l&#039;emballage<\/title>\n<meta name=\"description\" content=\"Descubre la innovaci\u00f3n Capsa 2in1\u00ae que maximiza la funcionalidad de las cajas de cart\u00f3n, logrando una log\u00edstica m\u00e1s eficiente y sostenible.\" \/>\n<meta name=\"robots\" content=\"index, follow, max-snippet:-1, max-image-preview:large, max-video-preview:-1\" \/>\n<link rel=\"canonical\" href=\"https:\/\/capsa2in1.com\/en\/innovation\/\" \/>\n<meta property=\"og:locale\" content=\"en_US\" \/>\n<meta property=\"og:type\" content=\"article\" \/>\n<meta property=\"og:title\" content=\"Capsa\u00ae Innovation | La r\u00e9volution de l&#039;emballage\" \/>\n<meta property=\"og:description\" content=\"Descubre la innovaci\u00f3n Capsa 2in1\u00ae que maximiza la funcionalidad de las cajas de cart\u00f3n, logrando una log\u00edstica m\u00e1s eficiente y sostenible.\" \/>\n<meta property=\"og:url\" content=\"https:\/\/capsa2in1.com\/en\/innovation\/\" \/>\n<meta property=\"og:site_name\" content=\"CAPSA2in1\u00ae\" \/>\n<meta property=\"article:modified_time\" content=\"2025-07-22T15:36:50+00:00\" \/>\n<meta property=\"og:image\" content=\"https:\/\/capsa2in1.com\/wp-content\/uploads\/2020\/10\/premios-1.png\" \/>\n\t<meta property=\"og:image:width\" content=\"500\" \/>\n\t<meta property=\"og:image:height\" content=\"77\" \/>\n\t<meta property=\"og:image:type\" content=\"image\/png\" \/>\n<meta name=\"twitter:card\" content=\"summary_large_image\" \/>\n<meta name=\"twitter:label1\" content=\"Est. reading time\" \/>\n\t<meta name=\"twitter:data1\" content=\"2 minutes\" \/>\n<script type=\"application\/ld+json\" class=\"yoast-schema-graph\">{\"@context\":\"https:\\\/\\\/schema.org\",\"@graph\":[{\"@type\":\"WebPage\",\"@id\":\"https:\\\/\\\/capsa2in1.com\\\/en\\\/innovation\\\/\",\"url\":\"https:\\\/\\\/capsa2in1.com\\\/en\\\/innovation\\\/\",\"name\":\"Capsa\u00ae Innovation | La r\u00e9volution de l'emballage\",\"isPartOf\":{\"@id\":\"https:\\\/\\\/capsa2in1.com\\\/#website\"},\"primaryImageOfPage\":{\"@id\":\"https:\\\/\\\/capsa2in1.com\\\/en\\\/innovation\\\/#primaryimage\"},\"image\":{\"@id\":\"https:\\\/\\\/capsa2in1.com\\\/en\\\/innovation\\\/#primaryimage\"},\"thumbnailUrl\":\"https:\\\/\\\/capsa2in1.com\\\/wp-content\\\/uploads\\\/2020\\\/10\\\/premios-1.png\",\"datePublished\":\"2018-11-29T11:51:37+00:00\",\"dateModified\":\"2025-07-22T15:36:50+00:00\",\"description\":\"Descubre la innovaci\u00f3n Capsa 2in1\u00ae que maximiza la funcionalidad de las cajas de cart\u00f3n, logrando una log\u00edstica m\u00e1s eficiente y sostenible.\",\"breadcrumb\":{\"@id\":\"https:\\\/\\\/capsa2in1.com\\\/en\\\/innovation\\\/#breadcrumb\"},\"inLanguage\":\"en-US\",\"potentialAction\":[{\"@type\":\"ReadAction\",\"target\":[\"https:\\\/\\\/capsa2in1.com\\\/en\\\/innovation\\\/\"]}]},{\"@type\":\"ImageObject\",\"inLanguage\":\"en-US\",\"@id\":\"https:\\\/\\\/capsa2in1.com\\\/en\\\/innovation\\\/#primaryimage\",\"url\":\"https:\\\/\\\/capsa2in1.com\\\/wp-content\\\/uploads\\\/2020\\\/10\\\/premios-1.png\",\"contentUrl\":\"https:\\\/\\\/capsa2in1.com\\\/wp-content\\\/uploads\\\/2020\\\/10\\\/premios-1.png\"},{\"@type\":\"BreadcrumbList\",\"@id\":\"https:\\\/\\\/capsa2in1.com\\\/en\\\/innovation\\\/#breadcrumb\",\"itemListElement\":[{\"@type\":\"ListItem\",\"position\":1,\"name\":\"Inicio\",\"item\":\"https:\\\/\\\/capsa2in1.com\\\/en\\\/\"},{\"@type\":\"ListItem\",\"position\":2,\"name\":\"Innovation\"}]},{\"@type\":\"WebSite\",\"@id\":\"https:\\\/\\\/capsa2in1.com\\\/#website\",\"url\":\"https:\\\/\\\/capsa2in1.com\\\/\",\"name\":\"CAPSA2in1\u00ae\",\"description\":\"Reusable packaging. Smarter, Greener Logistics!\",\"publisher\":{\"@id\":\"https:\\\/\\\/capsa2in1.com\\\/#organization\"},\"potentialAction\":[{\"@type\":\"SearchAction\",\"target\":{\"@type\":\"EntryPoint\",\"urlTemplate\":\"https:\\\/\\\/capsa2in1.com\\\/?s={search_term_string}\"},\"query-input\":{\"@type\":\"PropertyValueSpecification\",\"valueRequired\":true,\"valueName\":\"search_term_string\"}}],\"inLanguage\":\"en-US\"},{\"@type\":\"Organization\",\"@id\":\"https:\\\/\\\/capsa2in1.com\\\/#organization\",\"name\":\"CAPSA 2in1\",\"url\":\"https:\\\/\\\/capsa2in1.com\\\/\",\"logo\":{\"@type\":\"ImageObject\",\"inLanguage\":\"en-US\",\"@id\":\"https:\\\/\\\/capsa2in1.com\\\/#\\\/schema\\\/logo\\\/image\\\/\",\"url\":\"\",\"contentUrl\":\"\",\"caption\":\"CAPSA 2in1\"},\"image\":{\"@id\":\"https:\\\/\\\/capsa2in1.com\\\/#\\\/schema\\\/logo\\\/image\\\/\"}}]}<\/script>\n<!-- \/ Yoast SEO plugin. -->","yoast_head_json":{"title":"Capsa\u00ae Innovation | La r\u00e9volution de l'emballage","description":"Descubre la innovaci\u00f3n Capsa 2in1\u00ae que maximiza la funcionalidad de las cajas de cart\u00f3n, logrando una log\u00edstica m\u00e1s eficiente y sostenible.","robots":{"index":"index","follow":"follow","max-snippet":"max-snippet:-1","max-image-preview":"max-image-preview:large","max-video-preview":"max-video-preview:-1"},"canonical":"https:\/\/capsa2in1.com\/en\/innovation\/","og_locale":"en_US","og_type":"article","og_title":"Capsa\u00ae Innovation | La r\u00e9volution de l'emballage","og_description":"Descubre la innovaci\u00f3n Capsa 2in1\u00ae que maximiza la funcionalidad de las cajas de cart\u00f3n, logrando una log\u00edstica m\u00e1s eficiente y sostenible.","og_url":"https:\/\/capsa2in1.com\/en\/innovation\/","og_site_name":"CAPSA2in1\u00ae","article_modified_time":"2025-07-22T15:36:50+00:00","og_image":[{"width":500,"height":77,"url":"https:\/\/capsa2in1.com\/wp-content\/uploads\/2020\/10\/premios-1.png","type":"image\/png"}],"twitter_card":"summary_large_image","twitter_misc":{"Est. reading time":"2 minutes"},"schema":{"@context":"https:\/\/schema.org","@graph":[{"@type":"WebPage","@id":"https:\/\/capsa2in1.com\/en\/innovation\/","url":"https:\/\/capsa2in1.com\/en\/innovation\/","name":"Capsa\u00ae Innovation | La r\u00e9volution de l'emballage","isPartOf":{"@id":"https:\/\/capsa2in1.com\/#website"},"primaryImageOfPage":{"@id":"https:\/\/capsa2in1.com\/en\/innovation\/#primaryimage"},"image":{"@id":"https:\/\/capsa2in1.com\/en\/innovation\/#primaryimage"},"thumbnailUrl":"https:\/\/capsa2in1.com\/wp-content\/uploads\/2020\/10\/premios-1.png","datePublished":"2018-11-29T11:51:37+00:00","dateModified":"2025-07-22T15:36:50+00:00","description":"Descubre la innovaci\u00f3n Capsa 2in1\u00ae que maximiza la funcionalidad de las cajas de cart\u00f3n, logrando una log\u00edstica m\u00e1s eficiente y sostenible.","breadcrumb":{"@id":"https:\/\/capsa2in1.com\/en\/innovation\/#breadcrumb"},"inLanguage":"en-US","potentialAction":[{"@type":"ReadAction","target":["https:\/\/capsa2in1.com\/en\/innovation\/"]}]},{"@type":"ImageObject","inLanguage":"en-US","@id":"https:\/\/capsa2in1.com\/en\/innovation\/#primaryimage","url":"https:\/\/capsa2in1.com\/wp-content\/uploads\/2020\/10\/premios-1.png","contentUrl":"https:\/\/capsa2in1.com\/wp-content\/uploads\/2020\/10\/premios-1.png"},{"@type":"BreadcrumbList","@id":"https:\/\/capsa2in1.com\/en\/innovation\/#breadcrumb","itemListElement":[{"@type":"ListItem","position":1,"name":"Inicio","item":"https:\/\/capsa2in1.com\/en\/"},{"@type":"ListItem","position":2,"name":"Innovation"}]},{"@type":"WebSite","@id":"https:\/\/capsa2in1.com\/#website","url":"https:\/\/capsa2in1.com\/","name":"CAPSA2in1\u00ae","description":"Reusable packaging. Smarter, Greener Logistics!","publisher":{"@id":"https:\/\/capsa2in1.com\/#organization"},"potentialAction":[{"@type":"SearchAction","target":{"@type":"EntryPoint","urlTemplate":"https:\/\/capsa2in1.com\/?s={search_term_string}"},"query-input":{"@type":"PropertyValueSpecification","valueRequired":true,"valueName":"search_term_string"}}],"inLanguage":"en-US"},{"@type":"Organization","@id":"https:\/\/capsa2in1.com\/#organization","name":"CAPSA 2in1","url":"https:\/\/capsa2in1.com\/","logo":{"@type":"ImageObject","inLanguage":"en-US","@id":"https:\/\/capsa2in1.com\/#\/schema\/logo\/image\/","url":"","contentUrl":"","caption":"CAPSA 2in1"},"image":{"@id":"https:\/\/capsa2in1.com\/#\/schema\/logo\/image\/"}}]}},"_links":{"self":[{"href":"https:\/\/capsa2in1.com\/en\/wp-json\/wp\/v2\/pages\/4318","targetHints":{"allow":["GET"]}}],"collection":[{"href":"https:\/\/capsa2in1.com\/en\/wp-json\/wp\/v2\/pages"}],"about":[{"href":"https:\/\/capsa2in1.com\/en\/wp-json\/wp\/v2\/types\/page"}],"author":[{"embeddable":true,"href":"https:\/\/capsa2in1.com\/en\/wp-json\/wp\/v2\/users\/10"}],"replies":[{"embeddable":true,"href":"https:\/\/capsa2in1.com\/en\/wp-json\/wp\/v2\/comments?post=4318"}],"version-history":[{"count":5,"href":"https:\/\/capsa2in1.com\/en\/wp-json\/wp\/v2\/pages\/4318\/revisions"}],"predecessor-version":[{"id":31745,"href":"https:\/\/capsa2in1.com\/en\/wp-json\/wp\/v2\/pages\/4318\/revisions\/31745"}],"wp:attachment":[{"href":"https:\/\/capsa2in1.com\/en\/wp-json\/wp\/v2\/media?parent=4318"}],"curies":[{"name":"wp","href":"https:\/\/api.w.org\/{rel}","templated":true}]}}